{"id":877,"date":"2023-11-13T09:14:53","date_gmt":"2023-11-13T12:14:53","guid":{"rendered":"https:\/\/portal.uern.br\/fanat\/fisica\/?page_id=877"},"modified":"2023-11-29T10:40:54","modified_gmt":"2023-11-29T13:40:54","slug":"pesquisa","status":"publish","type":"page","link":"https:\/\/portal.uern.br\/fanat\/fisica\/pesquisa\/","title":{"rendered":"Pesquisa"},"content":{"rendered":"<p align=\"justify\"><span style=\"font-family: Times New Roman, serif\"><span style=\"font-size: medium\"> De acordo com PPC do curso de F\u00edsica, a pesquisa desenvolvida no curso de F\u00edsica \u00e9 distribu\u00edda em duas \u00e1reas de concentra\u00e7\u00e3o, a citar: F\u00edsica da Mat\u00e9ria Condensada (FCM) e Astrof\u00edsica e Cosmologia (AC). Em FCM, as pesquisas desenvolvidas visam estudos das propriedades magn\u00e9ticas, \u00f3pticas e termodin\u00e2micas de sistemas f\u00edsicos da mat\u00e9ria condensada atrav\u00e9s de procedimentos te\u00f3ricos e experimentais, tais como: teoria fundamental, modelagem, simula\u00e7\u00e3o num\u00e9rica, crescimento de filmes, prepara\u00e7\u00e3o de amostras, medidas magn\u00e9ticas, \u00f3pticas e de transporte. Em AC, as pesquisas em Astrof\u00edsica incluem a rota\u00e7\u00e3o estelar em diferentes est\u00e1gios da evolu\u00e7\u00e3o estelar, evolu\u00e7\u00e3o do momentum angular estelar, correla\u00e7\u00f5es entre rota\u00e7\u00e3o e par\u00e2metros observacionais, rela\u00e7\u00e3o entre rota\u00e7\u00e3o e nucleoss\u00edntese, processos de dilui\u00e7\u00e3o e mistura, em estrelas simples e sistemas m\u00faltiplos. As pesquisas em Cosmologia se preocupam em entender todo o processo evolutivo do Universo, para isso, h\u00e1 um interesse em compreender e desenvolver modelos te\u00f3ricos, testes e t\u00e9cnicas estat\u00edsticas, num\u00e9rica e observacional, que possam aprimorar o nosso conhecimento sobre origem, din\u00e2mica e destino do cosmo. <\/span><\/span><\/p>\n<p align=\"justify\"><span style=\"font-family: Times New Roman, serif\"><span style=\"font-size: medium\"> Essas pesquisas envolvem professores, estudantes de inicia\u00e7\u00e3o cient\u00edfica e estudantes de p\u00f3s-gradua\u00e7\u00e3o stricto sensu do Departamento de F\u00edsica (DFis) da UERN, al\u00e9m de colabora\u00e7\u00f5es com outros pesquisadores e estudantes de outros cursos da UERN e de outras IES. A institucionaliza\u00e7\u00e3o dessas pesquisas \u00e9 feita atrav\u00e9s da cria\u00e7\u00e3o e certifica\u00e7\u00e3o grupos de pesquisa no CNPq e projetos pesquisas. <\/span><\/span><\/p>\n<p align=\"justify\"><span style=\"font-family: Times New Roman, serif\"><span style=\"font-size: medium\"> Os professores do Departamento de F\u00edsica, ao longo dos \u00faltimos anos, t\u00eam aprovado e institucionalizados projetos de pesquisa que visavam \u00e0 capta\u00e7\u00e3o de recursos para melhoria da infraestrutura de pesquisa, forma\u00e7\u00e3o de recursos humanos e o fortalecimento de trabalhos nas suas \u00e1reas de conhecimento. Esses projetos t\u00eam sido aprovados em editais internos da UERN, como: PIBIC, PIBITI e PIBIC-EM que s\u00e3o voltados para trabalhos de inicia\u00e7\u00e3o cient\u00edfica. <\/span><\/span><\/p>\n<p align=\"justify\"><span style=\"font-family: Times New Roman, serif\"><span style=\"font-size: medium\"> Os grupos de pesquisas ativos atualmente que tem docentes do DFIS, s\u00e3o: Astroestat\u00edstica,\u00a0 Cosmologia e Gravita\u00e7\u00e3o, , Magnetismo e Nanomateriais.<\/span><\/span><\/p>\n","protected":false},"excerpt":{"rendered":"<p>De acordo com PPC do curso de F\u00edsica, a pesquisa desenvolvida no curso de F\u00edsica \u00e9 distribu\u00edda em duas \u00e1reas de concentra\u00e7\u00e3o, a citar: F\u00edsica da Mat\u00e9ria Condensada (FCM) e Astrof\u00edsica e Cosmologia (AC). Em FCM, as pesquisas desenvolvidas visam estudos das propriedades magn\u00e9ticas, \u00f3pticas e termodin\u00e2micas de sistemas f\u00edsicos da mat\u00e9ria condensada atrav\u00e9s de [&hellip;]<\/p>\n","protected":false},"author":2,"featured_media":0,"parent":0,"menu_order":0,"comment_status":"closed","ping_status":"closed","template":"","meta":{"footnotes":""},"class_list":["post-877","page","type-page","status-publish","hentry"],"_links":{"self":[{"href":"https:\/\/portal.uern.br\/fanat\/fisica\/wp-json\/wp\/v2\/pages\/877","targetHints":{"allow":["GET"]}}],"collection":[{"href":"https:\/\/portal.uern.br\/fanat\/fisica\/wp-json\/wp\/v2\/pages"}],"about":[{"href":"https:\/\/portal.uern.br\/fanat\/fisica\/wp-json\/wp\/v2\/types\/page"}],"author":[{"embeddable":true,"href":"https:\/\/portal.uern.br\/fanat\/fisica\/wp-json\/wp\/v2\/users\/2"}],"replies":[{"embeddable":true,"href":"https:\/\/portal.uern.br\/fanat\/fisica\/wp-json\/wp\/v2\/comments?post=877"}],"version-history":[{"count":4,"href":"https:\/\/portal.uern.br\/fanat\/fisica\/wp-json\/wp\/v2\/pages\/877\/revisions"}],"predecessor-version":[{"id":933,"href":"https:\/\/portal.uern.br\/fanat\/fisica\/wp-json\/wp\/v2\/pages\/877\/revisions\/933"}],"wp:attachment":[{"href":"https:\/\/portal.uern.br\/fanat\/fisica\/wp-json\/wp\/v2\/media?parent=877"}],"curies":[{"name":"wp","href":"https:\/\/api.w.org\/{rel}","templated":true}]}}