{"id":845,"date":"2023-11-09T10:27:54","date_gmt":"2023-11-09T13:27:54","guid":{"rendered":"https:\/\/portal.uern.br\/fanat\/fisica\/?page_id=845"},"modified":"2025-02-18T19:00:57","modified_gmt":"2025-02-18T22:00:57","slug":"orientacao-academica-do-curso","status":"publish","type":"page","link":"https:\/\/portal.uern.br\/fanat\/fisica\/orientacao-academica-do-curso\/","title":{"rendered":"Orienta\u00e7\u00e3o Acad\u00eamica do Curso"},"content":{"rendered":"<p>&nbsp;<\/p>\n<table style=\"border-collapse: collapse;width: 100%;height: 96px\">\n<tbody>\n<tr style=\"height: 24px\">\n<td style=\"text-align: center;height: 24px;width: 116.667%\" colspan=\"4\"><strong>ORIENTA\u00c7\u00c3O ACAD\u00caMICA DO CURSO DE F\u00cdSICA (OAC)<\/strong><strong><br \/>\n<\/strong><\/td>\n<\/tr>\n<tr style=\"height: 24px\">\n<td style=\"width: 33.3333%;text-align: center;height: 24px\"><strong>DOCENTE<\/strong><\/td>\n<td style=\"width: 33.3333%;text-align: center;height: 24px\"><strong>PORTARIA SEI<\/strong><\/td>\n<td style=\"width: 16.6667%;text-align: center;height: 24px\"><strong>VALIDADE<\/strong><\/td>\n<td style=\"width: 33.3333%;text-align: center;height: 24px\"><strong>CONTATO<\/strong><\/td>\n<\/tr>\n<tr style=\"height: 24px\">\n<td style=\"width: 33.3333%;text-align: center;height: 24px\">Carlos Antonio L\u00f3pez Ruiz<\/td>\n<td style=\"width: 33.3333%;text-align: center;height: 24px\"><a href=\"https:\/\/portal.uern.br\/fanat\/fisica\/wp-content\/uploads\/sites\/5\/2023\/11\/PORTARIA-314.pdf\">\u00a0N\u00ba 314<\/a><\/td>\n<td style=\"width: 16.6667%;text-align: center;height: 24px\">12\/08\/2024<\/td>\n<td style=\"width: 33.3333%;text-align: center;height: 24px\">carlosruiz@uern.br<\/td>\n<\/tr>\n<tr style=\"height: 24px\">\n<td style=\"width: 33.3333%;text-align: center;height: 24px\">Maria Aldin\u00eaz Dantas<\/td>\n<td style=\"width: 33.3333%;text-align: center;height: 24px\"><a href=\"https:\/\/portal.uern.br\/fanat\/fisica\/wp-content\/uploads\/sites\/5\/2023\/11\/PORTARIA-314.pdf\">N\u00ba 314<\/a><\/td>\n<td style=\"width: 16.6667%;text-align: center;height: 24px\">12\/08\/2024<\/td>\n<td style=\"width: 33.3333%;text-align: center;height: 24px\">aldinezdantas@uern.br<\/td>\n<\/tr>\n<\/tbody>\n<\/table>\n<p>De acordo com o Art.63 do <a href=\"https:\/\/www.uern.br\/controledepaginas\/Proeg-L.Interna\/arquivos\/3129resolua%C2%A7a%C2%A3o_026_2017.consepe_novo_rcg.pdf\">Regulamento dos Cursos de Gradua\u00e7\u00e3o<\/a>, s\u00e3o atribui\u00e7\u00f5es do orientador acad\u00eamico:<\/p>\n<p align=\"justify\">I. Acompanhar o desenvolvimento acad\u00eamico dos alunos sob sua orienta\u00e7\u00e3o;<\/p>\n<p align=\"justify\">II. Planejar, junto aos alunos, considerando a programa\u00e7\u00e3o acad\u00eamica do curso, fluxo curricular compat\u00edvel com seus interesses e possibilidades de desempenho acad\u00eamico, quando for o caso;<\/p>\n<p align=\"justify\">III. Orientar a tomada de decis\u00f5es relativas \u00e0 matr\u00edcula, trancamentos e outros atos de interesse acad\u00eamico;<\/p>\n<p align=\"justify\">IV. Apresentar aos alunos o PPC e a estrutura universit\u00e1ria;<\/p>\n<p align=\"justify\">V. Atuar como membro nato da Comiss\u00e3o de NDE;<\/p>\n<p align=\"justify\">VI. Disponibilizar, ao Departamento Acad\u00eamico, as informa\u00e7\u00f5es necess\u00e1rias para o fim de subsidiar a oferta de componentes curriculares, bem como as prioridades relativas ao Programa Institucional de Monitoria (PIM), no semestre letivo;<\/p>\n<p align=\"justify\">VII. Acompanhar, junto ao aluno, o desenvolvimento das atividades complementares por meio de controle e registro no Sistema de Administra\u00e7\u00e3o Escolar;<\/p>\n<p align=\"justify\">VIII. Apresentar, semestralmente, \u00e0 plen\u00e1ria departamental, diagn\u00f3stico do processo formativo-acad\u00eamico referente ao grupo de alunos sob sua orienta\u00e7\u00e3o;<\/p>\n<p align=\"justify\">IX. Conduzir processos de aproveitamento de estudos;<\/p>\n<p align=\"justify\">X. Atuar como membro nato da comiss\u00e3o departamental de avalia\u00e7\u00e3o de processo seletivo de vagas n\u00e3o iniciais<\/p>\n<p>&nbsp;<\/p>\n<p>&nbsp;<\/p>\n","protected":false},"excerpt":{"rendered":"<p>&nbsp; ORIENTA\u00c7\u00c3O ACAD\u00caMICA DO CURSO DE F\u00cdSICA (OAC) DOCENTE PORTARIA SEI VALIDADE CONTATO Carlos Antonio L\u00f3pez Ruiz \u00a0N\u00ba 314 12\/08\/2024 carlosruiz@uern.br Maria Aldin\u00eaz Dantas N\u00ba 314 12\/08\/2024 aldinezdantas@uern.br De acordo com o Art.63 do Regulamento dos Cursos de Gradua\u00e7\u00e3o, s\u00e3o atribui\u00e7\u00f5es do orientador acad\u00eamico: I. Acompanhar o desenvolvimento acad\u00eamico dos alunos sob sua orienta\u00e7\u00e3o; II. [&hellip;]<\/p>\n","protected":false},"author":2,"featured_media":0,"parent":0,"menu_order":0,"comment_status":"closed","ping_status":"closed","template":"","meta":{"footnotes":""},"class_list":["post-845","page","type-page","status-publish","hentry"],"_links":{"self":[{"href":"https:\/\/portal.uern.br\/fanat\/fisica\/wp-json\/wp\/v2\/pages\/845","targetHints":{"allow":["GET"]}}],"collection":[{"href":"https:\/\/portal.uern.br\/fanat\/fisica\/wp-json\/wp\/v2\/pages"}],"about":[{"href":"https:\/\/portal.uern.br\/fanat\/fisica\/wp-json\/wp\/v2\/types\/page"}],"author":[{"embeddable":true,"href":"https:\/\/portal.uern.br\/fanat\/fisica\/wp-json\/wp\/v2\/users\/2"}],"replies":[{"embeddable":true,"href":"https:\/\/portal.uern.br\/fanat\/fisica\/wp-json\/wp\/v2\/comments?post=845"}],"version-history":[{"count":8,"href":"https:\/\/portal.uern.br\/fanat\/fisica\/wp-json\/wp\/v2\/pages\/845\/revisions"}],"predecessor-version":[{"id":1071,"href":"https:\/\/portal.uern.br\/fanat\/fisica\/wp-json\/wp\/v2\/pages\/845\/revisions\/1071"}],"wp:attachment":[{"href":"https:\/\/portal.uern.br\/fanat\/fisica\/wp-json\/wp\/v2\/media?parent=845"}],"curies":[{"name":"wp","href":"https:\/\/api.w.org\/{rel}","templated":true}]}}