{"id":810,"date":"2023-10-31T16:19:25","date_gmt":"2023-10-31T19:19:25","guid":{"rendered":"https:\/\/portal.uern.br\/fanat\/fisica\/?page_id=810"},"modified":"2025-01-30T15:13:55","modified_gmt":"2025-01-30T18:13:55","slug":"coordenacao-do-curso","status":"publish","type":"page","link":"https:\/\/portal.uern.br\/fanat\/fisica\/coordenacao-do-curso\/","title":{"rendered":"Coordena\u00e7\u00e3o do curso"},"content":{"rendered":"<table style=\"border-collapse: collapse;width: 100%;height: 144px\">\n<tbody>\n<tr style=\"height: 24px\">\n<td style=\"width: 25%;height: 24px;text-align: center\" colspan=\"4\"><strong>COORDENA\u00c7\u00c3O DO CURSO LICENCIATURA EM F\u00cdSICA<\/strong><\/td>\n<\/tr>\n<tr style=\"height: 24px\">\n<td style=\"width: 25%;height: 24px;text-align: center\"><strong>DOCENTE<\/strong><\/td>\n<td style=\"width: 25%;height: 24px;text-align: center\"><strong>FUN\u00c7\u00c3O<\/strong><\/td>\n<td style=\"width: 25%;height: 24px;text-align: center\"><strong>PORTARIA<\/strong><\/td>\n<td style=\"width: 25%;height: 24px;text-align: center\"><strong>VALIDADE<\/strong><\/td>\n<\/tr>\n<tr style=\"height: 48px\">\n<td style=\"width: 25%;height: 48px;text-align: center\">F\u00c1BIO CABRAL CARVALHO<\/td>\n<td style=\"width: 25%;height: 48px;text-align: center\">CHEFE DO DEPARTAMENTO<\/td>\n<td style=\"width: 25%;height: 48px;text-align: center\">\n<p class=\"western\" align=\"center\"><a href=\"https:\/\/portal.uern.br\/fanat\/fisica\/wp-content\/uploads\/sites\/5\/2023\/11\/PORTARIA-DE-CHEFE-2.pdf\"><span style=\"font-family: Times New Roman, serif\"><span style=\"font-size: medium\">N\u00ba 1661\/2023-GP\/FUERN<\/span><\/span><\/a><\/p>\n<\/td>\n<td style=\"width: 25%;height: 48px;text-align: center\">30\/06\/2025<\/td>\n<\/tr>\n<tr style=\"height: 48px\">\n<td style=\"width: 25%;height: 48px;text-align: center\">MARIA DAS GRA\u00c7AS DIAS DA SILVA<\/td>\n<td style=\"width: 25%;height: 48px;text-align: center\">SUBCHEFE DO DEPARTAMENTO<\/td>\n<td style=\"width: 25%;height: 48px;text-align: center\">\n<p class=\"western\" align=\"center\"><a href=\"https:\/\/portal.uern.br\/fanat\/fisica\/wp-content\/uploads\/sites\/5\/2025\/01\/Publicacao_27314676_JOUERN.pdf\"><span style=\"font-family: Times New Roman, serif\"><span style=\"font-size: medium\">N\u00ba 2247\/2024-GP\/FUERN<\/span><\/span><\/a><\/p>\n<\/td>\n<td style=\"width: 25%;height: 48px;text-align: center\">30\/06\/2025<\/td>\n<\/tr>\n<\/tbody>\n<\/table>\n<p style=\"text-align: center\"><strong>FUN\u00c7\u00d5ES DA CHEFIA DEPARTAMENTAL<\/strong><\/p>\n<p>De acordo com o Art. 106 do <a href=\"https:\/\/portal.uern.br\/regimento-geral\/\">Regimento Geral da Universidade do Estado do Rio Grande do Norte<\/a>, compete ao(\u00e0) chefe de Departamento Acad\u00eamico:<\/p>\n<p>I &#8211; administr\u00e1-lo e represent\u00e1-lo em quaisquer inst\u00e2ncias;<br \/>\nII &#8211; convocar e presidir as reuni\u00f5es departamentais;<br \/>\nIII &#8211; emitir portaria constituindo a Comiss\u00e3o Eleitoral para organiza\u00e7\u00e3o e execu\u00e7\u00e3o das elei\u00e7\u00f5es para chefe e subchefe;<br \/>\nIV &#8211; submeter, ao Colegiado, o plano de atividades departamental a ser desenvolvido a cada per\u00edodo letivo, ouvido o N\u00facleo Docente Estruturante \u2013 NDE;<br \/>\nV &#8211; propor a distribui\u00e7\u00e3o das atividades de ensino, pesquisa e extens\u00e3o entre os(as) docentes em exerc\u00edcio, de acordo com os planos de trabalhos aprovados;<br \/>\nVI &#8211; zelar pelo patrim\u00f4nio e pela ordem no \u00e2mbito do departamento, adotando as medidas necess\u00e1rias e representando ao(\u00e0) diretor(a) de Unidade Universit\u00e1ria, quando se imponha a aplica\u00e7\u00e3o de san\u00e7\u00e3o disciplinar;<br \/>\nVII &#8211; fiscalizar a observ\u00e2ncia do Projeto Pedag\u00f3gico do Curso, o cumprimento dos programas gerais dos componentes curriculares e a execu\u00e7\u00e3o dos projetos de ensino, de pesquisa e de extens\u00e3o;<br \/>\nVIII &#8211; cumprir e fazer cumprir a legisla\u00e7\u00e3o e as delibera\u00e7\u00f5es do Colegiado do Departamento e dos \u00f3rg\u00e3os da Administra\u00e7\u00e3o Superior da Universidade;<br \/>\nIX &#8211; organizar e incentivar a realiza\u00e7\u00e3o de eventos acad\u00eamicos;<br \/>\nX &#8211; produzir e apresentar o Plano de Trabalho e o Relat\u00f3rio de Atividades da chefia;<br \/>\nXI &#8211; exercer todas as atribui\u00e7\u00f5es que se incluam, de maneira expressa ou impl\u00edcita, no \u00e2mbito de sua compet\u00eancia;<br \/>\nXII &#8211; emitir ad referendum, em caso de urg\u00eancia, nas mat\u00e9rias de compet\u00eancia do Colegiado do Departamento, submetendo o seu ato \u00e0 ratifica\u00e7\u00e3o deste na primeira reuni\u00e3o departamental subsequente;<br \/>\nXIII &#8211; emitir portaria constituindo Comiss\u00f5es Departamentais para acompanhamento e execu\u00e7\u00e3o de atividades did\u00e1tico-pedag\u00f3gicas e administrativas inerentes \u00e0s compet\u00eancias do Departamento Acad\u00eamico;<\/p>\n","protected":false},"excerpt":{"rendered":"<p>COORDENA\u00c7\u00c3O DO CURSO LICENCIATURA EM F\u00cdSICA DOCENTE FUN\u00c7\u00c3O PORTARIA VALIDADE F\u00c1BIO CABRAL CARVALHO CHEFE DO DEPARTAMENTO N\u00ba 1661\/2023-GP\/FUERN 30\/06\/2025 MARIA DAS GRA\u00c7AS DIAS DA SILVA SUBCHEFE DO DEPARTAMENTO N\u00ba 2247\/2024-GP\/FUERN 30\/06\/2025 FUN\u00c7\u00d5ES DA CHEFIA DEPARTAMENTAL De acordo com o Art. 106 do Regimento Geral da Universidade do Estado do Rio Grande do Norte, compete ao(\u00e0) [&hellip;]<\/p>\n","protected":false},"author":2,"featured_media":0,"parent":0,"menu_order":0,"comment_status":"closed","ping_status":"closed","template":"","meta":{"footnotes":""},"class_list":["post-810","page","type-page","status-publish","hentry"],"_links":{"self":[{"href":"https:\/\/portal.uern.br\/fanat\/fisica\/wp-json\/wp\/v2\/pages\/810","targetHints":{"allow":["GET"]}}],"collection":[{"href":"https:\/\/portal.uern.br\/fanat\/fisica\/wp-json\/wp\/v2\/pages"}],"about":[{"href":"https:\/\/portal.uern.br\/fanat\/fisica\/wp-json\/wp\/v2\/types\/page"}],"author":[{"embeddable":true,"href":"https:\/\/portal.uern.br\/fanat\/fisica\/wp-json\/wp\/v2\/users\/2"}],"replies":[{"embeddable":true,"href":"https:\/\/portal.uern.br\/fanat\/fisica\/wp-json\/wp\/v2\/comments?post=810"}],"version-history":[{"count":10,"href":"https:\/\/portal.uern.br\/fanat\/fisica\/wp-json\/wp\/v2\/pages\/810\/revisions"}],"predecessor-version":[{"id":1068,"href":"https:\/\/portal.uern.br\/fanat\/fisica\/wp-json\/wp\/v2\/pages\/810\/revisions\/1068"}],"wp:attachment":[{"href":"https:\/\/portal.uern.br\/fanat\/fisica\/wp-json\/wp\/v2\/media?parent=810"}],"curies":[{"name":"wp","href":"https:\/\/api.w.org\/{rel}","templated":true}]}}