{"id":719,"date":"2023-10-16T09:11:08","date_gmt":"2023-10-16T12:11:08","guid":{"rendered":"https:\/\/portal.uern.br\/fanat\/fisica\/?page_id=719"},"modified":"2023-10-27T09:30:32","modified_gmt":"2023-10-27T12:30:32","slug":"contato","status":"publish","type":"page","link":"https:\/\/portal.uern.br\/fanat\/fisica\/contato\/","title":{"rendered":"Contato"},"content":{"rendered":"<p>E-MAIL DO DEPARTAMENTO DE F\u00cdSICA: dfis@uern.br<\/p>\n<p>TELEFONE DO DEPARTAMENTO DE F\u00cdSICA: 3315-2240<\/p>\n<p>LOCALIZA\u00c7\u00c3O: Faculdade de Ci\u00eancias Exatas e Naturais(FANAT), Campus Universit\u00e1rio Central, Setor II BR 110, KM 48, Rua Prof. Ant\u00f4nio Campos, Costa e Silva, 59610-090 &#8211; Mossor\u00f3-RN<\/p>\n<p>TELEFONE DA FANAT: 3315-2235<\/p>\n<p>&nbsp;<\/p>\n","protected":false},"excerpt":{"rendered":"<p>E-MAIL DO DEPARTAMENTO DE F\u00cdSICA: dfis@uern.br TELEFONE DO DEPARTAMENTO DE F\u00cdSICA: 3315-2240 LOCALIZA\u00c7\u00c3O: Faculdade de Ci\u00eancias Exatas e Naturais(FANAT), Campus Universit\u00e1rio Central, Setor II BR 110, KM 48, Rua Prof. Ant\u00f4nio Campos, Costa e Silva, 59610-090 &#8211; Mossor\u00f3-RN TELEFONE DA FANAT: 3315-2235 &nbsp;<\/p>\n","protected":false},"author":2,"featured_media":0,"parent":0,"menu_order":0,"comment_status":"closed","ping_status":"closed","template":"","meta":{"footnotes":""},"class_list":["post-719","page","type-page","status-publish","hentry"],"_links":{"self":[{"href":"https:\/\/portal.uern.br\/fanat\/fisica\/wp-json\/wp\/v2\/pages\/719","targetHints":{"allow":["GET"]}}],"collection":[{"href":"https:\/\/portal.uern.br\/fanat\/fisica\/wp-json\/wp\/v2\/pages"}],"about":[{"href":"https:\/\/portal.uern.br\/fanat\/fisica\/wp-json\/wp\/v2\/types\/page"}],"author":[{"embeddable":true,"href":"https:\/\/portal.uern.br\/fanat\/fisica\/wp-json\/wp\/v2\/users\/2"}],"replies":[{"embeddable":true,"href":"https:\/\/portal.uern.br\/fanat\/fisica\/wp-json\/wp\/v2\/comments?post=719"}],"version-history":[{"count":4,"href":"https:\/\/portal.uern.br\/fanat\/fisica\/wp-json\/wp\/v2\/pages\/719\/revisions"}],"predecessor-version":[{"id":748,"href":"https:\/\/portal.uern.br\/fanat\/fisica\/wp-json\/wp\/v2\/pages\/719\/revisions\/748"}],"wp:attachment":[{"href":"https:\/\/portal.uern.br\/fanat\/fisica\/wp-json\/wp\/v2\/media?parent=719"}],"curies":[{"name":"wp","href":"https:\/\/api.w.org\/{rel}","templated":true}]}}