{"id":666,"date":"2023-10-16T09:01:39","date_gmt":"2023-10-16T12:01:39","guid":{"rendered":"https:\/\/portal.uern.br\/fanat\/fisica\/?page_id=666"},"modified":"2023-11-13T08:39:37","modified_gmt":"2023-11-13T11:39:37","slug":"laboratorios","status":"publish","type":"page","link":"https:\/\/portal.uern.br\/fanat\/fisica\/laboratorios\/","title":{"rendered":"Laborat\u00f3rios"},"content":{"rendered":"<p style=\"text-align: center\"><strong>LABORAT\u00d3RIO DO DEPARTAMENTO DE F\u00cdSICA<\/strong><\/p>\n<p><strong>Laborat\u00f3rios de ensino<\/strong>: 03 (tr\u00eas)<\/p>\n<ul>\n<li>Mec\u00e2nica, Termodin\u00e2mica, Ondas e Fluidos;<\/li>\n<li>Eletromagnetismo, \u00d3ptica e F\u00edsica Moderna;<\/li>\n<li>Ensino de Ci\u00eancias.<\/li>\n<\/ul>\n<p><strong>Laborat\u00f3rios de pesquisa:<\/strong>\u00a004 (quatro):<\/p>\n<ul>\n<li>An\u00e1lises \u00d3pticas;<\/li>\n<li>An\u00e1lises Magn\u00e9ticas;<\/li>\n<li>Prepara\u00e7\u00e3o de Amostras;<\/li>\n<li>Microscopia Eletr\u00f4nica de Varredura.<\/li>\n<\/ul>\n","protected":false},"excerpt":{"rendered":"<p>LABORAT\u00d3RIO DO DEPARTAMENTO DE F\u00cdSICA Laborat\u00f3rios de ensino: 03 (tr\u00eas) Mec\u00e2nica, Termodin\u00e2mica, Ondas e Fluidos; Eletromagnetismo, \u00d3ptica e F\u00edsica Moderna; Ensino de Ci\u00eancias. Laborat\u00f3rios de pesquisa:\u00a004 (quatro): An\u00e1lises \u00d3pticas; An\u00e1lises Magn\u00e9ticas; Prepara\u00e7\u00e3o de Amostras; Microscopia Eletr\u00f4nica de Varredura.<\/p>\n","protected":false},"author":2,"featured_media":0,"parent":0,"menu_order":0,"comment_status":"closed","ping_status":"closed","template":"","meta":{"footnotes":""},"class_list":["post-666","page","type-page","status-publish","hentry"],"_links":{"self":[{"href":"https:\/\/portal.uern.br\/fanat\/fisica\/wp-json\/wp\/v2\/pages\/666","targetHints":{"allow":["GET"]}}],"collection":[{"href":"https:\/\/portal.uern.br\/fanat\/fisica\/wp-json\/wp\/v2\/pages"}],"about":[{"href":"https:\/\/portal.uern.br\/fanat\/fisica\/wp-json\/wp\/v2\/types\/page"}],"author":[{"embeddable":true,"href":"https:\/\/portal.uern.br\/fanat\/fisica\/wp-json\/wp\/v2\/users\/2"}],"replies":[{"embeddable":true,"href":"https:\/\/portal.uern.br\/fanat\/fisica\/wp-json\/wp\/v2\/comments?post=666"}],"version-history":[{"count":3,"href":"https:\/\/portal.uern.br\/fanat\/fisica\/wp-json\/wp\/v2\/pages\/666\/revisions"}],"predecessor-version":[{"id":876,"href":"https:\/\/portal.uern.br\/fanat\/fisica\/wp-json\/wp\/v2\/pages\/666\/revisions\/876"}],"wp:attachment":[{"href":"https:\/\/portal.uern.br\/fanat\/fisica\/wp-json\/wp\/v2\/media?parent=666"}],"curies":[{"name":"wp","href":"https:\/\/api.w.org\/{rel}","templated":true}]}}