{"id":662,"date":"2023-10-16T09:00:55","date_gmt":"2023-10-16T12:00:55","guid":{"rendered":"https:\/\/portal.uern.br\/fanat\/fisica\/?page_id=662"},"modified":"2023-11-10T10:59:39","modified_gmt":"2023-11-10T13:59:39","slug":"estagio-obrigatorio","status":"publish","type":"page","link":"https:\/\/portal.uern.br\/fanat\/fisica\/estagio-obrigatorio\/","title":{"rendered":"Est\u00e1gio Obrigat\u00f3rio"},"content":{"rendered":"<p style=\"text-align: center\"><strong>EST\u00c1GIO CURRICULAR SUPERVISIONADO<\/strong><\/p>\n<table style=\"border-collapse: collapse;width: 100%;height: 72px\">\n<tbody>\n<tr style=\"height: 24px\">\n<td style=\"text-align: center;height: 24px;width: 83.3333%\" colspan=\"4\"><strong>COORDENA\u00c7\u00c3O DE EST\u00c1GIO DO CURSO<\/strong><strong><br \/>\n<\/strong><\/td>\n<\/tr>\n<tr style=\"height: 24px\">\n<td style=\"width: 33.3333%;text-align: center;height: 24px\"><strong>DOCENTE<\/strong><\/td>\n<td style=\"width: 33.3333%;text-align: center;height: 24px\"><strong>PORTARIA SEI<\/strong><\/td>\n<td style=\"width: 16.6667%;text-align: center;height: 24px\"><strong>VALIDADE<\/strong><\/td>\n<td style=\"width: 33.3333%;text-align: center;height: 24px\"><strong>CONTATO<\/strong><\/td>\n<\/tr>\n<tr style=\"height: 24px\">\n<td style=\"width: 33.3333%;height: 24px;text-align: center\">Francicso Jos\u00e9lio Rafael<\/td>\n<td style=\"width: 33.3333%;height: 24px;text-align: center\"><a href=\"https:\/\/portal.uern.br\/fanat\/fisica\/wp-content\/uploads\/sites\/5\/2023\/11\/SEI_04410188.000046_2023_66.pdf\">N\u00ba 63<\/a><\/td>\n<td style=\"width: 16.6667%;height: 24px;text-align: center\">24\/02\/2025<\/td>\n<td style=\"width: 33.3333%;text-align: center;height: 24px\">joseliorafael@uern.br<\/td>\n<\/tr>\n<\/tbody>\n<\/table>\n<p>De acordo com o<a href=\"https:\/\/portal.uern.br\/fanat\/fisica\/wp-content\/uploads\/sites\/5\/2023\/11\/PPC_2021-1.pdf\"> Projeto Pedag\u00f3gico do Curso (PPC)<\/a>:<\/p>\n<p align=\"justify\">Art. 23. O Esta\u0301gio Curricular Supervisionado do Curso de F\u00edsica, modalidade Licenciatura, envolve a vive\u0302ncia de situa\u00e7o\u0303es reais e prolongadas de capacita\u00e7a\u0303o no campo de trabalho, pertinentes a\u0300 atua\u00e7a\u0303o do futuro professor, incluindo nesta capacita\u00e7a\u0303o a avalia\u00e7a\u0303o do processo pelo licenciando.<\/p>\n<p align=\"justify\">Art. 24. A carga hora\u0301ria total do Esta\u0301gio Curricular Supervisionado do Curso corresponde a 405 (quatrocentas e cinco) horas-aula, distribu\u00eddas do 5\u00ba ao 8\u00ba per\u00edodo, atrave\u0301s das disciplinas Esta\u0301gio em Ensino de F\u00edsica I (90h), Esta\u0301gio em Ensino de F\u00edsica II (105), Esta\u0301gio em Ensino de F\u00edsica III (105) e Esta\u0301gio em Ensino de F\u00edsica IV (105h).<\/p>\n<p align=\"justify\">\u00a7 1\u00ba A disciplina Esta\u0301gio em Ensino de F\u00edsica I estara\u0301 articulada com o desenvolvimento de esta\u0301gio que garanta a inser\u00e7a\u0303o do licenciando como assistente de profissionais de Ensino de F\u00edsica que atuem em escolas locais de Ensino Fundamental e Me\u0301dio da rede pu\u0301blica ou particular, ou em espa\u00e7os de educa\u00e7a\u0303o informal e na\u0303o formal. A condi\u00e7a\u0303o de assistente implica participa\u00e7a\u0303o no planejamento e acompanhamento do trabalho desenvolvido por aqueles profissionais, abrangendo atua\u00e7\u00f5es individuais de curta dura\u00e7a\u0303o por parte do licenciando junto ao pu\u0301blico atendido;<\/p>\n<p align=\"justify\">\u00a7 2\u00ba As atividades de esta\u0301gio desenvolvidas no a\u0302mbito das escolas locais de Ensino Fundamental, atrave\u0301s da disciplina Esta\u0301gio em Ensino de F\u00edsica I, so\u0301 sera\u0303o computadas se o plano de trabalho do(a) licenciando(a) envolver atividades de Ensino da F\u00edsica;<\/p>\n<p align=\"justify\">\u00a7 3\u00ba A disciplina Esta\u0301gio em Ensino de F\u00edsica II estara\u0301 articulada com o desenvolvimento de esta\u0301gio que garanta a atua\u00e7a\u0303o do(a) licenciando(a) em escolas locais de Ensino Me\u0301dio, da rede pu\u0301blica ou particular, na condi\u00e7a\u0303o de professor(a) estagia\u0301rio da escola. O(a) aluno(a)-professor(a) assumira\u0301 a rege\u0302ncia em uma turma do Ensino Me\u0301dio durante um bimestre ou Unidade Avaliativa\/Curricular da Escola;<\/p>\n<p align=\"justify\">\u00a7 4\u00ba O aluno que estiver em exerc\u00edcio de atividades como professor de F\u00edsica podera\u0301 solicitar, junto a\u0300 equipe responsa\u0301vel pelo acompanhamento do esta\u0301gio em Ensino de F\u00edsica, a redu\u00e7a\u0303o de carga hora\u0301ria, em ate\u0301 200 horas, de uma das modalidades da disciplina Esta\u0301gio em Ensino de F\u00edsica, quando do per\u00edodo de requerimento de inscri\u00e7a\u0303o na respectiva disciplina. Caso aprovada a solicita\u00e7a\u0303o pela plena\u0301ria departamental, o aproveitamento da carga hora\u0301ria podera\u0301 se dar em percentuais proporcionais as horas trabalhadas em cada uma disciplina de Esta\u0301gio compat\u00edvel com o exerc\u00edcio da a\u00e7a\u0303o de forma que o montante na\u0303o ultrapasse as 200 horas fixadas neste artigo;<\/p>\n<p align=\"justify\">\u00a7 5\u00ba Para a redu\u00e7a\u0303o de carga hora\u0301ria de qualquer um dos esta\u0301gios a equipe de supervisa\u0303o de esta\u0301gio devera\u0301 observar se as experie\u0302ncias de ensino sa\u0303o compat\u00edveis com o desenvolvimento das compete\u0302ncias e habilidades que o esta\u0301gio, em questa\u0303o, visa desenvolver;<\/p>\n<p align=\"justify\">\u00a7 6\u00ba As disciplinas Esta\u0301gio em Ensino de F\u00edsica III (105h) e Esta\u0301gio em Ensino de F\u00edsica IV (105h) devera\u0303o se articular com esta\u0301gio que garanta o desenvolvimento de atividades de rege\u0302ncia em escolas locais de Ensino Me\u0301dio da rede pu\u0301blica ou privada, com a participa\u00e7a\u0303o integral do aluno-professor nas atividades pedago\u0301gicas da escola;<\/p>\n<p align=\"justify\">\u00a7 7\u00ba Todos os esta\u0301gios sera\u0303o desenvolvidos sob orienta\u00e7a\u0303o e acompanhamento conjunto do Supervisor de esta\u0301gio (docente da Universidade), e do Colaborador de esta\u0301gio (Professor do Ensino Fundamental e\/ou Me\u0301dio, ou profissional de Ensino da F\u00edsica em espa\u00e7os de educa\u00e7a\u0303o informal e na\u0303o formal);<\/p>\n<p align=\"justify\">\u00a7 8\u00ba As atividades a serem desenvolvidas nos esta\u0301gios pressupo\u0303em o desenvolvimento de plano de trabalho pelo aluno, sob orienta\u00e7a\u0303o do professor supervisor e do profissional colaborador de esta\u0301gio, devendo o plano ser aprovado pelos orientadores para que as atividades tenham in\u00edcio;<\/p>\n<p align=\"justify\">\u00a7 9\u00ba As disciplinas associadas aos esta\u0301gios devera\u0303o incluir, como instrumento avaliativo do aluno, a elabora\u00e7a\u0303o de relato\u0301rio sobre a experie\u0302ncia de esta\u0301gio;<\/p>\n<p align=\"justify\">\u00a7 10\u00ba Os esta\u0301gios devera\u0303o ser desenvolvidos na sede do curso, em casos especiais essas atividades podera\u0303o ser desenvolvidas fora da sede, mediante requerimento do interessado ao Departamento de F\u00edsica.<\/p>\n<table style=\"border-collapse: collapse;width: 100%;height: 168px\">\n<tbody>\n<tr style=\"height: 24px\">\n<td style=\"width: 80%;height: 24px;text-align: center\" colspan=\"4\"><strong>ESCOLAS CAMPOS DE EST\u00c1GIO<\/strong><\/td>\n<\/tr>\n<tr style=\"height: 24px\">\n<td style=\"width: 20%;height: 24px;text-align: center\"><strong>INSTITUI\u00c7\u00c3O<\/strong><\/td>\n<td style=\"width: 20%;height: 24px;text-align: center\"><strong>ENDERE\u00c7O<\/strong><\/td>\n<td style=\"width: 20%;height: 24px;text-align: center\"><strong>CNPJ<\/strong><\/td>\n<td style=\"width: 20%;height: 24px;text-align: center\"><strong>TELEFONE<\/strong><\/td>\n<\/tr>\n<tr style=\"height: 24px\">\n<td style=\"width: 20%;height: 24px;text-align: center\">\n<p class=\"western\" align=\"center\">Escola Estadual Professor Jos\u00e9 de Freitas Nobre<\/p>\n<\/td>\n<td style=\"width: 20%;height: 24px;text-align: center\">\n<p class=\"western\" align=\"center\">Av. Francisco Mota, s\/n &#8211; Costa e Silva, Mossor\u00f3 &#8211; RN, 59626-105<\/p>\n<\/td>\n<td style=\"width: 20%;height: 24px;text-align: center\">01.893.131\/0001-08<\/td>\n<td style=\"width: 20%;height: 24px;text-align: center\">\n<p class=\"western\" align=\"center\">(84) 3315-5652<\/p>\n<\/td>\n<\/tr>\n<tr style=\"height: 24px\">\n<td style=\"width: 20%;height: 24px;text-align: center\">\n<p class=\"western\" align=\"center\">Escola Estadual Professor Abel Freire Coelho<\/p>\n<\/td>\n<td style=\"width: 20%;height: 24px;text-align: center\">\n<p class=\"western\" align=\"center\">R. Dr. Jo\u00e3o Marcelino, s\/n &#8211; Nova Bet\u00e2nia, Mossor\u00f3 &#8211; RN, 59612-200<\/p>\n<\/td>\n<td style=\"width: 20%;height: 24px;text-align: center\">01.826.461\/0001-80<\/td>\n<td style=\"width: 20%;height: 24px;text-align: center\">\n<p class=\"western\" align=\"center\">(84) 3315-5658<\/p>\n<\/td>\n<\/tr>\n<tr style=\"height: 24px\">\n<td style=\"width: 20%;height: 24px;text-align: center\">\n<p class=\"western\" align=\"center\">Escola Estadual Aida Ramalho Cortez Pereira<\/p>\n<\/td>\n<td style=\"width: 20%;height: 24px;text-align: center\">\n<p class=\"western\" align=\"center\">R. Prof. Aleixo Prates e Silva &#8211; Conjunto Walfredo Gurgel, Mossor\u00f3 &#8211; RN, 59628-240<\/p>\n<\/td>\n<td style=\"width: 20%;height: 24px;text-align: center\">01.907.201\/0001-30<\/td>\n<td style=\"width: 20%;height: 24px;text-align: center\">\n<p class=\"western\" align=\"center\">(84) 3315-5616<\/p>\n<\/td>\n<\/tr>\n<tr style=\"height: 24px\">\n<td style=\"width: 20%;height: 24px;text-align: center\">Centro de Educa\u00e7\u00e3o Integrada Professor Eliseu Viana<\/td>\n<td style=\"width: 20%;height: 24px;text-align: center\">Rua Duod\u00e9cimo Rosado, 984 &#8211; Nova Bet\u00e2nia, Mossor\u00f3 &#8211; RN, 59607-020<\/td>\n<td style=\"width: 20%;height: 24px;text-align: center\">01.826.458\/0001-67<\/td>\n<td style=\"width: 20%;height: 24px;text-align: center\"><span aria-label=\"Ligar para (84) 3315-3805\">(84) 3315-3805<\/span><\/td>\n<\/tr>\n<tr style=\"height: 24px\">\n<td style=\"width: 20%;height: 24px;text-align: center\">Escola Estadual Monsenhor Raimundo Gurgel<\/td>\n<td style=\"width: 20%;height: 24px;text-align: center\">R. Jaen Menescal, s\/n &#8211; Lagoa do Mato, Mossor\u00f3 &#8211; RN, 59604-200<\/td>\n<td style=\"width: 20%;height: 24px;text-align: center\">01.506.746\/0001-34<\/td>\n<td style=\"width: 20%;height: 24px;text-align: center\"><span aria-label=\"Ligar para (84) 3315-5646\">(84) 3315-5646<\/span><\/td>\n<\/tr>\n<tr>\n<td style=\"width: 20%;text-align: center\">Escola Estadual Moreira Dias<\/td>\n<td style=\"width: 20%;text-align: center\">R. Silva Jardim, 316 &#8211; Doze Anos, Mossor\u00f3 &#8211; RN, 59603-100<\/td>\n<td style=\"width: 20%;text-align: center\">01.826.467\/0001-58<\/td>\n<td style=\"width: 20%;text-align: center\">(84) 3315-3803<\/td>\n<\/tr>\n<tr>\n<td style=\"width: 20%;text-align: center\">\n<p class=\"western\" align=\"center\">Centro Estadual de Educa\u00e7\u00e3o Profissional Professor Francisco de Assis Pedrosa<\/p>\n<\/td>\n<td style=\"width: 20%;text-align: center\">\n<p class=\"western\" align=\"center\">R. Pedro Valamira Fernandes &#8211; Alto de S\u00e3o Manoel, Mossor\u00f3 &#8211; RN, 59628-245<\/p>\n<\/td>\n<td style=\"width: 20%;text-align: center\">\n<p class=\"western\" align=\"center\">28.395.480\/0001-56<\/p>\n<\/td>\n<td style=\"width: 20%;text-align: center\">\n<p class=\"western\" align=\"center\">(84) 3315-5668<\/p>\n<\/td>\n<\/tr>\n<\/tbody>\n<\/table>\n<p>&nbsp;<\/p>\n<table style=\"border-collapse: collapse;width: 100%;height: 216px\">\n<tbody>\n<tr style=\"height: 48px\">\n<td style=\"width: 50%;text-align: center;height: 48px\" colspan=\"2\"><strong>RELAT\u00d3RIOS SEMESTRAIS DE EST\u00c1GIO CURRICULAR SUPERVISIONADO OBRIGAT\u00d3RIO DO CURSO DE F\u00cdSICA<\/strong><\/td>\n<\/tr>\n<tr style=\"height: 24px\">\n<td style=\"width: 50%;height: 24px;text-align: center\"><strong>ANO<\/strong><\/td>\n<td style=\"width: 50%;height: 24px;text-align: center\"><strong>RELAT\u00d3RIO<\/strong><\/td>\n<\/tr>\n<tr style=\"height: 24px\">\n<td style=\"width: 50%;height: 24px;text-align: center\">2023<\/td>\n<td style=\"width: 50%;height: 24px;text-align: center\"><a href=\"https:\/\/portal.uern.br\/fanat\/fisica\/wp-content\/uploads\/sites\/5\/2023\/11\/Relatorio-de-Estagio-do-semestre-2023.1.pdf\">SEMESTRE 2023.1<\/a><\/p>\n<p>SEMESTRE 2023.2<\/td>\n<\/tr>\n<tr style=\"height: 24px\">\n<td style=\"width: 50%;height: 24px;text-align: center\">2022<\/td>\n<td style=\"width: 50%;height: 24px;text-align: center\"><a href=\"https:\/\/portal.uern.br\/fanat\/fisica\/wp-content\/uploads\/sites\/5\/2023\/11\/Relatorio-de-Estagio-do-semestre-2022.1.pdf\">SEMESTRE 2022.1<\/a><\/p>\n<p><a href=\"https:\/\/portal.uern.br\/fanat\/fisica\/wp-content\/uploads\/sites\/5\/2023\/11\/Relatorio-de-Estagio-do-semestre-2022.2.pdf\">SEMESTRE 2022.2<\/a><\/td>\n<\/tr>\n<tr style=\"height: 24px\">\n<td style=\"width: 50%;height: 24px;text-align: center\">2021<\/td>\n<td style=\"width: 50%;height: 24px;text-align: center\"><a href=\"https:\/\/portal.uern.br\/fanat\/fisica\/wp-content\/uploads\/sites\/5\/2023\/11\/Relatorio-de-Estagio-do-semestre-2021.1.pdf\">SEMESTRE 2021.1<\/a><\/p>\n<p><a href=\"https:\/\/portal.uern.br\/fanat\/fisica\/wp-content\/uploads\/sites\/5\/2023\/11\/Relatorio-de-Estagio-do-semestre-2021.2.pdf\">SEMESTRE 2021.2<\/a><\/td>\n<\/tr>\n<tr style=\"height: 24px\">\n<td style=\"width: 50%;height: 24px;text-align: center\">2020<\/td>\n<td style=\"width: 50%;height: 24px;text-align: center\"><a href=\"https:\/\/portal.uern.br\/fanat\/fisica\/wp-content\/uploads\/sites\/5\/2023\/11\/Relatorio-de-Estagio-do-semestre-2020.1.pdf\">SEMESTRE 2020.1<\/a><\/p>\n<p><a href=\"https:\/\/portal.uern.br\/fanat\/fisica\/wp-content\/uploads\/sites\/5\/2023\/11\/Relatorio-de-Estagio-do-semestre-2020.2.pdf\">SEMESTRE 2020.2<\/a><\/td>\n<\/tr>\n<tr style=\"height: 24px\">\n<td style=\"width: 50%;height: 24px;text-align: center\">2019<\/td>\n<td style=\"width: 50%;height: 24px;text-align: center\"><a href=\"https:\/\/portal.uern.br\/fanat\/fisica\/wp-content\/uploads\/sites\/5\/2023\/11\/Relatorio-de-Estagio-do-semestre-2019.1.pdf\">SEMESTRE 2019.1<\/a><\/p>\n<p><a href=\"https:\/\/portal.uern.br\/fanat\/fisica\/wp-content\/uploads\/sites\/5\/2023\/11\/Relatorio-de-Estagio-do-semestre-2019.2.pdf\">SEMESTRE 2019.2<\/a><\/td>\n<\/tr>\n<tr style=\"height: 24px\">\n<td style=\"width: 50%;height: 24px;text-align: center\">2018<\/td>\n<td style=\"width: 50%;height: 24px;text-align: center\"><a href=\"https:\/\/portal.uern.br\/fanat\/fisica\/wp-content\/uploads\/sites\/5\/2023\/11\/Relatorio-de-Estagio-do-semestre-2018.1.pdf\">SEMESTRE 2018.1<\/a><\/p>\n<p><a href=\"https:\/\/portal.uern.br\/fanat\/fisica\/wp-content\/uploads\/sites\/5\/2023\/11\/Relatorio-de-Estagio-do-semestre-2018.2.pdf\">SEMESTRE 2018.2<\/a><\/td>\n<\/tr>\n<\/tbody>\n<\/table>\n<p>&nbsp;<\/p>\n","protected":false},"excerpt":{"rendered":"<p>EST\u00c1GIO CURRICULAR SUPERVISIONADO COORDENA\u00c7\u00c3O DE EST\u00c1GIO DO CURSO DOCENTE PORTARIA SEI VALIDADE CONTATO Francicso Jos\u00e9lio Rafael N\u00ba 63 24\/02\/2025 joseliorafael@uern.br De acordo com o Projeto Pedag\u00f3gico do Curso (PPC): Art. 23. O Esta\u0301gio Curricular Supervisionado do Curso de F\u00edsica, modalidade Licenciatura, envolve a vive\u0302ncia de situa\u00e7o\u0303es reais e prolongadas de capacita\u00e7a\u0303o no campo de trabalho, [&hellip;]<\/p>\n","protected":false},"author":2,"featured_media":0,"parent":0,"menu_order":0,"comment_status":"closed","ping_status":"closed","template":"","meta":{"footnotes":""},"class_list":["post-662","page","type-page","status-publish","hentry"],"_links":{"self":[{"href":"https:\/\/portal.uern.br\/fanat\/fisica\/wp-json\/wp\/v2\/pages\/662","targetHints":{"allow":["GET"]}}],"collection":[{"href":"https:\/\/portal.uern.br\/fanat\/fisica\/wp-json\/wp\/v2\/pages"}],"about":[{"href":"https:\/\/portal.uern.br\/fanat\/fisica\/wp-json\/wp\/v2\/types\/page"}],"author":[{"embeddable":true,"href":"https:\/\/portal.uern.br\/fanat\/fisica\/wp-json\/wp\/v2\/users\/2"}],"replies":[{"embeddable":true,"href":"https:\/\/portal.uern.br\/fanat\/fisica\/wp-json\/wp\/v2\/comments?post=662"}],"version-history":[{"count":6,"href":"https:\/\/portal.uern.br\/fanat\/fisica\/wp-json\/wp\/v2\/pages\/662\/revisions"}],"predecessor-version":[{"id":872,"href":"https:\/\/portal.uern.br\/fanat\/fisica\/wp-json\/wp\/v2\/pages\/662\/revisions\/872"}],"wp:attachment":[{"href":"https:\/\/portal.uern.br\/fanat\/fisica\/wp-json\/wp\/v2\/media?parent=662"}],"curies":[{"name":"wp","href":"https:\/\/api.w.org\/{rel}","templated":true}]}}