{"id":656,"date":"2023-10-16T08:59:21","date_gmt":"2023-10-16T11:59:21","guid":{"rendered":"https:\/\/portal.uern.br\/fanat\/fisica\/?page_id=656"},"modified":"2023-10-30T11:52:25","modified_gmt":"2023-10-30T14:52:25","slug":"cose","status":"publish","type":"page","link":"https:\/\/portal.uern.br\/fanat\/fisica\/cose\/","title":{"rendered":"COSE"},"content":{"rendered":"<p>&nbsp;<\/p>\n<table style=\"border-collapse: collapse;width: 100%;height: 280px\">\n<tbody>\n<tr style=\"height: 48px\">\n<td style=\"width: 25%;text-align: center;height: 48px\" colspan=\"4\"><strong>MEMBROS ATUAIS DA COMISS\u00c3O SETORIAL DE AVALIA\u00c7\u00c3O DO DEPARTAMENTO DE F\u00cdSICA<\/strong><\/td>\n<\/tr>\n<tr style=\"height: 24px\">\n<td style=\"width: 25%;text-align: center;height: 24px\"><strong>MEMBRO<\/strong><\/td>\n<td style=\"width: 25%;text-align: center;height: 24px\"><strong>PORTARIA SEI<\/strong><\/td>\n<td style=\"width: 25%;text-align: center;height: 24px\"><strong>VALIDADE<\/strong><\/td>\n<td style=\"width: 25%;text-align: center;height: 24px\"><strong>FUN\u00c7\u00c3O<\/strong><\/td>\n<\/tr>\n<tr style=\"height: 52px\">\n<td style=\"width: 25%;height: 52px;text-align: center\">Vamberto Dias de Mello<\/td>\n<td style=\"width: 25%;height: 52px;text-align: center\">\n<p class=\"western\" align=\"center\"><span style=\"text-decoration: underline\"> <a href=\"https:\/\/portal.uern.br\/fanat\/fisica\/wp-content\/uploads\/sites\/5\/2023\/10\/PORTARIA-DA-COSE-321.pdf\"><span style=\"color: #1c1c1c\"><span style=\"font-family: Arial, serif\"><span style=\"font-size: small\"><span lang=\"pt-BR\">N\u00ba <\/span><\/span><span style=\"font-size: small\"><span lang=\"pt-BR\">321 (Membro)<\/span><\/span><\/span><\/span><\/a><\/span><\/p>\n<p align=\"center\"><span style=\"text-decoration: underline\"><a href=\"https:\/\/portal.uern.br\/fanat\/fisica\/wp-content\/uploads\/sites\/5\/2023\/10\/PORTARIA-67-2.pdf\"><span style=\"color: #1c1c1c\"><span style=\"font-family: Arial, serif\"><span style=\"font-size: small\"><span lang=\"pt-BR\"> N\u00ba <\/span><\/span><span style=\"font-size: small\"><span lang=\"pt-BR\">67 (Coordena\u00e7\u00e3o)<\/span><\/span><\/span><\/span><\/a><\/span><\/p>\n<\/td>\n<td style=\"width: 25%;height: 52px;text-align: center\">16\/08\/2024<\/td>\n<td style=\"width: 25%;height: 52px;text-align: center\">Coordenador<\/td>\n<\/tr>\n<tr style=\"height: 52px\">\n<td style=\"width: 25%;text-align: center;height: 52px\">Edesio Miguel Barboza Junior<\/td>\n<td style=\"width: 25%;text-align: center;height: 52px\">\n<p class=\"western\" align=\"center\"><span style=\"text-decoration: underline\"><a href=\"https:\/\/portal.uern.br\/fanat\/fisica\/wp-content\/uploads\/sites\/5\/2023\/10\/PORTARIA-67-2.pdf\"><span style=\"color: #1c1c1c\"><span style=\"font-family: Arial, serif\"><span style=\"font-size: small\"><span lang=\"pt-BR\"> N\u00ba <\/span><\/span><span style=\"font-size: small\"><span lang=\"pt-BR\">67<\/span><\/span><\/span><\/span><\/a><\/span><\/p>\n<\/td>\n<td style=\"width: 25%;text-align: center;height: 52px\">24\/02\/2025<\/td>\n<td style=\"width: 25%;text-align: center;height: 52px\">Docente escolhido em Plen\u00e1ria Departamental<\/td>\n<\/tr>\n<tr style=\"height: 52px\">\n<td style=\"width: 25%;text-align: center;height: 52px\">\u00cdtalo Matheus de Oliveira Paiva<\/td>\n<td style=\"width: 25%;text-align: center;height: 52px\">\n<p class=\"western\" align=\"center\"><span style=\"text-decoration: underline\"><a href=\"https:\/\/portal.uern.br\/fanat\/fisica\/wp-content\/uploads\/sites\/5\/2023\/10\/PORTARIA-67-2.pdf\"><span style=\"color: #1c1c1c\"><span style=\"font-family: Arial, serif\"><span style=\"font-size: small\"><span lang=\"pt-BR\"> N\u00ba <\/span><\/span><span style=\"font-size: small\"><span lang=\"pt-BR\">67<\/span><\/span><\/span><\/span><\/a><\/span><\/p>\n<\/td>\n<td style=\"width: 25%;text-align: center;height: 52px\">24\/02\/2025<\/td>\n<td style=\"width: 25%;text-align: center;height: 52px\">Representante T\u00e9cnico Administrativo<\/td>\n<\/tr>\n<tr style=\"height: 52px\">\n<td style=\"width: 25%;text-align: center;height: 52px\">Maria Eduarda Borges Higino<\/td>\n<td style=\"width: 25%;text-align: center;height: 52px\">\n<p class=\"western\" align=\"center\"><span style=\"text-decoration: underline\"><span style=\"color: #1c1c1c;text-decoration: underline\"><span style=\"font-family: Arial, serif\"><span style=\"font-size: small\"><span lang=\"pt-BR\">\u00a0N\u00ba 292<\/span><\/span><\/span><\/span><\/span><\/p>\n<\/td>\n<td style=\"width: 25%;text-align: center;height: 52px\">17\/08\/2023<\/td>\n<td style=\"width: 25%;text-align: center;height: 52px\">Representante dos Discentes<\/td>\n<\/tr>\n<\/tbody>\n<\/table>\n<p>&nbsp;<\/p>\n<p>&nbsp;<\/p>\n<table style=\"border-collapse: collapse;width: 100%;height: 340px\">\n<tbody>\n<tr style=\"height: 52px\">\n<td style=\"width: 33.3333%;height: 52px\" colspan=\"2\">\n<p style=\"text-align: center\"><strong>RELAT\u00d3RIOS DA COSE DO DEPARTAMENTO DE F\u00cdSICA<\/strong><\/p>\n<\/td>\n<\/tr>\n<tr style=\"height: 24px\">\n<td style=\"width: 33.3333%;height: 24px;text-align: center\"><strong>SEMESTRE<\/strong><\/td>\n<td style=\"width: 33.3333%;height: 24px;text-align: center\"><strong>RELAT\u00d3RIO<\/strong><\/td>\n<\/tr>\n<tr style=\"height: 24px\">\n<td style=\"width: 33.3333%;height: 24px;text-align: center\">2023.1<\/td>\n<td style=\"width: 33.3333%;height: 24px;text-align: center\">RELAT\u00d3RIO DE AVALIA\u00c7\u00c3O INTERNA<\/td>\n<\/tr>\n<tr style=\"height: 24px\">\n<td style=\"width: 33.3333%;height: 24px;text-align: center\">2022.2<\/td>\n<td style=\"width: 33.3333%;height: 24px;text-align: center\"><a href=\"https:\/\/portal.uern.br\/fanat\/fisica\/wp-content\/uploads\/sites\/5\/2023\/10\/Relatorio-da-COSE-2022.2.pdf\">RELAT\u00d3RIO DE AVALIA\u00c7\u00c3O INTERNA<\/a><\/td>\n<\/tr>\n<tr style=\"height: 24px\">\n<td style=\"width: 33.3333%;height: 24px;text-align: center\">2022.1<\/td>\n<td style=\"width: 33.3333%;height: 24px;text-align: center\"><a href=\"https:\/\/portal.uern.br\/fanat\/fisica\/wp-content\/uploads\/sites\/5\/2023\/10\/Relatorio-da-COSE-2022.1.pdf\">RELAT\u00d3RIO DE AVALIA\u00c7\u00c3O INTERNA<\/a><\/td>\n<\/tr>\n<tr style=\"height: 24px\">\n<td style=\"width: 33.3333%;height: 24px;text-align: center\">2021.2<\/td>\n<td style=\"width: 33.3333%;height: 24px;text-align: center\"><a href=\"https:\/\/portal.uern.br\/fanat\/fisica\/wp-content\/uploads\/sites\/5\/2023\/10\/Relatorio-da-COSE-2021.2-Remoto.pdf\">RELAT\u00d3RIO DE AVALIA\u00c7\u00c3O INTERNA-REMOTO<\/a><\/p>\n<p><a href=\"https:\/\/portal.uern.br\/fanat\/fisica\/wp-content\/uploads\/sites\/5\/2023\/10\/Relatorio-da-COSE-2021.2-Presencial.pdf\">RELAT\u00d3RIO DE AVALIA\u00c7\u00c3O INTERNA-PRESENCIAL<\/a><\/td>\n<\/tr>\n<tr style=\"height: 24px\">\n<td style=\"width: 33.3333%;height: 24px;text-align: center\">2021.1<\/td>\n<td style=\"width: 33.3333%;height: 24px;text-align: center\"><a href=\"https:\/\/portal.uern.br\/fanat\/fisica\/wp-content\/uploads\/sites\/5\/2023\/10\/Relatorio-da-COSE-2021.1.pdf\">RELAT\u00d3RIO DE AVALIA\u00c7\u00c3O INTERNA<\/a><\/td>\n<\/tr>\n<tr style=\"height: 24px\">\n<td style=\"width: 33.3333%;height: 24px;text-align: center\">2020.2<\/td>\n<td style=\"width: 33.3333%;height: 24px;text-align: center\"><a href=\"https:\/\/portal.uern.br\/fanat\/fisica\/wp-content\/uploads\/sites\/5\/2023\/10\/Relatorio-da-COSE-2020.2.pdf\">RELAT\u00d3RIO DE AVALIA\u00c7\u00c3O INTERNA<\/a><\/td>\n<\/tr>\n<tr style=\"height: 24px\">\n<td style=\"width: 33.3333%;height: 24px;text-align: center\">2020.1<\/td>\n<td style=\"width: 33.3333%;height: 24px;text-align: center\"><a href=\"https:\/\/portal.uern.br\/fanat\/fisica\/wp-content\/uploads\/sites\/5\/2023\/10\/Relatorio-da-COSE-2020.1.pdf\">RELAT\u00d3RIO DE AVALIA\u00c7\u00c3O INTERNA<\/a><\/td>\n<\/tr>\n<tr style=\"height: 24px\">\n<td style=\"width: 33.3333%;height: 24px;text-align: center\">2019.2<\/td>\n<td style=\"width: 33.3333%;height: 24px;text-align: center\"><a href=\"https:\/\/portal.uern.br\/fanat\/fisica\/wp-content\/uploads\/sites\/5\/2023\/10\/2019.2.pdf\">RELAT\u00d3RIO DE AVALIA\u00c7\u00c3O INTERNA<\/a><\/td>\n<\/tr>\n<tr style=\"height: 24px\">\n<td style=\"width: 33.3333%;text-align: center;height: 24px\">2019.1<\/td>\n<td style=\"width: 33.3333%;height: 24px;text-align: center\"><a href=\"https:\/\/portal.uern.br\/fanat\/fisica\/wp-content\/uploads\/sites\/5\/2023\/10\/2019.1.pdf\">RELAT\u00d3RIO DE AVALIA\u00c7\u00c3O INTERNA<\/a><\/td>\n<\/tr>\n<tr style=\"height: 24px\">\n<td style=\"width: 33.3333%;text-align: center;height: 24px\">2018.2<\/td>\n<td style=\"width: 33.3333%;height: 24px;text-align: center\"><a href=\"https:\/\/portal.uern.br\/fanat\/fisica\/wp-content\/uploads\/sites\/5\/2023\/10\/2018.2.pdf\">RELAT\u00d3RIO DE AVALIA\u00c7\u00c3O INTERNA<\/a><\/td>\n<\/tr>\n<tr style=\"height: 24px\">\n<td style=\"width: 33.3333%;text-align: center;height: 24px\">2018.1<\/td>\n<td style=\"width: 33.3333%;height: 24px;text-align: center\"><a href=\"https:\/\/portal.uern.br\/fanat\/fisica\/wp-content\/uploads\/sites\/5\/2023\/10\/2018.1.pdf\">RELAT\u00d3RIO DE AVALIA\u00c7\u00c3O INTERNA<\/a><\/td>\n<\/tr>\n<\/tbody>\n<\/table>\n","protected":false},"excerpt":{"rendered":"<p>&nbsp; MEMBROS ATUAIS DA COMISS\u00c3O SETORIAL DE AVALIA\u00c7\u00c3O DO DEPARTAMENTO DE F\u00cdSICA MEMBRO PORTARIA SEI VALIDADE FUN\u00c7\u00c3O Vamberto Dias de Mello N\u00ba 321 (Membro) N\u00ba 67 (Coordena\u00e7\u00e3o) 16\/08\/2024 Coordenador Edesio Miguel Barboza Junior N\u00ba 67 24\/02\/2025 Docente escolhido em Plen\u00e1ria Departamental \u00cdtalo Matheus de Oliveira Paiva N\u00ba 67 24\/02\/2025 Representante T\u00e9cnico Administrativo Maria Eduarda Borges [&hellip;]<\/p>\n","protected":false},"author":2,"featured_media":0,"parent":0,"menu_order":0,"comment_status":"closed","ping_status":"closed","template":"","meta":{"footnotes":""},"class_list":["post-656","page","type-page","status-publish","hentry"],"_links":{"self":[{"href":"https:\/\/portal.uern.br\/fanat\/fisica\/wp-json\/wp\/v2\/pages\/656","targetHints":{"allow":["GET"]}}],"collection":[{"href":"https:\/\/portal.uern.br\/fanat\/fisica\/wp-json\/wp\/v2\/pages"}],"about":[{"href":"https:\/\/portal.uern.br\/fanat\/fisica\/wp-json\/wp\/v2\/types\/page"}],"author":[{"embeddable":true,"href":"https:\/\/portal.uern.br\/fanat\/fisica\/wp-json\/wp\/v2\/users\/2"}],"replies":[{"embeddable":true,"href":"https:\/\/portal.uern.br\/fanat\/fisica\/wp-json\/wp\/v2\/comments?post=656"}],"version-history":[{"count":17,"href":"https:\/\/portal.uern.br\/fanat\/fisica\/wp-json\/wp\/v2\/pages\/656\/revisions"}],"predecessor-version":[{"id":789,"href":"https:\/\/portal.uern.br\/fanat\/fisica\/wp-json\/wp\/v2\/pages\/656\/revisions\/789"}],"wp:attachment":[{"href":"https:\/\/portal.uern.br\/fanat\/fisica\/wp-json\/wp\/v2\/media?parent=656"}],"curies":[{"name":"wp","href":"https:\/\/api.w.org\/{rel}","templated":true}]}}