{"id":654,"date":"2023-10-16T08:59:09","date_gmt":"2023-10-16T11:59:09","guid":{"rendered":"https:\/\/portal.uern.br\/fanat\/fisica\/?page_id=654"},"modified":"2023-11-14T16:27:19","modified_gmt":"2023-11-14T19:27:19","slug":"nde","status":"publish","type":"page","link":"https:\/\/portal.uern.br\/fanat\/fisica\/nde\/","title":{"rendered":"NDE"},"content":{"rendered":"<p>&nbsp;<\/p>\n<table style=\"border-collapse: collapse;width: 100%;height: 332px\">\n<tbody>\n<tr style=\"height: 48px\">\n<td style=\"width: 100.122%;text-align: center;height: 48px\" colspan=\"4\"><span style=\"font-size: 12pt\"><strong>MEMBROS ATUAIS DO N\u00daCLEO DOCENTE ESTRUTURANTE DO DEPARTAMENTO DE F\u00cdSICA<\/strong><\/span><\/td>\n<\/tr>\n<tr style=\"height: 24px\">\n<td style=\"width: 25.0305%;text-align: center;height: 24px\"><span style=\"font-size: 12pt\"><strong>MEMBRO<\/strong><\/span><\/td>\n<td style=\"width: 25.0305%;text-align: center;height: 24px\"><span style=\"font-size: 12pt\"><strong>PORTARIA SEI<\/strong><\/span><\/td>\n<td style=\"width: 25.0305%;text-align: center;height: 24px\"><span style=\"font-size: 12pt\"><strong>VALIDADE<\/strong><\/span><\/td>\n<td style=\"width: 25.0305%;text-align: center;height: 24px\"><span style=\"font-size: 12pt\"><strong>FUN\u00c7\u00c3O<\/strong><\/span><\/td>\n<\/tr>\n<tr style=\"height: 52px\">\n<td style=\"width: 25.0305%;height: 52px;text-align: center\"><span style=\"font-family: georgia, palatino, serif;font-size: 12pt\">Maria das Gra\u00e7as Dias da Silva<\/span><\/td>\n<td style=\"width: 25.0305%;height: 52px;text-align: center\">\n<p class=\"western\" align=\"center\"><a href=\"https:\/\/portal.uern.br\/fanat\/fisica\/wp-content\/uploads\/sites\/5\/2023\/10\/PORTARIA-271-1.pdf\"><span style=\"font-family: georgia, palatino, serif;font-size: 12pt\">N\u00ba 271 (Membro)<\/span><\/a><\/p>\n<p align=\"center\"><a href=\"https:\/\/portal.uern.br\/fanat\/fisica\/wp-content\/uploads\/sites\/5\/2023\/10\/Portaria-SEI-No-177-1.pdf\"><span style=\"font-family: georgia, palatino, serif;font-size: 12pt\">N\u00ba 177 (Coordenadora)<\/span><\/a><\/p>\n<p align=\"center\">\n<\/td>\n<td style=\"width: 25.0305%;height: 52px;text-align: center\">\n<p class=\"western\" align=\"center\"><span style=\"font-family: georgia, palatino, serif;font-size: 12pt\">27\/07\/2024<\/span><\/p>\n<\/td>\n<td style=\"width: 25.0305%;height: 52px;text-align: center\"><span style=\"font-family: georgia, palatino, serif;font-size: 12pt\">Coordenadora<\/span><\/td>\n<\/tr>\n<tr style=\"height: 52px\">\n<td style=\"width: 25.0305%;text-align: center;height: 52px\">\n<p class=\"western\" align=\"center\"><span style=\"font-family: georgia, palatino, serif;font-size: 12pt\">F\u00e1bio Cabral Carvalho<\/span><\/p>\n<\/td>\n<td style=\"width: 25.0305%;text-align: center;height: 52px\">\n<p class=\"western\" align=\"center\"><a href=\"https:\/\/portal.uern.br\/fanat\/fisica\/wp-content\/uploads\/sites\/5\/2023\/10\/PORTARIA-SEI-336-1.pdf\"><span style=\"font-size: 12pt;font-family: georgia, palatino, serif\">N\u00ba 336<\/span><\/a><\/p>\n<\/td>\n<td style=\"width: 25.0305%;text-align: center;height: 52px\"><span style=\"font-size: 12pt;font-family: georgia, palatino, serif\">06\/07\/2026<\/span><\/td>\n<td style=\"width: 25.0305%;text-align: center;height: 52px\"><span style=\"font-size: 12pt;font-family: georgia, palatino, serif\">Chefe do Departamento<\/span><\/td>\n<\/tr>\n<tr style=\"height: 52px\">\n<td style=\"width: 25.0305%;text-align: center;height: 52px\"><span style=\"font-family: georgia, palatino, serif;font-size: 12pt\">Jos\u00e9 Alzamir Pereira da Costa<\/span><\/td>\n<td style=\"width: 25.0305%;text-align: center;height: 52px\">\n<p class=\"western\" align=\"center\"><a href=\"https:\/\/portal.uern.br\/fanat\/fisica\/wp-content\/uploads\/sites\/5\/2023\/10\/PORTARIA-322-1.pdf\"><span style=\"font-family: georgia, palatino, serif;font-size: 12pt\">N\u00ba 322<\/span><\/a><\/p>\n<\/td>\n<td style=\"width: 25.0305%;text-align: center;height: 52px\"><span style=\"font-family: georgia, palatino, serif;font-size: 12pt\">09\/08\/2025<\/span><\/td>\n<td style=\"width: 25.0305%;text-align: center;height: 52px\"><span style=\"font-family: georgia, palatino, serif;font-size: 12pt\">Orientador Acad\u00eamico do Curso<\/span><\/td>\n<\/tr>\n<tr style=\"height: 52px\">\n<td style=\"width: 25.0305%;text-align: center;height: 52px\"><span style=\"font-family: georgia, palatino, serif;font-size: 12pt\">Francisco Jos\u00e9lio Rafael<\/span><\/td>\n<td style=\"width: 25.0305%;text-align: center;height: 52px\">\n<p class=\"western\" align=\"center\"><a href=\"https:\/\/portal.uern.br\/fanat\/fisica\/wp-content\/uploads\/sites\/5\/2023\/10\/Portaria-SEI-No-369-4.pdf\"><span style=\"font-family: georgia, palatino, serif;font-size: 12pt\">N\u00ba 369<\/span><\/a><\/p>\n<\/td>\n<td style=\"width: 25.0305%;text-align: center;height: 52px\"><span style=\"font-family: georgia, palatino, serif;font-size: 12pt\">29\/09\/2024<\/span><\/td>\n<td style=\"width: 25.0305%;text-align: center;height: 52px\"><span style=\"font-family: georgia, palatino, serif;font-size: 12pt\">Coordenador de Est\u00e1gio Supervisionado Obrigat\u00f3rio do Curso<\/span><\/td>\n<\/tr>\n<tr style=\"height: 52px\">\n<td style=\"width: 25.0305%;text-align: center;height: 52px\"><span style=\"font-family: georgia, palatino, serif;font-size: 12pt\">Edesio Miguel Barboza Junior<\/span><\/td>\n<td style=\"width: 25.0305%;text-align: center;height: 52px\">\n<p class=\"western\" align=\"center\"><a href=\"https:\/\/portal.uern.br\/fanat\/fisica\/wp-content\/uploads\/sites\/5\/2023\/10\/Portaria-SEI-No-369-4.pdf\"><span style=\"font-family: georgia, palatino, serif;font-size: 12pt\">N\u00ba 369<\/span><\/a><\/p>\n<\/td>\n<td style=\"width: 25.0305%;text-align: center;height: 52px\"><span style=\"font-family: georgia, palatino, serif;font-size: 12pt\">29\/09\/2024<\/span><\/td>\n<td style=\"width: 25.0305%;text-align: center;height: 52px\"><span style=\"font-family: georgia, palatino, serif;font-size: 12pt\">Vice-Coordenador<\/span><\/td>\n<\/tr>\n<\/tbody>\n<\/table>\n<p style=\"text-align: center\">\n<p>&nbsp;<\/p>\n","protected":false},"excerpt":{"rendered":"<p>&nbsp; MEMBROS ATUAIS DO N\u00daCLEO DOCENTE ESTRUTURANTE DO DEPARTAMENTO DE F\u00cdSICA MEMBRO PORTARIA SEI VALIDADE FUN\u00c7\u00c3O Maria das Gra\u00e7as Dias da Silva N\u00ba 271 (Membro) N\u00ba 177 (Coordenadora) 27\/07\/2024 Coordenadora F\u00e1bio Cabral Carvalho N\u00ba 336 06\/07\/2026 Chefe do Departamento Jos\u00e9 Alzamir Pereira da Costa N\u00ba 322 09\/08\/2025 Orientador Acad\u00eamico do Curso Francisco Jos\u00e9lio Rafael N\u00ba [&hellip;]<\/p>\n","protected":false},"author":2,"featured_media":0,"parent":0,"menu_order":0,"comment_status":"closed","ping_status":"closed","template":"","meta":{"footnotes":""},"class_list":["post-654","page","type-page","status-publish","hentry"],"_links":{"self":[{"href":"https:\/\/portal.uern.br\/fanat\/fisica\/wp-json\/wp\/v2\/pages\/654","targetHints":{"allow":["GET"]}}],"collection":[{"href":"https:\/\/portal.uern.br\/fanat\/fisica\/wp-json\/wp\/v2\/pages"}],"about":[{"href":"https:\/\/portal.uern.br\/fanat\/fisica\/wp-json\/wp\/v2\/types\/page"}],"author":[{"embeddable":true,"href":"https:\/\/portal.uern.br\/fanat\/fisica\/wp-json\/wp\/v2\/users\/2"}],"replies":[{"embeddable":true,"href":"https:\/\/portal.uern.br\/fanat\/fisica\/wp-json\/wp\/v2\/comments?post=654"}],"version-history":[{"count":22,"href":"https:\/\/portal.uern.br\/fanat\/fisica\/wp-json\/wp\/v2\/pages\/654\/revisions"}],"predecessor-version":[{"id":912,"href":"https:\/\/portal.uern.br\/fanat\/fisica\/wp-json\/wp\/v2\/pages\/654\/revisions\/912"}],"wp:attachment":[{"href":"https:\/\/portal.uern.br\/fanat\/fisica\/wp-json\/wp\/v2\/media?parent=654"}],"curies":[{"name":"wp","href":"https:\/\/api.w.org\/{rel}","templated":true}]}}