{"id":650,"date":"2023-10-16T08:58:36","date_gmt":"2023-10-16T11:58:36","guid":{"rendered":"https:\/\/portal.uern.br\/fanat\/fisica\/?page_id=650"},"modified":"2023-10-30T11:32:05","modified_gmt":"2023-10-30T14:32:05","slug":"docentes","status":"publish","type":"page","link":"https:\/\/portal.uern.br\/fanat\/fisica\/docentes\/","title":{"rendered":"Docentes"},"content":{"rendered":"<p>&nbsp;<\/p>\n<table style=\"border-collapse: collapse;width: 100%;height: 408px\">\n<tbody>\n<tr>\n<td style=\"width: 50%;text-align: center\" colspan=\"2\"><strong>DOCENTES DO DEPARTAMENTO DE F\u00cdSICA<\/strong><strong><br \/>\n<\/strong><\/td>\n<\/tr>\n<tr style=\"height: 24px\">\n<td style=\"width: 50%;text-align: center;height: 24px\"><strong>DOCENTE<\/strong><\/td>\n<td style=\"width: 50%;text-align: center;height: 24px\"><strong>\u00a0CONTATO<\/strong><\/td>\n<\/tr>\n<tr style=\"height: 24px\">\n<td style=\"width: 50%;height: 24px;text-align: center\"><a href=\"http:\/\/lattes.cnpq.br\/4887798273871289\">Prof.Dr.Aureliano Aline Pu\u00e7a<\/a><\/td>\n<td style=\"width: 50%;height: 24px;text-align: center\">aurelianopuca@uern.br<\/td>\n<\/tr>\n<tr style=\"height: 24px\">\n<td style=\"width: 50%;height: 24px;text-align: center\"><a href=\"http:\/\/lattes.cnpq.br\/9035017031737026\">Prof.Dr.Carlos Antonio L\u00f3pez Ruiz<\/a><\/td>\n<td style=\"width: 50%;height: 24px;text-align: center\">carlosruiz@uern.br<\/td>\n<\/tr>\n<tr style=\"height: 24px\">\n<td style=\"width: 50%;height: 24px;text-align: center\"><a href=\"http:\/\/lattes.cnpq.br\/1421015220845993\">Prof.Dr.Edesio Miguel Barboza Junior<\/a><\/td>\n<td style=\"width: 50%;height: 24px;text-align: center\">edesiobarboza@uern.br<\/td>\n<\/tr>\n<tr style=\"height: 24px\">\n<td style=\"width: 50%;height: 24px;text-align: center\"><a href=\"http:\/\/lattes.cnpq.br\/3437739405350090\">Prof.Dr.F\u00e1bio Cabral Carvalho<\/a><\/td>\n<td style=\"width: 50%;height: 24px;text-align: center\">fabiocabral@uern.br<\/td>\n<\/tr>\n<tr style=\"height: 24px\">\n<td style=\"width: 50%;height: 24px;text-align: center\"><a href=\"http:\/\/lattes.cnpq.br\/7598474670029330\">Prof.Me.Francisco Jos\u00e9lio Rafael<\/a><\/td>\n<td style=\"width: 50%;height: 24px;text-align: center\">joseliorafael@uern.br<\/td>\n<\/tr>\n<tr style=\"height: 24px\">\n<td style=\"width: 50%;height: 24px;text-align: center\"><a href=\"http:\/\/lattes.cnpq.br\/7102315332585337\">Prof.Ma. Ione Almeida Silva<\/a><\/td>\n<td style=\"width: 50%;height: 24px;text-align: center\">ionealmeida@uern.br<\/td>\n<\/tr>\n<tr style=\"height: 24px\">\n<td style=\"width: 50%;height: 24px;text-align: center\"><a href=\"http:\/\/lattes.cnpq.br\/0055788368475189\">Prof.Dr. Jadson Tadeu Souza Dantas<\/a><\/td>\n<td style=\"width: 50%;height: 24px;text-align: center\">jadsontadeu@uern.br<\/td>\n<\/tr>\n<tr style=\"height: 24px\">\n<td style=\"width: 50%;height: 24px;text-align: center\"><a href=\"http:\/\/lattes.cnpq.br\/2108722656012583\">Prof.Dr.Jo\u00e3o Maria Soares<\/a><\/td>\n<td style=\"width: 50%;height: 24px;text-align: center\">joaosoares@uern.br<\/td>\n<\/tr>\n<tr style=\"height: 24px\">\n<td style=\"width: 50%;height: 24px;text-align: center\"><a href=\"http:\/\/lattes.cnpq.br\/5592146590288686\">Prof.Dr.Jos\u00e9 Alzamir Pereira da Costa<\/a><\/td>\n<td style=\"width: 50%;height: 24px;text-align: center\">alzamircosta@uern.br<\/td>\n<\/tr>\n<tr style=\"height: 24px\">\n<td style=\"width: 50%;height: 24px;text-align: center\"><a href=\"http:\/\/lattes.cnpq.br\/3714905065293466\">Prof.Dr.Jos\u00e9 Ronaldo Pereira da Silva<\/a><\/td>\n<td style=\"width: 50%;height: 24px;text-align: center\">joseronaldo@uern.br<\/td>\n<\/tr>\n<tr style=\"height: 24px\">\n<td style=\"width: 50%;height: 24px;text-align: center\"><a href=\"http:\/\/lattes.cnpq.br\/8138557405159300\">Prof.Me.Marco Antonio Simas Alvetti<\/a><\/td>\n<td style=\"width: 50%;height: 24px;text-align: center\">marcoalvetti@uern.br<\/td>\n<\/tr>\n<tr style=\"height: 24px\">\n<td style=\"width: 50%;height: 24px;text-align: center\"><a href=\"http:\/\/lattes.cnpq.br\/4109484014804133\">Prof.Dr\u00aa.Maria Aldin\u00eaz Dantas<\/a><\/td>\n<td style=\"width: 50%;height: 24px;text-align: center\">aldinezdantas@uern.br<\/td>\n<\/tr>\n<tr style=\"height: 24px\">\n<td style=\"width: 50%;height: 24px;text-align: center\"><a href=\"http:\/\/lattes.cnpq.br\/2799557767021331\">Prof.Dr\u00aa.Maria das Gra\u00e7as Dias da Silva<\/a><\/td>\n<td style=\"width: 50%;height: 24px;text-align: center\">mariadias@uern.br<\/td>\n<\/tr>\n<tr style=\"height: 24px\">\n<td style=\"width: 50%;height: 24px;text-align: center\"><a href=\"http:\/\/lattes.cnpq.br\/7368118414083905\">Prof.Dr.Nilson Sena de Almeida<\/a><\/td>\n<td style=\"width: 50%;height: 24px;text-align: center\">nilsonalmeida@uern.br<\/td>\n<\/tr>\n<tr style=\"height: 24px\">\n<td style=\"width: 50%;height: 24px;text-align: center\"><a href=\"http:\/\/lattes.cnpq.br\/6971289656108891\">Prof.Dr.Thomas Dumelow<\/a><\/td>\n<td style=\"width: 50%;height: 24px;text-align: center\">thomasdumelow@uern.br<\/td>\n<\/tr>\n<tr style=\"height: 24px\">\n<td style=\"width: 50%;height: 24px;text-align: center\"><a href=\"http:\/\/lattes.cnpq.br\/4851197994170100\">Prof.Dr. Vamberto Dias de Mello<\/a><\/td>\n<td style=\"width: 50%;height: 24px;text-align: center\">vambertodias@uern.br<\/td>\n<\/tr>\n<\/tbody>\n<\/table>\n","protected":false},"excerpt":{"rendered":"<p>&nbsp; DOCENTES DO DEPARTAMENTO DE F\u00cdSICA DOCENTE \u00a0CONTATO Prof.Dr.Aureliano Aline Pu\u00e7a aurelianopuca@uern.br Prof.Dr.Carlos Antonio L\u00f3pez Ruiz carlosruiz@uern.br Prof.Dr.Edesio Miguel Barboza Junior edesiobarboza@uern.br Prof.Dr.F\u00e1bio Cabral Carvalho fabiocabral@uern.br Prof.Me.Francisco Jos\u00e9lio Rafael joseliorafael@uern.br Prof.Ma. Ione Almeida Silva ionealmeida@uern.br Prof.Dr. Jadson Tadeu Souza Dantas jadsontadeu@uern.br Prof.Dr.Jo\u00e3o Maria Soares joaosoares@uern.br Prof.Dr.Jos\u00e9 Alzamir Pereira da Costa alzamircosta@uern.br Prof.Dr.Jos\u00e9 Ronaldo Pereira da [&hellip;]<\/p>\n","protected":false},"author":2,"featured_media":0,"parent":0,"menu_order":0,"comment_status":"closed","ping_status":"closed","template":"","meta":{"footnotes":""},"class_list":["post-650","page","type-page","status-publish","hentry"],"_links":{"self":[{"href":"https:\/\/portal.uern.br\/fanat\/fisica\/wp-json\/wp\/v2\/pages\/650","targetHints":{"allow":["GET"]}}],"collection":[{"href":"https:\/\/portal.uern.br\/fanat\/fisica\/wp-json\/wp\/v2\/pages"}],"about":[{"href":"https:\/\/portal.uern.br\/fanat\/fisica\/wp-json\/wp\/v2\/types\/page"}],"author":[{"embeddable":true,"href":"https:\/\/portal.uern.br\/fanat\/fisica\/wp-json\/wp\/v2\/users\/2"}],"replies":[{"embeddable":true,"href":"https:\/\/portal.uern.br\/fanat\/fisica\/wp-json\/wp\/v2\/comments?post=650"}],"version-history":[{"count":7,"href":"https:\/\/portal.uern.br\/fanat\/fisica\/wp-json\/wp\/v2\/pages\/650\/revisions"}],"predecessor-version":[{"id":785,"href":"https:\/\/portal.uern.br\/fanat\/fisica\/wp-json\/wp\/v2\/pages\/650\/revisions\/785"}],"wp:attachment":[{"href":"https:\/\/portal.uern.br\/fanat\/fisica\/wp-json\/wp\/v2\/media?parent=650"}],"curies":[{"name":"wp","href":"https:\/\/api.w.org\/{rel}","templated":true}]}}