{"id":5,"date":"2022-09-22T13:51:23","date_gmt":"2022-09-22T16:51:23","guid":{"rendered":"https:\/\/paisdemossoro.com.br\/wordpress\/fanat\/fisica\/?page_id=5"},"modified":"2026-02-12T07:01:34","modified_gmt":"2026-02-12T10:01:34","slug":"apresentacao","status":"publish","type":"page","link":"https:\/\/portal.uern.br\/fanat\/fisica\/","title":{"rendered":"Apresenta\u00e7\u00e3o"},"content":{"rendered":"<p><strong>NOME DO CURSO:<\/strong> LICENCIATURA EM F\u00cdSICA<\/p>\n<p><strong>UNIDADE:<\/strong> FACULDADE DE CI\u00caNCIAS EXATAS E NATURAIS (FANAT)<\/p>\n<p><strong>C\u00d3DIGO DO E-MEC:<\/strong> 3572<\/p>\n<p><strong>GRAU ACAD\u00caMICO:<\/strong> LICENCIATURA<\/p>\n<p><strong>MODALIDADE:<\/strong> PRESENCIAL<\/p>\n<p><strong>CARGA HOR\u00c1RIA TOTAL DO CURSO:<\/strong> 3575 h<\/p>\n<p><strong>TURNO:<\/strong> INTEGRAL<\/p>\n<p><strong>TEMPO M\u00c9DIO DE INTEGRALIZA\u00c7\u00c3O:<\/strong> 4 ANOS<\/p>\n<p><strong>TEMPO M\u00c1XIMO DE INTEGRALIZA\u00c7\u00c3O:<\/strong> 6 ANOS<\/p>\n<p><strong>DATA DE CRIA\u00c7\u00c3O: <\/strong>22 DE JULHO DE 1993 <a href=\"https:\/\/portal.uern.br\/fanat\/fisica\/wp-content\/uploads\/sites\/5\/2023\/10\/Criacao-do-Curso.pdf\">(Portaria de Cria\u00e7\u00e3o)<\/a><\/p>\n<p><strong>RECONHECIMENTO\/ RENOVA\u00c7\u00c3O DE RECONHECIMENTO:<\/strong> <a href=\"https:\/\/portal.uern.br\/fanat\/fisica\/wp-content\/uploads\/sites\/5\/2026\/02\/DECRETO_N__33.939__DE_09_DE_SETEMBRO_DE_2024___doe_10.09.2024.pdf\">RENOVA\u00c7\u00c3O DE RECONHECIMENTO 2024<\/a><\/p>\n<p><strong>E-MAIL:<\/strong> dfis@uern.br<\/p>\n<p><strong>CHEFE DO DEPARTAMENTO:<\/strong> F\u00c1BIO CABRAL CARVALHO<\/p>\n<p><strong>SUBCHEFE DO DEPARTAMENTO DE F\u00cdSICA: <\/strong>MARIA DAS GRA\u00c7AS DIAS DA SILVA<\/p>\n<p><strong>OBJETIVOS:\u00a0<\/strong><\/p>\n<p align=\"justify\">O CURSO TEM COMO OBJETIVO GERAL FORMAR PROFISSIONAIS COM COMPET\u00caNCIAS PARA ATUAREM NO ENSINO DA F\u00cdSICA NOS ENSINOS FUNDAMENTAL E M\u00c9DIO, BEM COMO PARA SE INSERIREM EM PROJETOS DE FOMENTA\u00c7\u00c3O E DIVULGA\u00c7\u00c3O DOS SABERES F\u00cdSICOS NO \u00c2MBITO DA EDUCA\u00c7\u00c3O INFORMAL, NUMA PERSPECTIVA QUE BUSQUE EXPLORAR A RELA\u00c7\u00c3O ENTRE F\u00cdSICA, CULTURA, DESENVOLVIMENTO SOCIAL E QUALIDADE DE VIDA.<\/p>\n<p><strong>MATRIZ CURRICULAR ATUAL: <\/strong><a href=\"https:\/\/sigaa.uern.br\/sigaa\/public\/curso\/curriculo.jsf?lc=pt_BR&amp;id=175445\">2022.1 (V\u00e1lida para ingressantes a partir de\u00a02022.1)<\/a><\/p>\n<p>&nbsp;<\/p>\n","protected":false},"excerpt":{"rendered":"<p>NOME DO CURSO: LICENCIATURA EM F\u00cdSICA UNIDADE: FACULDADE DE CI\u00caNCIAS EXATAS E NATURAIS (FANAT) C\u00d3DIGO DO E-MEC: 3572 GRAU ACAD\u00caMICO: LICENCIATURA MODALIDADE: PRESENCIAL CARGA HOR\u00c1RIA TOTAL DO CURSO: 3575 h TURNO: INTEGRAL TEMPO M\u00c9DIO DE INTEGRALIZA\u00c7\u00c3O: 4 ANOS TEMPO M\u00c1XIMO DE INTEGRALIZA\u00c7\u00c3O: 6 ANOS DATA DE CRIA\u00c7\u00c3O: 22 DE JULHO DE 1993 (Portaria de Cria\u00e7\u00e3o) [&hellip;]<\/p>\n","protected":false},"author":1,"featured_media":0,"parent":0,"menu_order":0,"comment_status":"closed","ping_status":"closed","template":"","meta":{"footnotes":""},"class_list":["post-5","page","type-page","status-publish","hentry"],"_links":{"self":[{"href":"https:\/\/portal.uern.br\/fanat\/fisica\/wp-json\/wp\/v2\/pages\/5","targetHints":{"allow":["GET"]}}],"collection":[{"href":"https:\/\/portal.uern.br\/fanat\/fisica\/wp-json\/wp\/v2\/pages"}],"about":[{"href":"https:\/\/portal.uern.br\/fanat\/fisica\/wp-json\/wp\/v2\/types\/page"}],"author":[{"embeddable":true,"href":"https:\/\/portal.uern.br\/fanat\/fisica\/wp-json\/wp\/v2\/users\/1"}],"replies":[{"embeddable":true,"href":"https:\/\/portal.uern.br\/fanat\/fisica\/wp-json\/wp\/v2\/comments?post=5"}],"version-history":[{"count":25,"href":"https:\/\/portal.uern.br\/fanat\/fisica\/wp-json\/wp\/v2\/pages\/5\/revisions"}],"predecessor-version":[{"id":1085,"href":"https:\/\/portal.uern.br\/fanat\/fisica\/wp-json\/wp\/v2\/pages\/5\/revisions\/1085"}],"wp:attachment":[{"href":"https:\/\/portal.uern.br\/fanat\/fisica\/wp-json\/wp\/v2\/media?parent=5"}],"curies":[{"name":"wp","href":"https:\/\/api.w.org\/{rel}","templated":true}]}}