{"id":846,"date":"2025-07-22T10:50:16","date_gmt":"2025-07-22T13:50:16","guid":{"rendered":"https:\/\/portal.uern.br\/fanat\/dq\/?page_id=846"},"modified":"2025-07-22T11:13:54","modified_gmt":"2025-07-22T14:13:54","slug":"laboratorios-de-ensino-de-pesquisa-e-de-extensao","status":"publish","type":"page","link":"https:\/\/portal.uern.br\/fanat\/dq\/laboratorios-de-ensino-de-pesquisa-e-de-extensao\/","title":{"rendered":"Laborat\u00f3rios"},"content":{"rendered":"<p style=\"text-align: center\"><strong>Laborat\u00f3rios de Ensino, Pesquisa e Extens\u00e3o<\/strong><\/p>\n<p><strong><img fetchpriority=\"high\" decoding=\"async\" class=\"alignnone wp-image-797 size-medium\" style=\"font-weight: 400\" src=\"https:\/\/portal.uern.br\/fanat\/dq\/wp-content\/uploads\/sites\/12\/2025\/05\/WhatsApp-Image-2025-05-09-at-14.22.20-3-300x225.jpeg\" alt=\"\" width=\"300\" height=\"225\" srcset=\"https:\/\/portal.uern.br\/fanat\/dq\/wp-content\/uploads\/sites\/12\/2025\/05\/WhatsApp-Image-2025-05-09-at-14.22.20-3-300x225.jpeg 300w, https:\/\/portal.uern.br\/fanat\/dq\/wp-content\/uploads\/sites\/12\/2025\/05\/WhatsApp-Image-2025-05-09-at-14.22.20-3-1024x768.jpeg 1024w, https:\/\/portal.uern.br\/fanat\/dq\/wp-content\/uploads\/sites\/12\/2025\/05\/WhatsApp-Image-2025-05-09-at-14.22.20-3-768x576.jpeg 768w, https:\/\/portal.uern.br\/fanat\/dq\/wp-content\/uploads\/sites\/12\/2025\/05\/WhatsApp-Image-2025-05-09-at-14.22.20-3.jpeg 1280w\" sizes=\"(max-width: 300px) 100vw, 300px\" \/><\/strong><img decoding=\"async\" class=\"alignnone wp-image-796 size-medium\" src=\"https:\/\/portal.uern.br\/fanat\/dq\/wp-content\/uploads\/sites\/12\/2025\/05\/WhatsApp-Image-2025-05-09-at-14.22.20-4-300x225.jpeg\" alt=\"\" width=\"300\" height=\"225\" srcset=\"https:\/\/portal.uern.br\/fanat\/dq\/wp-content\/uploads\/sites\/12\/2025\/05\/WhatsApp-Image-2025-05-09-at-14.22.20-4-300x225.jpeg 300w, https:\/\/portal.uern.br\/fanat\/dq\/wp-content\/uploads\/sites\/12\/2025\/05\/WhatsApp-Image-2025-05-09-at-14.22.20-4-1024x768.jpeg 1024w, https:\/\/portal.uern.br\/fanat\/dq\/wp-content\/uploads\/sites\/12\/2025\/05\/WhatsApp-Image-2025-05-09-at-14.22.20-4-768x576.jpeg 768w, https:\/\/portal.uern.br\/fanat\/dq\/wp-content\/uploads\/sites\/12\/2025\/05\/WhatsApp-Image-2025-05-09-at-14.22.20-4.jpeg 1280w\" sizes=\"(max-width: 300px) 100vw, 300px\" \/><\/p>\n<p>Os laborat\u00f3rios de Qu\u00edmica est\u00e3o instalados no Campus Central de Universidade do Estado do Rio Grande do Norte, e atendem as demandas de estudantes, docentes e t\u00e9cnicas(os) da Institui\u00e7\u00e3o e da sociedade, conforme demanda.<\/p>\n<ul>\n<li><strong>LABPop &#8211; O Laborat\u00f3rio de Divu<\/strong><strong>lga\u00e7\u00e3o e Populariza\u00e7\u00e3o da Ci\u00eancia <\/strong>est\u00e1 estruturado para atender projetos de pesquisas sobre processos de ensino\u00a0e de aprendizagem, metodologias inovadoras, CTS (Ci\u00eancia, Tecnologia e Sociedade), EPT(Educa\u00e7\u00e3o Profissional e Tecnol\u00f3gica), Divulga\u00e7\u00e3o e populariza\u00e7\u00e3o da Ci\u00eancia, Novas Tecnologias Aplicadas a Educa\u00e7\u00e3o e desenvolvimento de estudos interdisciplinares nas \u00e1reas de educa\u00e7\u00e3o, ci\u00eancias e tecnologia (<strong>Atualmente com projetos financiados pelo CNPq<\/strong>).<\/li>\n<li data-start=\"1169\" data-end=\"1272\">\n<p data-start=\"1171\" data-end=\"1272\"><a href=\"https:\/\/www.instagram.com\/lacam.uern\/\"><strong>LACAM<\/strong> <strong>&#8211; O Laborat\u00f3rio de Cat\u00e1lise, Ambiente e Materiais<\/strong><\/a> \u00e9 especializado na s\u00edntese de biocombust\u00edveis, termoconvers\u00e3o de poliolefinas, determina<\/p>\n<\/li>\n<li data-start=\"1169\" data-end=\"1272\">\n<p data-start=\"1171\" data-end=\"1272\">\u00e7\u00e3o de propriedades f\u00edsico-qu\u00edmicas de \u00e1gua e efluentes, no desenvolvimento de materiais s\u00f3lidos nanoestruturados (s\u00edntese e caracteriza\u00e7\u00e3o de adsorventes e catalisadores) e na determina\u00e7\u00e3o de propriedades (resist\u00eancia t\u00e9rmica, estrutural, composi\u00e7\u00e3o qu\u00edmica e textural) de materiais cer\u00e2micos, pol\u00edmeros, comp\u00f3sitos, catalisadores, adsorventes e argilas.<\/p>\n<\/li>\n<li data-start=\"1273\" data-end=\"1366\"><strong><a href=\"https:\/\/www.instagram.com\/leqa.uern\/\">LEQA &#8211; Laborat\u00f3rio de Eletroqu\u00edmica e Qu\u00edmica Anal\u00edtica<\/a> &#8211; <\/strong>\u00e9 especializado em Tecnologia Ambiental e de Diagn\u00f3stico e Conserva\u00e7\u00e3o Ambiental. Desenvolve pesquisas nas \u00e1reas de degrada\u00e7\u00e3o de poluentes de relev\u00e2ncia ambiental, para fins de tratamento de \u00e1gua, efluentes e solo; e de eletroanal\u00edtica, para fins de desenvolvimento de metodologias de an\u00e1lise de compostos de import\u00e2ncia biol\u00f3gica, ambiental e para a sa\u00fade do homem usando eletrodos modificados com materiais org\u00e2nicos e inorg\u00e2nicos. Tamb\u00e9m desenvolve pesquisas na \u00e1rea de diagn\u00f3stico ambiental com \u00eanfase em an\u00e1lises f\u00edsico-qu\u00edmicas de amostras de diferentes matrizes ambientais, como \u00e1gua, solo, sedimento, efluentes e outros.<\/li>\n<li data-start=\"1273\" data-end=\"1366\"><strong>LC &#8211; Laborat\u00f3rio de Cromatografia &#8211; <\/strong>Se desenvolvem trabalhos de pesquisa, com o envolvimento de professores, t\u00e9cnicas e alunos(as) de inicia\u00e7\u00e3o cient\u00edfica e de p\u00f3s-gradua\u00e7\u00e3o. Os trabalhos de pesquisa envolvem a linha de Tecnologia Ambiental e Produtos Naturais.<\/li>\n<\/ul>\n<h3 data-start=\"1590\" data-end=\"1634\"><\/h3>\n","protected":false},"excerpt":{"rendered":"<p>Laborat\u00f3rios de Ensino, Pesquisa e Extens\u00e3o Os laborat\u00f3rios de Qu\u00edmica est\u00e3o instalados no Campus Central de Universidade do Estado do Rio Grande do Norte, e atendem as demandas de estudantes, docentes e t\u00e9cnicas(os) da Institui\u00e7\u00e3o e da sociedade, conforme demanda. LABPop &#8211; O Laborat\u00f3rio de Divulga\u00e7\u00e3o e Populariza\u00e7\u00e3o da Ci\u00eancia est\u00e1 estruturado para atender projetos [&hellip;]<\/p>\n","protected":false},"author":9,"featured_media":0,"parent":0,"menu_order":0,"comment_status":"closed","ping_status":"closed","template":"","meta":{"footnotes":""},"class_list":["post-846","page","type-page","status-publish","hentry"],"_links":{"self":[{"href":"https:\/\/portal.uern.br\/fanat\/dq\/wp-json\/wp\/v2\/pages\/846","targetHints":{"allow":["GET"]}}],"collection":[{"href":"https:\/\/portal.uern.br\/fanat\/dq\/wp-json\/wp\/v2\/pages"}],"about":[{"href":"https:\/\/portal.uern.br\/fanat\/dq\/wp-json\/wp\/v2\/types\/page"}],"author":[{"embeddable":true,"href":"https:\/\/portal.uern.br\/fanat\/dq\/wp-json\/wp\/v2\/users\/9"}],"replies":[{"embeddable":true,"href":"https:\/\/portal.uern.br\/fanat\/dq\/wp-json\/wp\/v2\/comments?post=846"}],"version-history":[{"count":4,"href":"https:\/\/portal.uern.br\/fanat\/dq\/wp-json\/wp\/v2\/pages\/846\/revisions"}],"predecessor-version":[{"id":854,"href":"https:\/\/portal.uern.br\/fanat\/dq\/wp-json\/wp\/v2\/pages\/846\/revisions\/854"}],"wp:attachment":[{"href":"https:\/\/portal.uern.br\/fanat\/dq\/wp-json\/wp\/v2\/media?parent=846"}],"curies":[{"name":"wp","href":"https:\/\/api.w.org\/{rel}","templated":true}]}}