{"id":827,"date":"2025-06-12T13:52:12","date_gmt":"2025-06-12T16:52:12","guid":{"rendered":"https:\/\/portal.uern.br\/fanat\/dq\/?page_id=827"},"modified":"2025-06-12T13:52:12","modified_gmt":"2025-06-12T16:52:12","slug":"historico-do-curso","status":"publish","type":"page","link":"https:\/\/portal.uern.br\/fanat\/dq\/historico-do-curso\/","title":{"rendered":"Historico do curso"},"content":{"rendered":"<p style=\"text-align: left\"><span style=\"font-size: 14pt\"><strong>Breve hist\u00f3rico com Curso!<\/strong><\/span><\/p>\n<p><span class=\"fontstyle0\">O Curso de Qu\u00edmica confere o Grau Acad\u00eamico de Licenciado(a) e foi criado pele mesmo ato normativo que fundou tamb\u00e9m os cursos de Licenciatura em F\u00edsica, Ci\u00eancias Biol\u00f3gicas e Matem\u00e1tica no ano de 1993 (<a href=\"https:\/\/drive.google.com\/file\/d\/1cBvcoOBPoXp3X1ZYnvb000yf-EwpDcsJ\/view?usp=sharing\">Resolu\u00e7\u00e3o n\u00ba 07\/93-CONSUNI<\/a>).<\/span><\/p>\n<p><span class=\"fontstyle0\">A sua cria\u00e7\u00e3o foi o resultado do desmembramento do Curso de Licenciatura Plena em Ci\u00eancias com habilita\u00e7\u00f5es em Qu\u00edmica, F\u00edsica, Biologia e Matem\u00e1tica. Este fato foi favorecido pela estrutura b\u00e1sica e t\u00e9cnica operacional existente na Faculdade de Ci\u00eancias Exatas e Naturais \u2013 FANAT, proveniente da transforma\u00e7\u00e3o do Instituto de Ci\u00eancias Exatas e Naturais \u2013 ICEN em decorr\u00eancia do processo de reconhecimento da Institui\u00e7\u00e3o, que passou a ser designada Universidade Estadual do Rio Grande do Norte, posteriormente alterado pelo Governo do Estado, em 15 de dezembro de 1999, para <strong>Universidade do Estado do Rio Grande do Norte &#8211; UERN<\/strong>. A implanta\u00e7\u00e3o do <strong>Curso de Qu\u00edmica<\/strong> se deu sob a coordena\u00e7\u00e3o dos Professores Doutores Francisco Arnaldo Viana e Isauro Beltran Nunez, ainda no ano de 1993, conforme <a href=\"https:\/\/drive.google.com\/file\/d\/1U9moiOMuKhAomNUjojlesb19EELDOvMb\/view?usp=sharing\">Resolu\u00e7\u00e3o n.\u00ba 14\/93 \u2013 CONSEPE de 22 de julho de 1993<\/a>, sendo reconhecido pelo MEC no ano de 1996, conforme Portaria 1.211\/96 \u2013 MEC publicada em 05\/12\/96. Com a implanta\u00e7\u00e3o dos cursos de licenciatura foi criado o Departamento de Ci\u00eancias Naturais &#8211; DCN, ao qual p<\/span><span class=\"fontstyle0\">ertenciam os referidos cursos. Em virtude da complexidade de administrar tr\u00eas cursos, foram criados em 09\/12\/1997 (Resolu\u00e7\u00e3o do CONSUNI n\u00ba 08\/1997), os departamentos de Ci\u00eancias Biol\u00f3gicas (DECB), de F\u00edsica (DF) e de Qu\u00edmica (DQ), mas somente em 03\/01\/2000, foram implantados.<\/span><\/p>\n<p>&nbsp;<\/p>\n<p><span class=\"fontstyle0\">Por ocasi\u00e3o da implanta\u00e7\u00e3o do curso de Qu\u00edmica foi elaborada a primeira matriz curricular que vigorou de 1993 a 1999, tendo sido o primeiro Projeto Pedag\u00f3gico do Curso elaborado e aprovado junto ao CONSEPE em 1999. Este primeiro documento passou por reformula\u00e7\u00f5es e teve a sua segunda vers\u00e3o aprovada em 2002. A terceira vers\u00e3o do projeto nasceu em conson\u00e2ncia com as novas diretrizes curriculares nacionais, apresentando como principal inova\u00e7\u00e3o a cria\u00e7\u00e3o das Pr\u00e1ticas Pedag\u00f3gicas com carga hor\u00e1ria obrigat\u00f3ria vinculada a todas as disciplinas ofertadas pelo Departamento de Qu\u00edmica para o Curso, tendo sido aprovada pelo Conselho em 2008. A terceira vers\u00e3o nasce em 2020 com a implementa\u00e7\u00e3o de novos componentes como as Unidades Curriculares de Extens\u00e3o, projeto este que passa pela atualiza\u00e7\u00e3o hora apresentada. Ao longo dos \u00faltimos 31 anos, o Curso de Qu\u00edmica da Universidade do Estado do Rio Grande do Norte tem formado professores para atua\u00e7\u00e3o em seu \u00e2mbito profissional, de acordo com a legisla\u00e7\u00e3o vigente, atendendo as Diretrizes Curriculares Nacionais, as leis estaduais e as leis federais pertinentes.<\/span><\/p>\n<p>&nbsp;<\/p>\n<p><span class=\"fontstyle0\">O Curso passou pelo processo de renova\u00e7\u00e3o de reconhecimento em 2014 obtendo-o com validade de 5 anos com nota 4 atribu\u00edda por Comiss\u00e3o especial do Conselho Estadual de Educa\u00e7\u00e3o, designada para esse fim (Decreto Estadual n\u00ba 24.802, de 11\/11\/2014). Com previs\u00e3o de novo processo de renova\u00e7\u00e3o de reconhecimento para o ano de 2020, em fun\u00e7\u00e3o da pandemia desencadeada no in\u00edcio desse mesmo ano, teve o reconhecimento renovado em car\u00e1ter excepcional (Decreto Estadual n\u00ba 29.764 de 17\/06\/2020).<\/span><\/p>\n","protected":false},"excerpt":{"rendered":"<p>Breve hist\u00f3rico com Curso! O Curso de Qu\u00edmica confere o Grau Acad\u00eamico de Licenciado(a) e foi criado pele mesmo ato normativo que fundou tamb\u00e9m os cursos de Licenciatura em F\u00edsica, Ci\u00eancias Biol\u00f3gicas e Matem\u00e1tica no ano de 1993 (Resolu\u00e7\u00e3o n\u00ba 07\/93-CONSUNI). A sua cria\u00e7\u00e3o foi o resultado do desmembramento do Curso de Licenciatura Plena em [&hellip;]<\/p>\n","protected":false},"author":9,"featured_media":0,"parent":0,"menu_order":0,"comment_status":"closed","ping_status":"closed","template":"","meta":{"footnotes":""},"class_list":["post-827","page","type-page","status-publish","hentry"],"_links":{"self":[{"href":"https:\/\/portal.uern.br\/fanat\/dq\/wp-json\/wp\/v2\/pages\/827","targetHints":{"allow":["GET"]}}],"collection":[{"href":"https:\/\/portal.uern.br\/fanat\/dq\/wp-json\/wp\/v2\/pages"}],"about":[{"href":"https:\/\/portal.uern.br\/fanat\/dq\/wp-json\/wp\/v2\/types\/page"}],"author":[{"embeddable":true,"href":"https:\/\/portal.uern.br\/fanat\/dq\/wp-json\/wp\/v2\/users\/9"}],"replies":[{"embeddable":true,"href":"https:\/\/portal.uern.br\/fanat\/dq\/wp-json\/wp\/v2\/comments?post=827"}],"version-history":[{"count":2,"href":"https:\/\/portal.uern.br\/fanat\/dq\/wp-json\/wp\/v2\/pages\/827\/revisions"}],"predecessor-version":[{"id":829,"href":"https:\/\/portal.uern.br\/fanat\/dq\/wp-json\/wp\/v2\/pages\/827\/revisions\/829"}],"wp:attachment":[{"href":"https:\/\/portal.uern.br\/fanat\/dq\/wp-json\/wp\/v2\/media?parent=827"}],"curies":[{"name":"wp","href":"https:\/\/api.w.org\/{rel}","templated":true}]}}