{"id":824,"date":"2025-06-12T09:13:52","date_gmt":"2025-06-12T12:13:52","guid":{"rendered":"https:\/\/portal.uern.br\/fanat\/dq\/?page_id=824"},"modified":"2025-06-12T09:13:52","modified_gmt":"2025-06-12T12:13:52","slug":"organizacao-didatico-pedagogica","status":"publish","type":"page","link":"https:\/\/portal.uern.br\/fanat\/dq\/organizacao-didatico-pedagogica\/","title":{"rendered":"Organiza\u00e7\u00e3o Did\u00e1tico-Pedag\u00f3gica"},"content":{"rendered":"<p style=\"text-align: center\"><span style=\"font-size: 14pt\"><strong>Pol\u00edticas institucionais no \u00e2mbito do Curso de Qu\u00edmica<\/strong><\/span><\/p>\n<p>&nbsp;<\/p>\n<p>O Curso de Qu\u00edmica<\/p>\n<p>&nbsp;<\/p>\n","protected":false},"excerpt":{"rendered":"<p>Pol\u00edticas institucionais no \u00e2mbito do Curso de Qu\u00edmica &nbsp; O Curso de Qu\u00edmica &nbsp;<\/p>\n","protected":false},"author":9,"featured_media":0,"parent":0,"menu_order":0,"comment_status":"closed","ping_status":"closed","template":"","meta":{"footnotes":""},"class_list":["post-824","page","type-page","status-publish","hentry"],"_links":{"self":[{"href":"https:\/\/portal.uern.br\/fanat\/dq\/wp-json\/wp\/v2\/pages\/824","targetHints":{"allow":["GET"]}}],"collection":[{"href":"https:\/\/portal.uern.br\/fanat\/dq\/wp-json\/wp\/v2\/pages"}],"about":[{"href":"https:\/\/portal.uern.br\/fanat\/dq\/wp-json\/wp\/v2\/types\/page"}],"author":[{"embeddable":true,"href":"https:\/\/portal.uern.br\/fanat\/dq\/wp-json\/wp\/v2\/users\/9"}],"replies":[{"embeddable":true,"href":"https:\/\/portal.uern.br\/fanat\/dq\/wp-json\/wp\/v2\/comments?post=824"}],"version-history":[{"count":1,"href":"https:\/\/portal.uern.br\/fanat\/dq\/wp-json\/wp\/v2\/pages\/824\/revisions"}],"predecessor-version":[{"id":825,"href":"https:\/\/portal.uern.br\/fanat\/dq\/wp-json\/wp\/v2\/pages\/824\/revisions\/825"}],"wp:attachment":[{"href":"https:\/\/portal.uern.br\/fanat\/dq\/wp-json\/wp\/v2\/media?parent=824"}],"curies":[{"name":"wp","href":"https:\/\/api.w.org\/{rel}","templated":true}]}}