{"id":5,"date":"2022-09-22T11:16:04","date_gmt":"2022-09-22T14:16:04","guid":{"rendered":"https:\/\/paisdemossoro.com.br\/wordpress\/fanat\/ciencias-biologicas-bacharelado\/?page_id=5"},"modified":"2025-07-22T10:39:56","modified_gmt":"2025-07-22T13:39:56","slug":"apresentacao","status":"publish","type":"page","link":"https:\/\/portal.uern.br\/fanat\/dq\/","title":{"rendered":"Apresenta\u00e7\u00e3o"},"content":{"rendered":"<p data-pm-slice=\"1 1 []\">O <span style=\"color: #800080\"><strong>Departamento de Qu\u00edmica (DQ)<\/strong><\/span> da Universidade do Estado do Rio Grande do Norte (UERN), vinculado \u00e0 <a href=\"https:\/\/portal.uern.br\/fanat\/\">Faculdade de Ci\u00eancias Exatas e Naturais (FANAT)<\/a>, tem como <strong>miss\u00e3o<\/strong> a forma\u00e7\u00e3o de <strong>profissionais da<\/strong><strong>\u00a0educa\u00e7\u00e3o em Qu\u00edmica<\/strong>, comprometidos com a ci\u00eancia, a cidadania e a transforma\u00e7\u00e3o social.<\/p>\n<p data-pm-slice=\"1 1 []\">Atrav\u00e9s do ensino, da pesquisa e da extens\u00e3o, o departamento busca promover uma forma\u00e7\u00e3o de qualidade, socialmente referenciada e voltada para os desafios contempor\u00e2neos.<\/p>\n<div>\n<hr \/>\n<\/div>\n<p data-pm-slice=\"1 1 []\"><img fetchpriority=\"high\" decoding=\"async\" class=\" wp-image-791 alignleft\" src=\"https:\/\/portal.uern.br\/fanat\/dq\/wp-content\/uploads\/sites\/12\/2025\/05\/WhatsApp-Image-2025-05-09-at-14.22.20-9-300x169.jpeg\" alt=\"\" width=\"339\" height=\"191\" srcset=\"https:\/\/portal.uern.br\/fanat\/dq\/wp-content\/uploads\/sites\/12\/2025\/05\/WhatsApp-Image-2025-05-09-at-14.22.20-9-300x169.jpeg 300w, https:\/\/portal.uern.br\/fanat\/dq\/wp-content\/uploads\/sites\/12\/2025\/05\/WhatsApp-Image-2025-05-09-at-14.22.20-9-1024x576.jpeg 1024w, https:\/\/portal.uern.br\/fanat\/dq\/wp-content\/uploads\/sites\/12\/2025\/05\/WhatsApp-Image-2025-05-09-at-14.22.20-9-768x432.jpeg 768w, https:\/\/portal.uern.br\/fanat\/dq\/wp-content\/uploads\/sites\/12\/2025\/05\/WhatsApp-Image-2025-05-09-at-14.22.20-9.jpeg 1280w\" sizes=\"(max-width: 339px) 100vw, 339px\" \/>O curso de Qu\u00edmica, que confere o <strong>Grau Acad\u00eamico de Licenciado em Qu\u00edmica<\/strong>, oferece uma forma\u00e7\u00e3o s\u00f3lida, articulando saberes cient\u00edficos, pedag\u00f3gicos e \u00e9ticos.<\/p>\n<p data-pm-slice=\"1 1 []\"><strong>Dura\u00e7\u00e3o m\u00ednima:<\/strong> 4 anos<\/p>\n<p data-pm-slice=\"1 1 []\"><strong>Modalidade:<\/strong> Presencial<\/p>\n<p data-pm-slice=\"1 1 []\"><strong>Total de horas:<\/strong> 4.235h<\/p>\n<p>&nbsp;<\/p>\n<p><strong>Resultados obtidos pelo Curso no \u00faltimo ENADE<\/strong> (Exame Nacional de Desempenho dos Estudantes &#8211; INEP\/MEC)<\/p>\n<p><img decoding=\"async\" class=\"aligncenter wp-image-844 size-full\" src=\"https:\/\/portal.uern.br\/fanat\/dq\/wp-content\/uploads\/sites\/12\/2025\/07\/Avaliacao-ENADE-do-Curso.png\" alt=\"\" width=\"763\" height=\"403\" srcset=\"https:\/\/portal.uern.br\/fanat\/dq\/wp-content\/uploads\/sites\/12\/2025\/07\/Avaliacao-ENADE-do-Curso.png 763w, https:\/\/portal.uern.br\/fanat\/dq\/wp-content\/uploads\/sites\/12\/2025\/07\/Avaliacao-ENADE-do-Curso-300x158.png 300w\" sizes=\"(max-width: 763px) 100vw, 763px\" \/><\/p>\n<p><strong>Matriz Curricular:<\/strong><br \/>\nA <a href=\"https:\/\/portal.uern.br\/fanat\/dq\/matriz-curricular-do-curso\/\">matriz curricular do curso<\/a> \u00e9 composta por disciplinas te\u00f3ricas e pr\u00e1ticas que abrangem os campos da Qu\u00edmica Geral, Inorg\u00e2nica, Org\u00e2nica, Anal\u00edtica, F\u00edsico-Qu\u00edmica e Ensino de Qu\u00edmica. A forma\u00e7\u00e3o contempla ainda est\u00e1gios supervisionados e pr\u00e1ticas em laborat\u00f3rios desde os primeiros semestres, favorecendo a articula\u00e7\u00e3o entre teoria e pr\u00e1tica docente.<\/p>\n<p><strong>Perfil do Licenciado:<\/strong><br \/>\nO egresso do curso \u00e9 preparado para atuar na Educa\u00e7\u00e3o B\u00e1sica, com compet\u00eancias para desenvolver pr\u00e1ticas pedag\u00f3gicas inovadoras, promover o pensamento cient\u00edfico e dialogar com a diversidade sociocultural das escolas brasileiras.<\/p>\n","protected":false},"excerpt":{"rendered":"<p>O Departamento de Qu\u00edmica (DQ) da Universidade do Estado do Rio Grande do Norte (UERN), vinculado \u00e0 Faculdade de Ci\u00eancias Exatas e Naturais (FANAT), tem como miss\u00e3o a forma\u00e7\u00e3o de profissionais da\u00a0educa\u00e7\u00e3o em Qu\u00edmica, comprometidos com a ci\u00eancia, a cidadania e a transforma\u00e7\u00e3o social. Atrav\u00e9s do ensino, da pesquisa e da extens\u00e3o, o departamento busca [&hellip;]<\/p>\n","protected":false},"author":1,"featured_media":0,"parent":0,"menu_order":0,"comment_status":"closed","ping_status":"closed","template":"","meta":{"footnotes":""},"class_list":["post-5","page","type-page","status-publish","hentry"],"_links":{"self":[{"href":"https:\/\/portal.uern.br\/fanat\/dq\/wp-json\/wp\/v2\/pages\/5","targetHints":{"allow":["GET"]}}],"collection":[{"href":"https:\/\/portal.uern.br\/fanat\/dq\/wp-json\/wp\/v2\/pages"}],"about":[{"href":"https:\/\/portal.uern.br\/fanat\/dq\/wp-json\/wp\/v2\/types\/page"}],"author":[{"embeddable":true,"href":"https:\/\/portal.uern.br\/fanat\/dq\/wp-json\/wp\/v2\/users\/1"}],"replies":[{"embeddable":true,"href":"https:\/\/portal.uern.br\/fanat\/dq\/wp-json\/wp\/v2\/comments?post=5"}],"version-history":[{"count":12,"href":"https:\/\/portal.uern.br\/fanat\/dq\/wp-json\/wp\/v2\/pages\/5\/revisions"}],"predecessor-version":[{"id":845,"href":"https:\/\/portal.uern.br\/fanat\/dq\/wp-json\/wp\/v2\/pages\/5\/revisions\/845"}],"wp:attachment":[{"href":"https:\/\/portal.uern.br\/fanat\/dq\/wp-json\/wp\/v2\/media?parent=5"}],"curies":[{"name":"wp","href":"https:\/\/api.w.org\/{rel}","templated":true}]}}