{"id":13,"date":"2022-09-22T11:18:03","date_gmt":"2022-09-22T14:18:03","guid":{"rendered":"https:\/\/paisdemossoro.com.br\/wordpress\/fanat\/ciencias-biologicas-bacharelado\/?page_id=13"},"modified":"2025-07-22T10:41:43","modified_gmt":"2025-07-22T13:41:43","slug":"atribuicoes-do-profissional-formado","status":"publish","type":"page","link":"https:\/\/portal.uern.br\/fanat\/dq\/atribuicoes-do-profissional-formado\/","title":{"rendered":"Atribui\u00e7\u00f5es do profissional formado"},"content":{"rendered":"<p data-start=\"0\" data-end=\"357\">O perfil profissional de um(a) <strong>Licenciado(a) em Qu\u00edmica<\/strong> pela UERN \u00e9 definido por suas compet\u00eancias para atuar principalmente na <strong data-start=\"116\" data-end=\"135\">educa\u00e7\u00e3o b\u00e1sica<\/strong> (ensino fundamental e m\u00e9dio), bem como em outras \u00e1reas relacionadas \u00e0 divulga\u00e7\u00e3o cient\u00edfica, forma\u00e7\u00e3o continuada, e, em certos contextos, atividades t\u00e9cnico-cient\u00edficas, de acordo com a <a href=\"https:\/\/www.crqes.org.br\/atribuicoes-do-profissional-da-quimica\/\">legisla\u00e7\u00e3o vigente<\/a> definida pelo Conselho Regional de Qu\u00edmica (CRQ). A seguir est\u00e3o os principais aspectos desse perfil:<\/p>\n<hr data-start=\"359\" data-end=\"362\" \/>\n<h3 data-start=\"364\" data-end=\"405\"><strong data-start=\"368\" data-end=\"405\">1. Forma\u00e7\u00e3o Pedag\u00f3gica e Did\u00e1tica<\/strong><\/h3>\n<ul data-start=\"406\" data-end=\"716\">\n<li data-start=\"406\" data-end=\"504\">\n<p data-start=\"408\" data-end=\"504\">Capacidade de <strong data-start=\"422\" data-end=\"454\">planejar, executar e avaliar<\/strong> pr\u00e1ticas educativas de forma cr\u00edtica e reflexiva.<\/p>\n<\/li>\n<li data-start=\"505\" data-end=\"627\"><img fetchpriority=\"high\" decoding=\"async\" class=\"wp-image-788 alignright\" src=\"https:\/\/portal.uern.br\/fanat\/dq\/wp-content\/uploads\/sites\/12\/2025\/05\/WhatsApp-Image-2025-05-09-at-14.22.20-12-240x300.jpeg\" alt=\"\" width=\"253\" height=\"316\" srcset=\"https:\/\/portal.uern.br\/fanat\/dq\/wp-content\/uploads\/sites\/12\/2025\/05\/WhatsApp-Image-2025-05-09-at-14.22.20-12-240x300.jpeg 240w, https:\/\/portal.uern.br\/fanat\/dq\/wp-content\/uploads\/sites\/12\/2025\/05\/WhatsApp-Image-2025-05-09-at-14.22.20-12-819x1024.jpeg 819w, https:\/\/portal.uern.br\/fanat\/dq\/wp-content\/uploads\/sites\/12\/2025\/05\/WhatsApp-Image-2025-05-09-at-14.22.20-12-768x960.jpeg 768w, https:\/\/portal.uern.br\/fanat\/dq\/wp-content\/uploads\/sites\/12\/2025\/05\/WhatsApp-Image-2025-05-09-at-14.22.20-12.jpeg 1024w\" sizes=\"(max-width: 253px) 100vw, 253px\" \/>\n<p data-start=\"507\" data-end=\"627\">Dom\u00ednio de <strong data-start=\"518\" data-end=\"555\">metodologias de ensino de Qu\u00edmica<\/strong>, articulando conte\u00fados com as realidades socioculturais dos estudantes.<\/p>\n<\/li>\n<li data-start=\"628\" data-end=\"716\">\n<p data-start=\"630\" data-end=\"716\">Compreens\u00e3o do papel da educa\u00e7\u00e3o na forma\u00e7\u00e3o cidad\u00e3 e no desenvolvimento da sociedade.<\/p>\n<\/li>\n<\/ul>\n<h3 data-start=\"718\" data-end=\"763\"><strong data-start=\"722\" data-end=\"763\">2. Conhecimento Cient\u00edfico em Qu\u00edmica<\/strong><\/h3>\n<ul data-start=\"764\" data-end=\"1019\">\n<li data-start=\"764\" data-end=\"896\">\n<p data-start=\"766\" data-end=\"896\">S\u00f3lida forma\u00e7\u00e3o em conte\u00fados das principais \u00e1reas da Qu\u00edmica: <strong data-start=\"828\" data-end=\"895\">Qu\u00edmica Geral, Ensino de Qu\u00edmica, Qu\u00edmica Inorg\u00e2nica, Qu\u00edmica Org\u00e2<\/strong><strong data-start=\"828\" data-end=\"895\">nica, F\u00edsico-Qu\u00edmica e Qu\u00edmica Anal\u00edtica<\/strong>.<\/p>\n<\/li>\n<li data-start=\"897\" data-end=\"1019\">\n<p data-start=\"899\" data-end=\"1019\">Capacidade de compreender e explicar fen\u00f4menos naturais e transforma\u00e7\u00f5es da mat\u00e9ria com base nos conhecimentos qu\u00edmicos.<\/p>\n<\/li>\n<\/ul>\n<h3 data-start=\"1021\" data-end=\"1061\"><strong data-start=\"1025\" data-end=\"1061\">3. Pesquisa em qu\u00edmica <\/strong><strong data-start=\"1025\" data-end=\"1061\">e em Inova\u00e7\u00e3o no Ensino<\/strong><\/h3>\n<ul data-start=\"1062\" data-end=\"1301\">\n<li data-start=\"1062\" data-end=\"1196\">\n<p data-start=\"1064\" data-end=\"1196\">Aptid\u00e3o para realizar <strong data-start=\"1086\" data-end=\"1122\">pesquisa em Qu\u00edmica e em Ensino de Qu\u00edmica<\/strong>, em particular, com foco na melhoria da pr\u00e1tica docente, dos processos de aprendizagem e do desenvolvimento e aprimoramento de materiais did\u00e1ticos.<\/p>\n<\/li>\n<li data-start=\"1197\" data-end=\"1301\">\n<p data-start=\"1199\" data-end=\"1301\">Conhecimento de <strong data-start=\"1215\" data-end=\"1239\">teorias educacionais<\/strong>, uso de tecnologias digitais e recursos did\u00e1ticos inovadores.<\/p>\n<\/li>\n<\/ul>\n<p><img decoding=\"async\" class=\"size-medium wp-image-797 alignright\" src=\"https:\/\/portal.uern.br\/fanat\/dq\/wp-content\/uploads\/sites\/12\/2025\/05\/WhatsApp-Image-2025-05-09-at-14.22.20-3-300x225.jpeg\" alt=\"\" width=\"300\" height=\"225\" srcset=\"https:\/\/portal.uern.br\/fanat\/dq\/wp-content\/uploads\/sites\/12\/2025\/05\/WhatsApp-Image-2025-05-09-at-14.22.20-3-300x225.jpeg 300w, https:\/\/portal.uern.br\/fanat\/dq\/wp-content\/uploads\/sites\/12\/2025\/05\/WhatsApp-Image-2025-05-09-at-14.22.20-3-1024x768.jpeg 1024w, https:\/\/portal.uern.br\/fanat\/dq\/wp-content\/uploads\/sites\/12\/2025\/05\/WhatsApp-Image-2025-05-09-at-14.22.20-3-768x576.jpeg 768w, https:\/\/portal.uern.br\/fanat\/dq\/wp-content\/uploads\/sites\/12\/2025\/05\/WhatsApp-Image-2025-05-09-at-14.22.20-3.jpeg 1280w\" sizes=\"(max-width: 300px) 100vw, 300px\" \/><\/p>\n<h3 data-start=\"1303\" data-end=\"1341\"><strong data-start=\"1307\" data-end=\"1341\">4. Atua\u00e7\u00e3o \u00c9tica e Respons\u00e1vel<\/strong><\/h3>\n<ul data-start=\"1342\" data-end=\"1567\">\n<li data-start=\"1342\" data-end=\"1439\">\n<p data-start=\"1344\" data-end=\"1439\">Compromisso com a <strong data-start=\"1362\" data-end=\"1419\">\u00e9tica profissional, responsabilidade social, inclus\u00e3o<\/strong> e sustentabilidade.<\/p>\n<\/li>\n<li data-start=\"1440\" data-end=\"1567\">\n<p data-start=\"1442\" data-end=\"1567\">Habilidade para trabalhar em <strong data-start=\"1471\" data-end=\"1501\">equipes multidisciplinares<\/strong> e se comunicar com clareza em ambientes escolares e comunit\u00e1rios.<\/p>\n<\/li>\n<\/ul>\n<h3 data-start=\"1569\" data-end=\"1612\"><strong data-start=\"1573\" data-end=\"1612\">5. Extens\u00e3o e Divulga\u00e7\u00e3o Cient\u00edfica<\/strong><\/h3>\n<p><img decoding=\"async\" class=\"wp-image-790 alignleft\" src=\"https:\/\/portal.uern.br\/fanat\/dq\/wp-content\/uploads\/sites\/12\/2025\/05\/WhatsApp-Image-2025-05-09-at-14.22.20-10-240x300.jpeg\" alt=\"\" width=\"144\" height=\"180\" srcset=\"https:\/\/portal.uern.br\/fanat\/dq\/wp-content\/uploads\/sites\/12\/2025\/05\/WhatsApp-Image-2025-05-09-at-14.22.20-10-240x300.jpeg 240w, https:\/\/portal.uern.br\/fanat\/dq\/wp-content\/uploads\/sites\/12\/2025\/05\/WhatsApp-Image-2025-05-09-at-14.22.20-10-819x1024.jpeg 819w, https:\/\/portal.uern.br\/fanat\/dq\/wp-content\/uploads\/sites\/12\/2025\/05\/WhatsApp-Image-2025-05-09-at-14.22.20-10-768x960.jpeg 768w, https:\/\/portal.uern.br\/fanat\/dq\/wp-content\/uploads\/sites\/12\/2025\/05\/WhatsApp-Image-2025-05-09-at-14.22.20-10.jpeg 1024w\" sizes=\"(max-width: 144px) 100vw, 144px\" \/><\/p>\n<ul>\n<li data-start=\"1615\" data-end=\"1744\">Capacidade de atuar em <strong data-start=\"1638\" data-end=\"1662\">projetos de extens\u00e3o<\/strong>, atividades de <strong data-start=\"1678\" data-end=\"1706\">populariza\u00e7\u00e3o da ci\u00eancia<\/strong> e forma\u00e7\u00e3o continuada de professores.<\/li>\n<li data-start=\"1745\" data-end=\"1856\">\n<p data-start=\"1747\" data-end=\"1856\">Participa\u00e7\u00e3o em iniciativas como feiras de ci\u00eancias, teatro de tem\u00e1tica cient\u00edfica, oficinas experimentais, entre outras.<\/p>\n<\/li>\n<\/ul>\n","protected":false},"excerpt":{"rendered":"<p>O perfil profissional de um(a) Licenciado(a) em Qu\u00edmica pela UERN \u00e9 definido por suas compet\u00eancias para atuar principalmente na educa\u00e7\u00e3o b\u00e1sica (ensino fundamental e m\u00e9dio), bem como em outras \u00e1reas relacionadas \u00e0 divulga\u00e7\u00e3o cient\u00edfica, forma\u00e7\u00e3o continuada, e, em certos contextos, atividades t\u00e9cnico-cient\u00edficas, de acordo com a legisla\u00e7\u00e3o vigente definida pelo Conselho Regional de Qu\u00edmica (CRQ). [&hellip;]<\/p>\n","protected":false},"author":1,"featured_media":0,"parent":0,"menu_order":0,"comment_status":"closed","ping_status":"closed","template":"","meta":{"footnotes":""},"class_list":["post-13","page","type-page","status-publish","hentry"],"_links":{"self":[{"href":"https:\/\/portal.uern.br\/fanat\/dq\/wp-json\/wp\/v2\/pages\/13","targetHints":{"allow":["GET"]}}],"collection":[{"href":"https:\/\/portal.uern.br\/fanat\/dq\/wp-json\/wp\/v2\/pages"}],"about":[{"href":"https:\/\/portal.uern.br\/fanat\/dq\/wp-json\/wp\/v2\/types\/page"}],"author":[{"embeddable":true,"href":"https:\/\/portal.uern.br\/fanat\/dq\/wp-json\/wp\/v2\/users\/1"}],"replies":[{"embeddable":true,"href":"https:\/\/portal.uern.br\/fanat\/dq\/wp-json\/wp\/v2\/comments?post=13"}],"version-history":[{"count":6,"href":"https:\/\/portal.uern.br\/fanat\/dq\/wp-json\/wp\/v2\/pages\/13\/revisions"}],"predecessor-version":[{"id":809,"href":"https:\/\/portal.uern.br\/fanat\/dq\/wp-json\/wp\/v2\/pages\/13\/revisions\/809"}],"wp:attachment":[{"href":"https:\/\/portal.uern.br\/fanat\/dq\/wp-json\/wp\/v2\/media?parent=13"}],"curies":[{"name":"wp","href":"https:\/\/api.w.org\/{rel}","templated":true}]}}