{"id":11,"date":"2022-09-22T11:17:05","date_gmt":"2022-09-22T14:17:05","guid":{"rendered":"https:\/\/paisdemossoro.com.br\/wordpress\/fanat\/ciencias-biologicas-bacharelado\/?page_id=11"},"modified":"2025-07-22T11:14:55","modified_gmt":"2025-07-22T14:14:55","slug":"campo-de-atuacao","status":"publish","type":"page","link":"https:\/\/portal.uern.br\/fanat\/dq\/campo-de-atuacao\/","title":{"rendered":"Campo de Atua\u00e7\u00e3o"},"content":{"rendered":"<p><img decoding=\"async\" class=\"wp-image-786 alignright\" src=\"https:\/\/portal.uern.br\/fanat\/dq\/wp-content\/uploads\/sites\/12\/2025\/05\/WhatsApp-Image-2025-05-08-at-09.55.26-1-e1746709636198-300x178.jpeg\" alt=\"\" width=\"271\" height=\"161\" srcset=\"https:\/\/portal.uern.br\/fanat\/dq\/wp-content\/uploads\/sites\/12\/2025\/05\/WhatsApp-Image-2025-05-08-at-09.55.26-1-e1746709636198-300x178.jpeg 300w, https:\/\/portal.uern.br\/fanat\/dq\/wp-content\/uploads\/sites\/12\/2025\/05\/WhatsApp-Image-2025-05-08-at-09.55.26-1-e1746709636198.jpeg 757w\" sizes=\"(max-width: 271px) 100vw, 271px\" \/>O <strong data-start=\"2\" data-end=\"60\">campo de atua\u00e7\u00e3o do profissional licenciado em Qu\u00edmica<\/strong> \u00e9 amplo e abrange, principalmente, <strong data-start=\"96\" data-end=\"161\">educa\u00e7\u00e3o, divulga\u00e7\u00e3o cient\u00edfica e projetos interdisciplinares e processos tecnol\u00f3gicos espec\u00edficos, conforme legisla\u00e7\u00e3o vigente emanada do CRQ<\/strong>. A seguir, est\u00e3o listadas as principais \u00e1reas onde esse profissional pode atuar:<\/p>\n<h3 data-start=\"331\" data-end=\"386\">\ud83d\udd2c <strong data-start=\"338\" data-end=\"386\">1. Educa\u00e7\u00e3o e Ensino<\/strong><\/h3>\n<ul data-start=\"387\" data-end=\"661\">\n<li data-start=\"387\" data-end=\"469\">\n<p data-start=\"389\" data-end=\"469\">Atua\u00e7\u00e3o como <strong data-start=\"402\" data-end=\"426\">professor(a) de Qu\u00edmica<\/strong> no ensino fundamental II, m\u00e9dio e t\u00e9cnico.<\/p>\n<\/li>\n<li data-start=\"470\" data-end=\"563\">\n<p data-start=\"472\" data-end=\"563\">Planejamento de aulas, desenvolvimento de atividades did\u00e1ticas e avalia\u00e7\u00e3o da aprendizagem.<\/p>\n<\/li>\n<li data-start=\"564\" data-end=\"661\">\n<p data-start=\"566\" data-end=\"661\">Participa\u00e7\u00e3o em <strong data-start=\"582\" data-end=\"606\">projetos pedag\u00f3gicos<\/strong>, coordena\u00e7\u00e3o de disciplinas e forma\u00e7\u00e3o de professores.<\/p>\n<\/li>\n<\/ul>\n<h3 data-start=\"663\" data-end=\"722\">\ud83c\udfeb <strong data-start=\"670\" data-end=\"722\">2. Coordena\u00e7\u00e3o e Gest\u00e3o Educacional<\/strong><\/h3>\n<ul data-start=\"723\" data-end=\"875\">\n<li data-start=\"723\" data-end=\"790\">\n<p data-start=\"725\" data-end=\"790\">Coordena\u00e7\u00e3o pedag\u00f3gica e gest\u00e3o escolar.<\/p>\n<\/li>\n<li data-start=\"791\" data-end=\"875\">\n<p data-start=\"793\" data-end=\"875\">Produ\u00e7\u00e3o de materiais did\u00e1ticos e tecnologias para o ensino de ci\u00eancias e Qu\u00edmica.<\/p>\n<\/li>\n<\/ul>\n<h3 data-start=\"877\" data-end=\"925\">\ud83c\udfad <strong data-start=\"884\" data-end=\"925\">3. Divulga\u00e7\u00e3o cient\u00edfica<\/strong><\/h3>\n<ul data-start=\"926\" data-end=\"1110\">\n<li data-start=\"926\" data-end=\"1043\">\n<p data-start=\"928\" data-end=\"1043\">Participa\u00e7\u00e3o em projetos de <strong data-start=\"956\" data-end=\"984\">populariza\u00e7\u00e3o da ci\u00eancia<\/strong>: teatro de tem\u00e1tica cient\u00edfica, oficinas, feiras, v\u00eddeos e exposi\u00e7\u00f5es.<\/p>\n<\/li>\n<li data-start=\"1044\" data-end=\"1110\">\n<p data-start=\"1046\" data-end=\"1110\">Produ\u00e7\u00e3o de conte\u00fado para m\u00eddias educativas e museus de ci\u00eancia.<\/p>\n<\/li>\n<\/ul>\n<h3 data-start=\"1112\" data-end=\"1168\">\ud83d\udcda <strong data-start=\"1119\" data-end=\"1168\">4. Pesquisa em Qu\u00edmica e em Ensino de Qu\u00edmica<\/strong><\/h3>\n<h3 data-start=\"2212\" data-end=\"2251\">\ud83e\uddef 5<strong data-start=\"2219\" data-end=\"2251\">. Seguran\u00e7a e Meio Ambiente<\/strong><\/h3>\n<ul data-start=\"2252\" data-end=\"2403\">\n<li data-start=\"2252\" data-end=\"2343\">\n<p data-start=\"2254\" data-end=\"2343\">Monitoramento e aplica\u00e7\u00e3o de <strong data-start=\"2283\" data-end=\"2318\">normas de seguran\u00e7a do trabalho<\/strong> e de controle ambiental.<\/p>\n<\/li>\n<li data-start=\"2344\" data-end=\"2403\">\n<p data-start=\"2346\" data-end=\"2403\">Tratamento de res\u00edduos qu\u00edmicos e preven\u00e7\u00e3o de acidentes.<\/p>\n<\/li>\n<\/ul>\n<h3 data-start=\"2405\" data-end=\"2451\">\ud83c\udfed 6<strong data-start=\"2412\" data-end=\"2451\">. Atua\u00e7\u00e3o Industrial e Tecnol\u00f3gica<\/strong><\/h3>\n<ul data-start=\"2452\" data-end=\"2644\">\n<li data-start=\"2452\" data-end=\"2644\">\n<p data-start=\"2454\" data-end=\"2478\">Atua\u00e7\u00e3o em setores como:<\/p>\n<ul data-start=\"2481\" data-end=\"2644\">\n<li data-start=\"2481\" data-end=\"2515\">\n<p data-start=\"2483\" data-end=\"2515\">Ind\u00fastria qu\u00edmica e petroqu\u00edmica<\/p>\n<\/li>\n<li data-start=\"2518\" data-end=\"2552\">\n<p data-start=\"2520\" data-end=\"2552\">Ind\u00fastria de alimentos e bebidas<\/p>\n<\/li>\n<li data-start=\"2555\" data-end=\"2595\">\n<p data-start=\"2557\" data-end=\"2595\">Ind\u00fastria farmac\u00eautica e de cosm\u00e9ticos<\/p>\n<\/li>\n<li data-start=\"2598\" data-end=\"2617\">\n<p data-start=\"2600\" data-end=\"2617\">Saneamento b\u00e1sico<\/p>\n<\/li>\n<li data-start=\"2620\" data-end=\"2644\">\n<p data-start=\"2622\" data-end=\"2644\">Minera\u00e7\u00e3o e metalurgia<\/p>\n<\/li>\n<\/ul>\n<\/li>\n<\/ul>\n<h3 data-start=\"2646\" data-end=\"2687\">\ud83d\udcca 7<strong data-start=\"2653\" data-end=\"2687\">. Apoio \u00e0 Pesquisa Cient\u00edfica<\/strong><\/h3>\n<ul data-start=\"2688\" data-end=\"2805\">\n<li data-start=\"2688\" data-end=\"2738\">\n<p data-start=\"2690\" data-end=\"2738\">Assist\u00eancia t\u00e9cnica em <strong data-start=\"2713\" data-end=\"2737\">projetos de pesquisa<\/strong>.<\/p>\n<\/li>\n<li data-start=\"2739\" data-end=\"2805\">\n<p data-start=\"2741\" data-end=\"2805\">Prepara\u00e7\u00e3o de solu\u00e7\u00f5es, vidrarias e materiais para experimentos.<\/p>\n<\/li>\n<\/ul>\n<h3 data-start=\"1590\" data-end=\"1634\"><strong data-start=\"1597\" data-end=\"1634\">\u00a0 \u00a0 \u00a08. Opera\u00e7\u00e3o de Processos Qu\u00edmicos<\/strong><\/h3>\n<ul data-start=\"1635\" data-end=\"1810\">\n<li data-start=\"1635\" data-end=\"1691\">\n<p data-start=\"1637\" data-end=\"1691\"><strong data-start=\"1637\" data-end=\"1676\">Manipula\u00e7\u00e3o de subst\u00e2ncias qu\u00edmicas<\/strong> com seguran\u00e7a.<\/p>\n<\/li>\n<li data-start=\"1692\" data-end=\"1810\">\n<p data-start=\"1694\" data-end=\"1810\">Opera\u00e7\u00e3o e controle de processos industriais qu\u00edmicos, como s\u00edntese, destila\u00e7\u00e3o, titula\u00e7\u00e3o, filtra\u00e7\u00e3o, entre outros.<\/p>\n<\/li>\n<\/ul>\n<h3 data-start=\"1812\" data-end=\"1843\">\ud83e\uddeb 9<strong data-start=\"1819\" data-end=\"1843\">. An\u00e1lises Qu\u00edmicas<\/strong><\/h3>\n<ul data-start=\"1844\" data-end=\"1979\">\n<li data-start=\"1844\" data-end=\"1906\">\n<p data-start=\"1846\" data-end=\"1906\">Realiza\u00e7\u00e3o de <strong data-start=\"1860\" data-end=\"1905\">ensaios f\u00edsico-qu\u00edmicos e microbiol\u00f3gicos<\/strong>.<\/p>\n<\/li>\n<li data-start=\"1907\" data-end=\"1979\">\n<p data-start=\"1909\" data-end=\"1979\">An\u00e1lise de mat\u00e9rias-primas, produtos intermedi\u00e1rios e produtos finais.<\/p>\n<\/li>\n<\/ul>\n<h3 data-start=\"1981\" data-end=\"2016\">\ud83e\uddfe 10<strong data-start=\"1988\" data-end=\"2016\">. Controle de Qualidade<\/strong><\/h3>\n<ul data-start=\"2017\" data-end=\"2210\">\n<li data-start=\"2017\" data-end=\"2146\">\n<p data-start=\"2019\" data-end=\"2146\">Atua\u00e7\u00e3o em <strong data-start=\"2030\" data-end=\"2071\">laborat\u00f3rios de controle de qualidade<\/strong> de ind\u00fastrias farmac\u00eauticas, aliment\u00edcias, cosm\u00e9ticas, petroqu\u00edmicas, etc.<\/p>\n<\/li>\n<li data-start=\"2147\" data-end=\"2210\">\n<p data-start=\"2149\" data-end=\"2210\">Verifica\u00e7\u00e3o de conformidade com normas t\u00e9cnicas e ambientais.<\/p>\n<\/li>\n<\/ul>\n","protected":false},"excerpt":{"rendered":"<p>O campo de atua\u00e7\u00e3o do profissional licenciado em Qu\u00edmica \u00e9 amplo e abrange, principalmente, educa\u00e7\u00e3o, divulga\u00e7\u00e3o cient\u00edfica e projetos interdisciplinares e processos tecnol\u00f3gicos espec\u00edficos, conforme legisla\u00e7\u00e3o vigente emanada do CRQ. A seguir, est\u00e3o listadas as principais \u00e1reas onde esse profissional pode atuar: \ud83d\udd2c 1. Educa\u00e7\u00e3o e Ensino Atua\u00e7\u00e3o como professor(a) de Qu\u00edmica no ensino fundamental [&hellip;]<\/p>\n","protected":false},"author":1,"featured_media":0,"parent":0,"menu_order":0,"comment_status":"closed","ping_status":"closed","template":"","meta":{"footnotes":""},"class_list":["post-11","page","type-page","status-publish","hentry"],"_links":{"self":[{"href":"https:\/\/portal.uern.br\/fanat\/dq\/wp-json\/wp\/v2\/pages\/11","targetHints":{"allow":["GET"]}}],"collection":[{"href":"https:\/\/portal.uern.br\/fanat\/dq\/wp-json\/wp\/v2\/pages"}],"about":[{"href":"https:\/\/portal.uern.br\/fanat\/dq\/wp-json\/wp\/v2\/types\/page"}],"author":[{"embeddable":true,"href":"https:\/\/portal.uern.br\/fanat\/dq\/wp-json\/wp\/v2\/users\/1"}],"replies":[{"embeddable":true,"href":"https:\/\/portal.uern.br\/fanat\/dq\/wp-json\/wp\/v2\/comments?post=11"}],"version-history":[{"count":10,"href":"https:\/\/portal.uern.br\/fanat\/dq\/wp-json\/wp\/v2\/pages\/11\/revisions"}],"predecessor-version":[{"id":855,"href":"https:\/\/portal.uern.br\/fanat\/dq\/wp-json\/wp\/v2\/pages\/11\/revisions\/855"}],"wp:attachment":[{"href":"https:\/\/portal.uern.br\/fanat\/dq\/wp-json\/wp\/v2\/media?parent=11"}],"curies":[{"name":"wp","href":"https:\/\/api.w.org\/{rel}","templated":true}]}}