{"id":792,"date":"2023-04-17T07:24:22","date_gmt":"2023-04-17T10:24:22","guid":{"rendered":"https:\/\/portal.uern.br\/fala\/?page_id=792"},"modified":"2026-03-26T14:57:31","modified_gmt":"2026-03-26T17:57:31","slug":"horarios-do-semestre","status":"publish","type":"page","link":"https:\/\/portal.uern.br\/fala\/horarios-do-semestre\/","title":{"rendered":"Hor\u00e1rios do Semestre"},"content":{"rendered":"<h1>Hor\u00e1rios &#8211; Semestre 2026.1:<\/h1>\n<p>Cursos:<\/p>\n<p><a href=\"https:\/\/drive.google.com\/file\/d\/1Wr_7kwncxajofQnZnt9Gj2Sx8hFJNWk3\/view?usp=sharing\">Hor\u00e1rio de aulas &#8211; Semestre 2026.1 &#8211; Sede I\u00a0 e Sede II &#8211; Clique Aqui<\/a><\/p>\n<p>&nbsp;<\/p>\n<h1>Hor\u00e1rios da Orienta\u00e7\u00e3o Acad\u00eamica &#8211; Semestre 2026.1:<\/h1>\n<p>Hor\u00e1rios da Orienta\u00e7\u00e3o Acad\u00eamica- Semestre 2026.1\u00a0&#8211; Sede I e Sede II &#8211; Clique Aqui<\/p>\n","protected":false},"excerpt":{"rendered":"<p>Hor\u00e1rios &#8211; Semestre 2026.1: Cursos: Hor\u00e1rio de aulas &#8211; Semestre 2026.1 &#8211; Sede I\u00a0 e Sede II &#8211; Clique Aqui &nbsp; Hor\u00e1rios da Orienta\u00e7\u00e3o Acad\u00eamica &#8211; Semestre 2026.1: Hor\u00e1rios da Orienta\u00e7\u00e3o Acad\u00eamica- Semestre 2026.1\u00a0&#8211; Sede I e Sede II &#8211; Clique Aqui<\/p>\n","protected":false},"author":3,"featured_media":0,"parent":0,"menu_order":0,"comment_status":"closed","ping_status":"closed","template":"","meta":{"footnotes":""},"class_list":["post-792","page","type-page","status-publish","hentry"],"_links":{"self":[{"href":"https:\/\/portal.uern.br\/fala\/wp-json\/wp\/v2\/pages\/792","targetHints":{"allow":["GET"]}}],"collection":[{"href":"https:\/\/portal.uern.br\/fala\/wp-json\/wp\/v2\/pages"}],"about":[{"href":"https:\/\/portal.uern.br\/fala\/wp-json\/wp\/v2\/types\/page"}],"author":[{"embeddable":true,"href":"https:\/\/portal.uern.br\/fala\/wp-json\/wp\/v2\/users\/3"}],"replies":[{"embeddable":true,"href":"https:\/\/portal.uern.br\/fala\/wp-json\/wp\/v2\/comments?post=792"}],"version-history":[{"count":60,"href":"https:\/\/portal.uern.br\/fala\/wp-json\/wp\/v2\/pages\/792\/revisions"}],"predecessor-version":[{"id":2141,"href":"https:\/\/portal.uern.br\/fala\/wp-json\/wp\/v2\/pages\/792\/revisions\/2141"}],"wp:attachment":[{"href":"https:\/\/portal.uern.br\/fala\/wp-json\/wp\/v2\/media?parent=792"}],"curies":[{"name":"wp","href":"https:\/\/api.w.org\/{rel}","templated":true}]}}