{"id":747,"date":"2023-04-10T08:16:05","date_gmt":"2023-04-10T11:16:05","guid":{"rendered":"https:\/\/portal.uern.br\/fala\/?page_id=747"},"modified":"2025-12-19T10:48:14","modified_gmt":"2025-12-19T13:48:14","slug":"reserva-do-auditorio","status":"publish","type":"page","link":"https:\/\/portal.uern.br\/fala\/reserva-do-auditorio\/","title":{"rendered":"Reserva do Audit\u00f3rio"},"content":{"rendered":"<div><span style=\"font-size: 14pt\"><b>Audit\u00f3rio da Fala\/Uern<\/b><\/span><\/div>\n<div><\/div>\n<div><img fetchpriority=\"high\" decoding=\"async\" class=\"alignnone wp-image-756\" src=\"https:\/\/portal.uern.br\/fala\/wp-content\/uploads\/2023\/04\/Auditorio-300x224.jpg\" alt=\"\" width=\"560\" height=\"418\" srcset=\"https:\/\/portal.uern.br\/fala\/wp-content\/uploads\/2023\/04\/Auditorio-300x224.jpg 300w, https:\/\/portal.uern.br\/fala\/wp-content\/uploads\/2023\/04\/Auditorio-768x574.jpg 768w, https:\/\/portal.uern.br\/fala\/wp-content\/uploads\/2023\/04\/Auditorio.jpg 794w\" sizes=\"(max-width: 560px) 100vw, 560px\" \/><\/div>\n<div>\n<p>O audit\u00f3rio \u00e9 climatizado e possui capacidade para 60 pessoas.<\/p>\n<\/div>\n<div><\/div>\n<ul>\n<li><strong>Localiza\u00e7\u00e3o:<\/strong> UNIVERSIDADE DO ESTADO DO RIO GRANDE DO NORTE &#8211; UERN, Campus Central, Faculdade de Letras e Artes &#8211; Sede II (Fala\/Uern).<\/li>\n<\/ul>\n<div><\/div>\n<ul>\n<li><strong>Endere\u00e7o:<\/strong> BR 110 \u2013 KM 46 \u2013 Rua Prof. Ant\u00f4nio Campos, s\/n \u2013 Bairro Costa e Silva, Mossor\u00f3 &#8211; RN, CEP: 59610-210. E-mail: fala@uern.br \/ Telefone para Contato: (84) 3315-2214.<\/li>\n<\/ul>\n<p>&nbsp;<\/p>\n<p><span style=\"font-size: 14pt\"><strong>Para preencher o formul\u00e1rio eletr\u00f4nico e solicitar a reserva do Audit\u00f3rio,<\/strong> <a href=\"https:\/\/docs.google.com\/forms\/d\/e\/1FAIpQLSfcyPhGxBRa6qYoYZRCYRBlFBaCBFa6RK3LluxZlZogl2JFPQ\/viewform?usp=sharing\">clique aqui<\/a><\/span><\/p>\n<p>A resposta \u00e0 solicita\u00e7\u00e3o de reserva ser\u00e1 avaliada em <b>24 horas<\/b>, nos dias \u00fateis.<\/p>\n","protected":false},"excerpt":{"rendered":"<p>Audit\u00f3rio da Fala\/Uern O audit\u00f3rio \u00e9 climatizado e possui capacidade para 60 pessoas. Localiza\u00e7\u00e3o: UNIVERSIDADE DO ESTADO DO RIO GRANDE DO NORTE &#8211; UERN, Campus Central, Faculdade de Letras e Artes &#8211; Sede II (Fala\/Uern). Endere\u00e7o: BR 110 \u2013 KM 46 \u2013 Rua Prof. Ant\u00f4nio Campos, s\/n \u2013 Bairro Costa e Silva, Mossor\u00f3 &#8211; RN, [&hellip;]<\/p>\n","protected":false},"author":3,"featured_media":0,"parent":0,"menu_order":0,"comment_status":"closed","ping_status":"closed","template":"","meta":{"footnotes":""},"class_list":["post-747","page","type-page","status-publish","hentry"],"_links":{"self":[{"href":"https:\/\/portal.uern.br\/fala\/wp-json\/wp\/v2\/pages\/747","targetHints":{"allow":["GET"]}}],"collection":[{"href":"https:\/\/portal.uern.br\/fala\/wp-json\/wp\/v2\/pages"}],"about":[{"href":"https:\/\/portal.uern.br\/fala\/wp-json\/wp\/v2\/types\/page"}],"author":[{"embeddable":true,"href":"https:\/\/portal.uern.br\/fala\/wp-json\/wp\/v2\/users\/3"}],"replies":[{"embeddable":true,"href":"https:\/\/portal.uern.br\/fala\/wp-json\/wp\/v2\/comments?post=747"}],"version-history":[{"count":11,"href":"https:\/\/portal.uern.br\/fala\/wp-json\/wp\/v2\/pages\/747\/revisions"}],"predecessor-version":[{"id":760,"href":"https:\/\/portal.uern.br\/fala\/wp-json\/wp\/v2\/pages\/747\/revisions\/760"}],"wp:attachment":[{"href":"https:\/\/portal.uern.br\/fala\/wp-json\/wp\/v2\/media?parent=747"}],"curies":[{"name":"wp","href":"https:\/\/api.w.org\/{rel}","templated":true}]}}