{"id":626,"date":"2023-03-14T07:42:37","date_gmt":"2023-03-14T10:42:37","guid":{"rendered":"https:\/\/portal.uern.br\/fala\/?page_id=626"},"modified":"2025-12-19T10:46:56","modified_gmt":"2025-12-19T13:46:56","slug":"calendarios","status":"publish","type":"page","link":"https:\/\/portal.uern.br\/fala\/calendarios\/","title":{"rendered":"Calend\u00e1rios"},"content":{"rendered":"<h2><a href=\"https:\/\/drive.google.com\/file\/d\/1p_h-M9L_eYFFAQIfbQNhZ6vzVpUaTSrX\/view?usp=sharing\"><span style=\"font-size: 14pt\"><strong>Calend\u00e1rio <\/strong><strong>Universit\u00e1rio &#8211; 2026 (Clique aqui)<\/strong><\/span><\/a><\/h2>\n<h2><span style=\"font-size: 14pt\"><a href=\"https:\/\/drive.google.com\/file\/d\/18W4DDnYfQx3k30Je9DdVtWcldWm5HTMN\/view?usp=sharing\"><strong>Calend\u00e1rio de Reuni\u00f5es do CONSAD e da Equipe Gestora &#8211; Semestre 2026.1 (Clique aqui)<\/strong><\/a><\/span><\/h2>\n<h2><a href=\"https:\/\/drive.google.com\/file\/d\/1PWUtPCiOiFYP-w7MccHFS_OyhgxEd8k3\/view?usp=sharing\"><span style=\"font-size: 14pt\"><strong>Calend\u00e1rio de Eventos da Fala<\/strong><strong> &#8211; 2026.1 (Clique aqui)<\/strong><\/span><\/a><\/h2>\n<p>&nbsp;<\/p>\n","protected":false},"excerpt":{"rendered":"<p>Calend\u00e1rio Universit\u00e1rio &#8211; 2026 (Clique aqui) Calend\u00e1rio de Reuni\u00f5es do CONSAD e da Equipe Gestora &#8211; Semestre 2026.1 (Clique aqui) Calend\u00e1rio de Eventos da Fala &#8211; 2026.1 (Clique aqui) &nbsp;<\/p>\n","protected":false},"author":3,"featured_media":0,"parent":0,"menu_order":0,"comment_status":"closed","ping_status":"closed","template":"","meta":{"footnotes":""},"class_list":["post-626","page","type-page","status-publish","hentry"],"_links":{"self":[{"href":"https:\/\/portal.uern.br\/fala\/wp-json\/wp\/v2\/pages\/626","targetHints":{"allow":["GET"]}}],"collection":[{"href":"https:\/\/portal.uern.br\/fala\/wp-json\/wp\/v2\/pages"}],"about":[{"href":"https:\/\/portal.uern.br\/fala\/wp-json\/wp\/v2\/types\/page"}],"author":[{"embeddable":true,"href":"https:\/\/portal.uern.br\/fala\/wp-json\/wp\/v2\/users\/3"}],"replies":[{"embeddable":true,"href":"https:\/\/portal.uern.br\/fala\/wp-json\/wp\/v2\/comments?post=626"}],"version-history":[{"count":48,"href":"https:\/\/portal.uern.br\/fala\/wp-json\/wp\/v2\/pages\/626\/revisions"}],"predecessor-version":[{"id":2121,"href":"https:\/\/portal.uern.br\/fala\/wp-json\/wp\/v2\/pages\/626\/revisions\/2121"}],"wp:attachment":[{"href":"https:\/\/portal.uern.br\/fala\/wp-json\/wp\/v2\/media?parent=626"}],"curies":[{"name":"wp","href":"https:\/\/api.w.org\/{rel}","templated":true}]}}