{"id":623,"date":"2023-03-14T07:37:44","date_gmt":"2023-03-14T10:37:44","guid":{"rendered":"https:\/\/portal.uern.br\/fala\/?page_id=623"},"modified":"2023-03-14T07:37:44","modified_gmt":"2023-03-14T10:37:44","slug":"cose-relatorios-de-avaliacao-interna","status":"publish","type":"page","link":"https:\/\/portal.uern.br\/fala\/cose-relatorios-de-avaliacao-interna\/","title":{"rendered":"COSE &#8211; Relat\u00f3rios de Avalia\u00e7\u00e3o Interna"},"content":{"rendered":"<p><a href=\"https:\/\/www.uern.br\/reitoria\/aai\/default.asp?item=aai-relatorios\" target=\"_blank\" rel=\"noopener\">Clique aqui<\/a>\u00a0para consultar os Relat\u00f3rios de Avalia\u00e7\u00e3o Interna elaborados pelas Comiss\u00f5es Setoriais de Avalia\u00e7\u00e3o (COSE) da FALA e enviados para a Assessoria de Avalia\u00e7\u00e3o Institucional (AAI) da UERN.<\/p>\n","protected":false},"excerpt":{"rendered":"<p>Clique aqui\u00a0para consultar os Relat\u00f3rios de Avalia\u00e7\u00e3o Interna elaborados pelas Comiss\u00f5es Setoriais de Avalia\u00e7\u00e3o (COSE) da FALA e enviados para a Assessoria de Avalia\u00e7\u00e3o Institucional (AAI) da UERN.<\/p>\n","protected":false},"author":3,"featured_media":0,"parent":0,"menu_order":0,"comment_status":"closed","ping_status":"closed","template":"","meta":{"footnotes":""},"class_list":["post-623","page","type-page","status-publish","hentry"],"_links":{"self":[{"href":"https:\/\/portal.uern.br\/fala\/wp-json\/wp\/v2\/pages\/623","targetHints":{"allow":["GET"]}}],"collection":[{"href":"https:\/\/portal.uern.br\/fala\/wp-json\/wp\/v2\/pages"}],"about":[{"href":"https:\/\/portal.uern.br\/fala\/wp-json\/wp\/v2\/types\/page"}],"author":[{"embeddable":true,"href":"https:\/\/portal.uern.br\/fala\/wp-json\/wp\/v2\/users\/3"}],"replies":[{"embeddable":true,"href":"https:\/\/portal.uern.br\/fala\/wp-json\/wp\/v2\/comments?post=623"}],"version-history":[{"count":1,"href":"https:\/\/portal.uern.br\/fala\/wp-json\/wp\/v2\/pages\/623\/revisions"}],"predecessor-version":[{"id":624,"href":"https:\/\/portal.uern.br\/fala\/wp-json\/wp\/v2\/pages\/623\/revisions\/624"}],"wp:attachment":[{"href":"https:\/\/portal.uern.br\/fala\/wp-json\/wp\/v2\/media?parent=623"}],"curies":[{"name":"wp","href":"https:\/\/api.w.org\/{rel}","templated":true}]}}