{"id":616,"date":"2023-03-14T07:24:24","date_gmt":"2023-03-14T10:24:24","guid":{"rendered":"https:\/\/portal.uern.br\/fala\/?page_id=616"},"modified":"2025-12-15T07:54:39","modified_gmt":"2025-12-15T10:54:39","slug":"docente","status":"publish","type":"page","link":"https:\/\/portal.uern.br\/fala\/docente\/","title":{"rendered":"Docente"},"content":{"rendered":"<h3><\/h3>\n<h3><a href=\"https:\/\/drive.google.com\/file\/d\/1gkBBuZjlbdSeKkwTSbbNbJJFaPFDCY2O\/view?usp=sharing\">Manual do(a) Docente<\/a><\/h3>\n<h3><a href=\"https:\/\/drive.google.com\/file\/d\/1smahhCgeC_M09o9a6IDLNsB3rFWKD4go\/view?usp=sharing\">Informa\u00e7\u00f5es Importantes &#8211; Sede II<\/a><\/h3>\n<h3><a href=\"https:\/\/drive.google.com\/file\/d\/1DKiJ1ERLxU44R2UnQGmU3s_J2u7zq5oD\/view?usp=sharing\">Orienta\u00e7\u00f5es gerais para a realiza\u00e7\u00e3o e participa\u00e7\u00e3o de docentes e discentes em eventos da Fala<\/a><\/h3>\n<hr \/>\n<h3><a href=\"http:\/\/www.al.rn.gov.br\/storage\/legislacao\/2022\/gavgunp3frj8tas2sgv12t43rjzl8x.pdf\">Lei Complementar n\u00ba 700\/2022 &#8211;\u00a0Plano de Cargos, Carreira e Remunera\u00e7\u00e3o dos Professores do Ensino Superior da FUERN\u00a0<\/a><\/h3>\n<p><em>Institui o Plano de Cargos, Carreira e Remunera\u00e7\u00e3o dos Professores do Ensino Superior da Funda\u00e7\u00e3o Universidade do Estado do Rio Grande do Norte (FUERN)<\/em><\/p>\n<hr \/>\n<h3><a href=\"https:\/\/drive.google.com\/file\/d\/1HTxdUwciGA1sWIhZ0DznLBueUGkgf9dJ\/view?usp=sharing\">Lei Complementar n\u00ba 730, de 16 de fevereiro de 2023<\/a><\/h3>\n<p><em>Altera a remunera\u00e7\u00e3o dos cargos p\u00fablicos de Professor do Ensino Superior, da Funda\u00e7\u00e3o Universidade do Estado do Rio Grande do Norte (FUERN), e d\u00e1 outras provid\u00eancias.<\/em><\/p>\n<h3><a href=\"https:\/\/www.uern.br\/controledepaginas\/documentos-legislacao-cd\/arquivos\/5106resolucao_n_2022_60___cd___regulamenta_a_progressao_docente_no_ambito_da_fuern.pdf\">Resolu\u00e7\u00e3o n\u00ba 60\/2022 &#8211; CD &#8211;\u00a0Regulamenta a progress\u00e3o docente no \u00e2mbito da FUERN<\/a><\/h3>\n<p><em>Regulamenta a progress\u00e3o docente no \u00e2mbito da Funda\u00e7\u00e3o Universidade do Estado do Rio Grande do Norte. <\/em><\/p>\n<h3><strong><a href=\"https:\/\/docs.google.com\/document\/d\/1XOpqAgazkQ9NdeB0glTxxXfeJe88fkdN\/edit?usp=share_link&amp;ouid=109777455742916961275&amp;rtpof=true&amp;sd=true\">Requerimento de Progress\u00e3o Funcional<\/a><\/strong><\/h3>\n<p>&nbsp;<\/p>\n<h1><span style=\"text-decoration: underline;color: #000000;font-size: 24pt\">Formul\u00e1rios:<\/span><\/h1>\n<h3><a href=\"https:\/\/docs.google.com\/document\/d\/11wp0pknDjuM4YFL5MTHyC5SonFtjk8V6\/edit?usp=sharing&amp;ouid=109777455742916961275&amp;rtpof=true&amp;sd=true\">Solicita\u00e7\u00e3o de aula extra<\/a><\/h3>\n<h3><a href=\"https:\/\/docs.google.com\/document\/d\/1plkYIochoRjLa57a624CVla51S3Mb4oK\/edit?usp=sharing&amp;ouid=109777455742916961275&amp;rtpof=true&amp;sd=true\">Solicita\u00e7\u00e3o de aula para s\u00e1bado letivo<\/a><\/h3>\n<h3><a href=\"https:\/\/docs.google.com\/spreadsheets\/d\/14Yh4VKUi39v9d_nwr2JnoL8TCiruKw13iHmaIyGSvxY\/edit?usp=sharing\">Planilha de acompanhamento de reserva para s\u00e1bados letivos<\/a><\/h3>\n","protected":false},"excerpt":{"rendered":"<p>Manual do(a) Docente Informa\u00e7\u00f5es Importantes &#8211; Sede II Orienta\u00e7\u00f5es gerais para a realiza\u00e7\u00e3o e participa\u00e7\u00e3o de docentes e discentes em eventos da Fala Lei Complementar n\u00ba 700\/2022 &#8211;\u00a0Plano de Cargos, Carreira e Remunera\u00e7\u00e3o dos Professores do Ensino Superior da FUERN\u00a0 Institui o Plano de Cargos, Carreira e Remunera\u00e7\u00e3o dos Professores do Ensino Superior da Funda\u00e7\u00e3o [&hellip;]<\/p>\n","protected":false},"author":3,"featured_media":0,"parent":0,"menu_order":0,"comment_status":"closed","ping_status":"closed","template":"","meta":{"footnotes":""},"class_list":["post-616","page","type-page","status-publish","hentry"],"_links":{"self":[{"href":"https:\/\/portal.uern.br\/fala\/wp-json\/wp\/v2\/pages\/616","targetHints":{"allow":["GET"]}}],"collection":[{"href":"https:\/\/portal.uern.br\/fala\/wp-json\/wp\/v2\/pages"}],"about":[{"href":"https:\/\/portal.uern.br\/fala\/wp-json\/wp\/v2\/types\/page"}],"author":[{"embeddable":true,"href":"https:\/\/portal.uern.br\/fala\/wp-json\/wp\/v2\/users\/3"}],"replies":[{"embeddable":true,"href":"https:\/\/portal.uern.br\/fala\/wp-json\/wp\/v2\/comments?post=616"}],"version-history":[{"count":40,"href":"https:\/\/portal.uern.br\/fala\/wp-json\/wp\/v2\/pages\/616\/revisions"}],"predecessor-version":[{"id":2111,"href":"https:\/\/portal.uern.br\/fala\/wp-json\/wp\/v2\/pages\/616\/revisions\/2111"}],"wp:attachment":[{"href":"https:\/\/portal.uern.br\/fala\/wp-json\/wp\/v2\/media?parent=616"}],"curies":[{"name":"wp","href":"https:\/\/api.w.org\/{rel}","templated":true}]}}