{"id":609,"date":"2023-03-13T12:26:17","date_gmt":"2023-03-13T15:26:17","guid":{"rendered":"https:\/\/portal.uern.br\/fala\/?page_id=609"},"modified":"2025-12-12T10:45:19","modified_gmt":"2025-12-12T13:45:19","slug":"tecnicos","status":"publish","type":"page","link":"https:\/\/portal.uern.br\/fala\/tecnicos\/","title":{"rendered":"T\u00e9cnicos"},"content":{"rendered":"<h3>Corpo T\u00e9cnico da Fala<\/h3>\n<p>&nbsp;<\/p>\n<h3>Secretaria da Dire\u00e7\u00e3o<\/h3>\n<p>Ana Cl\u00e1udia Cavalcante de Castro Saldanha &#8211; TNS (Secret\u00e1ria)<\/p>\n<p>Geovanna Alice Coelho &#8211; Agente T\u00e9cnico-Administrativo<\/p>\n<p>Willyam Thielly Pereira de Ara\u00fajo &#8211; Agente T\u00e9cnico-Administrativo<\/p>\n<p>&nbsp;<\/p>\n<h3>Departamento de Artes &#8211; Dart<\/h3>\n<p>Francisco Clezivan de Lima Brasil &#8211; TNS\u00a0(Secret\u00e1rio)<\/p>\n<p>Jos\u00e9 Vitor Bezerra de Medeiros &#8211; Agente T\u00e9cnico-Administrativo<\/p>\n<p>&nbsp;<\/p>\n<h3><span style=\"font-size: 14pt\">Escola de M\u00fasica D\u02cbAlva Stella Nogueira Freire<\/span><\/h3>\n<p>Luan Josino Medeiros &#8211; TNS<\/p>\n<p>Aldaci Medeiros de Fran\u00e7a &#8211; TNS<\/p>\n<p>Oliv\u00e1 Leite da Silva J\u00fanior &#8211; Agente T\u00e9cnico-Administrativo<\/p>\n<p>&nbsp;<\/p>\n<h3><span style=\"font-size: 14pt\">Instrutores Musicais da Escola de M\u00fasica<\/span><\/h3>\n<p>Bruno Caminha Farias (Professor de Trombone e Metais)<\/p>\n<p>Evandro Hallyson Dantas Pereira (Professor de Flauta Transversal)<\/p>\n<p>Joabe Williamys Rodrigues de Morais (Professor de Piano)<\/p>\n<p>Gibson Alves Marinho da Silva (Professor de Guitarra El\u00e9trica)<\/p>\n<p>Guido Alves do Nascimento (Professor de Viol\u00e3o Cl\u00e1ssico\/Erudito)<\/p>\n<p>Gide\u00e3o Lima da Silva (Professor de Teoria e Harmonia)<\/p>\n<p>F\u00e1bio Roberto Monteiro de Lima (Professor de Choro e Hist\u00f3ria da M\u00fasica)<\/p>\n<p>Filipe Ricardo Cabral de Morais (Professor de Contrabaixo El\u00e9trico)<\/p>\n<p>Melqu\u00edades Vasconcelos da Mota Negreiros (Professor de Clarinete e Saxofone)<\/p>\n<p>Fernando Bueno Menino (Professor de Bateria e Percuss\u00e3o)<\/p>\n<p>Josemberg da Silva Freitas (Professor de Inicia\u00e7\u00e3o Musical)<\/p>\n<p>Merlia Helen Faustino da Silva (Professora de Canto)<\/p>\n<p>Ronyely Sanderson Cavalcante (Professor de Violino)<\/p>\n<p>Joelson Temoteo Pereira<\/p>\n<p>Laysa \u00c1gatha Aires Santiago<\/p>\n<p>&nbsp;<\/p>\n<h3>Departamento de Letras Estrangeiras &#8211; DLE<\/h3>\n<p>Edgard Luiz da Rocha e Silva &#8211; TNS (Secret\u00e1rio)<\/p>\n<p>Jaf\u00e9 Ribeiro de Figueiredo Filho &#8211; TNS<\/p>\n<p>Viviane Vit\u00f3ria Duarte Marinho Silva &#8211;\u00a0Agente T\u00e9cnico-Administrativo<\/p>\n<p>&nbsp;<\/p>\n<h3><span style=\"font-size: 14pt\">Neel<\/span><\/h3>\n<p>Helenaide Gomes de Paiva \u00a0&#8211; TNS<\/p>\n<p>Maria Janaina Torres Rego \u00a0&#8211; TNS<\/p>\n<p>&nbsp;<\/p>\n<h3>Departamento de Letras Vern\u00e1culas &#8211; DLV<\/h3>\n<p>M\u00e1rcia Jaiana Nascimento Fran\u00e7a \u00a0&#8211; Agente T\u00e9cnico-Administrativo\u00a0(Secret\u00e1ria)<\/p>\n<p>Renata Silveira Pinto Xavier &#8211; TNS<\/p>\n<p>&nbsp;<\/p>\n<h3><span style=\"font-size: 14pt\">Coordena\u00e7\u00e3o Letras EaD<\/span><\/h3>\n<p>Filipe Augusto Mendes de Souza &#8211; T\u00e9cnico da DEaD, exercendo suas fun\u00e7\u00f5es na Fala<\/p>\n<p>&nbsp;<\/p>\n<h3>Profletras<\/h3>\n<p>Candice Cristiane Costa Apolin\u00e1rio &#8211; Agente T\u00e9cnico-Administrativo\u00a0(Secret\u00e1ria)<\/p>\n<p>&nbsp;<\/p>\n<h3>PPCL<\/h3>\n<p>Myller Eduardo de Freitas Fonseca &#8211; Agente T\u00e9cnico-Administrativo (Secret\u00e1rio)<\/p>\n<p>&nbsp;<\/p>\n<h3><a href=\"https:\/\/drive.google.com\/file\/d\/1Tz8RrvC8nAXLLIgvVtqTFxlAUseuT1wT\/view?usp=sharing\">Manual dos(as) T\u00e9cnicos(as)-Administrativos(as)<\/a><\/h3>\n<h3><a href=\"https:\/\/drive.google.com\/file\/d\/1smahhCgeC_M09o9a6IDLNsB3rFWKD4go\/view?usp=sharing\">Informa\u00e7\u00f5es importantes &#8211; Sede II<\/a><\/h3>\n<p>&nbsp;<\/p>\n<h4>Organograma do corpo t\u00e9cnico<\/h4>\n<p><img fetchpriority=\"high\" decoding=\"async\" class=\"alignnone  wp-image-2099\" src=\"https:\/\/portal.uern.br\/fala\/wp-content\/uploads\/2025\/12\/Organograma-1-TA_page-0001-212x300.jpg\" alt=\"\" width=\"586\" height=\"829\" srcset=\"https:\/\/portal.uern.br\/fala\/wp-content\/uploads\/2025\/12\/Organograma-1-TA_page-0001-212x300.jpg 212w, https:\/\/portal.uern.br\/fala\/wp-content\/uploads\/2025\/12\/Organograma-1-TA_page-0001-725x1024.jpg 725w, https:\/\/portal.uern.br\/fala\/wp-content\/uploads\/2025\/12\/Organograma-1-TA_page-0001-768x1085.jpg 768w, https:\/\/portal.uern.br\/fala\/wp-content\/uploads\/2025\/12\/Organograma-1-TA_page-0001-1087x1536.jpg 1087w, https:\/\/portal.uern.br\/fala\/wp-content\/uploads\/2025\/12\/Organograma-1-TA_page-0001.jpg 1241w\" sizes=\"(max-width: 586px) 100vw, 586px\" \/><\/p>\n","protected":false},"excerpt":{"rendered":"<p>Corpo T\u00e9cnico da Fala &nbsp; Secretaria da Dire\u00e7\u00e3o Ana Cl\u00e1udia Cavalcante de Castro Saldanha &#8211; TNS (Secret\u00e1ria) Geovanna Alice Coelho &#8211; Agente T\u00e9cnico-Administrativo Willyam Thielly Pereira de Ara\u00fajo &#8211; Agente T\u00e9cnico-Administrativo &nbsp; Departamento de Artes &#8211; Dart Francisco Clezivan de Lima Brasil &#8211; TNS\u00a0(Secret\u00e1rio) Jos\u00e9 Vitor Bezerra de Medeiros &#8211; Agente T\u00e9cnico-Administrativo &nbsp; Escola de [&hellip;]<\/p>\n","protected":false},"author":3,"featured_media":0,"parent":0,"menu_order":0,"comment_status":"closed","ping_status":"closed","template":"","meta":{"footnotes":""},"class_list":["post-609","page","type-page","status-publish","hentry"],"_links":{"self":[{"href":"https:\/\/portal.uern.br\/fala\/wp-json\/wp\/v2\/pages\/609","targetHints":{"allow":["GET"]}}],"collection":[{"href":"https:\/\/portal.uern.br\/fala\/wp-json\/wp\/v2\/pages"}],"about":[{"href":"https:\/\/portal.uern.br\/fala\/wp-json\/wp\/v2\/types\/page"}],"author":[{"embeddable":true,"href":"https:\/\/portal.uern.br\/fala\/wp-json\/wp\/v2\/users\/3"}],"replies":[{"embeddable":true,"href":"https:\/\/portal.uern.br\/fala\/wp-json\/wp\/v2\/comments?post=609"}],"version-history":[{"count":43,"href":"https:\/\/portal.uern.br\/fala\/wp-json\/wp\/v2\/pages\/609\/revisions"}],"predecessor-version":[{"id":2100,"href":"https:\/\/portal.uern.br\/fala\/wp-json\/wp\/v2\/pages\/609\/revisions\/2100"}],"wp:attachment":[{"href":"https:\/\/portal.uern.br\/fala\/wp-json\/wp\/v2\/media?parent=609"}],"curies":[{"name":"wp","href":"https:\/\/api.w.org\/{rel}","templated":true}]}}