{"id":268,"date":"2022-09-16T15:15:11","date_gmt":"2022-09-16T18:15:11","guid":{"rendered":"https:\/\/paisdemossoro.com.br\/wordpress\/fala\/?page_id=268"},"modified":"2025-12-17T13:11:42","modified_gmt":"2025-12-17T16:11:42","slug":"mestrado","status":"publish","type":"page","link":"https:\/\/portal.uern.br\/fala\/mestrado\/","title":{"rendered":"Mestrado"},"content":{"rendered":"<h5>Programa de Mestrado Profissional em Letras &#8211; PROFLETRAS<\/h5>\n<p>Coordenador: Gilson Chicon Alves<\/p>\n<p>Vice-coordenador: Marcos Vin\u00edcius Medeiros da Silva<\/p>\n<p>profletras@uern.br<\/p>\n<p><a href=\"https:\/\/drive.google.com\/file\/d\/124uGnxjQGJtuJ_2bqoNr5zA6p7XaN3-e\/view?usp=sharing\">Confira aqui o hor\u00e1rio do semestre letivo 2026.1<\/a><\/p>\n<p>&nbsp;<\/p>\n<h5>Programa de P\u00f3s-Gradua\u00e7\u00e3o em Ci\u00eancias da Linguagem \u2013 PPCL<\/h5>\n<p>Coordenadora.: Ver\u00f4nica Palmira Salme de Arag\u00e3o<\/p>\n<p>Vice-coordenador: Francisco Paulo da Silva<\/p>\n<p>ppcl@uern.br<\/p>\n<p><a href=\"https:\/\/drive.google.com\/file\/d\/1szGskNGyZ_4Abza6nVPexOQklzUxmJhP\/view?usp=sharing\">Confira aqui o hor\u00e1rio do semestre letivo 2026.1<\/a><\/p>\n","protected":false},"excerpt":{"rendered":"<p>Programa de Mestrado Profissional em Letras &#8211; PROFLETRAS Coordenador: Gilson Chicon Alves Vice-coordenador: Marcos Vin\u00edcius Medeiros da Silva profletras@uern.br Confira aqui o hor\u00e1rio do semestre letivo 2026.1 &nbsp; Programa de P\u00f3s-Gradua\u00e7\u00e3o em Ci\u00eancias da Linguagem \u2013 PPCL Coordenadora.: Ver\u00f4nica Palmira Salme de Arag\u00e3o Vice-coordenador: Francisco Paulo da Silva ppcl@uern.br Confira aqui o hor\u00e1rio do semestre [&hellip;]<\/p>\n","protected":false},"author":1,"featured_media":0,"parent":0,"menu_order":0,"comment_status":"closed","ping_status":"closed","template":"","meta":{"footnotes":""},"class_list":["post-268","page","type-page","status-publish","hentry"],"_links":{"self":[{"href":"https:\/\/portal.uern.br\/fala\/wp-json\/wp\/v2\/pages\/268","targetHints":{"allow":["GET"]}}],"collection":[{"href":"https:\/\/portal.uern.br\/fala\/wp-json\/wp\/v2\/pages"}],"about":[{"href":"https:\/\/portal.uern.br\/fala\/wp-json\/wp\/v2\/types\/page"}],"author":[{"embeddable":true,"href":"https:\/\/portal.uern.br\/fala\/wp-json\/wp\/v2\/users\/1"}],"replies":[{"embeddable":true,"href":"https:\/\/portal.uern.br\/fala\/wp-json\/wp\/v2\/comments?post=268"}],"version-history":[{"count":9,"href":"https:\/\/portal.uern.br\/fala\/wp-json\/wp\/v2\/pages\/268\/revisions"}],"predecessor-version":[{"id":2119,"href":"https:\/\/portal.uern.br\/fala\/wp-json\/wp\/v2\/pages\/268\/revisions\/2119"}],"wp:attachment":[{"href":"https:\/\/portal.uern.br\/fala\/wp-json\/wp\/v2\/media?parent=268"}],"curies":[{"name":"wp","href":"https:\/\/api.w.org\/{rel}","templated":true}]}}