{"id":262,"date":"2022-09-16T15:07:09","date_gmt":"2022-09-16T18:07:09","guid":{"rendered":"https:\/\/paisdemossoro.com.br\/wordpress\/fala\/?page_id=262"},"modified":"2025-08-14T21:50:08","modified_gmt":"2025-08-15T00:50:08","slug":"grupos-de-estudo-e-de-pesquisa","status":"publish","type":"page","link":"https:\/\/portal.uern.br\/fala\/grupos-de-estudo-e-de-pesquisa\/","title":{"rendered":"Grupos de Estudo e de Pesquisa"},"content":{"rendered":"<p><strong>Grupo de Estudos da Tradu\u00e7\u00e3o (GET)<\/strong><br \/>\nProf. Nilson Roberto Barros da Silva<\/p>\n<p><strong>Grupo de Estudos do Discurso da UERN (GEDUERN)<\/strong><br \/>\nProf. Edgley Freire Tavares e Prof. Francisco Paulo da Silva<\/p>\n<p><strong>Perspectivas em Educa\u00e7\u00e3o Musical<\/strong><br \/>\nProf. Giann Mendes Ribeiro<\/p>\n<p><strong>Grupo de Pesquisa em Lingu\u00edstica e Literatura (GPELL)<\/strong><br \/>\nProf. Gilson Chicon Alves e Profa. Maria Solange de Farias<\/p>\n<p><strong>Grupo de Pesquisa em Literaturas de L\u00edngua Portuguesa (GPORT)<\/strong><br \/>\nProf. Sebasti\u00e3o Marques Cardoso<\/p>\n<p><strong>Grupo de Pesquisa em Fon\u00e9tica e Fonologia (GPeFF)<\/strong><br \/>\nProf. Clerton Luiz F\u00e9lix Barbosa<\/p>\n<p><strong>Grupo de Estudos de Literatura e suas Interfaces Cr\u00edticas (GELINTER)<\/strong><br \/>\nProf. Francisco Edson Gon\u00e7alves Leite e Profa. Iara Maria Carneiro de Freitas<\/p>\n<p><strong>Grupo de Pesquisa em Multimodalidade, Semi\u00f3tica Social e TICs (Multisemiotics)<\/strong><br \/>\nProf. Mois\u00e9s Batista da Silva e Prof. Jos\u00e9 Roberto Alves Barbosa<\/p>\n<p>&nbsp;<\/p>\n","protected":false},"excerpt":{"rendered":"<p>Grupo de Estudos da Tradu\u00e7\u00e3o (GET) Prof. Nilson Roberto Barros da Silva Grupo de Estudos do Discurso da UERN (GEDUERN) Prof. Edgley Freire Tavares e Prof. Francisco Paulo da Silva Perspectivas em Educa\u00e7\u00e3o Musical Prof. Giann Mendes Ribeiro Grupo de Pesquisa em Lingu\u00edstica e Literatura (GPELL) Prof. Gilson Chicon Alves e Profa. Maria Solange de [&hellip;]<\/p>\n","protected":false},"author":1,"featured_media":0,"parent":0,"menu_order":0,"comment_status":"closed","ping_status":"closed","template":"","meta":{"footnotes":""},"class_list":["post-262","page","type-page","status-publish","hentry"],"_links":{"self":[{"href":"https:\/\/portal.uern.br\/fala\/wp-json\/wp\/v2\/pages\/262","targetHints":{"allow":["GET"]}}],"collection":[{"href":"https:\/\/portal.uern.br\/fala\/wp-json\/wp\/v2\/pages"}],"about":[{"href":"https:\/\/portal.uern.br\/fala\/wp-json\/wp\/v2\/types\/page"}],"author":[{"embeddable":true,"href":"https:\/\/portal.uern.br\/fala\/wp-json\/wp\/v2\/users\/1"}],"replies":[{"embeddable":true,"href":"https:\/\/portal.uern.br\/fala\/wp-json\/wp\/v2\/comments?post=262"}],"version-history":[{"count":9,"href":"https:\/\/portal.uern.br\/fala\/wp-json\/wp\/v2\/pages\/262\/revisions"}],"predecessor-version":[{"id":2048,"href":"https:\/\/portal.uern.br\/fala\/wp-json\/wp\/v2\/pages\/262\/revisions\/2048"}],"wp:attachment":[{"href":"https:\/\/portal.uern.br\/fala\/wp-json\/wp\/v2\/media?parent=262"}],"curies":[{"name":"wp","href":"https:\/\/api.w.org\/{rel}","templated":true}]}}