{"id":257,"date":"2022-09-16T15:04:45","date_gmt":"2022-09-16T18:04:45","guid":{"rendered":"https:\/\/paisdemossoro.com.br\/wordpress\/fala\/?page_id=257"},"modified":"2025-12-16T08:16:51","modified_gmt":"2025-12-16T11:16:51","slug":"escolas-e-projetos-de-extensao","status":"publish","type":"page","link":"https:\/\/portal.uern.br\/fala\/escolas-e-projetos-de-extensao\/","title":{"rendered":"Escolas e Projetos de Extens\u00e3o"},"content":{"rendered":"<h5>Escolas de Extens\u00e3o<\/h5>\n<p><strong>Departamento de Letras Estrangeiras &#8211; DLE<\/strong><\/p>\n<p>N\u00facleo de Estudo e Ensino de L\u00ednguas &#8211; NEEL<br \/>\nCoordena\u00e7\u00e3o: Prof. Me. Jos\u00e9 Mariano Tavares J\u00fanior<\/p>\n<p>neel@uern.br \/ 3315-2126<\/p>\n<p>&nbsp;<\/p>\n<p><strong>Departamento de Artes &#8211; DART<\/strong><\/p>\n<p><strong>Escola de M\u00fasica D&#8217;alva Stella Nogueira Freire<\/strong><br \/>\nBruno Caminha Farias (Coordena\u00e7\u00e3o Administrativa)<br \/>\nFl\u00e1via Maiara Lima Fagundes (Coordena\u00e7\u00e3o Pedag\u00f3gica)<br \/>\nGibson Alves Marinho da Silva (Coordena\u00e7\u00e3o Art\u00edstica)<\/p>\n<p>escolademusica@uern.br \/ pedagogicoescolademusica@uern.br \/ artisticoescolademusica@uern.br \/ 3315-2125<\/p>\n<p>&nbsp;<\/p>\n<h5>Projetos de Extens\u00e3o e A\u00e7\u00f5es de Extens\u00e3o<\/h5>\n<p><strong>Departamento de Letras Estrangeiras &#8211; DLE<\/strong><\/p>\n<p><strong>Programa Rede Idiomas Sem Fronteiras (Edi\u00e7\u00e3o 2026)<\/strong><br \/>\nCoordena\u00e7\u00e3o: Profa.\u00a0Dra. Keyla Maria Frota Lemos<\/p>\n<p><strong>Alecrim: Aprendizagem da L\u00edngua Espanhola com Cria\u00e7\u00e3o Multim\u00eddia (Edi\u00e7\u00e3o 2026)<\/strong><br \/>\nCoordena\u00e7\u00e3o: Profa. Dra. M\u00e1rcia Socorro Ferreira de Andrade Silva<\/p>\n<p>&nbsp;<\/p>\n<p><strong>Departamento de Letras Vern\u00e1culas &#8211; DLV<\/strong><\/p>\n<p><strong>Laborat\u00f3rio de Produ\u00e7\u00e3o Escrita Acad\u00eamica &#8211; LAPEA vai \u00e0 comunidade (Edi\u00e7\u00e3o 2026)<\/strong><br \/>\nCoordena\u00e7\u00e3o: Profa. Dra. Edmar Peixoto de Lima<\/p>\n<p><strong>CINEATRO &#8211; nem s\u00f3 de bancos se faz uma pra\u00e7a: aprendizagens e pr\u00e1ticas do saber-fazer cinema e teatro (Edi\u00e7\u00e3o 2026)<\/strong><br \/>\nCoordena\u00e7\u00e3o: Profa. Dra. Beatriz Pazini Ferreira<\/p>\n<p><strong>Fala Barroco em audiovisual: uma d\u00e9cada em s\u00e9rie documental e grava\u00e7\u00e3o de audiobooks (Edi\u00e7\u00e3o 2026)<\/strong><br \/>\nCoordena\u00e7\u00e3o: Profa. Dra. Leila Maria de Ara\u00fajo Tabosa<\/p>\n<p>&nbsp;<\/p>\n<p><strong>Departamento de Artes &#8211; DART<\/strong><\/p>\n<p><strong>M\u00fasica e identidade: produ\u00e7\u00e3o de podcasts a respeito da M\u00fasica Brasileira (Edi\u00e7\u00e3o 2025)<\/strong><br \/>\nCoordena\u00e7\u00e3o: Prof. Me. Alexandre Milne-Jones N\u00e1der<\/p>\n<p><strong>Festival Escolar de Bandas (Edi\u00e7\u00e3o 2025)<\/strong><br \/>\nCoordena\u00e7\u00e3o: Prof. Giann Mendes Ribeiro<\/p>\n<p><strong>Express\u00e3o Musical: musicaliza\u00e7\u00e3o na inf\u00e2ncia (Edi\u00e7\u00e3o 2025)<\/strong><br \/>\nCoordena\u00e7\u00e3o: Profa. Fl\u00e1via Maiara Lima Fagundes<\/p>\n<p><strong>Ensino de Teclas e Transforma\u00e7\u00e3o Social (Edi\u00e7\u00e3o 2026)<\/strong><br \/>\nCoordena\u00e7\u00e3o: Prof. Andersonn Henrique Sim\u00f5es de Ara\u00fajo<\/p>\n<p><strong>Educa\u00e7\u00e3o Musical sem Fronteiras (Edi\u00e7\u00e3o 2026)<\/strong><br \/>\nCoordena\u00e7\u00e3o: Prof. Isac Rufino de Ara\u00fajo<\/p>\n<p><strong>Aprecia\u00e7\u00e3o musical na contemporaneidade: meios, m\u00eddias e linguagens (Edi\u00e7\u00e3o 2026)<\/strong><br \/>\nCoordena\u00e7\u00e3o: Prof. Henderson de Jesus Rodrigues dos Santos<\/p>\n<p><strong>Grupo Cultural Universit\u00e1rio Tri\u00e2ngulo Vermelho (Edi\u00e7\u00e3o 2026)<\/strong><br \/>\nCoordena\u00e7\u00e3o: Prof. Gleisson do Carmo Oliveira<\/p>\n<p><strong>II Festival Escolar de M\u00fasica da Uern (Edi\u00e7\u00e3o 2026)<\/strong><br \/>\nCoordena\u00e7\u00e3o: Prof. Daniel Augusto de Lima Mariano<\/p>\n<p><strong>O di\u00e1logo entre m\u00fasica e tecnologia na educa\u00e7\u00e3o (Edi\u00e7\u00e3o 2026)<\/strong><br \/>\nCoordena\u00e7\u00e3o: Prof. Henderson de Jesus Rodrigues dos Santos<\/p>\n<p>&nbsp;<\/p>\n<p><strong>Escola de M\u00fasica D&#8217;Alva Stella Nogueira Freire &#8211; EMDSNF<\/strong><\/p>\n<p><strong>Camerata de Flautas da Uern (Edi\u00e7\u00e3o 2026)<\/strong><br \/>\nCoordena\u00e7\u00e3o: Evandro Hallyson Dantas Pereira<\/p>\n<p><strong>Ensemble de Clarinetes e Saxofones (Edi\u00e7\u00e3o 2026)<\/strong><br \/>\nCoordena\u00e7\u00e3o: Melqu\u00edades Vasconcelos da Mota Negreiros<\/p>\n<p><strong>Grupo de Percuss\u00e3o da Uern (Edi\u00e7\u00e3o 2026)<\/strong><br \/>\nCoordena\u00e7\u00e3o: Fernando Bueno Menino<\/p>\n<p><strong>Laborat\u00f3rio de Palhetas (Edi\u00e7\u00e3o 2026)<\/strong><br \/>\nCoordena\u00e7\u00e3o: Joelson Tem\u00f3teo Pereira<\/p>\n<p><strong>Oficina de Clarinete e Saxofone (Programa de Forma\u00e7\u00e3o para Bandas de M\u00fasica) &#8211; 5\u00aa edi\u00e7\u00e3o (Edi\u00e7\u00e3o 2026)<\/strong><br \/>\nCoordena\u00e7\u00e3o: Melqu\u00edades Vasconcelos da Mota Negreiros<\/p>\n<p><strong>Oficina de Flauta Transversal (Programa de Forma\u00e7\u00e3o para Bandas de M\u00fasica) &#8211; 5\u00aa edi\u00e7\u00e3o (Edi\u00e7\u00e3o 2026)<\/strong><br \/>\nCoordena\u00e7\u00e3o: Evandro Hallyson Dantas Pereira<\/p>\n<p><strong>Oficina de Instrumentos de Metais (trompete, trompa, trombone, bombardino e tuba) (Programa de Forma\u00e7\u00e3o para Bandas de M\u00fasica) &#8211; 5\u00aa edi\u00e7\u00e3o (Edi\u00e7\u00e3o 2026)<\/strong><br \/>\nCoordena\u00e7\u00e3o: Bruno Caminha Farias<\/p>\n<p><strong>Performance Musical Encanto (Edi\u00e7\u00e3o 2026)<\/strong><br \/>\nCoordena\u00e7\u00e3o: Gide\u00e3o Lima da Silva<\/p>\n<p><strong>Programa Papo Musical Uern TV (Edi\u00e7\u00e3o 2026)<\/strong><br \/>\nCoordena\u00e7\u00e3o: F\u00e1bio Roberto Monteiro de Lima<\/p>\n<p><strong>Projeto Imburana (Edi\u00e7\u00e3o 2026)<\/strong><br \/>\nCoordena\u00e7\u00e3o: Joabe Willamys Rodrigues de Morais<\/p>\n<p><strong>Tardezinha no Choro (Edi\u00e7\u00e3o 2026)<\/strong><br \/>\nCoordena\u00e7\u00e3o: F\u00e1bio Roberto Monteiro de Lima<\/p>\n<p><strong>Unidade de Extens\u00e3o: Coral Uern &#8211; Prof. Josaf\u00e1 In\u00e1cio da Costa (Edi\u00e7\u00e3o 2026)<\/strong><br \/>\nCoordena\u00e7\u00e3o: Merlia Helen Faustino da Silva<\/p>\n","protected":false},"excerpt":{"rendered":"<p>Escolas de Extens\u00e3o Departamento de Letras Estrangeiras &#8211; DLE N\u00facleo de Estudo e Ensino de L\u00ednguas &#8211; NEEL Coordena\u00e7\u00e3o: Prof. Me. Jos\u00e9 Mariano Tavares J\u00fanior neel@uern.br \/ 3315-2126 &nbsp; Departamento de Artes &#8211; DART Escola de M\u00fasica D&#8217;alva Stella Nogueira Freire Bruno Caminha Farias (Coordena\u00e7\u00e3o Administrativa) Fl\u00e1via Maiara Lima Fagundes (Coordena\u00e7\u00e3o Pedag\u00f3gica) Gibson Alves Marinho [&hellip;]<\/p>\n","protected":false},"author":1,"featured_media":0,"parent":0,"menu_order":0,"comment_status":"closed","ping_status":"closed","template":"","meta":{"footnotes":""},"class_list":["post-257","page","type-page","status-publish","hentry"],"_links":{"self":[{"href":"https:\/\/portal.uern.br\/fala\/wp-json\/wp\/v2\/pages\/257","targetHints":{"allow":["GET"]}}],"collection":[{"href":"https:\/\/portal.uern.br\/fala\/wp-json\/wp\/v2\/pages"}],"about":[{"href":"https:\/\/portal.uern.br\/fala\/wp-json\/wp\/v2\/types\/page"}],"author":[{"embeddable":true,"href":"https:\/\/portal.uern.br\/fala\/wp-json\/wp\/v2\/users\/1"}],"replies":[{"embeddable":true,"href":"https:\/\/portal.uern.br\/fala\/wp-json\/wp\/v2\/comments?post=257"}],"version-history":[{"count":24,"href":"https:\/\/portal.uern.br\/fala\/wp-json\/wp\/v2\/pages\/257\/revisions"}],"predecessor-version":[{"id":2115,"href":"https:\/\/portal.uern.br\/fala\/wp-json\/wp\/v2\/pages\/257\/revisions\/2115"}],"wp:attachment":[{"href":"https:\/\/portal.uern.br\/fala\/wp-json\/wp\/v2\/media?parent=257"}],"curies":[{"name":"wp","href":"https:\/\/api.w.org\/{rel}","templated":true}]}}