{"id":230,"date":"2022-09-16T14:58:22","date_gmt":"2022-09-16T17:58:22","guid":{"rendered":"https:\/\/paisdemossoro.com.br\/wordpress\/fala\/?page_id=230"},"modified":"2026-03-20T16:19:42","modified_gmt":"2026-03-20T19:19:42","slug":"legislacao","status":"publish","type":"page","link":"https:\/\/portal.uern.br\/fala\/legislacao\/","title":{"rendered":"Legisla\u00e7\u00e3o e PPCs"},"content":{"rendered":"<h3>LEGISLA\u00c7\u00c3O EXTERNA<\/h3>\n<p><a href=\"https:\/\/www.uern.br\/controledepaginas\/fala-documentoselegislacao\/arquivos\/5858resolua%C2%A7a%C2%A3o_cee_rn_na_05_2020.pdf\" target=\"_blank\" rel=\"noopener\">Resolu\u00e7\u00e3o CEE-RN n\u00ba 05\/2020<\/a><\/p>\n<hr \/>\n<h3>LEGISLA\u00c7\u00c3O GERAL DA UERN<\/h3>\n<p><a href=\"https:\/\/www.uern.br\/controledepaginas\/fala-documentoselegislacao\/arquivos\/5858estatuto.pdf\" target=\"_blank\" rel=\"noopener\">Estatuto da UERN<\/a><\/p>\n<p><a href=\"https:\/\/portal.uern.br\/regimento-geral\/\" target=\"_blank\" rel=\"noopener\">Regimento Geral da UERN<\/a><\/p>\n<p><a href=\"http:\/\/portal.uern.br\/pdi\/\" target=\"_blank\" rel=\"noopener\">Plano de Desenvolvimento Institucional da UERN<\/a><\/p>\n<p><a href=\"https:\/\/www.uern.br\/controledepaginas\/fala-documentoselegislacao\/arquivos\/5858carta_de_servia%C2%A7os_ao_cidada%C2%A3o.pdf\" target=\"_blank\" rel=\"noopener\">Carta de Servi\u00e7os ao Cidad\u00e3o<\/a><\/p>\n<p><a href=\"https:\/\/www.uern.br\/controledepaginas\/prorhae-form-doc-leg\/arquivos\/0477sei_searh_16308973_resolua%C2%A7a%C2%A3o_59.2022_fgs_e_organogramas.pdf\">Resolu\u00e7\u00e3o N\u00ba 59\/2022 &#8211; CD<\/a><\/p>\n<p><em>Define as nomenclaturas, as atribui\u00e7\u00f5es, os quantitativos dos Cargos Comissionados e das Fun\u00e7\u00f5es Gratificadas da Fuern e institui os seus organogramas<\/em><\/p>\n<p><a href=\"https:\/\/drive.google.com\/file\/d\/1cAfFf79FOxez-XlKzgK7AWDkJCtlYXU9\/view?usp=sharing\">Resolu\u00e7\u00e3o n\u00ba 20\/2023 &#8211; CONSEPE<\/a><\/p>\n<p><em>Regulamenta o Est\u00e1gio Curricular Supervisionado Obrigat\u00f3rio nos Cursos de Licenciatura da Universidade do Estado do Rio Grande do Norte &#8211; Uern e revoga a Resolu\u00e7\u00e3o n\u00ba 06\/2015 &#8211; Consepe.<\/em><\/p>\n<hr \/>\n<h3>LEGISLA\u00c7\u00c3O DE GRADUA\u00c7\u00c3O<\/h3>\n<p><a href=\"https:\/\/www.uern.br\/controledepaginas\/fala-documentoselegislacao\/arquivos\/585803._regulamento_dos_cursos_de_graduaa%C2%A7a%C2%A3o_da_uern.pdf\" target=\"_blank\" rel=\"noopener\">Resolu\u00e7\u00e3o n\u00ba 26\/2017 &#8211; CONSEPE<\/a><br \/>\n<em>Regulamento\u00a0dos Cursos de Gradua\u00e7\u00e3o da UERN<\/em><\/p>\n<p><a href=\"https:\/\/www.uern.br\/controledepaginas\/fala-documentoselegislacao\/arquivos\/585805._medalha_do_ma%C2%A9rito_acadamico.pdf\" target=\"_blank\" rel=\"noopener\">Resolu\u00e7\u00e3o n\u00ba 05\/2017 &#8211; CONSUNI<\/a><em><br \/>\nMedalha do M\u00e9rito Acad\u00eamico<\/em><\/p>\n<p><a href=\"https:\/\/www.uern.br\/controledepaginas\/fala-documentoselegislacao\/arquivos\/585806._antecipaa%C2%A7a%C2%A3o_de_conclusa%C2%A3o_de_curso.pdf\" target=\"_blank\" rel=\"noopener\">Resolu\u00e7\u00e3o n\u00ba 12\/2012 &#8211; CONSEPE<\/a><em><br \/>\nAntecipa\u00e7\u00e3o de Conclus\u00e3o de Curso<br \/>\n<a href=\"https:\/\/www.uern.br\/controledepaginas\/fala-documentoselegislacao\/arquivos\/585806.1_antecipaa%C2%A7a%C2%A3o_de_conclusa%C2%A3o_de_curso.pdf\" target=\"_blank\" rel=\"noopener\">(Formul\u00e1rio de Solicita\u00e7\u00e3o de Antecipa\u00e7\u00e3o de Conclus\u00e3o de Curso)<\/a><\/em><\/p>\n<p><a href=\"https:\/\/www.uern.br\/controledepaginas\/fala-documentoselegislacao\/arquivos\/585807._verificaa%C2%A7a%C2%A3o_do_rendimento_escolar.pdf\" target=\"_blank\" rel=\"noopener\">Resolu\u00e7\u00e3o n\u00ba 11\/1993 &#8211; CONSUNI<\/a><em><br \/>\nVerifica\u00e7\u00e3o do Rendimento Escolar<\/em><\/p>\n<p><a href=\"https:\/\/www.uern.br\/controledepaginas\/fala-documentoselegislacao\/arquivos\/585808._aproveitamento_extraordina%C2%A1rio_de_estudos.pdf\" target=\"_blank\" rel=\"noopener\">Resolu\u00e7\u00e3o n\u00ba 11\/2005 &#8211; CONSEPE<\/a><em><br \/>\nAproveitamento Extraordin\u00e1rio de Estudos nos Cursos de Letras<\/em><\/p>\n<p><em><a href=\"https:\/\/www.uern.br\/controledepaginas\/fala-documentoselegislacao\/arquivos\/5858instrucao_6672843_instrucao_normativa_03.2020___proeg__resolucao_28.2020_consepe_.pdf\" target=\"_blank\" rel=\"noopener\">Instru\u00e7\u00e3o Normativa PROEG\/UERN n\u00ba 003\/2020<\/a><br \/>\nReferente ao Ensino Remoto &#8211; Semestre 2020.1<\/em><\/p>\n<hr \/>\n<h3>Matrizes Curriculares dos Cursos (Clique aqui)<\/h3>\n<p><a href=\"https:\/\/portal.uern.br\/fala\/letras-lingua-portuguesa\/\">Letras L\u00edngua Portuguesa<\/a><\/p>\n<p><a href=\"https:\/\/portal.uern.br\/fala\/letras-lingua-inglesa\/\">Letras L\u00edngua Inglesa<\/a><\/p>\n<p><a href=\"https:\/\/portal.uern.br\/fala\/letras-lingua-espanhola\/\">Letras L\u00edngua Espanhola<\/a><\/p>\n<p><a href=\"https:\/\/portal.uern.br\/fala\/musica\/\">M\u00fasica<\/a><\/p>\n<hr \/>\n<h3>LEGISLA\u00c7\u00c3O DOS CURSOS DA FALA<\/h3>\n<p><a href=\"https:\/\/drive.google.com\/file\/d\/1ya7l3rtP4pJpK5z9YaQFkAqgGNZR914m\/view?usp=share_link\" target=\"_blank\" rel=\"noopener\">Projeto Pedag\u00f3gico do Curso de Letras L\u00edngua Portuguesa<\/a><\/p>\n<p><a href=\"https:\/\/drive.google.com\/file\/d\/1FNq36i_8r61eZf-RvKd8dvqdJdj5-ZUu\/view?usp=sharing\" target=\"_blank\" rel=\"noopener\">Projeto Pedag\u00f3gico do Curso de Letras L\u00edngua Portuguesa EaD<\/a><\/p>\n<p><a href=\"https:\/\/drive.google.com\/file\/d\/172Se6elJL8tLLbcRkihPrGZMOZgdW8Tb\/view?usp=sharing\">Projeto Pedag\u00f3gico do Curso de Letras L\u00edngua Inglesa &#8211; Matriz Curricular 2018<\/a><\/p>\n<p><a href=\"https:\/\/drive.google.com\/file\/d\/1lgq-u3zxHoLTiGOUjEdGSK2K-OJ30aJo\/view?usp=sharing\">Projeto Pedag\u00f3gico do Curso de Letras L\u00edngua Inglesa &#8211; Matriz Curricular 2020<\/a><\/p>\n<p><a href=\"https:\/\/drive.google.com\/file\/d\/19NYHApNVguLbO4tG4KU4Wf28uu465vJu\/view?usp=sharing\">Projeto Pedag\u00f3gico do Curso de Letras L\u00edngua Inglesa &#8211; Matriz Curricular 2020 &#8211; Atualizado 2026<\/a><\/p>\n<p><a href=\"https:\/\/drive.google.com\/file\/d\/15RFfYCCJ4Xc_yEBlO0yZea45qyDI5Tt-\/view?usp=sharing\">Projeto Pedag\u00f3gico do Curso de Letras L\u00edngua Inglesa EaD<\/a><\/p>\n<p><a href=\"https:\/\/drive.google.com\/file\/d\/1QL1YaeLEGdelZj2c6fQtQ7PSfemJ_Pes\/view?usp=share_link\">Projeto Pedag\u00f3gico do Curso de Letras L\u00edngua Espanhola &#8211;\u00a0 Matriz Curricular 2018<\/a><\/p>\n<p><a href=\"https:\/\/drive.google.com\/file\/d\/1JWn1YFkHYwTwfT5qpoZqc15okd8Xt05v\/view?usp=sharing\">Projeto Pedag\u00f3gico do Curso de Letras L\u00edngua Espanhola &#8211;\u00a0 Matriz Curricular 2020\/2023<\/a><\/p>\n<p><a href=\"https:\/\/drive.google.com\/file\/d\/1nLMWnd1r9q5CwsqJ4ETlG4pvwDJIvOWe\/view?usp=sharing\">Projeto Pedag\u00f3gico do Curso de Letras L\u00edngua Espanhola &#8211; Matriz Curricular 2024<\/a><\/p>\n<p><a href=\"https:\/\/drive.google.com\/file\/d\/1nLMWnd1r9q5CwsqJ4ETlG4pvwDJIvOWe\/view?usp=sharing\">Projeto Pedag\u00f3gico do Curso de Letras L\u00edngua Espanhola &#8211; Matriz Curricular 2024 &#8211; Atualizado 2026<\/a><\/p>\n<p><a href=\"https:\/\/drive.google.com\/file\/d\/14qbOFpLIk4Z4YInRcnFFf17gxBTb0aJC\/view?usp=sharing\"><span style=\"font-size: 12pt\">Projeto Pedag\u00f3gico do Curso de M\u00fasica<\/span>\u00a0&#8211; 2025<\/a><\/p>\n<p><span style=\"font-size: 12pt\"><a href=\"https:\/\/drive.google.com\/file\/d\/1Bfb72UXmMjzI1stfTz8_vsVc9pGc0__q\/view?usp=sharing\" target=\"_blank\" rel=\"noopener\">Projeto Pedag\u00f3gico do Curso de M\u00fasica EaD<\/a><\/span><\/p>\n<p><a href=\"https:\/\/drive.google.com\/file\/d\/1qfQMLrCKu8fqYqOiOl6EmVa8mVIkKkhs\/view?usp=sharing\" target=\"_blank\" rel=\"noopener\">Regimento da Escola de M\u00fasica D&#8217;alva Stella Nogueira Freire<\/a><\/p>\n<p><a href=\"https:\/\/drive.google.com\/file\/d\/1bByRYJtpiOOtFV95XRLt4eG8yf2djC1W\/view?usp=drive_link\" target=\"_blank\" rel=\"noopener\">Regimento do N\u00facleo de Estudo e Ensino de L\u00ednguas &#8211; NEEL<\/a><\/p>\n<p><a href=\"https:\/\/drive.google.com\/file\/d\/1mQ-XZ4cVJDaQeMmgRtoPrX3OXKhPTcBd\/view?usp=sharing\">Resolu\u00e7\u00e3o n\u00b0 18\/2023 &#8211; Consepe<\/a><\/p>\n<p><em>Aprova o Regimento Interno da Escola de <\/em><em>Extens\u00e3o denominada de N\u00facleo de <\/em><em>Estudo e Ensino de L\u00ednguas \u2013 Neel &#8211; e <\/em><em>revoga a Resolu\u00e7\u00e3o N\u00ba 38\/2017 &#8211; Consepe.<\/em><\/p>\n<p><a href=\"https:\/\/drive.google.com\/file\/d\/1Eric2YyXQPpugoFO1MyvxUk-T1ZC7RGC\/view?usp=sharing\">Resolu\u00e7\u00e3o n\u00b0 042\/2021 &#8211; Consepe<\/a><\/p>\n<p>Aprova o Projeto Pedag\u00f3gico do Curso de Gradua\u00e7\u00e3o em Letras \u2013 L\u00edngua Inglesa, grau acad\u00eamico licenciatura, modalidade presencial, vinculado ao Campus Central.<\/p>\n","protected":false},"excerpt":{"rendered":"<p>LEGISLA\u00c7\u00c3O EXTERNA Resolu\u00e7\u00e3o CEE-RN n\u00ba 05\/2020 LEGISLA\u00c7\u00c3O GERAL DA UERN Estatuto da UERN Regimento Geral da UERN Plano de Desenvolvimento Institucional da UERN Carta de Servi\u00e7os ao Cidad\u00e3o Resolu\u00e7\u00e3o N\u00ba 59\/2022 &#8211; CD Define as nomenclaturas, as atribui\u00e7\u00f5es, os quantitativos dos Cargos Comissionados e das Fun\u00e7\u00f5es Gratificadas da Fuern e institui os seus organogramas Resolu\u00e7\u00e3o [&hellip;]<\/p>\n","protected":false},"author":1,"featured_media":0,"parent":0,"menu_order":0,"comment_status":"closed","ping_status":"closed","template":"","meta":{"footnotes":""},"class_list":["post-230","page","type-page","status-publish","hentry"],"_links":{"self":[{"href":"https:\/\/portal.uern.br\/fala\/wp-json\/wp\/v2\/pages\/230","targetHints":{"allow":["GET"]}}],"collection":[{"href":"https:\/\/portal.uern.br\/fala\/wp-json\/wp\/v2\/pages"}],"about":[{"href":"https:\/\/portal.uern.br\/fala\/wp-json\/wp\/v2\/types\/page"}],"author":[{"embeddable":true,"href":"https:\/\/portal.uern.br\/fala\/wp-json\/wp\/v2\/users\/1"}],"replies":[{"embeddable":true,"href":"https:\/\/portal.uern.br\/fala\/wp-json\/wp\/v2\/comments?post=230"}],"version-history":[{"count":55,"href":"https:\/\/portal.uern.br\/fala\/wp-json\/wp\/v2\/pages\/230\/revisions"}],"predecessor-version":[{"id":2138,"href":"https:\/\/portal.uern.br\/fala\/wp-json\/wp\/v2\/pages\/230\/revisions\/2138"}],"wp:attachment":[{"href":"https:\/\/portal.uern.br\/fala\/wp-json\/wp\/v2\/media?parent=230"}],"curies":[{"name":"wp","href":"https:\/\/api.w.org\/{rel}","templated":true}]}}