{"id":214,"date":"2022-09-16T14:10:25","date_gmt":"2022-09-16T17:10:25","guid":{"rendered":"https:\/\/paisdemossoro.com.br\/wordpress\/fala\/?page_id=214"},"modified":"2025-12-11T09:51:43","modified_gmt":"2025-12-11T12:51:43","slug":"gestao","status":"publish","type":"page","link":"https:\/\/portal.uern.br\/fala\/gestao\/","title":{"rendered":"Gest\u00e3o"},"content":{"rendered":"<h5>Dire\u00e7\u00e3o<\/h5>\n<p>Diretora &#8211; Iara Maria Carneiro de Freitas<\/p>\n<p>Vice-diretor &#8211; Nilson Roberto Barros da Silva<\/p>\n<p>Email: fala@uern.br<\/p>\n<p>&nbsp;<\/p>\n<h5>Departamento de Artes &#8211; Dart<\/h5>\n<p><strong>Curso de m\u00fasica<\/strong><br \/>\nChefe do departamento &#8211; Andersonn Henrique Sim\u00f5es de Ara\u00fajo<\/p>\n<p>Email: dart@uern.br<\/p>\n<p>&nbsp;<\/p>\n<h5>Coordena\u00e7\u00e3o do Curso de M\u00fasica a Dist\u00e2ncia<\/h5>\n<p>Coordenador &#8211; Renan Colombo Sim\u00f5es<\/p>\n<p>E-mail: musica.ead@uern.br<\/p>\n<p>&nbsp;<\/p>\n<h5>Escola de M\u00fasica D\u2019Alva Stella Nogueira Freire<\/h5>\n<p>Coordenador Administrativo &#8211;\u00a0Bruno Caminha Farias<\/p>\n<p>E-mail:\u00a0escolademusica@uern.br<\/p>\n<p>Coordenador Pedag\u00f3gico &#8211; Fl\u00e1via Maiara Lima Fagundes<\/p>\n<p>E-mail:\u00a0pedagogicoescolademusica@uern.br<\/p>\n<p>Coordenador Art\u00edstico &#8211; Gibson Alves Marinho da Silva<\/p>\n<p>Email:\u00a0artisticoescolademusica@uern.br<\/p>\n<p>&nbsp;<\/p>\n<p>Site: <a href=\"https:\/\/portal.uern.br\/fala\/escolademusica\/\">https:\/\/portal.uern.br\/fala\/escolademusica\/<\/a><\/p>\n<p>&nbsp;<\/p>\n<h5>Departamento de Letras Estrangeiras &#8211; DLE<\/h5>\n<p><strong>Curso de Letras L\u00edngua Espanhola<\/strong><br \/>\n<strong>Curso de Letras L\u00edngua Inglesa<\/strong><\/p>\n<p>Chefe do departamento &#8211; Marcelo Melo da Costa<\/p>\n<p>Subchefe &#8211; Paulo Caetano Davi<\/p>\n<p>Email: dle@uern.br<\/p>\n<p>&nbsp;<\/p>\n<h5>Coordena\u00e7\u00e3o do Curso de Letras L\u00edngua Inglesa a Dist\u00e2ncia<\/h5>\n<p>Coordenadora &#8211;\u00a0Adriana Almeida Fernandes<\/p>\n<p>E-mail: ingles.ead@uern.br<\/p>\n<p>&nbsp;<\/p>\n<h5>N\u00facleo de Estudo e Ensino de L\u00ednguas &#8211; Neel<\/h5>\n<p>Coordenador &#8211; Jos\u00e9 Mariano Tavares J\u00fanior<\/p>\n<p>Email: neel@uern.br<\/p>\n<p>Site:<a href=\"https:\/\/portal.uern.br\/fala\/neel\/\"> https:\/\/portal.uern.br\/fala\/neel\/<\/a><\/p>\n<p>&nbsp;<\/p>\n<h5>Departamento de Letras Vern\u00e1culas &#8211; DLV<\/h5>\n<p><strong>Curso de Letras L\u00edngua Portuguesa<\/strong><\/p>\n<p>Chefe do departamento &#8211; Marcos Paulo de Azevedo<\/p>\n<p>Subchefe &#8211; Leila Maria de Ara\u00fajo Tabosa<\/p>\n<p>Email: dlv@uern.br<\/p>\n<p>Site: <a href=\"https:\/\/portal.uern.br\/fala\/dlv\/\">https:\/\/portal.uern.br\/fala\/dlv\/<\/a><\/p>\n<p>&nbsp;<\/p>\n<h5>Coordena\u00e7\u00e3o do Curso de Letras L\u00edngua Portuguesa a Dist\u00e2ncia<\/h5>\n<p>Coordenador &#8211; Roni\u00ea Rodrigues da Silva<\/p>\n<p>E-mail: letras.ead@uern.br<\/p>\n<p>&nbsp;<\/p>\n<h5>Programa de P\u00f3s-Gradua\u00e7\u00e3o em Ci\u00eancias da Linguagem &#8211; PPCL<\/h5>\n<p>Coordenadora &#8211; Ver\u00f4nica Palmira Salme de Arag\u00e3o<\/p>\n<p>Vice-Coordenador &#8211; Francisco Paulo da Silva<\/p>\n<p>E-mail: ppcl@uern.br<\/p>\n<p>Site: <a href=\"https:\/\/ppcl.uern.br\/\">https:\/\/ppcl.uern.br\/<\/a><\/p>\n<p>&nbsp;<\/p>\n<h5>Programa de Mestrado Profissional em Letras &#8211; Profletras<\/h5>\n<p>Coordenador &#8211; Gilson Chicon Alves<\/p>\n<p>Vice-Coordenador &#8211; Marcos Vin\u00edcius Medeiros da Silva<\/p>\n<p>E-mail: profletras@uern.br<\/p>\n<p>Site: <a href=\"https:\/\/sigaa.uern.br\/sigaa\/public\/programa\/portal.jsf?lc=pt_BR&amp;id=1050\">https:\/\/sigaa.uern.br\/sigaa\/public\/programa\/portal.jsf?lc=pt_BR&amp;id=1050<\/a><\/p>\n<p>&nbsp;<\/p>\n<h2><a href=\"https:\/\/drive.google.com\/file\/d\/1KU3RSxVYWYNQV14gXAwTqb3Q9g2Ekraw\/view?usp=sharing\">Manual dos Gestores da Fala<\/a><\/h2>\n","protected":false},"excerpt":{"rendered":"<p>Dire\u00e7\u00e3o Diretora &#8211; Iara Maria Carneiro de Freitas Vice-diretor &#8211; Nilson Roberto Barros da Silva Email: fala@uern.br &nbsp; Departamento de Artes &#8211; Dart Curso de m\u00fasica Chefe do departamento &#8211; Andersonn Henrique Sim\u00f5es de Ara\u00fajo Email: dart@uern.br &nbsp; Coordena\u00e7\u00e3o do Curso de M\u00fasica a Dist\u00e2ncia Coordenador &#8211; Renan Colombo Sim\u00f5es E-mail: musica.ead@uern.br &nbsp; Escola de [&hellip;]<\/p>\n","protected":false},"author":1,"featured_media":0,"parent":0,"menu_order":0,"comment_status":"closed","ping_status":"closed","template":"","meta":{"footnotes":""},"class_list":["post-214","page","type-page","status-publish","hentry"],"_links":{"self":[{"href":"https:\/\/portal.uern.br\/fala\/wp-json\/wp\/v2\/pages\/214","targetHints":{"allow":["GET"]}}],"collection":[{"href":"https:\/\/portal.uern.br\/fala\/wp-json\/wp\/v2\/pages"}],"about":[{"href":"https:\/\/portal.uern.br\/fala\/wp-json\/wp\/v2\/types\/page"}],"author":[{"embeddable":true,"href":"https:\/\/portal.uern.br\/fala\/wp-json\/wp\/v2\/users\/1"}],"replies":[{"embeddable":true,"href":"https:\/\/portal.uern.br\/fala\/wp-json\/wp\/v2\/comments?post=214"}],"version-history":[{"count":31,"href":"https:\/\/portal.uern.br\/fala\/wp-json\/wp\/v2\/pages\/214\/revisions"}],"predecessor-version":[{"id":2083,"href":"https:\/\/portal.uern.br\/fala\/wp-json\/wp\/v2\/pages\/214\/revisions\/2083"}],"wp:attachment":[{"href":"https:\/\/portal.uern.br\/fala\/wp-json\/wp\/v2\/media?parent=214"}],"curies":[{"name":"wp","href":"https:\/\/api.w.org\/{rel}","templated":true}]}}