{"id":212,"date":"2022-09-16T13:59:22","date_gmt":"2022-09-16T16:59:22","guid":{"rendered":"https:\/\/paisdemossoro.com.br\/wordpress\/fala\/?page_id=212"},"modified":"2025-07-23T10:27:14","modified_gmt":"2025-07-23T13:27:14","slug":"apresentacao","status":"publish","type":"page","link":"https:\/\/portal.uern.br\/fala\/apresentacao\/","title":{"rendered":"Apresenta\u00e7\u00e3o"},"content":{"rendered":"<p><strong>Apresenta\u00e7\u00e3o<\/strong><\/p>\n<p>A Faculdade de Letras e Artes (Fala) teve sua origem em 1965, quando o Decreto Municipal n\u00ba 47-B\/65, de 13 de dezembro de 1965, criou a Faculdade de Filosofia, Ci\u00eancias e Letras de Mossor\u00f3, agregando quatro cursos: Pedagogia, Letras, Hist\u00f3ria e Ci\u00eancias Sociais. Atrav\u00e9s da Portaria n\u00ba 01\/68, de 7 de outubro de 1968, essa faculdade foi desmembrada, dando origem \u00e0 Faculdade de Educa\u00e7\u00e3o, com o curso de Pedagogia, ao Instituto de Ci\u00eancias Humanas (ICH), com os cursos de Hist\u00f3ria, Geografia, Ci\u00eancias Sociais e Direito, e ao Instituto de Letras e Artes (ILA), com o curso de Letras.<\/p>\n<p>Em 1993 a Universidade foi reconhecida pelo Minist\u00e9rio da Educa\u00e7\u00e3o, atrav\u00e9s do Parecer n\u00ba 277\/93, de 4 de maio de 1993, homologada pelo Ministro da Educa\u00e7\u00e3o e do Desporto, Portaria n\u00ba 874\/93, de 17 de junho de 1993. Assim, a estrutura acad\u00eamica \u00e9 padronizada em torno da unidade faculdade, deixando o ILA de existir e transformando-se em Faculdade de Letras e Artes (Fala).<\/p>\n<p>O Curso de Letras foi reconhecido pelo Decreto n\u00ba 71.406 \u2013 CFE, de 20 de novembro de 1972, e dividia-se em tr\u00eas habilita\u00e7\u00f5es: L\u00edngua Portuguesa e L\u00edngua Inglesa, criadas pela Resolu\u00e7\u00e3o n\u00ba 15\/1994 \u2013 CONSEPE, de 10 de agosto de 1994, e L\u00edngua Espanhola, criada pela Resolu\u00e7\u00e3o n\u00ba 22\/1999 \u2013 CONSEPE, de 12 de Agosto de 1999. Em 2012, foi proposta a cria\u00e7\u00e3o de um Projeto Pedag\u00f3gico de Curso \u2013 PPC para cada curso, deixando-se de usar o termo \u201chabilita\u00e7\u00e3o\u201d. A compreens\u00e3o foi a de que existem tr\u00eas cursos espec\u00edficos, cada um com suas singularidades. Assim, em 2014, as Resolu\u00e7\u00f5es n\u00ba 15, 16 e 85, do CONSEPE, aprovaram, respectivamente, os PPC dos Cursos de Letras L\u00edngua Espanhola, Letras L\u00edngua Portuguesa e Letras L\u00edngua Inglesa.<\/p>\n<p>Em 2003, a FALA passou a ofertar, atrav\u00e9s do Departamento de Artes \u2013 Dart, o Curso de Licenciatura em M\u00fasica, criado por meio da Resolu\u00e7\u00e3o N\u00ba 40\/2003 \u2013 CONSEPE, de 28 de novembro de 2003. Em julho de 2004, o curso foi consolidado com a realiza\u00e7\u00e3o do Concurso P\u00fablico para Docentes Efetivos e, em outubro do mesmo ano, deu-se in\u00edcio ao seu primeiro semestre letivo. Posteriormente, o curso obteve seu reconhecimento atrav\u00e9s do Decreto n\u00ba 21.117 \u2013 CEE\/RN, de 24 de abril de 2009.<\/p>\n<p>Atualmente, a FALA est\u00e1 organizada em tr\u00eas departamentos: Departamento de Letras Vern\u00e1culas \u2013 DLV, Departamento de Letras Estrangeiras \u2013 DLE e o Departamento de Artes \u2013 Dart.<\/p>\n<p>Al\u00e9m dos Cursos de Gradua\u00e7\u00e3o, a FALA oferta cursos de P\u00f3s-Gradua\u00e7\u00e3o Lato-Sensu e Stricto-Sensu, em n\u00edvel de mestrado, vinculados ao Programa de Mestrado Profissional em Letras &#8211; Profletras e ao Programa de P\u00f3s-Gradua\u00e7\u00e3o em Ci\u00eancias da Linguagem \u2013 PPCL.<\/p>\n<p><strong>Objetivos dos nossos cursos<\/strong><\/p>\n<p><strong>M\u00fasica<\/strong><\/p>\n<p>Formar professores para o ensino de m\u00fasica, habilitando-os para a atua\u00e7\u00e3o em escolas de educa\u00e7\u00e3o b\u00e1sica, escolas especializadas da \u00e1rea e demais contextos de ensino e aprendizagem da m\u00fasica.<\/p>\n<p><strong>Letras\u00a0(L\u00edngua Portuguesa, L\u00edngua Inglesa e L\u00edngua Espanhola)<\/strong><\/p>\n<p>Formar profissionais interculturalmente competentes, capazes de lidar, de forma cr\u00edtica, com as linguagens, especialmente a verbal, nos contextos oral e escrito, e conscientes de sua inser\u00e7\u00e3o na sociedade e das rela\u00e7\u00f5es com o outro.<\/p>\n","protected":false},"excerpt":{"rendered":"<p>Apresenta\u00e7\u00e3o A Faculdade de Letras e Artes (Fala) teve sua origem em 1965, quando o Decreto Municipal n\u00ba 47-B\/65, de 13 de dezembro de 1965, criou a Faculdade de Filosofia, Ci\u00eancias e Letras de Mossor\u00f3, agregando quatro cursos: Pedagogia, Letras, Hist\u00f3ria e Ci\u00eancias Sociais. Atrav\u00e9s da Portaria n\u00ba 01\/68, de 7 de outubro de 1968, [&hellip;]<\/p>\n","protected":false},"author":1,"featured_media":0,"parent":0,"menu_order":0,"comment_status":"closed","ping_status":"closed","template":"","meta":{"footnotes":""},"class_list":["post-212","page","type-page","status-publish","hentry"],"_links":{"self":[{"href":"https:\/\/portal.uern.br\/fala\/wp-json\/wp\/v2\/pages\/212","targetHints":{"allow":["GET"]}}],"collection":[{"href":"https:\/\/portal.uern.br\/fala\/wp-json\/wp\/v2\/pages"}],"about":[{"href":"https:\/\/portal.uern.br\/fala\/wp-json\/wp\/v2\/types\/page"}],"author":[{"embeddable":true,"href":"https:\/\/portal.uern.br\/fala\/wp-json\/wp\/v2\/users\/1"}],"replies":[{"embeddable":true,"href":"https:\/\/portal.uern.br\/fala\/wp-json\/wp\/v2\/comments?post=212"}],"version-history":[{"count":3,"href":"https:\/\/portal.uern.br\/fala\/wp-json\/wp\/v2\/pages\/212\/revisions"}],"predecessor-version":[{"id":2028,"href":"https:\/\/portal.uern.br\/fala\/wp-json\/wp\/v2\/pages\/212\/revisions\/2028"}],"wp:attachment":[{"href":"https:\/\/portal.uern.br\/fala\/wp-json\/wp\/v2\/media?parent=212"}],"curies":[{"name":"wp","href":"https:\/\/api.w.org\/{rel}","templated":true}]}}