{"id":202,"date":"2022-06-09T13:17:14","date_gmt":"2022-06-09T16:17:14","guid":{"rendered":"https:\/\/paisdemossoro.com.br\/wordpress\/fala\/?page_id=202"},"modified":"2023-05-26T14:41:12","modified_gmt":"2023-05-26T17:41:12","slug":"home","status":"publish","type":"page","link":"https:\/\/portal.uern.br\/fala\/","title":{"rendered":"Home"},"content":{"rendered":"\t\t<div data-elementor-type=\"wp-page\" data-elementor-id=\"202\" class=\"elementor elementor-202\" data-elementor-post-type=\"page\">\n\t\t\t\t\t\t<section class=\"elementor-section elementor-top-section elementor-element elementor-element-4e15d22 elementor-section-full_width elementor-section-height-default elementor-section-height-default\" data-id=\"4e15d22\" data-element_type=\"section\">\n\t\t\t\t\t\t<div class=\"elementor-container elementor-column-gap-default\">\n\t\t\t\t\t<div class=\"elementor-column elementor-col-100 elementor-top-column elementor-element elementor-element-d38b1d4\" data-id=\"d38b1d4\" data-element_type=\"column\">\n\t\t\t<div class=\"elementor-widget-wrap elementor-element-populated\">\n\t\t\t\t\t\t<div class=\"elementor-element elementor-element-18eb0ac elementor-widget elementor-widget-image\" data-id=\"18eb0ac\" data-element_type=\"widget\" data-widget_type=\"image.default\">\n\t\t\t\t<div class=\"elementor-widget-container\">\n\t\t\t\t\t\t\t\t\t\t\t\t\t\t\t<img fetchpriority=\"high\" decoding=\"async\" width=\"1600\" height=\"1200\" src=\"https:\/\/portal.uern.br\/fala\/wp-content\/uploads\/2023\/04\/FOTO-FALA-1.jpeg\" class=\"attachment-full size-full wp-image-741\" alt=\"\" srcset=\"https:\/\/portal.uern.br\/fala\/wp-content\/uploads\/2023\/04\/FOTO-FALA-1.jpeg 1600w, https:\/\/portal.uern.br\/fala\/wp-content\/uploads\/2023\/04\/FOTO-FALA-1-300x225.jpeg 300w, https:\/\/portal.uern.br\/fala\/wp-content\/uploads\/2023\/04\/FOTO-FALA-1-1024x768.jpeg 1024w, https:\/\/portal.uern.br\/fala\/wp-content\/uploads\/2023\/04\/FOTO-FALA-1-768x576.jpeg 768w, https:\/\/portal.uern.br\/fala\/wp-content\/uploads\/2023\/04\/FOTO-FALA-1-1536x1152.jpeg 1536w\" sizes=\"(max-width: 1600px) 100vw, 1600px\" \/>\t\t\t\t\t\t\t\t\t\t\t\t\t\t\t<\/div>\n\t\t\t\t<\/div>\n\t\t\t\t\t<\/div>\n\t\t<\/div>\n\t\t\t\t\t<\/div>\n\t\t<\/section>\n\t\t\t\t<section class=\"elementor-section elementor-top-section elementor-element elementor-element-d42e495 elementor-reverse-mobile elementor-section-height-min-height elementor-section-items-stretch elementor-section-boxed elementor-section-height-default\" data-id=\"d42e495\" data-element_type=\"section\" data-settings=\"{&quot;background_background&quot;:&quot;classic&quot;}\">\n\t\t\t\t\t\t<div class=\"elementor-container elementor-column-gap-default\">\n\t\t\t\t\t<div class=\"elementor-column elementor-col-50 elementor-top-column elementor-element elementor-element-07abda6 elementor-hidden-mobile\" data-id=\"07abda6\" data-element_type=\"column\" data-settings=\"{&quot;background_background&quot;:&quot;classic&quot;}\">\n\t\t\t<div class=\"elementor-widget-wrap elementor-element-populated\">\n\t\t\t\t\t\t<div class=\"elementor-element elementor-element-99c8fc9 elementor-nav-menu__text-align-aside elementor-widget elementor-widget-nav-menu\" data-id=\"99c8fc9\" data-element_type=\"widget\" data-settings=\"{&quot;layout&quot;:&quot;dropdown&quot;,&quot;submenu_icon&quot;:{&quot;value&quot;:&quot;&lt;i class=\\&quot;fas fa-caret-down\\&quot; aria-hidden=\\&quot;true\\&quot;&gt;&lt;\\\/i&gt;&quot;,&quot;library&quot;:&quot;fa-solid&quot;}}\" data-widget_type=\"nav-menu.default\">\n\t\t\t\t<div class=\"elementor-widget-container\">\n\t\t\t\t\t\t\t\t<nav class=\"elementor-nav-menu--dropdown elementor-nav-menu__container\" aria-hidden=\"true\">\n\t\t\t\t<ul id=\"menu-2-99c8fc9\" class=\"elementor-nav-menu\"><li class=\"menu-item menu-item-type-post_type menu-item-object-page menu-item-home menu-item-1377\"><a href=\"https:\/\/portal.uern.br\/fala\/\" class=\"elementor-item\" tabindex=\"-1\">Home<\/a><\/li>\n<li class=\"menu-item menu-item-type-post_type menu-item-object-page menu-item-1378\"><a href=\"https:\/\/portal.uern.br\/fala\/apresentacao\/\" class=\"elementor-item\" tabindex=\"-1\">Apresenta\u00e7\u00e3o<\/a><\/li>\n<li class=\"menu-item menu-item-type-post_type menu-item-object-page menu-item-2001\"><a href=\"https:\/\/portal.uern.br\/fala\/horario-de-atendimento-setorial\/\" class=\"elementor-item\" tabindex=\"-1\">Hor\u00e1rio de atendimento setorial<\/a><\/li>\n<li class=\"menu-item menu-item-type-post_type menu-item-object-page menu-item-449\"><a href=\"https:\/\/portal.uern.br\/fala\/gestao\/\" class=\"elementor-item\" tabindex=\"-1\">Equipe Gestora\/Contatos<\/a><\/li>\n<li class=\"menu-item menu-item-type-post_type menu-item-object-page menu-item-has-children menu-item-845\"><a href=\"https:\/\/portal.uern.br\/fala\/organograma-da-fala\/\" class=\"elementor-item\" tabindex=\"-1\">Organograma da Fala<\/a>\n<ul class=\"sub-menu elementor-nav-menu--dropdown\">\n\t<li class=\"menu-item menu-item-type-post_type menu-item-object-page menu-item-453\"><a href=\"https:\/\/portal.uern.br\/fala\/organograma\/\" class=\"elementor-sub-item\" tabindex=\"-1\">Estrutura organizacional da Equipe Gestora da Fala com foco em cargos e pessoas<\/a><\/li>\n<\/ul>\n<\/li>\n<li class=\"menu-item menu-item-type-post_type menu-item-object-page menu-item-638\"><a href=\"https:\/\/portal.uern.br\/fala\/tecnicos\/\" class=\"elementor-item\" tabindex=\"-1\">Corpo T\u00e9cnico da Fala<\/a><\/li>\n<li class=\"menu-item menu-item-type-post_type menu-item-object-page menu-item-has-children menu-item-636\"><a href=\"https:\/\/portal.uern.br\/fala\/docente\/\" class=\"elementor-item\" tabindex=\"-1\">Docente<\/a>\n<ul class=\"sub-menu elementor-nav-menu--dropdown\">\n\t<li class=\"menu-item menu-item-type-post_type menu-item-object-page menu-item-447\"><a href=\"https:\/\/portal.uern.br\/fala\/corpo-docente\/\" class=\"elementor-sub-item\" tabindex=\"-1\">Corpo Docente<\/a><\/li>\n<\/ul>\n<\/li>\n<li class=\"menu-item menu-item-type-post_type menu-item-object-page menu-item-637\"><a href=\"https:\/\/portal.uern.br\/fala\/discente\/\" class=\"elementor-item\" tabindex=\"-1\">Discente<\/a><\/li>\n<li class=\"menu-item menu-item-type-post_type menu-item-object-page menu-item-1658\"><a href=\"https:\/\/portal.uern.br\/fala\/egressos\/\" class=\"elementor-item\" tabindex=\"-1\">Egressos<\/a><\/li>\n<li class=\"menu-item menu-item-type-post_type menu-item-object-page menu-item-798\"><a href=\"https:\/\/portal.uern.br\/fala\/horarios-do-semestre\/\" class=\"elementor-item\" tabindex=\"-1\">Hor\u00e1rios do Semestre<\/a><\/li>\n<li class=\"menu-item menu-item-type-post_type menu-item-object-page menu-item-634\"><a href=\"https:\/\/portal.uern.br\/fala\/calendarios\/\" class=\"elementor-item\" tabindex=\"-1\">Calend\u00e1rios<\/a><\/li>\n<li class=\"menu-item menu-item-type-post_type menu-item-object-page menu-item-448\"><a href=\"https:\/\/portal.uern.br\/fala\/escolas-e-projetos-de-extensao\/\" class=\"elementor-item\" tabindex=\"-1\">Escolas e Projetos de Extens\u00e3o<\/a><\/li>\n<li class=\"menu-item menu-item-type-post_type menu-item-object-page menu-item-450\"><a href=\"https:\/\/portal.uern.br\/fala\/grupos-de-estudo-e-de-pesquisa\/\" class=\"elementor-item\" tabindex=\"-1\">Grupos de Estudo e de Pesquisa<\/a><\/li>\n<li class=\"menu-item menu-item-type-post_type menu-item-object-page menu-item-454\"><a href=\"https:\/\/portal.uern.br\/fala\/pibid-resped-pibic-e-projetos-de-fluxo-continuo\/\" class=\"elementor-item\" tabindex=\"-1\">PIBID, PRP, PIBIC, Projetos de Fluxo Cont\u00ednuo,  PEGs e PIM<\/a><\/li>\n<li class=\"menu-item menu-item-type-post_type menu-item-object-page menu-item-452\"><a href=\"https:\/\/portal.uern.br\/fala\/mestrado\/\" class=\"elementor-item\" tabindex=\"-1\">Mestrado<\/a><\/li>\n<li class=\"menu-item menu-item-type-post_type menu-item-object-page menu-item-451\"><a href=\"https:\/\/portal.uern.br\/fala\/legislacao\/\" class=\"elementor-item\" tabindex=\"-1\">Legisla\u00e7\u00e3o e PPCs<\/a><\/li>\n<li class=\"menu-item menu-item-type-post_type menu-item-object-page menu-item-635\"><a href=\"https:\/\/portal.uern.br\/fala\/cose-relatorios-de-avaliacao-interna\/\" class=\"elementor-item\" tabindex=\"-1\">COSE \u2013 Relat\u00f3rios de Avalia\u00e7\u00e3o Interna<\/a><\/li>\n<li class=\"menu-item menu-item-type-post_type menu-item-object-page menu-item-755\"><a href=\"https:\/\/portal.uern.br\/fala\/reserva-do-auditorio\/\" class=\"elementor-item\" tabindex=\"-1\">Reserva do Audit\u00f3rio<\/a><\/li>\n<li class=\"menu-item menu-item-type-post_type menu-item-object-page menu-item-1410\"><a href=\"https:\/\/portal.uern.br\/fala\/normas-da-uern-para-trabalhos-cientificos\/\" class=\"elementor-item\" tabindex=\"-1\">Normas da Uern para trabalhos cient\u00edficos<\/a><\/li>\n<li class=\"menu-item menu-item-type-post_type menu-item-object-page menu-item-1694\"><a href=\"https:\/\/portal.uern.br\/fala\/perguntas-frequentes\/\" class=\"elementor-item\" tabindex=\"-1\">Perguntas Frequentes<\/a><\/li>\n<\/ul>\t\t\t<\/nav>\n\t\t\t\t\t\t<\/div>\n\t\t\t\t<\/div>\n\t\t\t\t\t<\/div>\n\t\t<\/div>\n\t\t\t\t<div class=\"elementor-column elementor-col-50 elementor-top-column elementor-element elementor-element-b259a85\" data-id=\"b259a85\" data-element_type=\"column\" data-settings=\"{&quot;background_background&quot;:&quot;classic&quot;}\">\n\t\t\t<div class=\"elementor-widget-wrap elementor-element-populated\">\n\t\t\t\t\t\t\t<\/div>\n\t\t<\/div>\n\t\t\t\t\t<\/div>\n\t\t<\/section>\n\t\t\t\t<\/div>\n\t\t","protected":false},"excerpt":{"rendered":"","protected":false},"author":1,"featured_media":0,"parent":0,"menu_order":0,"comment_status":"closed","ping_status":"closed","template":"","meta":{"footnotes":""},"class_list":["post-202","page","type-page","status-publish","hentry"],"_links":{"self":[{"href":"https:\/\/portal.uern.br\/fala\/wp-json\/wp\/v2\/pages\/202","targetHints":{"allow":["GET"]}}],"collection":[{"href":"https:\/\/portal.uern.br\/fala\/wp-json\/wp\/v2\/pages"}],"about":[{"href":"https:\/\/portal.uern.br\/fala\/wp-json\/wp\/v2\/types\/page"}],"author":[{"embeddable":true,"href":"https:\/\/portal.uern.br\/fala\/wp-json\/wp\/v2\/users\/1"}],"replies":[{"embeddable":true,"href":"https:\/\/portal.uern.br\/fala\/wp-json\/wp\/v2\/comments?post=202"}],"version-history":[{"count":52,"href":"https:\/\/portal.uern.br\/fala\/wp-json\/wp\/v2\/pages\/202\/revisions"}],"predecessor-version":[{"id":1384,"href":"https:\/\/portal.uern.br\/fala\/wp-json\/wp\/v2\/pages\/202\/revisions\/1384"}],"wp:attachment":[{"href":"https:\/\/portal.uern.br\/fala\/wp-json\/wp\/v2\/media?parent=202"}],"curies":[{"name":"wp","href":"https:\/\/api.w.org\/{rel}","templated":true}]}}