{"id":1992,"date":"2025-06-25T12:44:09","date_gmt":"2025-06-25T15:44:09","guid":{"rendered":"https:\/\/portal.uern.br\/fala\/?page_id=1992"},"modified":"2025-12-11T11:20:26","modified_gmt":"2025-12-11T14:20:26","slug":"horario-de-atendimento-setorial","status":"publish","type":"page","link":"https:\/\/portal.uern.br\/fala\/horario-de-atendimento-setorial\/","title":{"rendered":"Hor\u00e1rio de atendimento setorial"},"content":{"rendered":"<h5 class=\"western\">Secret\u00e1ria da Dire\u00e7\u00e3o<\/h5>\n<p class=\"western\">De segunda-feira a sexta-feira das 07h \u00e0s 22h<\/p>\n<p>&nbsp;<\/p>\n<h5 class=\"western\">Secret\u00e1ria do Departamento de Artes &#8211; Dart<\/h5>\n<p class=\"western\">De segunda-feira a sexta-feira das 07h \u00e0s 13h e das 16h \u00e0s 22h<\/p>\n<p>&nbsp;<\/p>\n<h5 class=\"western\">Secret\u00e1ria do Curso de M\u00fasica a Dist\u00e2ncia<\/h5>\n<p class=\"western\">De segunda-feira a sexta-feira das 16h \u00e0s 22h<\/p>\n<p>&nbsp;<\/p>\n<h5 class=\"western\">Secret\u00e1ria da Escola de M\u00fasica D\u2019Alva Stella Nogueira Freire<\/h5>\n<p class=\"western\">De segunda-feira a sexta-feira das 07h \u00e0s 22h<\/p>\n<p>&nbsp;<\/p>\n<h5 class=\"western\">Secret\u00e1ria do Departamento de Letras Estrangeiras &#8211; DLE<\/h5>\n<p class=\"western\">De segunda-feira a sexta-feira das 07h \u00e0s 13h e das 16h20 \u00e0s 22h20<\/p>\n<p>&nbsp;<\/p>\n<h5 class=\"western\">Secret\u00e1ria do Curso de Letras L\u00edngua Inglesa a Dist\u00e2ncia<\/h5>\n<p class=\"western\">De segunda-feira a sexta-feira das 07h \u00e0s 13h<\/p>\n<p>&nbsp;<\/p>\n<h5 class=\"western\">Secret\u00e1ria do N\u00facleo de Estudo e Ensino de L\u00ednguas &#8211; Neel<\/h5>\n<p class=\"western\">De segunda-feira a sexta-feira das 07h \u00e0s 13h e das 16h \u00e0s 22h<\/p>\n<p>&nbsp;<\/p>\n<h5 class=\"western\">Secret\u00e1ria do Departamento de Letras Vern\u00e1culas &#8211; DLV<\/h5>\n<p class=\"western\">De segunda-feira a sexta-feira das 07h \u00e0s 13h e das 18h \u00e0s 22h<\/p>\n<p>&nbsp;<\/p>\n<h5 class=\"western\">Secret\u00e1ria do Curso de Letras L\u00edngua Portuguesa a Dist\u00e2ncia<\/h5>\n<p class=\"western\">De segunda-feira a sexta-feira das 07h \u00e0s 13h<\/p>\n<p>&nbsp;<\/p>\n<h5 class=\"western\">Secret\u00e1ria do Programa de P\u00f3s-Gradua\u00e7\u00e3o em Ci\u00eancias da Linguagem &#8211; PPCL<\/h5>\n<p class=\"western\">De segunda-feira a sexta-feira das 10h \u00e0s 16h<\/p>\n<p>&nbsp;<\/p>\n<h5 class=\"western\">Secret\u00e1ria do Programa de Mestrado Profissional em Letras &#8211; Profletras<\/h5>\n<p class=\"western\">De segunda-feira a sexta-feira das 07h30 \u00e0s 13h30<\/p>\n<p>&nbsp;<\/p>\n","protected":false},"excerpt":{"rendered":"<p>Secret\u00e1ria da Dire\u00e7\u00e3o De segunda-feira a sexta-feira das 07h \u00e0s 22h &nbsp; Secret\u00e1ria do Departamento de Artes &#8211; Dart De segunda-feira a sexta-feira das 07h \u00e0s 13h e das 16h \u00e0s 22h &nbsp; Secret\u00e1ria do Curso de M\u00fasica a Dist\u00e2ncia De segunda-feira a sexta-feira das 16h \u00e0s 22h &nbsp; Secret\u00e1ria da Escola de M\u00fasica D\u2019Alva [&hellip;]<\/p>\n","protected":false},"author":3,"featured_media":0,"parent":0,"menu_order":4,"comment_status":"closed","ping_status":"closed","template":"","meta":{"footnotes":""},"class_list":["post-1992","page","type-page","status-publish","hentry"],"_links":{"self":[{"href":"https:\/\/portal.uern.br\/fala\/wp-json\/wp\/v2\/pages\/1992","targetHints":{"allow":["GET"]}}],"collection":[{"href":"https:\/\/portal.uern.br\/fala\/wp-json\/wp\/v2\/pages"}],"about":[{"href":"https:\/\/portal.uern.br\/fala\/wp-json\/wp\/v2\/types\/page"}],"author":[{"embeddable":true,"href":"https:\/\/portal.uern.br\/fala\/wp-json\/wp\/v2\/users\/3"}],"replies":[{"embeddable":true,"href":"https:\/\/portal.uern.br\/fala\/wp-json\/wp\/v2\/comments?post=1992"}],"version-history":[{"count":9,"href":"https:\/\/portal.uern.br\/fala\/wp-json\/wp\/v2\/pages\/1992\/revisions"}],"predecessor-version":[{"id":2029,"href":"https:\/\/portal.uern.br\/fala\/wp-json\/wp\/v2\/pages\/1992\/revisions\/2029"}],"wp:attachment":[{"href":"https:\/\/portal.uern.br\/fala\/wp-json\/wp\/v2\/media?parent=1992"}],"curies":[{"name":"wp","href":"https:\/\/api.w.org\/{rel}","templated":true}]}}