{"id":864,"date":"2024-02-08T08:36:52","date_gmt":"2024-02-08T11:36:52","guid":{"rendered":"https:\/\/portal.uern.br\/fala\/neel\/?page_id=864"},"modified":"2025-08-15T10:06:35","modified_gmt":"2025-08-15T13:06:35","slug":"declaracao-menor-de-idade","status":"publish","type":"page","link":"https:\/\/portal.uern.br\/fala\/neel\/declaracao-menor-de-idade\/","title":{"rendered":"Declara\u00e7\u00e3o- Menor de idade"},"content":{"rendered":"<p><a href=\"https:\/\/docs.google.com\/document\/d\/1medvXNrxLaa1lyM5PSBwB_q_b2slAduH\/edit?usp=sharing&amp;ouid=113893688785478307339&amp;rtpof=true&amp;sd=true\">Declara\u00e7\u00e3o de concord\u00e2ncia- Menor de idade<\/a><\/p>\n","protected":false},"excerpt":{"rendered":"<p>Declara\u00e7\u00e3o de concord\u00e2ncia- Menor de idade<\/p>\n","protected":false},"author":11,"featured_media":0,"parent":0,"menu_order":0,"comment_status":"closed","ping_status":"closed","template":"","meta":{"footnotes":""},"class_list":["post-864","page","type-page","status-publish","hentry"],"_links":{"self":[{"href":"https:\/\/portal.uern.br\/fala\/neel\/wp-json\/wp\/v2\/pages\/864","targetHints":{"allow":["GET"]}}],"collection":[{"href":"https:\/\/portal.uern.br\/fala\/neel\/wp-json\/wp\/v2\/pages"}],"about":[{"href":"https:\/\/portal.uern.br\/fala\/neel\/wp-json\/wp\/v2\/types\/page"}],"author":[{"embeddable":true,"href":"https:\/\/portal.uern.br\/fala\/neel\/wp-json\/wp\/v2\/users\/11"}],"replies":[{"embeddable":true,"href":"https:\/\/portal.uern.br\/fala\/neel\/wp-json\/wp\/v2\/comments?post=864"}],"version-history":[{"count":5,"href":"https:\/\/portal.uern.br\/fala\/neel\/wp-json\/wp\/v2\/pages\/864\/revisions"}],"predecessor-version":[{"id":1135,"href":"https:\/\/portal.uern.br\/fala\/neel\/wp-json\/wp\/v2\/pages\/864\/revisions\/1135"}],"wp:attachment":[{"href":"https:\/\/portal.uern.br\/fala\/neel\/wp-json\/wp\/v2\/media?parent=864"}],"curies":[{"name":"wp","href":"https:\/\/api.w.org\/{rel}","templated":true}]}}