{"id":5,"date":"2022-09-22T10:47:47","date_gmt":"2022-09-22T13:47:47","guid":{"rendered":"https:\/\/paisdemossoro.com.br\/wordpress\/fala\/musica\/?page_id=5"},"modified":"2023-10-25T08:49:26","modified_gmt":"2023-10-25T11:49:26","slug":"apresentacao","status":"publish","type":"page","link":"https:\/\/portal.uern.br\/fala\/neel\/","title":{"rendered":"Apresenta\u00e7\u00e3o"},"content":{"rendered":"<p>O N\u00facleo de Estudo e Ensino de L\u00ednguas \u2013 NEEL \u2013 \u00e9 uma Escola de Extens\u00e3o da Faculdade de Letras e Artes \u2013 FALA, sob a responsabilidade do Departamento de Letras Estrangeiras \u2013 DLE, regimentada pelas normas vigentes da Pr\u00f3-Reitoria de Extens\u00e3o \u2013 PROEX, da Universidade do Estado do Rio Grande do Norte \u2013 UERN. O N\u00facleo se constitui em um conjunto de a\u00e7\u00f5es de cunho pedag\u00f3gico, atuando na promo\u00e7\u00e3o de cursos de l\u00ednguas inglesa e espanhola, como cursos regulares, e na oferta de cursos especiais.<\/p>\n<p>Os principais objetivos do N\u00facleo de Estudo e Ensino de L\u00ednguas s\u00e3o: oferecer cursos destinados \u00e0 comunidade universit\u00e1ria e a todo interessado na aprendizagem de l\u00ednguas que primem pelo desenvolvimento das habilidades lingu\u00edsticas de ouvir, falar, ler e\/ou escrever; difundir e promover o interc\u00e2mbio cultural e lingu\u00edstico; organizar e desenvolver cursos de l\u00ednguas preparat\u00f3rios para exames com fins espec\u00edficos; oferecer conhecimento de l\u00ednguas para atua\u00e7\u00e3o profissional no mercado de trabalho; promover cursos especiais que tratem de quest\u00f5es de ensino e aprendizagem de l\u00edngua materna e\/ou estrangeira e de an\u00e1lise de fen\u00f4menos da linguagem; servir de campo de pesquisa acad\u00eamica; e promover eventos culturais ligados ao ensino de l\u00ednguas.<\/p>\n<h5><\/h5>\n<h5>Hist\u00f3ria<\/h5>\n<p>O N\u00facleo de Estudo e Ensino de L\u00ednguas da UERN foi fundado em 1997 com o objetivo de dotar a comunidade universit\u00e1ria da Institui\u00e7\u00e3o de alternativa para a aprendizagem de l\u00ednguas estrangeiras, em ambiente acad\u00eamico, com ensino de qualidade, com base na abordagem comunicativa. Nos primeiros semestres de funcionamento, o N\u00facleo contou com a participa\u00e7\u00e3o de estudantes intercambistas estrangeiros que se encontravam em nossa regi\u00e3o por meio do AFS INTERCULTURA BRASIL. Estes foram treinados por professores da Faculdade de Letras para ministrarem aulas de seus idiomas maternos. Assim, tivemos como monitores, estudantes canadenses, australianos e norte-americanos, o que emprestava \u00e0 Unidade uma atmosfera multilingu\u00edstica e multicultural. Contamos tamb\u00e9m com jovens de nossa comunidade que haviam vivenciado experi\u00eancias interculturais em outros pa\u00edses, os quais se integraram ao N\u00facleo para ministrarem aulas das l\u00ednguas em cujos pa\u00edses vivenciaram suas experi\u00eancias interculturais.<\/p>\n<p>Al\u00e9m de intercambistas estrangeiros e de estudantes brasileiros que participaram de intercambio cultural, estudantes do Curso de Letras L\u00edngua Inglesa tamb\u00e9m atuavam como monitores, ministrando aulas de Ingl\u00eas, o que os beneficiou bastante quanto a obterem experi\u00eancia na pr\u00e1tica docente. Posteriormente, com a implanta\u00e7\u00e3o, no Curso de Letras, da Licenciatura em L\u00edngua Espanhola, tamb\u00e9m participaram como monitores estudantes de Espanhol.<\/p>\n<p>O surgimento do N\u00facleo teve grande import\u00e2ncia na comunidade universit\u00e1ria e na sociedade mossoroense por ter possibilitado a participa\u00e7\u00e3o, em estudos de l\u00ednguas estrangeiras, de estudantes, professores, t\u00e9cnicos administrativos e demais funcion\u00e1rios da UERN e de integrantes da comunidade em geral. Assim, podemos afirmar que, a partir do NEEL, o interesse pela aprendizagem de idiomas estrangeiros tornou-se um aspecto vis\u00edvel na universidade, pois o N\u00facleo passou a ter centenas de estudantes matriculados em seus cursos por semestre.<\/p>\n<p>Dada a sua import\u00e2ncia, a administra\u00e7\u00e3o do N\u00facleo foi convidada,\u00a0em determinado momento,\u00a0a designar monitores e professores para ministrar cursos de L\u00edngua Inglesa na UFERSA, Institui\u00e7\u00e3o na qual, em alguns semestres, o N\u00facleo tinha cerca de 10 (dez) turmas em funcionamento.<\/p>\n<p>\u00c9 importante ressaltar que, ao longo de seu funcionamento, foram disponibilizados para a comunidade universit\u00e1ria e para a comunidade da regi\u00e3o cursos das l\u00ednguas inglesa, espanhola, francesa, italiana, alem\u00e3 e japonesa. Atualmente, funcionando como\u00a0Escola\u00a0de Extens\u00e3o, o NEEL oferece \u00e0 comunidade cursos regulares das l\u00ednguas inglesa e espanhola, cursos preparat\u00f3rios para exames de profici\u00eancia leitora nessas l\u00ednguas e, eventualmente, cursos especiais, n\u00e3o regulares.<\/p>\n<p>&nbsp;<\/p>\n<h5><\/h5>\n","protected":false},"excerpt":{"rendered":"<p>O N\u00facleo de Estudo e Ensino de L\u00ednguas \u2013 NEEL \u2013 \u00e9 uma Escola de Extens\u00e3o da Faculdade de Letras e Artes \u2013 FALA, sob a responsabilidade do Departamento de Letras Estrangeiras \u2013 DLE, regimentada pelas normas vigentes da Pr\u00f3-Reitoria de Extens\u00e3o \u2013 PROEX, da Universidade do Estado do Rio Grande do Norte \u2013 UERN. [&hellip;]<\/p>\n","protected":false},"author":1,"featured_media":0,"parent":0,"menu_order":0,"comment_status":"closed","ping_status":"closed","template":"","meta":{"footnotes":""},"class_list":["post-5","page","type-page","status-publish","hentry"],"_links":{"self":[{"href":"https:\/\/portal.uern.br\/fala\/neel\/wp-json\/wp\/v2\/pages\/5","targetHints":{"allow":["GET"]}}],"collection":[{"href":"https:\/\/portal.uern.br\/fala\/neel\/wp-json\/wp\/v2\/pages"}],"about":[{"href":"https:\/\/portal.uern.br\/fala\/neel\/wp-json\/wp\/v2\/types\/page"}],"author":[{"embeddable":true,"href":"https:\/\/portal.uern.br\/fala\/neel\/wp-json\/wp\/v2\/users\/1"}],"replies":[{"embeddable":true,"href":"https:\/\/portal.uern.br\/fala\/neel\/wp-json\/wp\/v2\/comments?post=5"}],"version-history":[{"count":10,"href":"https:\/\/portal.uern.br\/fala\/neel\/wp-json\/wp\/v2\/pages\/5\/revisions"}],"predecessor-version":[{"id":808,"href":"https:\/\/portal.uern.br\/fala\/neel\/wp-json\/wp\/v2\/pages\/5\/revisions\/808"}],"wp:attachment":[{"href":"https:\/\/portal.uern.br\/fala\/neel\/wp-json\/wp\/v2\/media?parent=5"}],"curies":[{"name":"wp","href":"https:\/\/api.w.org\/{rel}","templated":true}]}}