{"id":400,"date":"2023-04-10T08:25:25","date_gmt":"2023-04-10T11:25:25","guid":{"rendered":"https:\/\/portal.uern.br\/fala\/neel\/?page_id=400"},"modified":"2025-11-05T10:37:56","modified_gmt":"2025-11-05T13:37:56","slug":"eventos","status":"publish","type":"page","link":"https:\/\/portal.uern.br\/fala\/neel\/eventos\/","title":{"rendered":"Eventos"},"content":{"rendered":"<p>O N\u00facleo de Estudo e Ensino de L\u00ednguas (Neel) participando da II Feira de Internacionaliza\u00e7\u00e3o da Uern, promovida pela Diri, em 4 de novembro de 2025. Participaram do evento o coordenador do Neel, Jos\u00e9 Mariano Tavares Junior, a secret\u00e1ria do Neel, Maria Janaina T\u00f4rres R\u00eago, e as bolsistas de ingl\u00eas do Neel, Amanda Lara Lima Costa, Let\u00edcia Pires do Nascimento e Ta\u00eds Beatriz Soares Hernandez. Esteve presente no estande do Neel, o professor Lu\u00eds Alberto de Lima, fundador e ex-coordenador do Neel.<\/p>\n<p><img fetchpriority=\"high\" decoding=\"async\" class=\"size-medium wp-image-1140 aligncenter\" src=\"https:\/\/portal.uern.br\/fala\/neel\/wp-content\/uploads\/sites\/7\/2025\/11\/IMG-20251104-WA0020-238x300.jpg\" alt=\"\" width=\"238\" height=\"300\" srcset=\"https:\/\/portal.uern.br\/fala\/neel\/wp-content\/uploads\/sites\/7\/2025\/11\/IMG-20251104-WA0020-238x300.jpg 238w, https:\/\/portal.uern.br\/fala\/neel\/wp-content\/uploads\/sites\/7\/2025\/11\/IMG-20251104-WA0020-812x1024.jpg 812w, https:\/\/portal.uern.br\/fala\/neel\/wp-content\/uploads\/sites\/7\/2025\/11\/IMG-20251104-WA0020-768x969.jpg 768w, https:\/\/portal.uern.br\/fala\/neel\/wp-content\/uploads\/sites\/7\/2025\/11\/IMG-20251104-WA0020.jpg 1015w\" sizes=\"(max-width: 238px) 100vw, 238px\" \/> <img decoding=\"async\" class=\"size-medium wp-image-1141 aligncenter\" src=\"https:\/\/portal.uern.br\/fala\/neel\/wp-content\/uploads\/sites\/7\/2025\/11\/IMG-20251104-WA0053-225x300.jpg\" alt=\"\" width=\"225\" height=\"300\" srcset=\"https:\/\/portal.uern.br\/fala\/neel\/wp-content\/uploads\/sites\/7\/2025\/11\/IMG-20251104-WA0053-225x300.jpg 225w, https:\/\/portal.uern.br\/fala\/neel\/wp-content\/uploads\/sites\/7\/2025\/11\/IMG-20251104-WA0053-768x1024.jpg 768w, https:\/\/portal.uern.br\/fala\/neel\/wp-content\/uploads\/sites\/7\/2025\/11\/IMG-20251104-WA0053.jpg 960w\" sizes=\"(max-width: 225px) 100vw, 225px\" \/><\/p>\n<p>&nbsp;<\/p>\n<p>O N\u00facleo de Estudo e Ensino de L\u00ednguas- Neel participou da programa\u00e7\u00e3o do Viva Uern Rio Branco, segunda edi\u00e7\u00e3o de 2023, dia 29 de outubro, divulgando nosso projeto \u00e0 popula\u00e7\u00e3o, representado pelo Coordenador do Neel, Wanderley da Silva, e os bolsistas, Camila do Nascimento Silva Bezerra e Ira\u00ea Oliveira de Souza.<\/p>\n<p><img decoding=\"async\" class=\"size-medium wp-image-828 aligncenter\" src=\"https:\/\/portal.uern.br\/fala\/neel\/wp-content\/uploads\/sites\/7\/2023\/11\/Screenshot_20231116_073644_Instagram-300x222.jpg\" alt=\"\" width=\"300\" height=\"222\" srcset=\"https:\/\/portal.uern.br\/fala\/neel\/wp-content\/uploads\/sites\/7\/2023\/11\/Screenshot_20231116_073644_Instagram-300x222.jpg 300w, https:\/\/portal.uern.br\/fala\/neel\/wp-content\/uploads\/sites\/7\/2023\/11\/Screenshot_20231116_073644_Instagram.jpg 759w\" sizes=\"(max-width: 300px) 100vw, 300px\" \/><\/p>\n<p><img loading=\"lazy\" decoding=\"async\" class=\"size-medium wp-image-827 aligncenter\" src=\"https:\/\/portal.uern.br\/fala\/neel\/wp-content\/uploads\/sites\/7\/2023\/11\/Screenshot_20231116_073636_Instagram-300x171.jpg\" alt=\"\" width=\"300\" height=\"171\" srcset=\"https:\/\/portal.uern.br\/fala\/neel\/wp-content\/uploads\/sites\/7\/2023\/11\/Screenshot_20231116_073636_Instagram-300x171.jpg 300w, https:\/\/portal.uern.br\/fala\/neel\/wp-content\/uploads\/sites\/7\/2023\/11\/Screenshot_20231116_073636_Instagram.jpg 734w\" sizes=\"(max-width: 300px) 100vw, 300px\" \/><\/p>\n<p>&nbsp;<\/p>\n<p>&nbsp;<\/p>\n<p>O N\u00facleo de Estudo e Ensino de L\u00ednguas- Neel participou hoje, 26 de setembro, durante todo o dia, da edi\u00e7\u00e3o do Semin\u00e1rio de Ambienta\u00e7\u00e3o Acad\u00eamica- SAMBA 2023.2, no Campus Central. Tivemos muita divers\u00e3o com participa\u00e7\u00f5es em karaok\u00ea e divulga\u00e7\u00e3o do nosso projeto, atrav\u00e9s de aulas demonstrativas, a\u00e7\u00f5es desenvolvidas pelos nossos bolsistas Camila do Nascimento Silva Bezerra, Franklin Ruan dos Santos Silva, Ira\u00ea Oliveira de Souza e Lucas Tadeu Martins F\u00e9lix, acompanhados pela nossa secret\u00e1ria Maria Janaina T\u00f4rres R\u00eago.<\/p>\n<p><img loading=\"lazy\" decoding=\"async\" class=\"size-medium wp-image-829 aligncenter\" src=\"https:\/\/portal.uern.br\/fala\/neel\/wp-content\/uploads\/sites\/7\/2023\/11\/Screenshot_20231116_073708_Instagram-244x300.jpg\" alt=\"\" width=\"244\" height=\"300\" srcset=\"https:\/\/portal.uern.br\/fala\/neel\/wp-content\/uploads\/sites\/7\/2023\/11\/Screenshot_20231116_073708_Instagram-244x300.jpg 244w, https:\/\/portal.uern.br\/fala\/neel\/wp-content\/uploads\/sites\/7\/2023\/11\/Screenshot_20231116_073708_Instagram-832x1024.jpg 832w, https:\/\/portal.uern.br\/fala\/neel\/wp-content\/uploads\/sites\/7\/2023\/11\/Screenshot_20231116_073708_Instagram-768x946.jpg 768w, https:\/\/portal.uern.br\/fala\/neel\/wp-content\/uploads\/sites\/7\/2023\/11\/Screenshot_20231116_073708_Instagram.jpg 1080w\" sizes=\"(max-width: 244px) 100vw, 244px\" \/><\/p>\n<p><img loading=\"lazy\" decoding=\"async\" class=\" wp-image-831 aligncenter\" src=\"https:\/\/portal.uern.br\/fala\/neel\/wp-content\/uploads\/sites\/7\/2023\/11\/IMG-20230926-WA0056-300x135.jpg\" alt=\"\" width=\"296\" height=\"133\" srcset=\"https:\/\/portal.uern.br\/fala\/neel\/wp-content\/uploads\/sites\/7\/2023\/11\/IMG-20230926-WA0056-300x135.jpg 300w, https:\/\/portal.uern.br\/fala\/neel\/wp-content\/uploads\/sites\/7\/2023\/11\/IMG-20230926-WA0056-1024x461.jpg 1024w, https:\/\/portal.uern.br\/fala\/neel\/wp-content\/uploads\/sites\/7\/2023\/11\/IMG-20230926-WA0056-768x346.jpg 768w, https:\/\/portal.uern.br\/fala\/neel\/wp-content\/uploads\/sites\/7\/2023\/11\/IMG-20230926-WA0056-1536x691.jpg 1536w, https:\/\/portal.uern.br\/fala\/neel\/wp-content\/uploads\/sites\/7\/2023\/11\/IMG-20230926-WA0056.jpg 1600w\" sizes=\"(max-width: 296px) 100vw, 296px\" \/><\/p>\n","protected":false},"excerpt":{"rendered":"<p>O N\u00facleo de Estudo e Ensino de L\u00ednguas (Neel) participando da II Feira de Internacionaliza\u00e7\u00e3o da Uern, promovida pela Diri, em 4 de novembro de 2025. Participaram do evento o coordenador do Neel, Jos\u00e9 Mariano Tavares Junior, a secret\u00e1ria do Neel, Maria Janaina T\u00f4rres R\u00eago, e as bolsistas de ingl\u00eas do Neel, Amanda Lara Lima [&hellip;]<\/p>\n","protected":false},"author":1,"featured_media":0,"parent":0,"menu_order":0,"comment_status":"closed","ping_status":"closed","template":"","meta":{"footnotes":""},"class_list":["post-400","page","type-page","status-publish","hentry"],"_links":{"self":[{"href":"https:\/\/portal.uern.br\/fala\/neel\/wp-json\/wp\/v2\/pages\/400","targetHints":{"allow":["GET"]}}],"collection":[{"href":"https:\/\/portal.uern.br\/fala\/neel\/wp-json\/wp\/v2\/pages"}],"about":[{"href":"https:\/\/portal.uern.br\/fala\/neel\/wp-json\/wp\/v2\/types\/page"}],"author":[{"embeddable":true,"href":"https:\/\/portal.uern.br\/fala\/neel\/wp-json\/wp\/v2\/users\/1"}],"replies":[{"embeddable":true,"href":"https:\/\/portal.uern.br\/fala\/neel\/wp-json\/wp\/v2\/comments?post=400"}],"version-history":[{"count":22,"href":"https:\/\/portal.uern.br\/fala\/neel\/wp-json\/wp\/v2\/pages\/400\/revisions"}],"predecessor-version":[{"id":1144,"href":"https:\/\/portal.uern.br\/fala\/neel\/wp-json\/wp\/v2\/pages\/400\/revisions\/1144"}],"wp:attachment":[{"href":"https:\/\/portal.uern.br\/fala\/neel\/wp-json\/wp\/v2\/media?parent=400"}],"curies":[{"name":"wp","href":"https:\/\/api.w.org\/{rel}","templated":true}]}}