{"id":398,"date":"2023-04-10T08:25:09","date_gmt":"2023-04-10T11:25:09","guid":{"rendered":"https:\/\/portal.uern.br\/fala\/neel\/?page_id=398"},"modified":"2026-05-13T13:06:44","modified_gmt":"2026-05-13T16:06:44","slug":"selecoes","status":"publish","type":"page","link":"https:\/\/portal.uern.br\/fala\/neel\/selecoes\/","title":{"rendered":"Sele\u00e7\u00f5es"},"content":{"rendered":"<p><strong>Edital para sele\u00e7\u00e3o de bolsistas de ingl\u00eas e espanhol do NEEL para o semestre 2026.2<\/strong><\/p>\n<p><strong>Ver edital <a href=\"https:\/\/drive.google.com\/file\/d\/1OmbZZWMv9id7-KrJqatNl8FWFXmlEwtM\/view?usp=sharing\">AQUI<\/a><\/strong><\/p>\n<p>&nbsp;<\/p>\n<p><strong>Edital de prorroga\u00e7\u00e3o do resultado final da sele\u00e7\u00e3o de bolsistas de ingl\u00eas do NEEL do semestre 2025.1 para o semestre 2026.1<\/strong><\/p>\n<p><strong>Ver edital\u00a0<a href=\"https:\/\/drive.google.com\/file\/d\/18LFoZ_vdh2NdRTrGTQKSMaTrxr0VSi1M\/view?usp=sharing\">AQUI<\/a><\/strong><\/p>\n<p>&nbsp;<\/p>\n<p><strong>Edital do resultado final da sele\u00e7\u00e3o de bolsistas de ingl\u00eas do Neel- Pibex 2026.1 e 2026.2<\/strong><\/p>\n<p><strong>Ver edital\u00a0<a href=\"https:\/\/drive.google.com\/file\/d\/1gAj-RBhzKNtbdZVdsvkodairsoNcsK-A\/view?usp=sharing\">AQUI<\/a><\/strong><\/p>\n<p>&nbsp;<\/p>\n<p><strong>Edital do resultado preliminar da sele\u00e7\u00e3o de bolsistas de ingl\u00eas do Neel- Pibex 2026.1 e 2026.2<\/strong><\/p>\n<p><strong>Ver edital\u00a0<a href=\"https:\/\/drive.google.com\/file\/d\/1vxYGNOPfml14uOirVsgn7sN8x46L1f3w\/view?usp=sharing\">AQUI<\/a><\/strong><\/p>\n<p>&nbsp;<\/p>\n<p><strong>Edital do resultado final da sele\u00e7\u00e3o de bolsistas de ingl\u00eas e espanhol do Neel para o semestre 2026.1<\/strong><\/p>\n<p><strong>Ver edital\u00a0<a href=\"https:\/\/drive.google.com\/file\/d\/1UsvXEDvikGoJyLT-zSVRBgY0Xa4Fhx8J\/view?usp=drive_link\">AQUI<\/a><\/strong><\/p>\n<p>&nbsp;<\/p>\n<p><strong>Edital do resultado preliminar da sele\u00e7\u00e3o de bolsistas de ingl\u00eas e espanhol do Neel para o semestre 2026.1<\/strong><\/p>\n<p><strong>Ver edital\u00a0<a href=\"https:\/\/drive.google.com\/file\/d\/1YwxfPXE55Wdj-HJJb_rYb9Nz8Bo0MHXw\/view?usp=sharing\">AQUI<\/a><\/strong><\/p>\n<p>&nbsp;<\/p>\n<p><strong>Edital para sele\u00e7\u00e3o de bolsista de ingl\u00eas do Neel- Pibex 2026.1 e 2026.2<\/strong><\/p>\n<p><strong>Ver edital<\/strong> <a href=\"https:\/\/drive.google.com\/file\/d\/1ngj2KDbkgSTSAP3TVUX_U_BA5DuBANle\/view?usp=sharing\">AQUI<\/a><\/p>\n<p>&nbsp;<\/p>\n<p><strong>Errata n\u00b0 1 ao Edital n\u00b0 16\/2025-Proex<\/strong><\/p>\n<p><strong>Ver errata<\/strong> <a href=\"https:\/\/drive.google.com\/file\/d\/1vrST5he5klCR77hDTwJEnJpnD2QZ8TmK\/view?usp=sharing\">AQUI<\/a><\/p>\n<p>&nbsp;<\/p>\n<p><strong>Edital para sele\u00e7\u00e3o de bolsistas de ingl\u00eas e espanhol do NEEL para o semestre 2026.1<\/strong><\/p>\n<p><strong>Ver edital <a href=\"https:\/\/drive.google.com\/file\/d\/1xgFaVBYNsFdev68gPee5DW_0ylP03PSa\/view?usp=sharing\">AQUI<\/a><\/strong><\/p>\n<p>&nbsp;<\/p>\n<p><strong>Edital de prorroga\u00e7\u00e3o do resultado final da sele\u00e7\u00e3o de bolsistas de ingl\u00eas do NEEL do semestre 2024.2 para o semestre 2025.2<\/strong><\/p>\n<p><strong>Ver edital\u00a0<a href=\"https:\/\/drive.google.com\/file\/d\/1qvwfJSg_IsDgNTa6m3tB9WduTs-Pcalr\/view?usp=sharing\">AQUI<\/a><\/strong><\/p>\n<p>&nbsp;<\/p>\n<p><strong>Edital do resultado final da sele\u00e7\u00e3o de bolsistas de ingl\u00eas e espanhol do NEEL para o semestre 2025.2<\/strong><\/p>\n<p><strong>Ver edital\u00a0<a href=\"https:\/\/drive.google.com\/file\/d\/1siyioojWmkHKvgrCG7NitqBLMQnmrSMs\/view?usp=sharing\">AQUI<\/a><\/strong><\/p>\n<p>&nbsp;<\/p>\n<p><strong>Edital do resultado preliminar da sele\u00e7\u00e3o de bolsistas de ingl\u00eas e espanhol do NEEL para o semestre 2025.2<\/strong><\/p>\n<p><strong>Ver edital\u00a0<a href=\"https:\/\/drive.google.com\/file\/d\/1svCecZXUqlpdvroSMY4LtQWxhqCOn9j-\/view?usp=sharing\">AQUI<\/a><\/strong><\/p>\n<p>&nbsp;<\/p>\n<p><strong>Edital para sele\u00e7\u00e3o de bolsistas de ingl\u00eas e espanhol do NEEL para o semestre 2025.2<\/strong><\/p>\n<p><strong>Ver edital<a href=\"https:\/\/drive.google.com\/file\/d\/1nIZxiuf0nf_MWU1HHR29_GDrE3rmEgfy\/view?usp=drive_link\"> AQUI<\/a><\/strong><\/p>\n<p>&nbsp;<\/p>\n<p><strong>Edital do resultado final da sele\u00e7\u00e3o de bolsistas de ingl\u00eas e espanhol do NEEL para o semestre 2025.1<\/strong><\/p>\n<p><strong>Ver edital\u00a0<a href=\"https:\/\/drive.google.com\/file\/d\/17xm8emThHXeoaP8Sg8PbFW08dbyQqt_i\/view?usp=drive_link\">AQUI<\/a><\/strong><\/p>\n<p>&nbsp;<\/p>\n<p><strong>Edital para sele\u00e7\u00e3o de bolsistas de ingl\u00eas e espanhol do NEEL para o semestre 2025.1<\/strong><\/p>\n<p><strong>Ver edital <a href=\"https:\/\/drive.google.com\/file\/d\/1DikdKSSTd5fxzcK-GDmjFI-FlWy6Mcwt\/view?usp=drive_link\">AQUI<\/a><\/strong><\/p>\n<p>&nbsp;<\/p>\n<p><strong>Edital do resultado final da sele\u00e7\u00e3o de bolsistas de ingl\u00eas e espanhol do NEEL para o semestre 2024.2<\/strong><\/p>\n<p><strong>Ver edital\u00a0<a href=\"https:\/\/drive.google.com\/file\/d\/1O25TgfVc-7ULByJKUp127wdeoSzHu40l\/view?usp=drive_link\">AQUI<\/a><\/strong><\/p>\n<p>&nbsp;<\/p>\n<p><strong>Edital para sele\u00e7\u00e3o de bolsistas de ingl\u00eas e espanhol do NEEL para o semestre 2024.2<\/strong><\/p>\n<p><strong>Ver edital <a href=\"https:\/\/drive.google.com\/file\/d\/1Eu0WcVPcW3cCj3lzez__atgwcG9P0kmb\/view?usp=drive_link\">AQUI<\/a><\/strong><\/p>\n<p>&nbsp;<\/p>\n<p><strong>Edital de prorroga\u00e7\u00e3o do resultado final da sele\u00e7\u00e3o de bolsistas de ingl\u00eas e espanhol do NEEL do semestre 2023.1 para o semestre 2024.1<\/strong><\/p>\n<p><strong>Ver edital\u00a0<a href=\"https:\/\/drive.google.com\/file\/d\/1SlczYSPy_CSe7_sVaSHnaW1PSRoywnd9\/view?usp=drive_link\">AQUI<\/a><\/strong><\/p>\n<p>&nbsp;<\/p>\n<p><strong>Edital do resultado final da sele\u00e7\u00e3o de bolsistas de ingl\u00eas e espanhol do NEEL para o semestre 2023.2<\/strong><\/p>\n<p><strong>Ver edital\u00a0<a href=\"https:\/\/drive.google.com\/file\/d\/1q2zLU_Y-VE-RkEWbaq-9rAkRhVPIQLzM\/view?usp=drive_link\">AQUI<\/a><\/strong><\/p>\n<p>&nbsp;<\/p>\n<p><strong>Edital para sele\u00e7\u00e3o de bolsistas de ingl\u00eas e espanhol do NEEL para o semestre 2023.2<\/strong><\/p>\n<p><strong>Ver edital <a href=\"https:\/\/drive.google.com\/file\/d\/1wMDDyPeGlKCRnIcPKtT33jyIytN8peDO\/view?usp=drive_link\">AQUI<\/a><\/strong><\/p>\n<p>&nbsp;<\/p>\n<p><strong>Edital de prorroga\u00e7\u00e3o do resultado final da sele\u00e7\u00e3o de bolsistas de ingl\u00eas e espanhol do NEEL do semestre 2022.2 para o semestre 2023.1<\/strong><\/p>\n<p><strong>Ver edital\u00a0<a href=\"https:\/\/drive.google.com\/file\/d\/1BlBcjrk0nt2uLZKmR3JFgH57eOjr0UjG\/view?usp=drive_link\">AQUI<\/a><\/strong><\/p>\n<p>&nbsp;<\/p>\n<p><strong>Edital do resultado final da sele\u00e7\u00e3o de bolsistas de ingl\u00eas e espanhol do NEEL para o semestre 2023.1<\/strong><\/p>\n<p><strong>Ver edital\u00a0<a href=\"https:\/\/drive.google.com\/file\/d\/1LGCWYb_ic078VPOiBnFqzY0Ql2KuBbMI\/view?usp=drive_link\">AQUI<\/a><\/strong><\/p>\n<p>&nbsp;<\/p>\n<p><strong>Edital para sele\u00e7\u00e3o de bolsistas de ingl\u00eas e espanhol do NEEL para o semestre 2023.1<\/strong><\/p>\n<p><strong>Ver edital <a href=\"https:\/\/drive.google.com\/file\/d\/1FPN_YKluxjpfmOui_dFSR5tpuBQWlpMd\/view?usp=drive_link\">AQUI<\/a><\/strong><\/p>\n<p>&nbsp;<\/p>\n<p><strong>Edital do resultado final da sele\u00e7\u00e3o de bolsistas de espanhol do NEEL para o semestre 2022.2<\/strong><\/p>\n<p><strong>Ver edital\u00a0<a href=\"http:\/\/www.uern.br\/controledepaginas\/neel-editais\/arquivos\/4006edital_na_02_2023_neel_resultado_final_selecao_bolsistas_2022.2_espanhol.pdf\">AQUI<\/a><a href=\"http:\/\/www.uern.br\/controledepaginas\/neel-editais\/arquivos\/4006edital_na_08_2022_neel_resultado_final_selecao_bolsistas_2022.2.pdf\"><br \/>\n<\/a><\/strong><\/p>\n<p>&nbsp;<\/p>\n<p><strong>Edital para sele\u00e7\u00e3o de bolsistas de espanhol do NEEL para o semestre 2022.2<\/strong><\/p>\n<p><strong>Ver edital\u00a0<a href=\"http:\/\/www.uern.br\/controledepaginas\/neel-editais\/arquivos\/4006edital_na_01_2023_neel_selecao_de_bolsista_de_lingua__espanhola_2022.2.pdf\">AQUI<\/a><a href=\"http:\/\/www.uern.br\/controledepaginas\/neel-editais\/arquivos\/4006edital_na_06_2022_neel_selecao_de_bolsista_de_lingua_inglesa_e_espanhola_2022.2.pdf\"><br \/>\n<\/a><\/strong><\/p>\n<p>&nbsp;<\/p>\n<p><strong>Edital do resultado final da sele\u00e7\u00e3o de bolsistas de ingl\u00eas e espanhol do NEEL para o semestre 2022.2<\/strong><\/p>\n<p><strong>Ver edital\u00a0<a href=\"http:\/\/www.uern.br\/controledepaginas\/neel-editais\/arquivos\/4006edital_na_08_2022_neel_resultado_final_selecao_bolsistas_2022.2.pdf\">AQUI<\/a><\/strong><\/p>\n<p>&nbsp;<\/p>\n<p><strong>Edital para sele\u00e7\u00e3o de bolsistas de ingl\u00eas e espanhol do NEEL para o semestre 2022.2<\/strong><\/p>\n<p><strong>Ver edital\u00a0<a href=\"http:\/\/www.uern.br\/controledepaginas\/neel-editais\/arquivos\/4006edital_na_06_2022_neel_selecao_de_bolsista_de_lingua_inglesa_e_espanhola_2022.2.pdf\">AQUI<\/a><a href=\"http:\/\/www.uern.br\/controledepaginas\/neel-editais\/arquivos\/4006edital_na_01_2022_neel_selecao_de_bolsista_de_lingua_inglesa_e_espanhola_2022.1.pdf\"><br \/>\n<\/a><\/strong><\/p>\n<p>&nbsp;<\/p>\n<p><strong>Edital do resultado final de reabertura da sele\u00e7\u00e3o de bolsistas de ingl\u00eas e espanhol do NEEL para o semestre 2022.1<\/strong><\/p>\n<p><strong>Ver edital\u00a0<a href=\"http:\/\/www.uern.br\/controledepaginas\/neel-editais\/arquivos\/4006edital_na_05_2022_neel_resultado_final_da_reabertura_da_selecao_bolsistas_2022.1.pdf\">AQUI<\/a><a href=\"http:\/\/www.uern.br\/controledepaginas\/neel-editais\/arquivos\/4006edital_na_03_2022_neel_resultado_final_selecao_bolsistas_2022.1.pdf\"><br \/>\n<\/a><\/strong><\/p>\n<p>&nbsp;<\/p>\n<p><strong>Edital de reabertura para sele\u00e7\u00e3o de bolsistas de ingl\u00eas e espanhol do NEEL para o semestre 2022.1<\/strong><\/p>\n<p><strong>Ver edital\u00a0<a href=\"http:\/\/www.uern.br\/controledepaginas\/neel-editais\/arquivos\/4006edital_na_04_2022_neel_reabertura_selec_ao_de_bolsista_de_lingua_inglesa_e_espanhola_2022.1.pdf\">AQUI<\/a><a href=\"http:\/\/www.uern.br\/controledepaginas\/neel-editais\/arquivos\/4006edital_na_01_2022_neel_selecao_de_bolsista_de_lingua_inglesa_e_espanhola_2022.1.pdf\"><br \/>\n<\/a><\/strong><\/p>\n<p>&nbsp;<\/p>\n<p><strong>Edital do resultado final da sele\u00e7\u00e3o de bolsistas de ingl\u00eas e espanhol do NEEL para o semestre 2022.1<\/strong><\/p>\n<p><strong>Ver edital\u00a0<a href=\"http:\/\/www.uern.br\/controledepaginas\/neel-editais\/arquivos\/4006edital_na_03_2022_neel_resultado_final_selecao_bolsistas_2022.1.pdf\">AQUI<\/a><a href=\"https:\/\/www.uern.br\/controledepaginas\/neel-editais\/arquivos\/4006edital_na_06_2019_neel_resultado_final_selecao_bolsistas_2019.2.pdf\"><br \/>\n<\/a><\/strong><\/p>\n<p>&nbsp;<\/p>\n<p><strong>Edital para sele\u00e7\u00e3o de bolsistas de ingl\u00eas e espanhol do NEEL para o semestre 2022.1<\/strong><\/p>\n<p><strong>Ver edital\u00a0<a href=\"http:\/\/www.uern.br\/controledepaginas\/neel-editais\/arquivos\/4006edital_na_01_2022_neel_selecao_de_bolsista_de_lingua_inglesa_e_espanhola_2022.1.pdf\">AQUI<\/a><\/strong><\/p>\n<p>&nbsp;<\/p>\n<p><strong>Edital do resultado final da sele\u00e7\u00e3o de bolsistas de ingl\u00eas do NEEL para o semestre 2020.1<\/strong><\/p>\n<p><strong>Ver edital\u00a0<a href=\"https:\/\/www.uern.br\/controledepaginas\/neel-editais\/arquivos\/4006edital_na_03_2020_neel_resultado_final_selecao_bolsistas_2020.1.pdf\">AQUI<\/a><a href=\"https:\/\/www.uern.br\/controledepaginas\/neel-editais\/arquivos\/4006edital_na_06_2019_neel_resultado_final_selecao_bolsistas_2019.2.pdf\"><br \/>\n<\/a><\/strong><\/p>\n<p>&nbsp;<\/p>\n<p><strong>Aditivo n\u00ba 1 ao edital de sele\u00e7\u00e3o de bolsista de l\u00edngua inglesa para o semestre 2020.1<\/strong><\/p>\n<p><strong>Ver aditivo<a href=\"https:\/\/www.uern.br\/controledepaginas\/neel-editais\/arquivos\/4006aditivo_na%C2%B0_001_ao_edital_na%C2%B0_002_2020_neel_edital_de_selecao_de_bolsistas_2020.1.pdf\">\u00a0AQUI<\/a><a href=\"https:\/\/www.uern.br\/controledepaginas\/neel-editais\/arquivos\/4006aditivo_na_01_ao_edital_na_003_2019_neel.pdf\"><br \/>\n<\/a><\/strong><\/p>\n<p>&nbsp;<\/p>\n<p><strong>Edital para sele\u00e7\u00e3o de bolsistas de ingl\u00eas do NEEL para o semestre 2020.1<\/strong><\/p>\n<p><strong>Ver edital<a href=\"https:\/\/www.uern.br\/controledepaginas\/neel-editais\/arquivos\/4006edital_na_02_2020_neel_selecao_de_bolsista_de_lingua_inglesa_2020.1.pdf\">\u00a0AQUI<\/a><a href=\"https:\/\/www.uern.br\/controledepaginas\/neel-editais\/arquivos\/4006edital_na_05_2019_neel_selecao_de_bolsista_de_lingua_inglesa_e_espanhola_2019.2.pdf\"><br \/>\n<\/a><\/strong><\/p>\n<p>&nbsp;<\/p>\n<p><strong>Edital do resultado final da sele\u00e7\u00e3o de bolsistas de ingl\u00eas e espanhol do NEEL para o semestre 2019.2<\/strong><\/p>\n<p><strong>Ver edital\u00a0<a href=\"https:\/\/www.uern.br\/controledepaginas\/neel-editais\/arquivos\/4006edital_na_06_2019_neel_resultado_final_selecao_bolsistas_2019.2.pdf\">AQUI<\/a><a href=\"https:\/\/www.uern.br\/controledepaginas\/neel-editais\/arquivos\/4006edital_na_02_2019_neel_resultado_final_selea%E2%80%A1a%C6%92o_bolsistas_2019.1.pdf\"><br \/>\n<\/a><\/strong><\/p>\n<p>&nbsp;<\/p>\n<p><strong>Edital para sele\u00e7\u00e3o de bolsistas de ingl\u00eas e espanhol do NEEL para o semestre 2019.2<\/strong><\/p>\n<p><strong>Ver edital\u00a0<a href=\"https:\/\/www.uern.br\/controledepaginas\/neel-editais\/arquivos\/4006edital_na_05_2019_neel_selecao_de_bolsista_de_lingua_inglesa_e_espanhola_2019.2.pdf\">AQUI<\/a><\/strong><\/p>\n<p>&nbsp;<\/p>\n<p><strong>Edital do resultado final da sele\u00e7\u00e3o de bolsistas de ingl\u00eas e espanhol do NEEL para o semestre 2019.1<\/strong><\/p>\n<p><strong>Ver edital\u00a0<a href=\"https:\/\/www.uern.br\/controledepaginas\/neel-editais\/arquivos\/4006edital_na_02_2019_neel_resultado_final_selea%E2%80%A1a%C6%92o_bolsistas_2019.1.pdf\">AQUI<\/a><\/strong><\/p>\n<p>&nbsp;<\/p>\n<p><strong>Edital para sele\u00e7\u00e3o de bolsistas de ingl\u00eas e espanhol do NEEL para o semestre 2019.1<\/strong><\/p>\n<p><strong>Ver edital\u00a0<a href=\"https:\/\/www.uern.br\/controledepaginas\/neel-editais\/arquivos\/4006edital_na_01_2019_neel_selecao_de_bolsista_de_lingua_inglesa_e_espanhola_2019.1.pdf\">AQUI<\/a><\/strong><\/p>\n<p>&nbsp;<\/p>\n<p><strong>Edital do resultado final da sele\u00e7\u00e3o de bolsistas de ingl\u00eas e espanhol do NEEL para o semestre 2018.2<\/strong><\/p>\n<p><strong>Ver edital<a href=\"https:\/\/www.uern.br\/controledepaginas\/neel-editais\/arquivos\/4006edital_na_08_2018_neel_resultado_final_selecao_bolsistas_2018.2.pdf\">\u00a0AQUI<\/a><a href=\"https:\/\/www.uern.br\/controledepaginas\/neel-editais\/arquivos\/4006edital_na_03_2018_neel_resultado_final_da_selecao_de_bolsistas_espanhol_2017.2.pdf\"><br \/>\n<\/a><\/strong><\/p>\n<p>&nbsp;<\/p>\n<p><strong>Edital para sele\u00e7\u00e3o de bolsistas de ingl\u00eas e espanhol do NEEL para o semestre 2018.2<\/strong><\/p>\n<p><strong>Ver edital\u00a0<a href=\"https:\/\/www.uern.br\/controledepaginas\/neel-editais\/arquivos\/4006edital_na_07_2018_neel_selecao_de_bolsista_de_lingua_inglesa_e_espanhola_2018.2.pdf\">AQUI<\/a><\/strong><\/p>\n<p>&nbsp;<\/p>\n<p><strong>Edital do resultado final da sele\u00e7\u00e3o de bolsistas de ingl\u00eas do NEEL para o semestre 2018.1<\/strong><\/p>\n<p><strong>Ver edital\u00a0<a href=\"https:\/\/www.uern.br\/controledepaginas\/neel-editais\/arquivos\/4006edital_na_05_2018_neel_resultado_final_da_selecao_de_bolsistas_ingles_2018.1.pdf\">AQUI<\/a><\/strong><\/p>\n<p>&nbsp;<\/p>\n<p><strong>Edital para sele\u00e7\u00e3o de bolsistas de ingl\u00eas do NEEL para o semestre 2018.1<\/strong><\/p>\n<p><strong>Ver edital\u00a0<a href=\"https:\/\/www.uern.br\/controledepaginas\/neel-editais\/arquivos\/4006edital_na_04_2018_neel_selecao_de_bolsistas_de_lingua_inglesa_2018.1.pdf\">AQUI<\/a><\/strong><\/p>\n<p>&nbsp;<\/p>\n<p><strong>Edital do resultado final da sele\u00e7\u00e3o de bolsistas de espanhol do NEEL para o semestre 2017.2<\/strong><\/p>\n<p><strong>Ver edital\u00a0<a href=\"https:\/\/www.uern.br\/controledepaginas\/neel-editais\/arquivos\/4006edital_na_03_2018_neel_resultado_final_da_selecao_de_bolsistas_espanhol_2017.2.pdf\">AQUI<\/a><\/strong><\/p>\n<p>&nbsp;<\/p>\n<p><strong>Edital para sele\u00e7\u00e3o de bolsistas de espanhol do NEEL para o semestre 2017.2<\/strong><\/p>\n<p><strong>Ver edital\u00a0<a href=\"https:\/\/www.uern.br\/controledepaginas\/neel-editais\/arquivos\/4006edital_na_02_2018_neel_selecao_de_bolsista_de_lingua_espanhola_2017.2.pdf\">AQUI<\/a><\/strong><\/p>\n<p>&nbsp;<\/p>\n<p><strong>Edital do resultado final da sele\u00e7\u00e3o de bolsistas do NEEL para o semestre 2017.2<\/strong><\/p>\n<p><strong>Ver edital\u00a0<a href=\"https:\/\/www.uern.br\/controledepaginas\/neel-editais\/arquivos\/4006edital_na_11_2017_neel_resultado_final_selea%E2%80%A1a%C6%92o_bolsistas_2017.2.pdf\">AQUI<\/a><\/strong><\/p>\n<p>&nbsp;<\/p>\n<p><strong>Novo Edital para sele\u00e7\u00e3o de bolsistas do NEEL para o semestre 2017.2<\/strong><\/p>\n<p><strong>Ver edital\u00a0<a href=\"https:\/\/www.uern.br\/controledepaginas\/neel-editais\/arquivos\/4006edital_na_10_2017_neel_selea%E2%80%A1a%C6%92o_de_bolsistas_2017.2.pdf\">AQUI<\/a><\/strong><\/p>\n<p>&nbsp;<\/p>\n<p><strong>Edital do resultado final da sele\u00e7\u00e3o de bolsistas do NEEL para o semestre 2017.2<\/strong><\/p>\n<p><strong>Ver edital\u00a0<a href=\"https:\/\/www.uern.br\/controledepaginas\/neel-editais\/arquivos\/4006edital_na_09_2017_neel_resultado_final_selea%E2%80%A1a%C6%92o_bolsistas_2017.2.pdf\">AQUI<\/a><\/strong><\/p>\n<p>&nbsp;<\/p>\n<p><strong>Edital para sele\u00e7\u00e3o de bolsistas do NEEL para o semestre 2017.2<\/strong><\/p>\n<p><strong>Ver edital\u00a0<a href=\"https:\/\/www.uern.br\/controledepaginas\/neel-editais\/arquivos\/4006edital_na_08_2017_neel_selea%E2%80%A1a%C6%92o_de_bolsistas_2017.2.pdf\">AQUI<\/a><\/strong><\/p>\n<p>&nbsp;<\/p>\n<p><strong>Edital de convoca\u00e7\u00e3o de bolsistas de l\u00edngua inglesa do NEEL para o semestre 2017.1<\/strong><\/p>\n<p><strong>Ver edital\u00a0<a href=\"https:\/\/www.uern.br\/controledepaginas\/neel-editais\/arquivos\/4006edital_na_07_2017_neel_convocaa%E2%80%A1a%C6%92o_das_bolsistas_2017.1.pdf\">AQUI<\/a><\/strong><\/p>\n<p>&nbsp;<\/p>\n<p><strong>Edital do resultado final da sele\u00e7\u00e3o de bolsistas do NEEL para o semestre 2017.1<\/strong><\/p>\n<p><strong>Ver edital\u00a0<a href=\"https:\/\/www.uern.br\/controledepaginas\/neel-editais\/arquivos\/4006edital_na_05_2017_neel_resultado_final_selea%E2%80%A1a%C6%92o_bolsistas.pdf\">AQUI<\/a><\/strong><\/p>\n<p>&nbsp;<\/p>\n<p><strong>Edital para sele\u00e7\u00e3o de bolsistas do NEEL para o semestre 2017.1\u00a0<\/strong><\/p>\n<p><strong>Ver edital\u00a0<a href=\"https:\/\/www.uern.br\/controledepaginas\/neel-editais\/arquivos\/4006edital_na_04_2017_neel_selea%E2%80%A1a%C6%92o_de_bolsistas_2017.1.pdf\">AQUI<\/a><\/strong><\/p>\n<p>&nbsp;<\/p>\n<p>&nbsp;<\/p>\n<p>&nbsp;<\/p>\n","protected":false},"excerpt":{"rendered":"<p>Edital para sele\u00e7\u00e3o de bolsistas de ingl\u00eas e espanhol do NEEL para o semestre 2026.2 Ver edital AQUI &nbsp; Edital de prorroga\u00e7\u00e3o do resultado final da sele\u00e7\u00e3o de bolsistas de ingl\u00eas do NEEL do semestre 2025.1 para o semestre 2026.1 Ver edital\u00a0AQUI &nbsp; Edital do resultado final da sele\u00e7\u00e3o de bolsistas de ingl\u00eas do Neel- [&hellip;]<\/p>\n","protected":false},"author":1,"featured_media":0,"parent":0,"menu_order":0,"comment_status":"closed","ping_status":"closed","template":"","meta":{"footnotes":""},"class_list":["post-398","page","type-page","status-publish","hentry"],"_links":{"self":[{"href":"https:\/\/portal.uern.br\/fala\/neel\/wp-json\/wp\/v2\/pages\/398","targetHints":{"allow":["GET"]}}],"collection":[{"href":"https:\/\/portal.uern.br\/fala\/neel\/wp-json\/wp\/v2\/pages"}],"about":[{"href":"https:\/\/portal.uern.br\/fala\/neel\/wp-json\/wp\/v2\/types\/page"}],"author":[{"embeddable":true,"href":"https:\/\/portal.uern.br\/fala\/neel\/wp-json\/wp\/v2\/users\/1"}],"replies":[{"embeddable":true,"href":"https:\/\/portal.uern.br\/fala\/neel\/wp-json\/wp\/v2\/comments?post=398"}],"version-history":[{"count":26,"href":"https:\/\/portal.uern.br\/fala\/neel\/wp-json\/wp\/v2\/pages\/398\/revisions"}],"predecessor-version":[{"id":1168,"href":"https:\/\/portal.uern.br\/fala\/neel\/wp-json\/wp\/v2\/pages\/398\/revisions\/1168"}],"wp:attachment":[{"href":"https:\/\/portal.uern.br\/fala\/neel\/wp-json\/wp\/v2\/media?parent=398"}],"curies":[{"name":"wp","href":"https:\/\/api.w.org\/{rel}","templated":true}]}}