{"id":393,"date":"2023-04-10T08:24:26","date_gmt":"2023-04-10T11:24:26","guid":{"rendered":"https:\/\/portal.uern.br\/fala\/neel\/?page_id=393"},"modified":"2025-11-27T12:23:31","modified_gmt":"2025-11-27T15:23:31","slug":"editais","status":"publish","type":"page","link":"https:\/\/portal.uern.br\/fala\/neel\/editais\/","title":{"rendered":"Editais"},"content":{"rendered":"<p><strong>Edital de matr\u00edcula para os cursos oferecidos pelo NEEL no semestre 2026.1<\/strong><\/p>\n<p><strong>Ver edital <a href=\"https:\/\/drive.google.com\/file\/d\/1F7lwvdOs0WOcO-lod6iYsUoHKZZhSHkm\/view?usp=sharing\">AQUI<\/a><\/strong><\/p>\n<p>&nbsp;<\/p>\n<p><strong>Edital de matr\u00edcula para os cursos oferecidos pelo NEEL no semestre 2025.2<\/strong><\/p>\n<p><strong>Ver edital <a href=\"https:\/\/drive.google.com\/file\/d\/1iZs48uBZC30PmHogQITzkkghfcik0UAl\/view?usp=sharing\">AQUI<\/a><\/strong><\/p>\n<p>&nbsp;<\/p>\n<p><strong>Edital de matr\u00edcula para os cursos oferecidos pelo NEEL no semestre 2025.1<\/strong><\/p>\n<p><strong>Ver edital <a href=\"https:\/\/drive.google.com\/file\/d\/1CHLulr4hdy-Ej3sVY5rlHCN0WquNA53D\/view?usp=drive_link\">AQUI<\/a><\/strong><\/p>\n<p>&nbsp;<\/p>\n<p><strong>Edital de matr\u00edcula para os cursos oferecidos pelo NEEL no semestre 2024.2<\/strong><\/p>\n<p><strong>Ver edital <a href=\"https:\/\/drive.google.com\/file\/d\/1-EYkVGTMTtrQT9Y3W3URW4WzcjkoLYgb\/view?usp=drive_link\">AQUI<\/a><\/strong><\/p>\n<p>&nbsp;<\/p>\n<p><strong>Edital de prorroga\u00e7\u00e3o do resultado final da sele\u00e7\u00e3o de bolsistas de ingl\u00eas e espanhol do NEEL do semestre 2023.1 para o semestre 2024.1<\/strong><\/p>\n<p><strong>Ver edital\u00a0<a href=\"https:\/\/drive.google.com\/file\/d\/1SlczYSPy_CSe7_sVaSHnaW1PSRoywnd9\/view?usp=drive_link\">AQUI<\/a><\/strong><\/p>\n<p>&nbsp;<\/p>\n<p><strong>Edital de matr\u00edcula para os cursos oferecidos pelo NEEL no semestre 2024.1<\/strong><\/p>\n<p><strong>Ver edital<a href=\"https:\/\/drive.google.com\/file\/d\/1kKNys7LxbjPsQwDZAeDevewOlWk4mOUT\/view?usp=drive_link\">\u00a0AQUI<\/a><\/strong><\/p>\n<p>&nbsp;<\/p>\n<p><a href=\"https:\/\/drive.google.com\/file\/d\/1d5N2ndBCY8xbeu_1Vtz7UM8oWyJyopeU\/view?usp=drive_link\"><strong>Portaria n\u00b0 002\/2023- NEEL que Revoga Portaria n\u00b0 001\/2023- NEEL<\/strong><\/a><\/p>\n<p><a href=\"https:\/\/drive.google.com\/file\/d\/10J3bBD8_xQstOzb8zJhMAybOIexo_T3X\/view?usp=drive_link\"><strong>Portaria n\u00b0 001\/2023- NEEL que fixa os valores das bolsas dos bolsistas do NEEL e substitui o Edital n\u00ba 08\/2023- NEEL<\/strong><\/a><\/p>\n<p><strong>Edital que fixa os valores das bolsas dos bolsistas do NEEL<\/strong><\/p>\n<p><strong>Ver edital\u00a0<a href=\"https:\/\/drive.google.com\/file\/d\/1Usi1cNyK2Urf-SbxUhOfyIcg27wHcW7V\/view?usp=drive_link\">AQUI<\/a><\/strong><\/p>\n<p>&nbsp;<\/p>\n<p><strong>Edital do resultado final da sele\u00e7\u00e3o de bolsistas de ingl\u00eas e espanhol do NEEL para o semestre 2023.2<\/strong><\/p>\n<p><strong>Ver edital\u00a0<a href=\"https:\/\/drive.google.com\/file\/d\/1q2zLU_Y-VE-RkEWbaq-9rAkRhVPIQLzM\/view?usp=drive_link\">AQUI<\/a><\/strong><\/p>\n<p>&nbsp;<\/p>\n<p><strong>Edital para sele\u00e7\u00e3o de bolsistas de ingl\u00eas e espanhol do NEEL para o semestre 2023.2<\/strong><\/p>\n<p><strong>Ver edital <a href=\"https:\/\/drive.google.com\/file\/d\/1wMDDyPeGlKCRnIcPKtT33jyIytN8peDO\/view?usp=drive_link\">AQUI<\/a><\/strong><\/p>\n<p>&nbsp;<\/p>\n<p><strong>Edital de matr\u00edcula para os cursos oferecidos pelo NEEL no semestre 2023.2<\/strong><\/p>\n<p><strong>Ver edital\u00a0<a href=\"https:\/\/drive.google.com\/file\/d\/17DkLjsLv7bjbTqFtFZxB_RS7bFx7_Ndb\/view?usp=drive_link\">AQUI<\/a><a href=\"http:\/\/www.uern.br\/controledepaginas\/neel-editais\/arquivos\/4006edital_na_03_2023_neel_matriculas_semestre_2023.1.pdf\"><br \/>\n<\/a><\/strong><\/p>\n<p>&nbsp;<\/p>\n<p><strong>Edital de prorroga\u00e7\u00e3o do resultado final da sele\u00e7\u00e3o de bolsistas de ingl\u00eas e espanhol do NEEL do semestre 2022.2 para o semestre 2023.1<\/strong><\/p>\n<p><strong>Ver edital\u00a0<a href=\"https:\/\/drive.google.com\/file\/d\/1BlBcjrk0nt2uLZKmR3JFgH57eOjr0UjG\/view?usp=drive_link\">AQUI<\/a><\/strong><\/p>\n<p>&nbsp;<\/p>\n<p><strong>Edital do resultado final da sele\u00e7\u00e3o de bolsistas de ingl\u00eas e espanhol do NEEL para o semestre 2023.1<\/strong><\/p>\n<p><strong>Ver edital\u00a0<a href=\"https:\/\/drive.google.com\/file\/d\/1LGCWYb_ic078VPOiBnFqzY0Ql2KuBbMI\/view?usp=drive_link\">AQUI<\/a><\/strong><\/p>\n<p>&nbsp;<\/p>\n<p><strong>Edital de matr\u00edcula para os cursos oferecidos pelo NEEL no semestre 2023.1<\/strong><\/p>\n<p><strong>Ver edital\u00a0<a href=\"https:\/\/drive.google.com\/file\/d\/1LijnAWSQemrMkU2rINi7a5l9ZGM6vLFs\/view?usp=drive_link\">AQUI<\/a><\/strong><\/p>\n<p>&nbsp;<\/p>\n<p><strong>Edital para sele\u00e7\u00e3o de bolsistas de ingl\u00eas e espanhol do NEEL para o semestre 2023.1<\/strong><\/p>\n<p><strong>Ver edital <a href=\"https:\/\/drive.google.com\/file\/d\/1FPN_YKluxjpfmOui_dFSR5tpuBQWlpMd\/view?usp=drive_link\">AQUI<\/a><\/strong><\/p>\n<p>&nbsp;<\/p>\n<p><strong>Edital do resultado final da sele\u00e7\u00e3o de bolsistas de espanhol do NEEL para o semestre 2022.2<\/strong><\/p>\n<p><strong>Ver edital\u00a0<a href=\"http:\/\/www.uern.br\/controledepaginas\/neel-editais\/arquivos\/4006edital_na_02_2023_neel_resultado_final_selecao_bolsistas_2022.2_espanhol.pdf\">AQUI<\/a><a href=\"http:\/\/www.uern.br\/controledepaginas\/neel-editais\/arquivos\/4006edital_na_08_2022_neel_resultado_final_selecao_bolsistas_2022.2.pdf\"><br \/>\n<\/a><\/strong><\/p>\n<p>&nbsp;<\/p>\n<p><strong>Edital para sele\u00e7\u00e3o de bolsistas de espanhol do NEEL para o semestre 2022.2<\/strong><\/p>\n<p><strong>Ver edital\u00a0<a href=\"http:\/\/www.uern.br\/controledepaginas\/neel-editais\/arquivos\/4006edital_na_01_2023_neel_selecao_de_bolsista_de_lingua__espanhola_2022.2.pdf\">AQUI<\/a><a href=\"http:\/\/www.uern.br\/controledepaginas\/neel-editais\/arquivos\/4006edital_na_06_2022_neel_selecao_de_bolsista_de_lingua_inglesa_e_espanhola_2022.2.pdf\"><br \/>\n<\/a><\/strong><\/p>\n<p>&nbsp;<\/p>\n<p><strong>Edital do resultado final da sele\u00e7\u00e3o de bolsistas de ingl\u00eas e espanhol do NEEL para o semestre 2022.2<\/strong><\/p>\n<p><strong>Ver edital\u00a0<a href=\"http:\/\/www.uern.br\/controledepaginas\/neel-editais\/arquivos\/4006edital_na_08_2022_neel_resultado_final_selecao_bolsistas_2022.2.pdf\">AQUI<\/a><a href=\"http:\/\/www.uern.br\/controledepaginas\/neel-editais\/arquivos\/4006edital_na_03_2022_neel_resultado_final_selecao_bolsistas_2022.1.pdf\"><br \/>\n<\/a><\/strong><\/p>\n<p>&nbsp;<\/p>\n<p><strong>Edital de matr\u00edcula para os cursos oferecidos pelo NEEL no semestre 2022.2<\/strong><\/p>\n<p><strong>Ver edital\u00a0<a href=\"http:\/\/www.uern.br\/controledepaginas\/neel-editais\/arquivos\/4006edital_na_07_2022_neel_matriculas_semestre_2022.2.pdf\">AQUI<\/a><a href=\"http:\/\/www.uern.br\/controledepaginas\/neel-editais\/arquivos\/4006edital_na_02_2022_neel_matriculas_semestre_2022.1.pdf\"><br \/>\n<\/a><\/strong><\/p>\n<p>&nbsp;<\/p>\n<p><strong>Edital para sele\u00e7\u00e3o de bolsistas de ingl\u00eas e espanhol do NEEL para o semestre 2022.2<\/strong><\/p>\n<p><strong>Ver edital\u00a0<a href=\"http:\/\/www.uern.br\/controledepaginas\/neel-editais\/arquivos\/4006edital_na_06_2022_neel_selecao_de_bolsista_de_lingua_inglesa_e_espanhola_2022.2.pdf\">AQUI<\/a><a href=\"http:\/\/www.uern.br\/controledepaginas\/neel-editais\/arquivos\/4006edital_na_01_2022_neel_selecao_de_bolsista_de_lingua_inglesa_e_espanhola_2022.1.pdf\"><br \/>\n<\/a><\/strong><\/p>\n<p>&nbsp;<\/p>\n<p><strong>Edital do resultado final de reabertura da sele\u00e7\u00e3o de bolsistas de ingl\u00eas e espanhol do NEEL para o semestre 2022.1<\/strong><\/p>\n<p><strong>Ver edital\u00a0<a href=\"http:\/\/www.uern.br\/controledepaginas\/neel-editais\/arquivos\/4006edital_na_05_2022_neel_resultado_final_da_reabertura_da_selecao_bolsistas_2022.1.pdf\">AQUI<\/a><a href=\"http:\/\/www.uern.br\/controledepaginas\/neel-editais\/arquivos\/4006edital_na_03_2022_neel_resultado_final_selecao_bolsistas_2022.1.pdf\"><br \/>\n<\/a><\/strong><\/p>\n<p>&nbsp;<\/p>\n<p><strong>Edital de reabertura para sele\u00e7\u00e3o de bolsistas de ingl\u00eas e espanhol do NEEL para o semestre 2022.1<\/strong><\/p>\n<p><strong>Ver edital\u00a0<a href=\"http:\/\/www.uern.br\/controledepaginas\/neel-editais\/arquivos\/4006edital_na_04_2022_neel_reabertura_selec_ao_de_bolsista_de_lingua_inglesa_e_espanhola_2022.1.pdf\">AQUI<\/a><a href=\"http:\/\/www.uern.br\/controledepaginas\/neel-editais\/arquivos\/4006edital_na_01_2022_neel_selecao_de_bolsista_de_lingua_inglesa_e_espanhola_2022.1.pdf\"><br \/>\n<\/a><\/strong><\/p>\n<p>&nbsp;<\/p>\n<p><strong>Edital do resultado final da sele\u00e7\u00e3o de bolsistas de ingl\u00eas e espanhol do NEEL para o semestre 2022.1<\/strong><\/p>\n<p><strong>Ver edital\u00a0<a href=\"http:\/\/www.uern.br\/controledepaginas\/neel-editais\/arquivos\/4006edital_na_03_2022_neel_resultado_final_selecao_bolsistas_2022.1.pdf\">AQUI<\/a><a href=\"https:\/\/www.uern.br\/controledepaginas\/neel-editais\/arquivos\/4006edital_na_06_2019_neel_resultado_final_selecao_bolsistas_2019.2.pdf\"><br \/>\n<\/a><\/strong><\/p>\n<p>&nbsp;<\/p>\n<p><strong>Edital de matr\u00edcula para os cursos oferecidos pelo NEEL no semestre 2022.1<\/strong><\/p>\n<p><strong>Ver edital\u00a0<a href=\"http:\/\/www.uern.br\/controledepaginas\/neel-editais\/arquivos\/4006edital_na_02_2022_neel_matriculas_semestre_2022.1.pdf\">AQUI<\/a><\/strong><\/p>\n<p>&nbsp;<\/p>\n<p><strong>Edital para sele\u00e7\u00e3o de bolsistas de ingl\u00eas e espanhol do NEEL para o semestre 2022.1<\/strong><\/p>\n<p><strong>Ver edital\u00a0<a href=\"http:\/\/www.uern.br\/controledepaginas\/neel-editais\/arquivos\/4006edital_na_01_2022_neel_selecao_de_bolsista_de_lingua_inglesa_e_espanhola_2022.1.pdf\">AQUI<\/a><\/strong><\/p>\n<p>&nbsp;<\/p>\n<p><strong>Aditivo n\u00ba 1 ao edital de matr\u00edculas para o semestre 2020.1<\/strong><\/p>\n<p><strong>Ver aditivo\u00a0<a href=\"https:\/\/www.uern.br\/controledepaginas\/neel-editais\/arquivos\/4006aditivo_na_001_ao_edital_n._001_2020_neel_matriculas_semestre_2020.1.pdf\">AQUI<\/a><a href=\"https:\/\/www.uern.br\/controledepaginas\/neel-editais\/arquivos\/4006aditivo_na%C2%B0_001_ao_edital_na%C2%B0_002_2020_neel_edital_de_selecao_de_bolsistas_2020.1.pdf\"><br \/>\n<\/a><\/strong><\/p>\n<p>&nbsp;<\/p>\n<p><strong>Edital do resultado final da sele\u00e7\u00e3o de bolsistas de ingl\u00eas do NEEL para o semestre 2020.1<\/strong><\/p>\n<p><strong>Ver edital\u00a0<a href=\"https:\/\/www.uern.br\/controledepaginas\/neel-editais\/arquivos\/4006edital_na_03_2020_neel_resultado_final_selecao_bolsistas_2020.1.pdf\">AQUI<\/a><a href=\"https:\/\/www.uern.br\/controledepaginas\/neel-editais\/arquivos\/4006edital_na_06_2019_neel_resultado_final_selecao_bolsistas_2019.2.pdf\"><br \/>\n<\/a><\/strong><\/p>\n<p>&nbsp;<\/p>\n<p><strong>Aditivo n\u00ba 1 ao edital de sele\u00e7\u00e3o de bolsista de l\u00edngua inglesa para o semestre 2020.1<\/strong><\/p>\n<p><strong>Ver aditivo<a href=\"https:\/\/www.uern.br\/controledepaginas\/neel-editais\/arquivos\/4006aditivo_na%C2%B0_001_ao_edital_na%C2%B0_002_2020_neel_edital_de_selecao_de_bolsistas_2020.1.pdf\">\u00a0AQUI<\/a><a href=\"https:\/\/www.uern.br\/controledepaginas\/neel-editais\/arquivos\/4006aditivo_na_01_ao_edital_na_003_2019_neel.pdf\"><br \/>\n<\/a><\/strong><\/p>\n<p>&nbsp;<\/p>\n<p><strong>Edital para sele\u00e7\u00e3o de bolsistas de ingl\u00eas do NEEL para o semestre 2020.1<\/strong><\/p>\n<p><strong>Ver edital<a href=\"https:\/\/www.uern.br\/controledepaginas\/neel-editais\/arquivos\/4006edital_na_02_2020_neel_selecao_de_bolsista_de_lingua_inglesa_2020.1.pdf\">\u00a0AQUI<\/a><a href=\"https:\/\/www.uern.br\/controledepaginas\/neel-editais\/arquivos\/4006edital_na_05_2019_neel_selecao_de_bolsista_de_lingua_inglesa_e_espanhola_2019.2.pdf\"><br \/>\n<\/a><\/strong><\/p>\n<p>&nbsp;<\/p>\n<p><strong>Edital de matr\u00edcula para os cursos oferecidos pelo NEEL no semestre 2020.1<\/strong><\/p>\n<p><strong>Ver edital\u00a0<a href=\"https:\/\/www.uern.br\/controledepaginas\/neel-editais\/arquivos\/4006edital_na_01_2020_neel_matriculas_semestre_2020.1.pdf\">AQUI<\/a><a href=\"https:\/\/www.uern.br\/controledepaginas\/neel-editais\/arquivos\/4006edital_na_04_2019_neel_matriculas_semestre_2019.2.pdf\"><br \/>\n<\/a><\/strong><\/p>\n<p>&nbsp;<\/p>\n<p><strong>Edital do resultado final da sele\u00e7\u00e3o de bolsistas de ingl\u00eas e espanhol do NEEL para o semestre 2019.2<\/strong><\/p>\n<p><strong>Ver edital\u00a0<a href=\"https:\/\/www.uern.br\/controledepaginas\/neel-editais\/arquivos\/4006edital_na_06_2019_neel_resultado_final_selecao_bolsistas_2019.2.pdf\">AQUI<\/a><a href=\"https:\/\/www.uern.br\/controledepaginas\/neel-editais\/arquivos\/4006edital_na_02_2019_neel_resultado_final_selea%E2%80%A1a%C6%92o_bolsistas_2019.1.pdf\"><br \/>\n<\/a><\/strong><\/p>\n<p>&nbsp;<\/p>\n<p><strong>Edital para sele\u00e7\u00e3o de bolsistas de ingl\u00eas e espanhol do NEEL para o semestre 2019.2<\/strong><\/p>\n<p><strong>Ver edital\u00a0<a href=\"https:\/\/www.uern.br\/controledepaginas\/neel-editais\/arquivos\/4006edital_na_05_2019_neel_selecao_de_bolsista_de_lingua_inglesa_e_espanhola_2019.2.pdf\">AQUI<\/a><a href=\"https:\/\/www.uern.br\/controledepaginas\/neel-editais\/arquivos\/4006edital_na_01_2019_neel_selecao_de_bolsista_de_lingua_inglesa_e_espanhola_2019.1.pdf\"><br \/>\n<\/a><\/strong><\/p>\n<p>&nbsp;<\/p>\n<p><strong>Edital de matr\u00edcula para os cursos oferecidos pelo NEEL no semestre 2019.2<\/strong><\/p>\n<p><strong>Ver edital<a href=\"https:\/\/www.uern.br\/controledepaginas\/neel-editais\/arquivos\/4006edital_na_04_2019_neel_matriculas_semestre_2019.2.pdf\">\u00a0AQUI<\/a><a href=\"https:\/\/www.uern.br\/controledepaginas\/neel-editais\/arquivos\/4006edital_na_03_2019_neel_matriculas_semestre_2019.1.pdf\"><br \/>\n<\/a><\/strong><\/p>\n<p>&nbsp;<\/p>\n<p><strong>Aditivo n\u00ba 1 ao edital de matr\u00edcula para os cursos de idiomas ofertados pelo NEEL no semestre 2019.1<\/strong><\/p>\n<p><strong>Ver aditivo\u00a0<a href=\"https:\/\/www.uern.br\/controledepaginas\/neel-editais\/arquivos\/4006aditivo_na_01_ao_edital_na_003_2019_neel.pdf\">AQUI<\/a><a href=\"https:\/\/www.uern.br\/controledepaginas\/neel-editais\/arquivos\/4006aditivo_na_01_ao_edital_na_009_2018_neel.pdf\"><br \/>\n<\/a><\/strong><\/p>\n<p>&nbsp;<\/p>\n<p><strong>Edital de matr\u00edcula para os cursos de idiomas oferecidos pelo NEEL no semestre 2019.1\u00a0<\/strong><\/p>\n<p><strong>Ver edital\u00a0<a href=\"https:\/\/www.uern.br\/controledepaginas\/neel-editais\/arquivos\/4006edital_na_03_2019_neel_matriculas_semestre_2019.1.pdf\">AQUI<\/a><a href=\"https:\/\/www.uern.br\/controledepaginas\/neel-editais\/arquivos\/4006edital_na_09_2018_neel_matriculas_semestre_2018.2.pdf\"><br \/>\n<\/a><\/strong><\/p>\n<p>&nbsp;<\/p>\n<p><strong>Edital do resultado final da sele\u00e7\u00e3o de bolsistas de ingl\u00eas e espanhol do NEEL para o semestre 2019.1<\/strong><\/p>\n<p><strong>Ver edital\u00a0<a href=\"https:\/\/www.uern.br\/controledepaginas\/neel-editais\/arquivos\/4006edital_na_02_2019_neel_resultado_final_selea%E2%80%A1a%C6%92o_bolsistas_2019.1.pdf\">AQUI<\/a><\/strong><\/p>\n<p>&nbsp;<\/p>\n<p><strong>Edital para sele\u00e7\u00e3o de bolsistas de ingl\u00eas e espanhol do NEEL para o semestre 2019.1<\/strong><\/p>\n<p><strong>Ver edital\u00a0<a href=\"https:\/\/www.uern.br\/controledepaginas\/neel-editais\/arquivos\/4006edital_na_01_2019_neel_selecao_de_bolsista_de_lingua_inglesa_e_espanhola_2019.1.pdf\">AQUI<\/a><a href=\"https:\/\/www.uern.br\/controledepaginas\/neel-editais\/arquivos\/4006edital_na_07_2018_neel_selecao_de_bolsista_de_lingua_inglesa_e_espanhola_2018.2.pdf\"><br \/>\n<\/a><\/strong><\/p>\n<p>&nbsp;<\/p>\n<p><strong>Aditivo n\u00ba 1 ao edital de matr\u00edcula para os cursos de idiomas ofertados pelo NEEL no semestre 2018.2<\/strong><\/p>\n<p><strong>Ver aditivo\u00a0<a href=\"https:\/\/www.uern.br\/controledepaginas\/neel-editais\/arquivos\/4006aditivo_na_01_ao_edital_na_009_2018_neel.pdf\">AQUI<\/a><a href=\"https:\/\/www.uern.br\/controledepaginas\/neel-editais\/arquivos\/4006aditivo_na_02_ao_edital_na_006_2017_neel.pdf\"><br \/>\n<\/a><\/strong><\/p>\n<p>&nbsp;<\/p>\n<p><strong>Edital de matr\u00edcula para os cursos de idiomas oferecidos pelo NEEL no semestre 2018.2\u00a0<\/strong><\/p>\n<p><strong>Ver edital\u00a0<a href=\"https:\/\/www.uern.br\/controledepaginas\/neel-editais\/arquivos\/4006edital_na_09_2018_neel_matriculas_semestre_2018.2.pdf\">AQUI<\/a><\/strong><\/p>\n<p>&nbsp;<\/p>\n<p><strong>Edital do resultado final da sele\u00e7\u00e3o de bolsistas de ingl\u00eas e espanhol do NEEL para o semestre 2018.2<\/strong><\/p>\n<p><strong>Ver edital<a href=\"https:\/\/www.uern.br\/controledepaginas\/neel-editais\/arquivos\/4006edital_na_08_2018_neel_resultado_final_selecao_bolsistas_2018.2.pdf\">\u00a0AQUI<\/a><a href=\"https:\/\/www.uern.br\/controledepaginas\/neel-editais\/arquivos\/4006edital_na_03_2018_neel_resultado_final_da_selecao_de_bolsistas_espanhol_2017.2.pdf\"><br \/>\n<\/a><\/strong><\/p>\n<p>&nbsp;<\/p>\n<p><strong>Edital para sele\u00e7\u00e3o de bolsistas de ingl\u00eas e espanhol do NEEL para o semestre 2018.2<\/strong><\/p>\n<p><strong>Ver edital\u00a0<a href=\"https:\/\/www.uern.br\/controledepaginas\/neel-editais\/arquivos\/4006edital_na_07_2018_neel_selecao_de_bolsista_de_lingua_inglesa_e_espanhola_2018.2.pdf\">AQUI<\/a><\/strong><\/p>\n<p>&nbsp;<\/p>\n<p><strong>Altera\u00e7\u00e3o do edital n\u00ba 006\/2018 para os cursos de idiomas oferecidos pelo NEEL no semestre 2018.1<\/strong><\/p>\n<p><strong>Ver altera\u00e7\u00e3o\u00a0<a href=\"https:\/\/www.uern.br\/controledepaginas\/neel-editais\/arquivos\/4006alteracao_do_edital_n._006_2018_neel_matriculas_semestre_2018.1.pdf\">AQUI<\/a><\/strong><\/p>\n<p>&nbsp;<\/p>\n<p><strong>Errata ao edital de matr\u00edculas N\u00b0 006\/2018 para os cursos de idiomas oferecidos pelo NEEL no semestre 2018.1<\/strong><\/p>\n<p><strong>Ver errata\u00a0<a href=\"https:\/\/www.uern.br\/controledepaginas\/neel-editais\/arquivos\/4006errata_ao_edital_n._006_2018_neel_matriculas_semestre_2018.1.pdf\">AQUI<\/a><a href=\"https:\/\/www.uern.br\/controledepaginas\/neel-editais\/arquivos\/4006errata_ao_edital_n._006_2018_neel_matra%C2%8Dculas_semestre_2018.1.pdf\"><br \/>\n<\/a><\/strong><\/p>\n<p>&nbsp;<\/p>\n<p><strong>Edital de matr\u00edcula para os cursos de idiomas oferecidos pelo NEEL no semestre 2018.1 (Ano 2018)<\/strong><\/p>\n<p><strong>Ver edital\u00a0<a href=\"https:\/\/www.uern.br\/controledepaginas\/neel-editais\/arquivos\/4006edital_na_006_2018_neel_matriculas_semestre_2018.1.pdf\">AQUI<\/a><a href=\"https:\/\/www.uern.br\/controledepaginas\/neel-editais\/arquivos\/4006edital_na_006_2018_neel_matra%C2%8Dculas_semestre_2018.1.pdf\"><br \/>\n<\/a><\/strong><\/p>\n<p>&nbsp;<\/p>\n<p><strong>Edital do resultado final da sele\u00e7\u00e3o de bolsistas de ingl\u00eas do NEEL para o semestre 2018.1<\/strong><\/p>\n<p><strong>Ver edital\u00a0<a href=\"https:\/\/www.uern.br\/controledepaginas\/neel-editais\/arquivos\/4006edital_na_05_2018_neel_resultado_final_da_selecao_de_bolsistas_ingles_2018.1.pdf\">AQUI<\/a><\/strong><\/p>\n<p>&nbsp;<\/p>\n<p><strong>Edital para sele\u00e7\u00e3o de bolsistas de ingl\u00eas do NEEL para o semestre 2018.1<\/strong><\/p>\n<p><strong>Ver edital\u00a0<a href=\"https:\/\/www.uern.br\/controledepaginas\/neel-editais\/arquivos\/4006edital_na_04_2018_neel_selecao_de_bolsistas_de_lingua_inglesa_2018.1.pdf\">AQUI<\/a><\/strong><\/p>\n<p>&nbsp;<\/p>\n<p><strong>Edital do resultado final da sele\u00e7\u00e3o de bolsistas de espanhol do NEEL para o semestre 2017.2<\/strong><\/p>\n<p><strong>Ver edital\u00a0<a href=\"https:\/\/www.uern.br\/controledepaginas\/neel-editais\/arquivos\/4006edital_na_03_2018_neel_resultado_final_da_selecao_de_bolsistas_espanhol_2017.2.pdf\">AQUI<\/a><\/strong><\/p>\n<p>&nbsp;<\/p>\n<p><strong>Edital para sele\u00e7\u00e3o de bolsistas de espanhol do NEEL para o semestre 2017.2<\/strong><\/p>\n<p><strong>Ver edital\u00a0<a href=\"https:\/\/www.uern.br\/controledepaginas\/neel-editais\/arquivos\/4006edital_na_02_2018_neel_selecao_de_bolsista_de_lingua_espanhola_2017.2.pdf\">AQUI<\/a><\/strong><\/p>\n<p>&nbsp;<\/p>\n<p><strong>Edital de matr\u00edcula para os cursos de idiomas oferecidos pelo NEEL no semestre 2017.2 (Ano 2018)<\/strong><\/p>\n<p><strong>Ver edital\u00a0<a href=\"https:\/\/www.uern.br\/controledepaginas\/neel-editais\/arquivos\/4006edital_na_01_2018_neel_matriculas_semestre_2017.2_ano_2018.pdf\">AQUI<\/a><\/strong><\/p>\n<p>&nbsp;<\/p>\n<p><strong>Edital do resultado final da sele\u00e7\u00e3o de bolsistas do NEEL para o semestre 2017.2<\/strong><\/p>\n<p><strong>Ver edital\u00a0<a href=\"https:\/\/www.uern.br\/controledepaginas\/neel-editais\/arquivos\/4006edital_na_11_2017_neel_resultado_final_selea%E2%80%A1a%C6%92o_bolsistas_2017.2.pdf\">AQUI<\/a><\/strong><\/p>\n<p>&nbsp;<\/p>\n<p><strong>Novo Edital para sele\u00e7\u00e3o de bolsistas do NEEL para o semestre 2017.2<\/strong><\/p>\n<p><strong>Ver edital\u00a0<a href=\"https:\/\/www.uern.br\/controledepaginas\/neel-editais\/arquivos\/4006edital_na_10_2017_neel_selea%E2%80%A1a%C6%92o_de_bolsistas_2017.2.pdf\">AQUI<\/a><\/strong><\/p>\n<p>&nbsp;<\/p>\n<p><strong>Edital do resultado final da sele\u00e7\u00e3o de bolsistas do NEEL para o semestre 2017.2<\/strong><\/p>\n<p><strong>Ver edital\u00a0<a href=\"https:\/\/www.uern.br\/controledepaginas\/neel-editais\/arquivos\/4006edital_na_09_2017_neel_resultado_final_selea%E2%80%A1a%C6%92o_bolsistas_2017.2.pdf\">AQUI<\/a><\/strong><\/p>\n<p>&nbsp;<\/p>\n<p><strong>Edital para sele\u00e7\u00e3o de bolsistas do NEEL para o semestre 2017.2<\/strong><\/p>\n<p><strong>Ver edital\u00a0<a href=\"https:\/\/www.uern.br\/controledepaginas\/neel-editais\/arquivos\/4006edital_na_08_2017_neel_selea%E2%80%A1a%C6%92o_de_bolsistas_2017.2.pdf\">AQUI<\/a><\/strong><\/p>\n<p>&nbsp;<\/p>\n<p><strong>Aditivo n\u00ba 2 ao edital de matr\u00edcula para os cursos de idiomas ofertados pelo NEEL no semestre 2017.1<\/strong><\/p>\n<p><strong>Ver aditivo\u00a0<a href=\"https:\/\/www.uern.br\/controledepaginas\/neel-editais\/arquivos\/4006aditivo_na_02_ao_edital_na_006_2017_neel.pdf\">AQUI<\/a><\/strong><\/p>\n<p>&nbsp;<\/p>\n<p><strong>Aditivo ao edital de matr\u00edcula para os cursos de idiomas oferecidos pelo NEEL no semestre 2017.1<\/strong><\/p>\n<p><strong>Ver aditivo\u00a0<a href=\"https:\/\/www.uern.br\/controledepaginas\/neel-editais\/arquivos\/4006aditivo_na_01_ao_edital_na_006_2017_neel.pdf\">AQUI<\/a><\/strong><\/p>\n<p>&nbsp;<\/p>\n<p><strong>Edital de convoca\u00e7\u00e3o de bolsistas de l\u00edngua inglesa do NEEL para o semestre 2017.1<\/strong><\/p>\n<p><strong>Ver edital\u00a0<a href=\"https:\/\/www.uern.br\/controledepaginas\/neel-editais\/arquivos\/4006edital_na_07_2017_neel_convocaa%E2%80%A1a%C6%92o_das_bolsistas_2017.1.pdf\">AQUI<\/a><\/strong><\/p>\n<p>&nbsp;<\/p>\n<p><strong>Edital de matr\u00edcula para os cursos de idiomas oferecidos pelo NEEL no semestre 2017.1<\/strong><\/p>\n<p><strong>Ver edital\u00a0<a href=\"https:\/\/www.uern.br\/controledepaginas\/neel-editais\/arquivos\/4006edital_na_06_neel_matra%C2%ADculas_2017.1.pdf\">AQUI<\/a><\/strong><\/p>\n<p>&nbsp;<\/p>\n<p><strong>Edital do resultado final da sele\u00e7\u00e3o de bolsistas do NEEL para o semestre 2017.1<\/strong><\/p>\n<p><strong>Ver edital\u00a0<a href=\"https:\/\/www.uern.br\/controledepaginas\/neel-editais\/arquivos\/4006edital_na_05_2017_neel_resultado_final_selea%E2%80%A1a%C6%92o_bolsistas.pdf\">AQUI<\/a><\/strong><\/p>\n<p>&nbsp;<\/p>\n<p><strong>Edital para sele\u00e7\u00e3o de bolsistas do NEEL para o semestre 2017.1\u00a0<\/strong><\/p>\n<p><strong>Ver edital\u00a0<a href=\"https:\/\/www.uern.br\/controledepaginas\/neel-editais\/arquivos\/4006edital_na_04_2017_neel_selea%E2%80%A1a%C6%92o_de_bolsistas_2017.1.pdf\">AQUI<\/a><\/strong><\/p>\n<p>&nbsp;<\/p>\n<p><strong>Edital de matr\u00edcula para o Curso B\u00e1sico de Alem\u00e3o ofertado pelo NEEL no semestre 2016.2<\/strong><\/p>\n<p><strong>Ver edital\u00a0<a href=\"https:\/\/www.uern.br\/controledepaginas\/neel-editais\/arquivos\/4006edital_na_003_2017_neel_curso_ba%C2%A1sico_de_alema%C2%A3o.pdf\">AQUI<\/a><\/strong><\/p>\n<p>&nbsp;<\/p>\n<p><strong>Edital de matr\u00edcula para os cursos de idiomas oferecidos pelo NEEL no semestre 2016.2<\/strong><\/p>\n<p><strong>Ver edital\u00a0<a href=\"https:\/\/www.uern.br\/controledepaginas\/neel-editais\/arquivos\/4006edital_na_3__neel_matra%C2%ADculas_2016.2.pdf\">AQUI<\/a><\/strong><\/p>\n","protected":false},"excerpt":{"rendered":"<p>Edital de matr\u00edcula para os cursos oferecidos pelo NEEL no semestre 2026.1 Ver edital AQUI &nbsp; Edital de matr\u00edcula para os cursos oferecidos pelo NEEL no semestre 2025.2 Ver edital AQUI &nbsp; Edital de matr\u00edcula para os cursos oferecidos pelo NEEL no semestre 2025.1 Ver edital AQUI &nbsp; Edital de matr\u00edcula para os cursos oferecidos [&hellip;]<\/p>\n","protected":false},"author":1,"featured_media":0,"parent":0,"menu_order":0,"comment_status":"closed","ping_status":"closed","template":"","meta":{"footnotes":""},"class_list":["post-393","page","type-page","status-publish","hentry"],"_links":{"self":[{"href":"https:\/\/portal.uern.br\/fala\/neel\/wp-json\/wp\/v2\/pages\/393","targetHints":{"allow":["GET"]}}],"collection":[{"href":"https:\/\/portal.uern.br\/fala\/neel\/wp-json\/wp\/v2\/pages"}],"about":[{"href":"https:\/\/portal.uern.br\/fala\/neel\/wp-json\/wp\/v2\/types\/page"}],"author":[{"embeddable":true,"href":"https:\/\/portal.uern.br\/fala\/neel\/wp-json\/wp\/v2\/users\/1"}],"replies":[{"embeddable":true,"href":"https:\/\/portal.uern.br\/fala\/neel\/wp-json\/wp\/v2\/comments?post=393"}],"version-history":[{"count":33,"href":"https:\/\/portal.uern.br\/fala\/neel\/wp-json\/wp\/v2\/pages\/393\/revisions"}],"predecessor-version":[{"id":707,"href":"https:\/\/portal.uern.br\/fala\/neel\/wp-json\/wp\/v2\/pages\/393\/revisions\/707"}],"wp:attachment":[{"href":"https:\/\/portal.uern.br\/fala\/neel\/wp-json\/wp\/v2\/media?parent=393"}],"curies":[{"name":"wp","href":"https:\/\/api.w.org\/{rel}","templated":true}]}}