{"id":391,"date":"2023-04-10T08:22:29","date_gmt":"2023-04-10T11:22:29","guid":{"rendered":"https:\/\/portal.uern.br\/fala\/neel\/?page_id=391"},"modified":"2026-02-06T07:31:56","modified_gmt":"2026-02-06T10:31:56","slug":"noticias","status":"publish","type":"page","link":"https:\/\/portal.uern.br\/fala\/neel\/noticias\/","title":{"rendered":"Not\u00edcias"},"content":{"rendered":"<p><strong>Divulgada a rela\u00e7\u00e3o nominal parcial dos alunos efetivamente matriculados por turma para os cursos de l\u00ednguas estrangeiras do NEEL para o semestre 2026.1<\/strong><\/p>\n<p><strong>Ver\u00a0<a href=\"https:\/\/drive.google.com\/file\/d\/1uFmAMQrTCLQY5FxGs3NLE_vk4O7Urora\/view?usp=sharing\">AQUI<\/a><\/strong><\/p>\n<p>&nbsp;<\/p>\n<p><strong>Divulgado o resultado do teste de nivelamento para os cursos de l\u00ednguas estrangeiras do NEEL para o semestre 2026.1<\/strong><\/p>\n<p><strong>Ver\u00a0<a href=\"https:\/\/drive.google.com\/file\/d\/1PZLum3fqzXePFnNm6zPYoayvFrbNDRI8\/view?usp=sharing\">AQUI<\/a><\/strong><\/p>\n<p>&nbsp;<\/p>\n<p><strong>Divulgada a rela\u00e7\u00e3o nominal parcial dos alunos efetivamente matriculados por turma para os cursos de l\u00ednguas estrangeiras do NEEL para o semestre 2025.2<\/strong><\/p>\n<p><strong>Ver\u00a0<a href=\"https:\/\/drive.google.com\/file\/d\/1xnempFxNjTgpETdIuB1Tk7ESoh8BOou6\/view?usp=sharing\">AQUI<\/a><\/strong><\/p>\n<p>&nbsp;<\/p>\n<p><strong>Divulgado o resultado do teste de nivelamento para os cursos de l\u00ednguas estrangeiras do NEEL para o semestre 2025.2<\/strong><\/p>\n<p><strong>Ver<a href=\"https:\/\/drive.google.com\/file\/d\/1Ir1svnLPxkEmwsiNCkQatEkHUHHMs0fg\/view?usp=sharing\">\u00a0AQUI<\/a><\/strong><\/p>\n<p>&nbsp;<\/p>\n<p><strong>Divulgada a rela\u00e7\u00e3o nominal parcial dos alunos efetivamente matriculados por turma para os cursos de l\u00ednguas estrangeiras do NEEL para o semestre 2025.1<\/strong><\/p>\n<p><strong>Ver\u00a0<a href=\"https:\/\/drive.google.com\/file\/d\/1bask_1Z1o3Vi-kmOTGKdYoIPlWGsaR-x\/view?usp=drive_link\">AQUI<\/a><\/strong><\/p>\n<p>&nbsp;<\/p>\n<p><strong>Divulgado o resultado do teste de nivelamento para os cursos de l\u00ednguas estrangeiras do NEEL para o semestre 2025.1<\/strong><\/p>\n<p><strong>Ver\u00a0<a href=\"https:\/\/drive.google.com\/file\/d\/1EuUA5Yw2F4LY7Z_5_JnUFY2_ugGUIw3h\/view?usp=drive_link\">AQUI<\/a><\/strong><\/p>\n<p>&nbsp;<\/p>\n<p><strong>Divulgada a rela\u00e7\u00e3o nominal parcial dos alunos efetivamente matriculados por turma para os cursos de l\u00ednguas estrangeiras do NEEL para o semestre 2024.2<\/strong><\/p>\n<p><strong>Ver\u00a0<a href=\"https:\/\/drive.google.com\/file\/d\/1Hl6VOXfbv-fKukRhKRBH47YXbhtNg9x_\/view?usp=drive_link\">AQUI<\/a><\/strong><\/p>\n<p>&nbsp;<\/p>\n<p><strong>Divulgado o resultado do teste de nivelamento para os cursos de l\u00ednguas estrangeiras do NEEL para o semestre 2024.2<\/strong><\/p>\n<p><strong>Ver\u00a0<a href=\"https:\/\/drive.google.com\/file\/d\/15vx5AxRuhsXZimE8nbC9LTk4chMOQ3Mj\/view?usp=drive_link\">AQUI<\/a><\/strong><\/p>\n<p>&nbsp;<\/p>\n<p><strong>Divulgada a rela\u00e7\u00e3o nominal parcial dos alunos efetivamente matriculados por turma para os cursos de l\u00ednguas estrangeiras do NEEL para o semestre 2024.1<\/strong><\/p>\n<p><strong>Ver\u00a0<a href=\"https:\/\/drive.google.com\/file\/d\/1KYiZekiNfo_Q6CiRko1JA8pHqNpJea1m\/view?usp=drive_link\">AQUI<\/a><\/strong><\/p>\n<p>&nbsp;<\/p>\n<p><strong>Divulgado o resultado do teste de nivelamento para os cursos de l\u00ednguas estrangeiras do NEEL para o semestre 2024.1<\/strong><\/p>\n<p><strong>Ver\u00a0<a href=\"https:\/\/drive.google.com\/file\/d\/1wU7qBJ8NRR50vwK-MKher-B18k8KZvjP\/view?usp=drive_link\">AQUI<\/a><\/strong><\/p>\n<p>&nbsp;<\/p>\n<p><strong>Divulgada a rela\u00e7\u00e3o nominal parcial dos alunos efetivamente matriculados por turma para os cursos de l\u00ednguas estrangeiras do NEEL para o semestre 2023.2<\/strong><\/p>\n<p><strong>Ver\u00a0<a href=\"https:\/\/drive.google.com\/file\/d\/1D_wTJTWUudvFDasTL3gUA8PLDR6BhU9T\/view?usp=drive_link\">AQUI<\/a><\/strong><\/p>\n<p>&nbsp;<\/p>\n<p><strong>Divulgado o resultado do teste de nivelamento para os cursos de l\u00ednguas estrangeiras do NEEL para o semestre 2023.2<\/strong><\/p>\n<p><strong>Ver\u00a0<a href=\"https:\/\/drive.google.com\/file\/d\/1qlfar47BmhNDSFYFqhhApY4we0p_es2j\/view?usp=drive_link\">AQUI<\/a><\/strong><\/p>\n<p>&nbsp;<\/p>\n<p><strong>Divulgada a rela\u00e7\u00e3o nominal parcial dos alunos efetivamente matriculados por turma para os cursos de l\u00ednguas estrangeiras do NEEL para o semestre 2023.1<\/strong><\/p>\n<p><strong>Ver\u00a0<a href=\"https:\/\/drive.google.com\/file\/d\/1rWXkcWdIQLGDT66F0FN1B1CTrOW1-sma\/view?usp=drive_link\">AQUI<\/a><a href=\"http:\/\/www.uern.br\/controledepaginas\/neel-noticias\/arquivos\/4005relaa%C2%A7a%C2%A3o_parcial_matriculados_2022.2.pdf\"><br \/>\n<\/a><\/strong><\/p>\n<p>&nbsp;<\/p>\n<p><strong>Divulgado o resultado do teste de nivelamento para os cursos de l\u00ednguas estrangeiras do NEEL para o semestre 2023.1<\/strong><\/p>\n<p><strong>Ver\u00a0<a href=\"https:\/\/drive.google.com\/file\/d\/1oxiWFuVHp0qlogycovva4umZ1dkKsrQx\/view?usp=drive_link\">AQUI<\/a><\/strong><\/p>\n<p>&nbsp;<\/p>\n<p><strong>Divulgada a rela\u00e7\u00e3o nominal parcial dos alunos efetivamente matriculados por turma para os cursos de l\u00ednguas estrangeiras do NEEL para o semestre 2022.2<\/strong><\/p>\n<p><strong>Ver\u00a0<a href=\"http:\/\/www.uern.br\/controledepaginas\/neel-noticias\/arquivos\/4005relaa%C2%A7a%C2%A3o_parcial_matriculados_2022.2.pdf\">AQUI<\/a><a href=\"http:\/\/www.uern.br\/controledepaginas\/neel-noticias\/arquivos\/4005relacao_parcial_matriculados_2022.1.pdf\"><br \/>\n<\/a><\/strong><\/p>\n<p>&nbsp;<\/p>\n<p><strong>Divulgado o resultado do teste de nivelamento para os cursos de l\u00ednguas estrangeiras do NEEL para o semestre 2022.2<\/strong><\/p>\n<p><strong>Ver\u00a0<a href=\"http:\/\/www.uern.br\/controledepaginas\/neel-noticias\/arquivos\/4005resultado_teste_de_nivelamento_2022.2.pdf\">AQUI<\/a><a href=\"http:\/\/www.uern.br\/controledepaginas\/neel-noticias\/arquivos\/4005resultado_teste_de_nivelamento_2022.1.pdf\"><br \/>\n<\/a><\/strong><\/p>\n<p>&nbsp;<\/p>\n<p><strong>Divulgada a rela\u00e7\u00e3o nominal parcial dos alunos efetivamente matriculados por turma para os cursos de l\u00ednguas estrangeiras do NEEL para o semestre 2022.1<\/strong><\/p>\n<p><strong>Ver\u00a0<a href=\"http:\/\/www.uern.br\/controledepaginas\/neel-noticias\/arquivos\/4005relacao_parcial_matriculados_2022.1.pdf\">AQUI<\/a><a href=\"https:\/\/www.uern.br\/controledepaginas\/neel-noticias\/arquivos\/4005relaa%C2%A7a%C2%A3o_parcial_matriculados_2019.2.pdf\"><br \/>\n<\/a><\/strong><\/p>\n<p>&nbsp;<\/p>\n<p><strong>Divulgado o resultado do teste de nivelamento para os cursos de l\u00ednguas estrangeiras do NEEL para o semestre 2022.1<\/strong><\/p>\n<p><strong>Ver\u00a0<a href=\"http:\/\/www.uern.br\/controledepaginas\/neel-noticias\/arquivos\/4005resultado_teste_de_nivelamento_2022.1.pdf\">AQUI<\/a><\/strong><\/p>\n<p>&nbsp;<\/p>\n<p><strong>Divulgada a rela\u00e7\u00e3o nominal parcial dos alunos efetivamente matriculados por turma para os cursos de l\u00ednguas estrangeiras do NEEL para o semestre 2019.2<\/strong><\/p>\n<p><strong>Ver\u00a0<a href=\"https:\/\/www.uern.br\/controledepaginas\/neel-noticias\/arquivos\/4005relaa%C2%A7a%C2%A3o_parcial_matriculados_2019.2.pdf\">AQUI<\/a><a href=\"https:\/\/www.uern.br\/controledepaginas\/neel-noticias\/arquivos\/4005relaa%C2%A7a%C2%A3o_parcial_matriculados_2019.1.pdf\"><br \/>\n<\/a><\/strong><\/p>\n<p>&nbsp;<\/p>\n<p><strong>Divulgado o resultado das entrevistas para os cursos de LIBRAS do NEEL para o semestre 2019.2<\/strong><\/p>\n<p><strong>Ver\u00a0<a href=\"https:\/\/www.uern.br\/controledepaginas\/neel-noticias\/arquivos\/4005resultado_entrevista_de_libras_2019.2.pdf\">AQUI\u00a0<\/a><\/strong><\/p>\n<p>&nbsp;<\/p>\n<p><strong>Divulgado o resultado do teste de nivelamento para os cursos de l\u00ednguas estrangeiras do NEEL para o semestre 2019.2<\/strong><\/p>\n<p><strong>Ver\u00a0<a href=\"https:\/\/www.uern.br\/controledepaginas\/neel-noticias\/arquivos\/4005resultado_teste_de_nivelamento_2019.2.pdf\">AQUI<\/a>\u00a0<a href=\"https:\/\/www.uern.br\/controledepaginas\/neel-noticias\/arquivos\/4005resultado_teste_de_nivelamento_2019.1.pdf\"><br \/>\n<\/a><\/strong><\/p>\n<p>&nbsp;<\/p>\n<p><strong>Divulgada a rela\u00e7\u00e3o nominal parcial dos alunos efetivamente matriculados por turma para os cursos de l\u00ednguas estrangeiras do NEEL para o semestre 2019.1<\/strong><\/p>\n<p><strong>Ver<a href=\"https:\/\/www.uern.br\/controledepaginas\/neel-noticias\/arquivos\/4005relaa%C2%A7a%C2%A3o_parcial_matriculados_2019.1.pdf\">\u00a0AQUI<\/a><a href=\"https:\/\/www.uern.br\/controledepaginas\/neel-noticias\/arquivos\/4005relacao_parcial_matriculados_2018.2.pdf\"><br \/>\n<\/a><\/strong><\/p>\n<p>&nbsp;<\/p>\n<p><strong>NOTA<\/strong><\/p>\n<p><strong>Ver\u00a0<a href=\"https:\/\/www.uern.br\/controledepaginas\/neel-noticias\/arquivos\/4005nota_neel.pdf\">AQUI<\/a><\/strong><\/p>\n<p>&nbsp;<\/p>\n<p><strong>Divulgado o resultado do teste de nivelamento para os cursos de l\u00ednguas estrangeiras do NEEL para o semestre 2019.1<\/strong><\/p>\n<p><strong>Ver\u00a0<a href=\"https:\/\/www.uern.br\/controledepaginas\/neel-noticias\/arquivos\/4005resultado_teste_de_nivelamento_2019.1.pdf\">AQUI<\/a><a href=\"https:\/\/www.uern.br\/controledepaginas\/neel-noticias\/arquivos\/4005resultado_teste_de_nivelamento_2018.2.pdf\"><br \/>\n<\/a><\/strong><\/p>\n<p>&nbsp;<\/p>\n<p><strong>Divulgada a rela\u00e7\u00e3o nominal parcial dos alunos efetivamente matriculados por turma para os cursos de l\u00ednguas estrangeiras do NEEL para o semestre 2018.2<\/strong><\/p>\n<p><strong>Ver\u00a0<a href=\"https:\/\/www.uern.br\/controledepaginas\/neel-noticias\/arquivos\/4005relacao_parcial_matriculados_2018.2.pdf\">AQUI<\/a><a href=\"https:\/\/www.uern.br\/controledepaginas\/neel-noticias\/arquivos\/4005relacao_parcial_matriculados_2018.1.pdf\"><br \/>\n<\/a><\/strong><\/p>\n<p>&nbsp;<\/p>\n<p><strong>Divulgado o resultado do teste de nivelamento para os cursos de l\u00ednguas estrangeiras do NEEL para o semestre 2018.2<\/strong><\/p>\n<p><strong>Ver\u00a0<a href=\"https:\/\/www.uern.br\/controledepaginas\/neel-noticias\/arquivos\/4005resultado_teste_de_nivelamento_2018.2.pdf\">AQUI<\/a><a href=\"https:\/\/www.uern.br\/controledepaginas\/neel-noticias\/arquivos\/4005resultado_teste_de_nivelamento_2018.1.pdf\"><br \/>\n<\/a><\/strong><\/p>\n<p>&nbsp;<\/p>\n<p><strong>Divulgada a rela\u00e7\u00e3o nominal dos alunos efetivamente matriculados por turma para os cursos de l\u00ednguas estrangeiras do NEEL para o semestre 2018.1<\/strong><\/p>\n<p><strong>Ver<a href=\"https:\/\/www.uern.br\/controledepaginas\/neel-noticias\/arquivos\/4005relaa%C2%A7a%C2%A3o__dos_matriculados_2018.1.pdf\">\u00a0AQUI<\/a><a href=\"https:\/\/www.uern.br\/controledepaginas\/neel-noticias\/arquivos\/4005relacao_parcial_matriculados_2018.1.pdf\"><br \/>\n<\/a><\/strong><\/p>\n<p>&nbsp;<\/p>\n<p><strong>Divulgada a rela\u00e7\u00e3o nominal parcial dos alunos efetivamente matriculados por turma para os cursos de l\u00ednguas estrangeiras do NEEL para o semestre 2018.1<\/strong><\/p>\n<p><strong>Ver\u00a0<a href=\"https:\/\/www.uern.br\/controledepaginas\/neel-noticias\/arquivos\/4005relacao_parcial_matriculados_2018.1.pdf\">AQUI<\/a><\/strong><\/p>\n<p>&nbsp;<\/p>\n<p><strong>Divulgado o resultado do teste de nivelamento para os cursos de l\u00ednguas estrangeiras do NEEL para o semestre 2018.1<\/strong><\/p>\n<p><strong>Ver\u00a0<a href=\"https:\/\/www.uern.br\/controledepaginas\/neel-noticias\/arquivos\/4005resultado_teste_de_nivelamento_2018.1.pdf\">AQUI<\/a><\/strong><\/p>\n<p>&nbsp;<\/p>\n<p><strong>Divulgado o resultado do teste de nivelamento para os cursos de l\u00ednguas estrangeiras do NEEL para o semestre 2017.1<\/strong><\/p>\n<p><strong>Ver\u00a0<a href=\"https:\/\/www.uern.br\/controledepaginas\/neel-noticias\/arquivos\/4005resultado_teste_de_nivelamento_2017.1.pdf\">AQUI<\/a><\/strong><\/p>\n","protected":false},"excerpt":{"rendered":"<p>Divulgada a rela\u00e7\u00e3o nominal parcial dos alunos efetivamente matriculados por turma para os cursos de l\u00ednguas estrangeiras do NEEL para o semestre 2026.1 Ver\u00a0AQUI &nbsp; Divulgado o resultado do teste de nivelamento para os cursos de l\u00ednguas estrangeiras do NEEL para o semestre 2026.1 Ver\u00a0AQUI &nbsp; Divulgada a rela\u00e7\u00e3o nominal parcial dos alunos efetivamente matriculados [&hellip;]<\/p>\n","protected":false},"author":1,"featured_media":0,"parent":0,"menu_order":0,"comment_status":"closed","ping_status":"closed","template":"","meta":{"footnotes":""},"class_list":["post-391","page","type-page","status-publish","hentry"],"_links":{"self":[{"href":"https:\/\/portal.uern.br\/fala\/neel\/wp-json\/wp\/v2\/pages\/391","targetHints":{"allow":["GET"]}}],"collection":[{"href":"https:\/\/portal.uern.br\/fala\/neel\/wp-json\/wp\/v2\/pages"}],"about":[{"href":"https:\/\/portal.uern.br\/fala\/neel\/wp-json\/wp\/v2\/types\/page"}],"author":[{"embeddable":true,"href":"https:\/\/portal.uern.br\/fala\/neel\/wp-json\/wp\/v2\/users\/1"}],"replies":[{"embeddable":true,"href":"https:\/\/portal.uern.br\/fala\/neel\/wp-json\/wp\/v2\/comments?post=391"}],"version-history":[{"count":19,"href":"https:\/\/portal.uern.br\/fala\/neel\/wp-json\/wp\/v2\/pages\/391\/revisions"}],"predecessor-version":[{"id":1159,"href":"https:\/\/portal.uern.br\/fala\/neel\/wp-json\/wp\/v2\/pages\/391\/revisions\/1159"}],"wp:attachment":[{"href":"https:\/\/portal.uern.br\/fala\/neel\/wp-json\/wp\/v2\/media?parent=391"}],"curies":[{"name":"wp","href":"https:\/\/api.w.org\/{rel}","templated":true}]}}