{"id":385,"date":"2023-04-10T08:19:40","date_gmt":"2023-04-10T11:19:40","guid":{"rendered":"https:\/\/portal.uern.br\/fala\/neel\/?page_id=385"},"modified":"2023-09-12T07:38:02","modified_gmt":"2023-09-12T10:38:02","slug":"cursos-especiais","status":"publish","type":"page","link":"https:\/\/portal.uern.br\/fala\/neel\/cursos-especiais\/","title":{"rendered":"Cursos Especiais"},"content":{"rendered":"<p>Cursos de profici\u00eancia leitora em l\u00edngua inglesa e l\u00edngua espanhola<\/p>\n<p>Obs.: Vide edital de turmas abertas para matr\u00edculas a cada semestre.<\/p>\n","protected":false},"excerpt":{"rendered":"<p>Cursos de profici\u00eancia leitora em l\u00edngua inglesa e l\u00edngua espanhola Obs.: Vide edital de turmas abertas para matr\u00edculas a cada semestre.<\/p>\n","protected":false},"author":1,"featured_media":0,"parent":0,"menu_order":0,"comment_status":"closed","ping_status":"closed","template":"","meta":{"footnotes":""},"class_list":["post-385","page","type-page","status-publish","hentry"],"_links":{"self":[{"href":"https:\/\/portal.uern.br\/fala\/neel\/wp-json\/wp\/v2\/pages\/385","targetHints":{"allow":["GET"]}}],"collection":[{"href":"https:\/\/portal.uern.br\/fala\/neel\/wp-json\/wp\/v2\/pages"}],"about":[{"href":"https:\/\/portal.uern.br\/fala\/neel\/wp-json\/wp\/v2\/types\/page"}],"author":[{"embeddable":true,"href":"https:\/\/portal.uern.br\/fala\/neel\/wp-json\/wp\/v2\/users\/1"}],"replies":[{"embeddable":true,"href":"https:\/\/portal.uern.br\/fala\/neel\/wp-json\/wp\/v2\/comments?post=385"}],"version-history":[{"count":2,"href":"https:\/\/portal.uern.br\/fala\/neel\/wp-json\/wp\/v2\/pages\/385\/revisions"}],"predecessor-version":[{"id":706,"href":"https:\/\/portal.uern.br\/fala\/neel\/wp-json\/wp\/v2\/pages\/385\/revisions\/706"}],"wp:attachment":[{"href":"https:\/\/portal.uern.br\/fala\/neel\/wp-json\/wp\/v2\/media?parent=385"}],"curies":[{"name":"wp","href":"https:\/\/api.w.org\/{rel}","templated":true}]}}