{"id":383,"date":"2023-04-10T08:19:26","date_gmt":"2023-04-10T11:19:26","guid":{"rendered":"https:\/\/portal.uern.br\/fala\/neel\/?page_id=383"},"modified":"2025-04-03T07:40:39","modified_gmt":"2025-04-03T10:40:39","slug":"lingua-espanhola","status":"publish","type":"page","link":"https:\/\/portal.uern.br\/fala\/neel\/lingua-espanhola\/","title":{"rendered":"L\u00edngua Espanhola"},"content":{"rendered":"<p>L\u00edngua Espanhola I<\/p>\n<p>L\u00edngua Espanhola II<\/p>\n<p>L\u00edngua Espanhola III<\/p>\n<p>L\u00edngua Espanhola IV<\/p>\n<p>L\u00edngua Espanhola V<\/p>\n<p>L\u00edngua Espanhola VI<\/p>\n<p>L\u00edngua Espanhola VII<\/p>\n<p>L\u00edngua Espanhola VIII<\/p>\n<p>Obs.: Vide edital de turmas abertas para matr\u00edculas a cada semestre.<\/p>\n<p>Conte\u00fado Program\u00e1tico:<a href=\"https:\/\/drive.google.com\/file\/d\/1AEOg1MxnkTpQKLPNaXeA0idgBy03OLDk\/view?usp=sharing\"> AQUI<\/a><\/p>\n","protected":false},"excerpt":{"rendered":"<p>L\u00edngua Espanhola I L\u00edngua Espanhola II L\u00edngua Espanhola III L\u00edngua Espanhola IV L\u00edngua Espanhola V L\u00edngua Espanhola VI L\u00edngua Espanhola VII L\u00edngua Espanhola VIII Obs.: Vide edital de turmas abertas para matr\u00edculas a cada semestre. Conte\u00fado Program\u00e1tico: AQUI<\/p>\n","protected":false},"author":1,"featured_media":0,"parent":0,"menu_order":0,"comment_status":"closed","ping_status":"closed","template":"","meta":{"footnotes":""},"class_list":["post-383","page","type-page","status-publish","hentry"],"_links":{"self":[{"href":"https:\/\/portal.uern.br\/fala\/neel\/wp-json\/wp\/v2\/pages\/383","targetHints":{"allow":["GET"]}}],"collection":[{"href":"https:\/\/portal.uern.br\/fala\/neel\/wp-json\/wp\/v2\/pages"}],"about":[{"href":"https:\/\/portal.uern.br\/fala\/neel\/wp-json\/wp\/v2\/types\/page"}],"author":[{"embeddable":true,"href":"https:\/\/portal.uern.br\/fala\/neel\/wp-json\/wp\/v2\/users\/1"}],"replies":[{"embeddable":true,"href":"https:\/\/portal.uern.br\/fala\/neel\/wp-json\/wp\/v2\/comments?post=383"}],"version-history":[{"count":7,"href":"https:\/\/portal.uern.br\/fala\/neel\/wp-json\/wp\/v2\/pages\/383\/revisions"}],"predecessor-version":[{"id":1106,"href":"https:\/\/portal.uern.br\/fala\/neel\/wp-json\/wp\/v2\/pages\/383\/revisions\/1106"}],"wp:attachment":[{"href":"https:\/\/portal.uern.br\/fala\/neel\/wp-json\/wp\/v2\/media?parent=383"}],"curies":[{"name":"wp","href":"https:\/\/api.w.org\/{rel}","templated":true}]}}