{"id":379,"date":"2023-04-10T08:18:46","date_gmt":"2023-04-10T11:18:46","guid":{"rendered":"https:\/\/portal.uern.br\/fala\/neel\/?page_id=379"},"modified":"2025-01-07T07:53:35","modified_gmt":"2025-01-07T10:53:35","slug":"galeria-de-coordenadores","status":"publish","type":"page","link":"https:\/\/portal.uern.br\/fala\/neel\/galeria-de-coordenadores\/","title":{"rendered":"Galeria de Coordenadores"},"content":{"rendered":"<h4>FUNDADOR E EX-COORDENADOR<\/h4>\n<p>Prof. Luiz Alberto Lima (1997)<\/p>\n<h4>EX-COORDENADORES<\/h4>\n<p>Prof. Gilmar Henrique da Silva (Coordena\u00e7\u00e3o: 1997-2005)<\/p>\n<p>Prof. Marcelo Melo da Costa (Coordena\u00e7\u00e3o: 2005-2009)<\/p>\n<p>Prof. Wanderley da Silva (Coordena\u00e7\u00e3o: 2009-2011)<\/p>\n<p>Prof. Pedro Adri\u00e3o da Silva J\u00fanior (Coordena\u00e7\u00e3o: 2011-2013)<\/p>\n<p>Profa. Anna Neri Dantas Camacho de Valera (Coordena\u00e7\u00e3o: 2013-2014)<\/p>\n<p>Profa. Adriana Almeida Fernandes (Coordena\u00e7\u00e3o: 2015-2016)<\/p>\n<p>Prof. Nilson Roberto Barros da Silva (Coordena\u00e7\u00e3o: 2016-2020)<\/p>\n<p>Prof. Wanderley da Silva ( Coordena\u00e7\u00e3o: 2020-2024)<\/p>\n","protected":false},"excerpt":{"rendered":"<p>FUNDADOR E EX-COORDENADOR Prof. Luiz Alberto Lima (1997) EX-COORDENADORES Prof. Gilmar Henrique da Silva (Coordena\u00e7\u00e3o: 1997-2005) Prof. Marcelo Melo da Costa (Coordena\u00e7\u00e3o: 2005-2009) Prof. Wanderley da Silva (Coordena\u00e7\u00e3o: 2009-2011) Prof. Pedro Adri\u00e3o da Silva J\u00fanior (Coordena\u00e7\u00e3o: 2011-2013) Profa. Anna Neri Dantas Camacho de Valera (Coordena\u00e7\u00e3o: 2013-2014) Profa. Adriana Almeida Fernandes (Coordena\u00e7\u00e3o: 2015-2016) Prof. Nilson Roberto [&hellip;]<\/p>\n","protected":false},"author":1,"featured_media":0,"parent":0,"menu_order":0,"comment_status":"closed","ping_status":"closed","template":"","meta":{"footnotes":""},"class_list":["post-379","page","type-page","status-publish","hentry"],"_links":{"self":[{"href":"https:\/\/portal.uern.br\/fala\/neel\/wp-json\/wp\/v2\/pages\/379","targetHints":{"allow":["GET"]}}],"collection":[{"href":"https:\/\/portal.uern.br\/fala\/neel\/wp-json\/wp\/v2\/pages"}],"about":[{"href":"https:\/\/portal.uern.br\/fala\/neel\/wp-json\/wp\/v2\/types\/page"}],"author":[{"embeddable":true,"href":"https:\/\/portal.uern.br\/fala\/neel\/wp-json\/wp\/v2\/users\/1"}],"replies":[{"embeddable":true,"href":"https:\/\/portal.uern.br\/fala\/neel\/wp-json\/wp\/v2\/comments?post=379"}],"version-history":[{"count":3,"href":"https:\/\/portal.uern.br\/fala\/neel\/wp-json\/wp\/v2\/pages\/379\/revisions"}],"predecessor-version":[{"id":1085,"href":"https:\/\/portal.uern.br\/fala\/neel\/wp-json\/wp\/v2\/pages\/379\/revisions\/1085"}],"wp:attachment":[{"href":"https:\/\/portal.uern.br\/fala\/neel\/wp-json\/wp\/v2\/media?parent=379"}],"curies":[{"name":"wp","href":"https:\/\/api.w.org\/{rel}","templated":true}]}}