{"id":743,"date":"2023-11-27T09:40:30","date_gmt":"2023-11-27T12:40:30","guid":{"rendered":"https:\/\/portal.uern.br\/fala\/musica\/?page_id=743"},"modified":"2024-02-19T08:39:16","modified_gmt":"2024-02-19T11:39:16","slug":"formularios","status":"publish","type":"page","link":"https:\/\/portal.uern.br\/fala\/musica\/formularios\/","title":{"rendered":"Formul\u00e1rios"},"content":{"rendered":"<p><strong>DISCENTES<\/strong><\/p>\n<p>Requerimento Ajuste de matr\u00edcula\u00a0<a href=\"https:\/\/portal.uern.br\/fala\/musica\/wp-content\/uploads\/sites\/5\/2023\/11\/Formulario-Requerimento-Ajuste-de-matricula.doc\">(Clique Aqui)<\/a><\/p>\n<p>Requerimento segunda chamada\u00a0<a href=\"https:\/\/portal.uern.br\/fala\/musica\/wp-content\/uploads\/sites\/5\/2023\/11\/Requerimento-segunda-chamada.doc\">(Clique Aqui)<\/a><\/p>\n<p>Requerimento Aproveitamento Estudo UERN\u00a0<a href=\"https:\/\/portal.uern.br\/fala\/musica\/wp-content\/uploads\/sites\/5\/2023\/11\/Requerimento-Aproveitamento-Estudo-UERN.doc\">(Clique Aqui)<\/a><\/p>\n<p>Requerimento Aproveitamento Estudos outra IES\u00a0<a href=\"https:\/\/portal.uern.br\/fala\/musica\/wp-content\/uploads\/sites\/5\/2023\/11\/Requerimento-Aproveitamento-Estudos-outra-IES.doc\">(Clique Aqui)<\/a><\/p>\n<p>&nbsp;<\/p>\n<p><strong>DOCENTES<\/strong><\/p>\n<p>Formul\u00e1rio de Solicita\u00e7\u00e3o Progress\u00e3o Funcional\u00a0<a href=\"https:\/\/portal.uern.br\/fala\/musica\/wp-content\/uploads\/sites\/5\/2023\/11\/Formulario-de-Solicitacao-Progressao-Funcional.doc\">(Clique Aqui)<\/a><\/p>\n<p>Ficha de acompanhamento de orienta\u00e7\u00e3o \u2013 monografia\u00a0<a href=\"https:\/\/portal.uern.br\/fala\/musica\/wp-content\/uploads\/sites\/5\/2023\/11\/Ficha-de-acompanhamento-de-orientacao-monografia.docx\">(Clique Aqui)<\/a><\/p>\n<p>Ficha de observa\u00e7\u00e3o docente\u00a0<a href=\"https:\/\/portal.uern.br\/fala\/musica\/wp-content\/uploads\/sites\/5\/2023\/11\/Ficha-de-observacao-docente-atual.doc\">(Clique Aqui)<\/a><\/p>\n<p>Formul\u00e1rio de registro de atividades complementares\u00a0<a href=\"https:\/\/portal.uern.br\/fala\/musica\/wp-content\/uploads\/sites\/5\/2023\/11\/Formulario-de-registro-de-atividades-complementares.odt\">(Clique Aqui)<\/a><\/p>\n<p>Solicita\u00e7\u00e3o de aula extra\u00a0<a href=\"https:\/\/portal.uern.br\/fala\/musica\/wp-content\/uploads\/sites\/5\/2024\/02\/Solicitacao-de-aula-extra-ATT-pdf.pdf\">(Clique Aqui)<\/a><\/p>\n<p>Solicita\u00e7\u00e3o de s\u00e1bados letivos\u00a0<a href=\"https:\/\/portal.uern.br\/fala\/musica\/wp-content\/uploads\/sites\/5\/2023\/11\/Solicitacao-de-Sabados-Letivos.pdf\">(Clique Aqui)<\/a><\/p>\n<p>&nbsp;<\/p>\n<p>&nbsp;<\/p>\n<h2 id=\"Pnsjpd\" class=\"zv7tnb\" aria-label=\"Compartilhar &quot;Requerimento Ajuste de matr\u00edcula.docx&quot;\"><\/h2>\n<p>&nbsp;<\/p>\n<p>&nbsp;<\/p>\n","protected":false},"excerpt":{"rendered":"<p>DISCENTES Requerimento Ajuste de matr\u00edcula\u00a0(Clique Aqui) Requerimento segunda chamada\u00a0(Clique Aqui) Requerimento Aproveitamento Estudo UERN\u00a0(Clique Aqui) Requerimento Aproveitamento Estudos outra IES\u00a0(Clique Aqui) &nbsp; DOCENTES Formul\u00e1rio de Solicita\u00e7\u00e3o Progress\u00e3o Funcional\u00a0(Clique Aqui) Ficha de acompanhamento de orienta\u00e7\u00e3o \u2013 monografia\u00a0(Clique Aqui) Ficha de observa\u00e7\u00e3o docente\u00a0(Clique Aqui) Formul\u00e1rio de registro de atividades complementares\u00a0(Clique Aqui) Solicita\u00e7\u00e3o de aula extra\u00a0(Clique Aqui) Solicita\u00e7\u00e3o [&hellip;]<\/p>\n","protected":false},"author":9,"featured_media":0,"parent":0,"menu_order":0,"comment_status":"closed","ping_status":"closed","template":"","meta":{"footnotes":""},"class_list":["post-743","page","type-page","status-publish","hentry"],"_links":{"self":[{"href":"https:\/\/portal.uern.br\/fala\/musica\/wp-json\/wp\/v2\/pages\/743","targetHints":{"allow":["GET"]}}],"collection":[{"href":"https:\/\/portal.uern.br\/fala\/musica\/wp-json\/wp\/v2\/pages"}],"about":[{"href":"https:\/\/portal.uern.br\/fala\/musica\/wp-json\/wp\/v2\/types\/page"}],"author":[{"embeddable":true,"href":"https:\/\/portal.uern.br\/fala\/musica\/wp-json\/wp\/v2\/users\/9"}],"replies":[{"embeddable":true,"href":"https:\/\/portal.uern.br\/fala\/musica\/wp-json\/wp\/v2\/comments?post=743"}],"version-history":[{"count":11,"href":"https:\/\/portal.uern.br\/fala\/musica\/wp-json\/wp\/v2\/pages\/743\/revisions"}],"predecessor-version":[{"id":779,"href":"https:\/\/portal.uern.br\/fala\/musica\/wp-json\/wp\/v2\/pages\/743\/revisions\/779"}],"wp:attachment":[{"href":"https:\/\/portal.uern.br\/fala\/musica\/wp-json\/wp\/v2\/media?parent=743"}],"curies":[{"name":"wp","href":"https:\/\/api.w.org\/{rel}","templated":true}]}}