{"id":684,"date":"2023-11-06T10:34:05","date_gmt":"2023-11-06T13:34:05","guid":{"rendered":"https:\/\/portal.uern.br\/fala\/musica\/?page_id=684"},"modified":"2026-02-27T09:08:14","modified_gmt":"2026-02-27T12:08:14","slug":"estagio-obrigatorio","status":"publish","type":"page","link":"https:\/\/portal.uern.br\/fala\/musica\/estagio-obrigatorio\/","title":{"rendered":"Est\u00e1gio Obrigat\u00f3rio"},"content":{"rendered":"<p><strong>Est\u00e1gio Obrigat\u00f3rio<\/strong><\/p>\n<p>Link do formul\u00e1rio para solicita\u00e7\u00e3o do TCE 2026.1:<\/p>\n<p><a href=\"https:\/\/docs.google.com\/forms\/d\/e\/1FAIpQLScgLpeYu0zilj2w5Ni-qVpV4raLWXXD02z3l1fmPjfJ-vqUTQ\/viewform?usp=header\">https:\/\/docs.google.com\/forms\/d\/e\/1FAIpQLScgLpeYu0zilj2w5Ni-qVpV4raLWXXD02z3l1fmPjfJ-vqUTQ\/viewform?usp=header<\/a><\/p>\n<p>&nbsp;<\/p>\n<p>&nbsp;<\/p>\n<p>&nbsp;<\/p>\n<p>&nbsp;<\/p>\n","protected":false},"excerpt":{"rendered":"<p>Est\u00e1gio Obrigat\u00f3rio Link do formul\u00e1rio para solicita\u00e7\u00e3o do TCE 2026.1: https:\/\/docs.google.com\/forms\/d\/e\/1FAIpQLScgLpeYu0zilj2w5Ni-qVpV4raLWXXD02z3l1fmPjfJ-vqUTQ\/viewform?usp=header &nbsp; &nbsp; &nbsp; &nbsp;<\/p>\n","protected":false},"author":9,"featured_media":0,"parent":0,"menu_order":0,"comment_status":"closed","ping_status":"closed","template":"","meta":{"footnotes":""},"class_list":["post-684","page","type-page","status-publish","hentry"],"_links":{"self":[{"href":"https:\/\/portal.uern.br\/fala\/musica\/wp-json\/wp\/v2\/pages\/684","targetHints":{"allow":["GET"]}}],"collection":[{"href":"https:\/\/portal.uern.br\/fala\/musica\/wp-json\/wp\/v2\/pages"}],"about":[{"href":"https:\/\/portal.uern.br\/fala\/musica\/wp-json\/wp\/v2\/types\/page"}],"author":[{"embeddable":true,"href":"https:\/\/portal.uern.br\/fala\/musica\/wp-json\/wp\/v2\/users\/9"}],"replies":[{"embeddable":true,"href":"https:\/\/portal.uern.br\/fala\/musica\/wp-json\/wp\/v2\/comments?post=684"}],"version-history":[{"count":11,"href":"https:\/\/portal.uern.br\/fala\/musica\/wp-json\/wp\/v2\/pages\/684\/revisions"}],"predecessor-version":[{"id":960,"href":"https:\/\/portal.uern.br\/fala\/musica\/wp-json\/wp\/v2\/pages\/684\/revisions\/960"}],"wp:attachment":[{"href":"https:\/\/portal.uern.br\/fala\/musica\/wp-json\/wp\/v2\/media?parent=684"}],"curies":[{"name":"wp","href":"https:\/\/api.w.org\/{rel}","templated":true}]}}