{"id":651,"date":"2023-11-01T11:21:48","date_gmt":"2023-11-01T14:21:48","guid":{"rendered":"https:\/\/portal.uern.br\/fala\/musica\/?page_id=651"},"modified":"2024-08-15T11:58:16","modified_gmt":"2024-08-15T14:58:16","slug":"docentes","status":"publish","type":"page","link":"https:\/\/portal.uern.br\/fala\/musica\/docentes\/","title":{"rendered":"Docentes"},"content":{"rendered":"<p><strong>Docentes<\/strong><\/p>\n<table class=\"table table-striped \" border=\"0\" summary=\"Corpo Docente\" cellspacing=\"0\" cellpadding=\"0\">\n<tbody>\n<tr valign=\"middle\">\n<td>Prof. Me. Alexandre Milne Jones Nader<\/td>\n<td class=\"tdemail\"><a href=\"mailto:alexandrenader@uern.br\">alexandrenader@uern.br<\/a><\/td>\n<td><a href=\"http:\/\/buscatextual.cnpq.br\/buscatextual\/visualizacv.do?id=K4704512T4\" target=\"_blank\" rel=\"noopener\"><img decoding=\"async\" title=\"Curriculum LATTES\" src=\"https:\/\/www.uern.br\/img\/icones_lattes.png\" width=\"30\" height=\"30\" \/><\/a><\/td>\n<\/tr>\n<tr valign=\"middle\">\n<td>Prof. Me. Andersonn Henrique Sim\u00f5es de Ara\u00fajo<\/td>\n<td class=\"tdemail\"><a href=\"mailto:andersonnaraujo@uern.br\">andersonnaraujo@uern.br<\/a><\/td>\n<td><a href=\"http:\/\/buscatextual.cnpq.br\/buscatextual\/visualizacv.do?id=K4469482T8\" target=\"_blank\" rel=\"noopener\"><img decoding=\"async\" title=\"Curriculum LATTES\" src=\"https:\/\/www.uern.br\/img\/icones_lattes.png\" width=\"30\" height=\"30\" \/><\/a><\/td>\n<\/tr>\n<tr valign=\"middle\">\n<td>Prof. Me. Ant\u00f4nio Carlos Batista de Souza<\/td>\n<td class=\"tdemail\"><a href=\"mailto:carlosbatista@uern.br\">carlosbatista@uern.br<\/a><\/td>\n<td><a href=\"http:\/\/buscatextual.cnpq.br\/buscatextual\/visualizacv.do?id=K4216424E6\" target=\"_blank\" rel=\"noopener\"><img decoding=\"async\" title=\"Curriculum LATTES\" src=\"https:\/\/www.uern.br\/img\/icones_lattes.png\" width=\"30\" height=\"30\" \/><\/a><\/td>\n<\/tr>\n<tr valign=\"middle\">\n<td>Prof. Me. Daniel Augusto de Lima Mariano<\/td>\n<td class=\"tdemail\"><a href=\"mailto:danielmariano@uern.br\">danielmariano@uern.br<\/a><\/td>\n<td><a href=\"http:\/\/buscatextual.cnpq.br\/buscatextual\/visualizacv.do?id=K4448362Y4\" target=\"_blank\" rel=\"noopener\"><img decoding=\"async\" title=\"Curriculum LATTES\" src=\"https:\/\/www.uern.br\/img\/icones_lattes.png\" width=\"30\" height=\"30\" \/><\/a><\/td>\n<\/tr>\n<tr valign=\"middle\">\n<td>Prof\u00aa. Ma. Fl\u00e1via Maiara Lima Fagundes<\/td>\n<td class=\"tdemail\"><a href=\"mailto:flaviamaiara@uern.br\">flaviamaiara@uern.br<\/a><\/td>\n<td><a href=\"http:\/\/buscatextual.cnpq.br\/buscatextual\/visualizacv.do?id=K8756831D8\" target=\"_blank\" rel=\"noopener\"><img decoding=\"async\" title=\"Curriculum LATTES\" src=\"https:\/\/www.uern.br\/img\/icones_lattes.png\" width=\"30\" height=\"30\" \/><\/a><\/td>\n<\/tr>\n<tr valign=\"middle\">\n<td>Prof. Dr. Giann Mendes Ribeiro<\/td>\n<td class=\"tdemail\"><a href=\"mailto:giannmendes@uern.br\">giannmendes@uern.br<\/a><\/td>\n<td><a href=\"http:\/\/buscatextual.cnpq.br\/buscatextual\/visualizacv.do?id=K4501207T4\" target=\"_blank\" rel=\"noopener\"><img decoding=\"async\" title=\"Curriculum LATTES\" src=\"https:\/\/www.uern.br\/img\/icones_lattes.png\" width=\"30\" height=\"30\" \/><\/a><\/td>\n<\/tr>\n<tr valign=\"middle\">\n<td>Prof. Dr. Gleisson do Carmo Oliveira<\/td>\n<td class=\"tdemail\"><a href=\"mailto:gleissonoliveira@uern.br\">gleissonoliveira@uern.br<\/a><\/td>\n<td><a href=\"http:\/\/buscatextual.cnpq.br\/buscatextual\/visualizacv.do?id=K4648006H4\" target=\"_blank\" rel=\"noopener\"><img decoding=\"async\" title=\"Curriculum LATTES\" src=\"https:\/\/www.uern.br\/img\/icones_lattes.png\" width=\"30\" height=\"30\" \/><\/a><\/td>\n<\/tr>\n<tr valign=\"middle\">\n<td>Prof. Me. Henderson de Jesus Rodrigues dos Santos<\/td>\n<td class=\"tdemail\"><a href=\"mailto:hendersonrodrigues@uern.br\">hendersonrodrigues@uern.br<\/a><\/td>\n<td><a href=\"http:\/\/buscatextual.cnpq.br\/buscatextual\/visualizacv.do?id=K4776862Z1\" target=\"_blank\" rel=\"noopener\"><img decoding=\"async\" title=\"Curriculum LATTES\" src=\"https:\/\/www.uern.br\/img\/icones_lattes.png\" width=\"30\" height=\"30\" \/><\/a><\/td>\n<\/tr>\n<tr valign=\"middle\">\n<td>Prof. Me. Isac Rufino de Ara\u00fajo<\/td>\n<td class=\"tdemail\"><a href=\"mailto:isacaraujo@uern.br\">isacaraujo@uern.br<\/a><\/td>\n<td><a href=\"http:\/\/buscatextual.cnpq.br\/buscatextual\/visualizacv.do?id=K4258549U6\" target=\"_blank\" rel=\"noopener\"><img decoding=\"async\" title=\"Curriculum LATTES\" src=\"https:\/\/www.uern.br\/img\/icones_lattes.png\" width=\"30\" height=\"30\" \/><\/a><\/td>\n<\/tr>\n<tr valign=\"middle\">\n<td>Prof. Dr. Renan Colombo Sim\u00f5es<\/td>\n<td class=\"tdemail\"><a href=\"mailto:renancolombo@uern.br\">renancolombo@uern.br<\/a><\/td>\n<td><a href=\"http:\/\/buscatextual.cnpq.br\/buscatextual\/visualizacv.do?id=K4321525U1\" target=\"_blank\" rel=\"noopener\"><img decoding=\"async\" title=\"Curriculum LATTES\" src=\"https:\/\/www.uern.br\/img\/icones_lattes.png\" width=\"30\" height=\"30\" \/><\/a><\/td>\n<\/tr>\n<tr valign=\"middle\">\n<td><\/td>\n<td class=\"tdemail\"><\/td>\n<td><\/td>\n<\/tr>\n<\/tbody>\n<\/table>\n","protected":false},"excerpt":{"rendered":"<p>Docentes Prof. Me. Alexandre Milne Jones Nader alexandrenader@uern.br Prof. Me. Andersonn Henrique Sim\u00f5es de Ara\u00fajo andersonnaraujo@uern.br Prof. Me. Ant\u00f4nio Carlos Batista de Souza carlosbatista@uern.br Prof. Me. Daniel Augusto de Lima Mariano danielmariano@uern.br Prof\u00aa. Ma. Fl\u00e1via Maiara Lima Fagundes flaviamaiara@uern.br Prof. Dr. Giann Mendes Ribeiro giannmendes@uern.br Prof. Dr. Gleisson do Carmo Oliveira gleissonoliveira@uern.br Prof. Me. Henderson [&hellip;]<\/p>\n","protected":false},"author":9,"featured_media":0,"parent":0,"menu_order":0,"comment_status":"closed","ping_status":"closed","template":"","meta":{"footnotes":""},"class_list":["post-651","page","type-page","status-publish","hentry"],"_links":{"self":[{"href":"https:\/\/portal.uern.br\/fala\/musica\/wp-json\/wp\/v2\/pages\/651","targetHints":{"allow":["GET"]}}],"collection":[{"href":"https:\/\/portal.uern.br\/fala\/musica\/wp-json\/wp\/v2\/pages"}],"about":[{"href":"https:\/\/portal.uern.br\/fala\/musica\/wp-json\/wp\/v2\/types\/page"}],"author":[{"embeddable":true,"href":"https:\/\/portal.uern.br\/fala\/musica\/wp-json\/wp\/v2\/users\/9"}],"replies":[{"embeddable":true,"href":"https:\/\/portal.uern.br\/fala\/musica\/wp-json\/wp\/v2\/comments?post=651"}],"version-history":[{"count":7,"href":"https:\/\/portal.uern.br\/fala\/musica\/wp-json\/wp\/v2\/pages\/651\/revisions"}],"predecessor-version":[{"id":914,"href":"https:\/\/portal.uern.br\/fala\/musica\/wp-json\/wp\/v2\/pages\/651\/revisions\/914"}],"wp:attachment":[{"href":"https:\/\/portal.uern.br\/fala\/musica\/wp-json\/wp\/v2\/media?parent=651"}],"curies":[{"name":"wp","href":"https:\/\/api.w.org\/{rel}","templated":true}]}}