{"id":5,"date":"2022-09-22T10:47:47","date_gmt":"2022-09-22T13:47:47","guid":{"rendered":"https:\/\/paisdemossoro.com.br\/wordpress\/fala\/musica\/?page_id=5"},"modified":"2025-10-29T09:08:31","modified_gmt":"2025-10-29T12:08:31","slug":"apresentacao","status":"publish","type":"page","link":"https:\/\/portal.uern.br\/fala\/musica\/","title":{"rendered":"APRESENTA\u00c7\u00c3O"},"content":{"rendered":"<p><span style=\"font-family: georgia, palatino, serif\">NOME DO CURSO: M\u00fasica<\/span><\/p>\n<p><span style=\"font-family: georgia, palatino, serif\">UNIDADE: Departamento de Artes\/Fala<\/span><\/p>\n<p>DADOS SOBRE O CURSO<\/p>\n<p>Carga hor\u00e1ria total: 3.365 horas<\/p>\n<p>Carga hor\u00e1ria de componentes curriculares obrigat\u00f3rios: 2.985 horas (incluindo Est\u00e1gio, PCCC, Extens\u00e3o e TCC; cinco destes componentes na modalidade EaD)<\/p>\n<p>Carga hor\u00e1ria de componentes curriculares optativos: 300 (modalidade EaD)<\/p>\n<p>Tempo m\u00e9dio de integraliza\u00e7\u00e3o curricular: 4 anos<\/p>\n<p>Tempo m\u00e1ximo de integraliza\u00e7\u00e3o curricular: 7 anos<\/p>\n<p>N\u00famero de vagas por ano: 26 vagas<\/p>\n<p>Turnos de funcionamento: Turno noturno<\/p>\n<p>N\u00famero m\u00e1ximo de alunos por turma: 35 alunos<\/p>\n<p>Sistema: Cr\u00e9ditos com matr\u00edcula semestral<\/p>\n<p>Forma de Ingresso no Curso: SISU\/UERN<\/p>\n<p>Trabalho de Conclus\u00e3o de Curso: 300 horas<\/p>\n<p>Est\u00e1gio Curricular Obrigat\u00f3rio: 420 horas<\/p>\n<p>N\u00famero de componentes de est\u00e1gio: 4<\/p>\n<p>Atividades Acad\u00eamicas Complementares (AAC): 80 horas<\/p>\n<p>Unidade Curricular de Extens\u00e3o: 345 horas<\/p>\n<p><span style=\"font-family: georgia, palatino, serif\">E-MAIL: dart@uern.br<\/span><\/p>\n<p><span style=\"font-family: georgia, palatino, serif\">CHEFE DO DEPARTAMENTO: Andersonn Henrique Sim\u00f5es de Ara\u00fajo\u00a0<\/span><\/p>\n<p><span style=\"font-family: georgia, palatino, serif\">SUBCHEFE DO DEPARTAMENTO: Daniel Augusto de Lima Mariano<\/span><\/p>\n<p><span style=\"font-family: georgia, palatino, serif\">OBJETIVO GERAL:<\/span><\/p>\n<p style=\"text-align: left\">Formar professores(as) para o ensino de M\u00fasica, habilitando-os(as) para a atua\u00e7\u00e3o em escolas de Educa\u00e7\u00e3o B\u00e1sica e outros contextos de ensino e aprendizagem da M\u00fasica, de<br \/>\nforma que atenda amplamente \u00e0s demandas e \u00e0s necessidades profissionais relacionadas ao ensino da m\u00fasica na regi\u00e3o.<\/p>\n<p><span style=\"font-family: georgia, palatino, serif\">OBJETIVOS ESPEC\u00cdFICOS:<\/span><\/p>\n<p><span style=\"font-family: georgia, palatino, serif\">\u2022 Proporcionar um conhecimento amplo da \u00e1rea, possibilitando aos(\u00e0s) aprendentes uma forma\u00e7\u00e3o abrangente que contemple universos distintos do ensino da M\u00fasica;<\/span><br \/>\n<span style=\"font-family: georgia, palatino, serif\">\u2022 Desenvolver a capacidade reflexiva na \u00e1rea de Educa\u00e7\u00e3o Musical com base em projetos que inter-relacionem ensino, pesquisa e extens\u00e3o;<\/span><br \/>\n<span style=\"font-family: georgia, palatino, serif\">\u2022 Possibilitar viv\u00eancias em situa\u00e7\u00f5es de ensino e aprendizagem nos diferentes contextos da \u00e1rea de Educa\u00e7\u00e3o Musical;<\/span><br \/>\n<span style=\"font-family: georgia, palatino, serif\">\u2022 Ampliar as perspectivas de atua\u00e7\u00e3o docente, de forma que o(a) estudante possa pensar e atuar na Educa\u00e7\u00e3o Musical a partir de um conhecimento interdisciplinar;<\/span><br \/>\n<span style=\"font-family: georgia, palatino, serif\">\u2022 Proporcionar que o(a) estudante seja capaz de lidar com as diferen\u00e7as culturais de cada sociedade e dos distintos contextos de ensino e aprendizagem da M\u00fasica;<\/span><br \/>\n<span style=\"font-family: georgia, palatino, serif\">\u2022 Incentivar a aprendizagem colaborativa por meio do uso de novas tecnologias de informa\u00e7\u00e3o e comunica\u00e7\u00e3o nas pr\u00e1ticas educativos-musicais, atividades cient\u00edficas e profissionais;<\/span><br \/>\n<span style=\"font-family: georgia, palatino, serif\">\u2022 Capacitar docentes para atuar na sociedade, com base em valores da humanidade, da natureza, da ci\u00eancia e da \u00e9tica;<\/span><br \/>\n<span style=\"font-family: georgia, palatino, serif\">\u2022 Atender \u00e0s demandas e \u00e0s necessidades profissionais relacionadas ao ensino da m\u00fasica na regi\u00e3o.<\/span><\/p>\n<p style=\"text-align: left\"><span style=\"font-family: georgia, palatino, serif\">ESTRUTURA CURRICULAR:<\/span><\/p>\n<div id=\"relatorio-cabecalho\"><\/div>\n<div id=\"relatorio\">\n<h3 class=\"tituloTabela\" style=\"text-align: center\"><\/h3>\n<\/div>\n<p><iframe src=\"https:\/\/sigaa.uern.br\/sigaa\/link\/public\/curso\/curriculo\/336762\" width=\"100%\" height=\"1000px\" frameborder=\"0\" marginwidth=\"0\" marginheight=\"0\" scrolling=\"yes\"><\/iframe><\/p>\n","protected":false},"excerpt":{"rendered":"<p>NOME DO CURSO: M\u00fasica UNIDADE: Departamento de Artes\/Fala DADOS SOBRE O CURSO Carga hor\u00e1ria total: 3.365 horas Carga hor\u00e1ria de componentes curriculares obrigat\u00f3rios: 2.985 horas (incluindo Est\u00e1gio, PCCC, Extens\u00e3o e TCC; cinco destes componentes na modalidade EaD) Carga hor\u00e1ria de componentes curriculares optativos: 300 (modalidade EaD) Tempo m\u00e9dio de integraliza\u00e7\u00e3o curricular: 4 anos Tempo m\u00e1ximo [&hellip;]<\/p>\n","protected":false},"author":1,"featured_media":0,"parent":0,"menu_order":0,"comment_status":"closed","ping_status":"closed","template":"","meta":{"footnotes":""},"class_list":["post-5","page","type-page","status-publish","hentry"],"_links":{"self":[{"href":"https:\/\/portal.uern.br\/fala\/musica\/wp-json\/wp\/v2\/pages\/5","targetHints":{"allow":["GET"]}}],"collection":[{"href":"https:\/\/portal.uern.br\/fala\/musica\/wp-json\/wp\/v2\/pages"}],"about":[{"href":"https:\/\/portal.uern.br\/fala\/musica\/wp-json\/wp\/v2\/types\/page"}],"author":[{"embeddable":true,"href":"https:\/\/portal.uern.br\/fala\/musica\/wp-json\/wp\/v2\/users\/1"}],"replies":[{"embeddable":true,"href":"https:\/\/portal.uern.br\/fala\/musica\/wp-json\/wp\/v2\/comments?post=5"}],"version-history":[{"count":16,"href":"https:\/\/portal.uern.br\/fala\/musica\/wp-json\/wp\/v2\/pages\/5\/revisions"}],"predecessor-version":[{"id":956,"href":"https:\/\/portal.uern.br\/fala\/musica\/wp-json\/wp\/v2\/pages\/5\/revisions\/956"}],"wp:attachment":[{"href":"https:\/\/portal.uern.br\/fala\/musica\/wp-json\/wp\/v2\/media?parent=5"}],"curies":[{"name":"wp","href":"https:\/\/api.w.org\/{rel}","templated":true}]}}