{"id":948,"date":"2024-10-30T20:11:47","date_gmt":"2024-10-30T23:11:47","guid":{"rendered":"https:\/\/portal.uern.br\/fala\/escolademusica\/?page_id=948"},"modified":"2025-02-04T21:44:25","modified_gmt":"2025-02-05T00:44:25","slug":"ingresso-de-novos-alunos-2025-1","status":"publish","type":"page","link":"https:\/\/portal.uern.br\/fala\/escolademusica\/ingresso-de-novos-alunos-2025-1\/","title":{"rendered":"Ingresso de Novos Alunos &#8211; 2025.1"},"content":{"rendered":"<p><a href=\"https:\/\/drive.google.com\/file\/d\/1m2feuDzBQfHlcbFiL34N-UWpdusnc0Jq\/view?usp=drive_link\">Edital de Ingresso de Novos Alunos &#8211; 2025.1<\/a><\/p>\n<p><a href=\"https:\/\/portal.uern.br\/fala\/escolademusica\/wp-content\/uploads\/sites\/6\/2024\/12\/Homologacao-das-Inscricoes-2025.1.pdf\">Homologa\u00e7\u00e3o das inscri\u00e7\u00f5es<\/a><\/p>\n<p><a href=\"https:\/\/portal.uern.br\/fala\/escolademusica\/wp-content\/uploads\/sites\/6\/2024\/12\/Edital-de-Ingresso-2025-RESULTADO-PARCIAL.pdf\">Resultado parcial<\/a><\/p>\n<p><a href=\"https:\/\/portal.uern.br\/fala\/escolademusica\/wp-content\/uploads\/sites\/6\/2024\/12\/Edital-de-Ingresso-2025-Convocacao-Heteroidentificacao.pdf\">Convoca\u00e7\u00e3o para procedimento de heteroidentifica\u00e7\u00e3o<\/a><\/p>\n<p><a href=\"https:\/\/portal.uern.br\/fala\/escolademusica\/wp-content\/uploads\/sites\/6\/2024\/12\/Lista-de-Resultado-ESCOLA-DE-MUSICA.pdf\">Resultado do procedimento de heteroidentifica\u00e7\u00e3o<\/a><\/p>\n<p><a href=\"https:\/\/portal.uern.br\/fala\/escolademusica\/wp-content\/uploads\/sites\/6\/2024\/12\/Edital-de-Ingresso-2025-RESULTADO.pdf\">Resultado final<\/a><\/p>\n<p><a href=\"https:\/\/forms.gle\/VmLNSQxRakcQ96hP7\">Formul\u00e1rio de MATR\u00cdCULA<\/a><br \/>\n<em>(13 a 16 de janeiro para os candidatos CLASSIFICADOS)<\/em><\/p>\n<p>&nbsp;<\/p>\n<p><a href=\"https:\/\/portal.uern.br\/fala\/escolademusica\/wp-content\/uploads\/sites\/6\/2025\/02\/Edital-de-Ingresso-2025-RESULTADO-RETIFICADO.pdf\">Resultado Final (RETIFICADO)<\/a><\/p>\n<p><em><span style=\"font-size: 12pt\">(03 de fevereiro de 2025)<\/span><\/em><\/p>\n<p>&nbsp;<\/p>\n<p><a href=\"https:\/\/portal.uern.br\/fala\/escolademusica\/wp-content\/uploads\/sites\/6\/2025\/02\/Edital-de-Ingresso-2025-RESULTADO-2a-CHAMADA.pdf\">Resultado &#8211; 2\u00aa chamada<\/a><\/p>\n","protected":false},"excerpt":{"rendered":"<p>Edital de Ingresso de Novos Alunos &#8211; 2025.1 Homologa\u00e7\u00e3o das inscri\u00e7\u00f5es Resultado parcial Convoca\u00e7\u00e3o para procedimento de heteroidentifica\u00e7\u00e3o Resultado do procedimento de heteroidentifica\u00e7\u00e3o Resultado final Formul\u00e1rio de MATR\u00cdCULA (13 a 16 de janeiro para os candidatos CLASSIFICADOS) &nbsp; Resultado Final (RETIFICADO) (03 de fevereiro de 2025) &nbsp; Resultado &#8211; 2\u00aa chamada<\/p>\n","protected":false},"author":5,"featured_media":0,"parent":0,"menu_order":0,"comment_status":"closed","ping_status":"closed","template":"","meta":{"footnotes":""},"class_list":["post-948","page","type-page","status-publish","hentry"],"_links":{"self":[{"href":"https:\/\/portal.uern.br\/fala\/escolademusica\/wp-json\/wp\/v2\/pages\/948","targetHints":{"allow":["GET"]}}],"collection":[{"href":"https:\/\/portal.uern.br\/fala\/escolademusica\/wp-json\/wp\/v2\/pages"}],"about":[{"href":"https:\/\/portal.uern.br\/fala\/escolademusica\/wp-json\/wp\/v2\/types\/page"}],"author":[{"embeddable":true,"href":"https:\/\/portal.uern.br\/fala\/escolademusica\/wp-json\/wp\/v2\/users\/5"}],"replies":[{"embeddable":true,"href":"https:\/\/portal.uern.br\/fala\/escolademusica\/wp-json\/wp\/v2\/comments?post=948"}],"version-history":[{"count":12,"href":"https:\/\/portal.uern.br\/fala\/escolademusica\/wp-json\/wp\/v2\/pages\/948\/revisions"}],"predecessor-version":[{"id":1028,"href":"https:\/\/portal.uern.br\/fala\/escolademusica\/wp-json\/wp\/v2\/pages\/948\/revisions\/1028"}],"wp:attachment":[{"href":"https:\/\/portal.uern.br\/fala\/escolademusica\/wp-json\/wp\/v2\/media?parent=948"}],"curies":[{"name":"wp","href":"https:\/\/api.w.org\/{rel}","templated":true}]}}