{"id":946,"date":"2024-10-30T20:11:14","date_gmt":"2024-10-30T23:11:14","guid":{"rendered":"https:\/\/portal.uern.br\/fala\/escolademusica\/?page_id=946"},"modified":"2024-11-19T09:36:32","modified_gmt":"2024-11-19T12:36:32","slug":"renovacao-de-matriculas-2025-1","status":"publish","type":"page","link":"https:\/\/portal.uern.br\/fala\/escolademusica\/renovacao-de-matriculas-2025-1\/","title":{"rendered":"Renova\u00e7\u00e3o de Matr\u00edculas &#8211; 2025.1"},"content":{"rendered":"<p><a href=\"https:\/\/drive.google.com\/file\/d\/17cQj_v8uKWipFzXu644yw78srZJ7L78V\/view?usp=sharing\">Edita de Renova\u00e7\u00e3o de Matr\u00edculas &#8211; 2025.1<\/a><\/p>\n<p><a href=\"https:\/\/drive.google.com\/file\/d\/1NE_wBYUH5LX9UMkzSrL4VNEQjWnp9VEg\/view\">Resultado do pedido de isen\u00e7\u00e3o<\/a><\/p>\n<p><a href=\"https:\/\/drive.google.com\/file\/d\/1DMKUF_LHzu8R98MTn6c0PXg80m8zrF34\/view?usp=drive_link\">Homologa\u00e7\u00e3o das Matr\u00edculas<\/a><\/p>\n","protected":false},"excerpt":{"rendered":"<p>Edita de Renova\u00e7\u00e3o de Matr\u00edculas &#8211; 2025.1 Resultado do pedido de isen\u00e7\u00e3o Homologa\u00e7\u00e3o das Matr\u00edculas<\/p>\n","protected":false},"author":5,"featured_media":0,"parent":0,"menu_order":0,"comment_status":"closed","ping_status":"closed","template":"","meta":{"footnotes":""},"class_list":["post-946","page","type-page","status-publish","hentry"],"_links":{"self":[{"href":"https:\/\/portal.uern.br\/fala\/escolademusica\/wp-json\/wp\/v2\/pages\/946","targetHints":{"allow":["GET"]}}],"collection":[{"href":"https:\/\/portal.uern.br\/fala\/escolademusica\/wp-json\/wp\/v2\/pages"}],"about":[{"href":"https:\/\/portal.uern.br\/fala\/escolademusica\/wp-json\/wp\/v2\/types\/page"}],"author":[{"embeddable":true,"href":"https:\/\/portal.uern.br\/fala\/escolademusica\/wp-json\/wp\/v2\/users\/5"}],"replies":[{"embeddable":true,"href":"https:\/\/portal.uern.br\/fala\/escolademusica\/wp-json\/wp\/v2\/comments?post=946"}],"version-history":[{"count":5,"href":"https:\/\/portal.uern.br\/fala\/escolademusica\/wp-json\/wp\/v2\/pages\/946\/revisions"}],"predecessor-version":[{"id":989,"href":"https:\/\/portal.uern.br\/fala\/escolademusica\/wp-json\/wp\/v2\/pages\/946\/revisions\/989"}],"wp:attachment":[{"href":"https:\/\/portal.uern.br\/fala\/escolademusica\/wp-json\/wp\/v2\/media?parent=946"}],"curies":[{"name":"wp","href":"https:\/\/api.w.org\/{rel}","templated":true}]}}