{"id":7,"date":"2023-01-31T21:06:23","date_gmt":"2023-02-01T00:06:23","guid":{"rendered":"http:\/\/beta.apps.uern.br\/wordpress\/fala\/escolademusica\/?page_id=7"},"modified":"2023-03-20T14:26:00","modified_gmt":"2023-03-20T17:26:00","slug":"historia","status":"publish","type":"page","link":"https:\/\/portal.uern.br\/fala\/escolademusica\/historia\/","title":{"rendered":"Hist\u00f3ria"},"content":{"rendered":"<p>O Conservat\u00f3rio de M\u00fasica D\u2019alva Stella Nogueira Freire iniciou suas atividades em 1989 ap\u00f3s sua cria\u00e7\u00e3o em 22 de dezembro de 1988, atrav\u00e9s da portaria n\u00ba 484\/88-GR e resolu\u00e7\u00e3o n\u00ba 12189 &#8211; CONSUNI, tendo seu primeiro regimento aprovado pela resolu\u00e7\u00e3o 05\/94-CONSUNI em 22\/11\/1994. Nasceu a partir da necessidade de divulgar e preservar a cultura musical, tanto popular quanto erudita, desenvolvendo diversas atividades que envolvem ensino, produ\u00e7\u00f5es art\u00edsticas e o incentivo ao crescimento musical de seus alunos.<\/p>\n<p>Antes de sua cria\u00e7\u00e3o j\u00e1 existia uma atividade musical na Universidade representada pelo seu grupo de maior refer\u00eancia, o Coral UERN, formado por professores, t\u00e9cnicos administrativos e alunos da Institui\u00e7\u00e3o.<\/p>\n<p>Na inten\u00e7\u00e3o de capacitar melhor os coralistas, surgiu a ideia de criar o Conservat\u00f3rio de M\u00fasica que muito veio a contribuir para a forma\u00e7\u00e3o musical, n\u00e3o s\u00f3 dos coralistas, mas tamb\u00e9m de muitos interessados que formaram as primeiras turmas at\u00e9 os dias atuais.\u00a0Veio propiciar tamb\u00e9m a cria\u00e7\u00e3o do curso de gradua\u00e7\u00e3o em M\u00fasica da UERN,\u00a0em 2004, sendo\u00a0a primeira Licenciatura em M\u00fasica do Estado do Rio Grande do Norte.<\/p>\n<p>Diversos projetos importantes surgiram, como o \u201cM\u00fasica nas Igrejas\u201d, &#8220;M\u00fasica \u00e9 Sa\u00fade&#8221;, atrav\u00e9s do Coral Oficina, coordenado pela professora Nara Vasconcelos e \u201cChorando na Pra\u00e7a\u201d, desenvolvido pelo Grupo de Chorinho, coordenado pelo ent\u00e3o Diretor Jo\u00e3o Lima Rocha Neto, um dos fundadores do Conservat\u00f3rio.<\/p>\n<p>Posteriormente, em 2017, a Resolu\u00e7\u00e3o 39\/2017 CONSEPE, transforma o Conservat\u00f3rio em Escola de Extens\u00e3o, permanecendo o nome da homenageada, professora D&#8217;alva Stella Nogueira Freire. A Resolu\u00e7\u00e3o 40\/2017 aprova o novo Regimento da Escola.<\/p>\n<p>Atualmente a Escola de M\u00fasica atende, em m\u00e9dia, trezentos e cinquenta alunos, com idade m\u00ednima de 8 anos para o ingresso, advindos de diferentes contextos sociais, grupos, religi\u00f5es, escolaridade e profiss\u00f5es, predominando estudantes de n\u00edvel fundamental e m\u00e9dio.<\/p>\n","protected":false},"excerpt":{"rendered":"<p>O Conservat\u00f3rio de M\u00fasica D\u2019alva Stella Nogueira Freire iniciou suas atividades em 1989 ap\u00f3s sua cria\u00e7\u00e3o em 22 de dezembro de 1988, atrav\u00e9s da portaria n\u00ba 484\/88-GR e resolu\u00e7\u00e3o n\u00ba 12189 &#8211; CONSUNI, tendo seu primeiro regimento aprovado pela resolu\u00e7\u00e3o 05\/94-CONSUNI em 22\/11\/1994. Nasceu a partir da necessidade de divulgar e preservar a cultura musical, [&hellip;]<\/p>\n","protected":false},"author":1,"featured_media":0,"parent":0,"menu_order":0,"comment_status":"closed","ping_status":"closed","template":"","meta":{"footnotes":""},"class_list":["post-7","page","type-page","status-publish","hentry"],"_links":{"self":[{"href":"https:\/\/portal.uern.br\/fala\/escolademusica\/wp-json\/wp\/v2\/pages\/7","targetHints":{"allow":["GET"]}}],"collection":[{"href":"https:\/\/portal.uern.br\/fala\/escolademusica\/wp-json\/wp\/v2\/pages"}],"about":[{"href":"https:\/\/portal.uern.br\/fala\/escolademusica\/wp-json\/wp\/v2\/types\/page"}],"author":[{"embeddable":true,"href":"https:\/\/portal.uern.br\/fala\/escolademusica\/wp-json\/wp\/v2\/users\/1"}],"replies":[{"embeddable":true,"href":"https:\/\/portal.uern.br\/fala\/escolademusica\/wp-json\/wp\/v2\/comments?post=7"}],"version-history":[{"count":5,"href":"https:\/\/portal.uern.br\/fala\/escolademusica\/wp-json\/wp\/v2\/pages\/7\/revisions"}],"predecessor-version":[{"id":412,"href":"https:\/\/portal.uern.br\/fala\/escolademusica\/wp-json\/wp\/v2\/pages\/7\/revisions\/412"}],"wp:attachment":[{"href":"https:\/\/portal.uern.br\/fala\/escolademusica\/wp-json\/wp\/v2\/media?parent=7"}],"curies":[{"name":"wp","href":"https:\/\/api.w.org\/{rel}","templated":true}]}}