{"id":46,"date":"2023-01-31T21:19:57","date_gmt":"2023-02-01T00:19:57","guid":{"rendered":"http:\/\/beta.apps.uern.br\/wordpress\/fala\/escolademusica\/?page_id=46"},"modified":"2023-03-20T14:46:34","modified_gmt":"2023-03-20T17:46:34","slug":"contato","status":"publish","type":"page","link":"https:\/\/portal.uern.br\/fala\/escolademusica\/contato\/","title":{"rendered":"Contato"},"content":{"rendered":"<p>Telefone\/Whatsapp: (84) 3315-2125<\/p>\n<p><strong>Email: <\/strong>escolademusica@uern.br<\/p>\n<p><strong>Instagram: <\/strong><a href=\"https:\/\/www.instagram.com\/escolademusicauern\/\">https:\/\/www.instagram.com\/escolademusicauern\/<\/a><\/p>\n<p><strong>Mais informa\u00e7\u00f5es: <\/strong><a href=\"https:\/\/linktr.ee\/escolademusicauern\">https:\/\/linktr.ee\/escolademusicauern<\/a><\/p>\n<p>&nbsp;<\/p>\n<p><strong>Endere\u00e7o:<\/strong><\/p>\n<p><span style=\"font-size: 12pt\">UERN &#8211; Campus Central<\/span><\/p>\n<p>Av. Prof. Ant\u00f4nio Campos, 514 &#8211; Pres. Costa e Silva, Mossor\u00f3 &#8211; RN, 59610-210<\/p>\n<p>&nbsp;<\/p>\n<p><iframe style=\"border: 0\" src=\"https:\/\/www.google.com\/maps\/embed?pb=!1m18!1m12!1m3!1d3233.523938490638!2d-37.313571499999995!3d-5.206904199999999!2m3!1f0!2f0!3f0!3m2!1i1024!2i768!4f13.1!3m3!1m2!1s0x7ba06e0be572541%3A0x6a280a3848cd1075!2sEscola%20de%20M%C3%BAsica%20D'alva%20Stella%20Nogueira%20Freire%20-%20FALA%2FUERN!5e1!3m2!1spt-BR!2sbr!4v1679333914849!5m2!1spt-BR!2sbr\" width=\"600\" height=\"450\" allowfullscreen=\"allowfullscreen\"><\/iframe><\/p>\n<p>&nbsp;<\/p>\n","protected":false},"excerpt":{"rendered":"<p>Telefone\/Whatsapp: (84) 3315-2125 Email: escolademusica@uern.br Instagram: https:\/\/www.instagram.com\/escolademusicauern\/ Mais informa\u00e7\u00f5es: https:\/\/linktr.ee\/escolademusicauern &nbsp; Endere\u00e7o: UERN &#8211; Campus Central Av. Prof. Ant\u00f4nio Campos, 514 &#8211; Pres. Costa e Silva, Mossor\u00f3 &#8211; RN, 59610-210 &nbsp; &nbsp;<\/p>\n","protected":false},"author":1,"featured_media":0,"parent":0,"menu_order":0,"comment_status":"closed","ping_status":"closed","template":"","meta":{"footnotes":""},"class_list":["post-46","page","type-page","status-publish","hentry"],"_links":{"self":[{"href":"https:\/\/portal.uern.br\/fala\/escolademusica\/wp-json\/wp\/v2\/pages\/46","targetHints":{"allow":["GET"]}}],"collection":[{"href":"https:\/\/portal.uern.br\/fala\/escolademusica\/wp-json\/wp\/v2\/pages"}],"about":[{"href":"https:\/\/portal.uern.br\/fala\/escolademusica\/wp-json\/wp\/v2\/types\/page"}],"author":[{"embeddable":true,"href":"https:\/\/portal.uern.br\/fala\/escolademusica\/wp-json\/wp\/v2\/users\/1"}],"replies":[{"embeddable":true,"href":"https:\/\/portal.uern.br\/fala\/escolademusica\/wp-json\/wp\/v2\/comments?post=46"}],"version-history":[{"count":8,"href":"https:\/\/portal.uern.br\/fala\/escolademusica\/wp-json\/wp\/v2\/pages\/46\/revisions"}],"predecessor-version":[{"id":418,"href":"https:\/\/portal.uern.br\/fala\/escolademusica\/wp-json\/wp\/v2\/pages\/46\/revisions\/418"}],"wp:attachment":[{"href":"https:\/\/portal.uern.br\/fala\/escolademusica\/wp-json\/wp\/v2\/media?parent=46"}],"curies":[{"name":"wp","href":"https:\/\/api.w.org\/{rel}","templated":true}]}}