{"id":442,"date":"2023-03-21T17:25:49","date_gmt":"2023-03-21T20:25:49","guid":{"rendered":"https:\/\/portal.uern.br\/fala\/escolademusica\/?page_id=442"},"modified":"2025-09-28T20:50:12","modified_gmt":"2025-09-28T23:50:12","slug":"secretaria","status":"publish","type":"page","link":"https:\/\/portal.uern.br\/fala\/escolademusica\/secretaria\/","title":{"rendered":"Secretaria"},"content":{"rendered":"<p>&nbsp;<\/p>\n<table style=\"border-collapse: collapse;width: 100%\">\n<tbody>\n<tr>\n<td style=\"width: 20.8417%\"><\/td>\n<td style=\"width: 79.1583%\">Expediente matutino<\/p>\n<p><strong>Aldaci Medeiros de Fran\u00e7a<\/strong><\/td>\n<\/tr>\n<tr>\n<td style=\"width: 20.8417%\"><img decoding=\"async\" class=\"wp-image-1151 size-thumbnail aligncenter\" src=\"https:\/\/portal.uern.br\/fala\/escolademusica\/wp-content\/uploads\/sites\/6\/2025\/09\/IMG_0657-Luan-Medeiros-e1759103208504-150x150.png\" alt=\"\" width=\"150\" height=\"150\" \/><\/td>\n<td style=\"width: 79.1583%\">Expediente vespertino<\/p>\n<p><strong>Luan Josino Medeiros<\/strong><\/p>\n<p><span data-sheets-root=\"1\">T\u00e9cnico Administrativo de N\u00edvel Superior. Bacharel em Direito pela Universidade do Estado do Rio Grande do Norte. P\u00f3s Graduado em Direito Previdenci\u00e1rio pela Universidade Potiguar &#8211; UNP.<\/span><\/td>\n<\/tr>\n<tr>\n<td style=\"width: 20.8417%\"><\/td>\n<td style=\"width: 79.1583%\">Expediente noturno<\/p>\n<p><strong>Oliv\u00e1 Leite da Silva Junior<\/strong><\/td>\n<\/tr>\n<\/tbody>\n<\/table>\n<p>&nbsp;<\/p>\n<p>&nbsp;<\/p>\n<p>&nbsp;<\/p>\n","protected":false},"excerpt":{"rendered":"<p>&nbsp; Expediente matutino Aldaci Medeiros de Fran\u00e7a Expediente vespertino Luan Josino Medeiros T\u00e9cnico Administrativo de N\u00edvel Superior. Bacharel em Direito pela Universidade do Estado do Rio Grande do Norte. P\u00f3s Graduado em Direito Previdenci\u00e1rio pela Universidade Potiguar &#8211; UNP. Expediente noturno Oliv\u00e1 Leite da Silva Junior &nbsp; &nbsp; &nbsp;<\/p>\n","protected":false},"author":5,"featured_media":0,"parent":0,"menu_order":0,"comment_status":"closed","ping_status":"closed","template":"","meta":{"footnotes":""},"class_list":["post-442","page","type-page","status-publish","hentry"],"_links":{"self":[{"href":"https:\/\/portal.uern.br\/fala\/escolademusica\/wp-json\/wp\/v2\/pages\/442","targetHints":{"allow":["GET"]}}],"collection":[{"href":"https:\/\/portal.uern.br\/fala\/escolademusica\/wp-json\/wp\/v2\/pages"}],"about":[{"href":"https:\/\/portal.uern.br\/fala\/escolademusica\/wp-json\/wp\/v2\/types\/page"}],"author":[{"embeddable":true,"href":"https:\/\/portal.uern.br\/fala\/escolademusica\/wp-json\/wp\/v2\/users\/5"}],"replies":[{"embeddable":true,"href":"https:\/\/portal.uern.br\/fala\/escolademusica\/wp-json\/wp\/v2\/comments?post=442"}],"version-history":[{"count":7,"href":"https:\/\/portal.uern.br\/fala\/escolademusica\/wp-json\/wp\/v2\/pages\/442\/revisions"}],"predecessor-version":[{"id":445,"href":"https:\/\/portal.uern.br\/fala\/escolademusica\/wp-json\/wp\/v2\/pages\/442\/revisions\/445"}],"wp:attachment":[{"href":"https:\/\/portal.uern.br\/fala\/escolademusica\/wp-json\/wp\/v2\/media?parent=442"}],"curies":[{"name":"wp","href":"https:\/\/api.w.org\/{rel}","templated":true}]}}