{"id":41,"date":"2023-01-31T21:18:03","date_gmt":"2023-02-01T00:18:03","guid":{"rendered":"http:\/\/beta.apps.uern.br\/wordpress\/fala\/escolademusica\/?page_id=41"},"modified":"2023-01-31T21:18:03","modified_gmt":"2023-02-01T00:18:03","slug":"recitais","status":"publish","type":"page","link":"https:\/\/portal.uern.br\/fala\/escolademusica\/recitais\/","title":{"rendered":"Recitais"},"content":{"rendered":"<p>Recital de Flauta &#8211; Alunos da Musicaliza\u00e7\u00e3o (2007)<\/p>\n<p>Recital Conservat\u00f3rio &#8211; MPB (2011)<\/p>\n<p>Recital Conservat\u00f3rio &#8211; MPB (2011)<\/p>\n<p>Recital de Cordas &#8211; Solo de Lucas e Keyvson<\/p>\n<p>Recital dos Alunos de Guitarra<\/p>\n<p>Alunos de T\u00e9cnica Vocal (2009)<\/p>\n","protected":false},"excerpt":{"rendered":"<p>Recital de Flauta &#8211; Alunos da Musicaliza\u00e7\u00e3o (2007) Recital Conservat\u00f3rio &#8211; MPB (2011) Recital Conservat\u00f3rio &#8211; MPB (2011) Recital de Cordas &#8211; Solo de Lucas e Keyvson Recital dos Alunos de Guitarra Alunos de T\u00e9cnica Vocal (2009)<\/p>\n","protected":false},"author":1,"featured_media":0,"parent":0,"menu_order":0,"comment_status":"closed","ping_status":"closed","template":"","meta":{"footnotes":""},"class_list":["post-41","page","type-page","status-publish","hentry"],"_links":{"self":[{"href":"https:\/\/portal.uern.br\/fala\/escolademusica\/wp-json\/wp\/v2\/pages\/41","targetHints":{"allow":["GET"]}}],"collection":[{"href":"https:\/\/portal.uern.br\/fala\/escolademusica\/wp-json\/wp\/v2\/pages"}],"about":[{"href":"https:\/\/portal.uern.br\/fala\/escolademusica\/wp-json\/wp\/v2\/types\/page"}],"author":[{"embeddable":true,"href":"https:\/\/portal.uern.br\/fala\/escolademusica\/wp-json\/wp\/v2\/users\/1"}],"replies":[{"embeddable":true,"href":"https:\/\/portal.uern.br\/fala\/escolademusica\/wp-json\/wp\/v2\/comments?post=41"}],"version-history":[{"count":1,"href":"https:\/\/portal.uern.br\/fala\/escolademusica\/wp-json\/wp\/v2\/pages\/41\/revisions"}],"predecessor-version":[{"id":42,"href":"https:\/\/portal.uern.br\/fala\/escolademusica\/wp-json\/wp\/v2\/pages\/41\/revisions\/42"}],"wp:attachment":[{"href":"https:\/\/portal.uern.br\/fala\/escolademusica\/wp-json\/wp\/v2\/media?parent=41"}],"curies":[{"name":"wp","href":"https:\/\/api.w.org\/{rel}","templated":true}]}}