{"id":397,"date":"2023-03-20T10:31:19","date_gmt":"2023-03-20T13:31:19","guid":{"rendered":"https:\/\/portal.uern.br\/fala\/escolademusica\/?page_id=397"},"modified":"2024-10-31T00:02:45","modified_gmt":"2024-10-31T03:02:45","slug":"2023-2","status":"publish","type":"page","link":"https:\/\/portal.uern.br\/fala\/escolademusica\/2023-2\/","title":{"rendered":"Editais"},"content":{"rendered":"<h1>2023.1<\/h1>\n<ul style=\"list-style-type: square\">\n<li>RENOVA\u00c7\u00c3O DE MATR\u00cdCULAS<\/li>\n<\/ul>\n<p><a href=\"https:\/\/drive.google.com\/file\/d\/1KFIycIfjtsxVFK7z4z6EYvlGIm3xMaip\/view\">Edital<\/a><\/p>\n<p><a href=\"https:\/\/drive.google.com\/file\/d\/1lnSotrdrTbQvtbDQ5lk9pUXVac3W7b-y\/view\">Resultado do pedido de isen\u00e7\u00e3o<\/a><\/p>\n<p>&nbsp;<\/p>\n<ul style=\"list-style-type: square\">\n<li>INGRESSO DE NOVOS ALUNOS<\/li>\n<\/ul>\n<p><a href=\"https:\/\/drive.google.com\/file\/d\/1pZeCFXxzowsUwEvOrrejgdnbeOVTEI32\/view\">Edital<\/a><\/p>\n<p><a href=\"https:\/\/drive.google.com\/file\/d\/13821zdZHc8xsspWcEDM82nyLxg_G6TeW\/view?usp=sharing\">Homologa\u00e7\u00e3o das inscri\u00e7\u00f5es<\/a><\/p>\n<p><a href=\"https:\/\/drive.google.com\/file\/d\/1TDu1YDu0teqZPMKPFwwwQ4WFJpRDwzBC\/view?usp=sharing\">Resultado dos classificados<\/a><\/p>\n<p><a href=\"https:\/\/drive.google.com\/file\/d\/1q-TETRYNY7D_RdWxSbjvcjt2rfGmthTf\/view?usp=drive_link\">Resultado dos classificados &#8211; 2\u00aa chamada<\/a><\/p>\n<p>&nbsp;<\/p>\n<ul style=\"list-style-type: square\">\n<li>CURSOS LIVRES<\/li>\n<\/ul>\n<p><a href=\"https:\/\/drive.google.com\/file\/d\/1QXs9QlWbPtagJcxcBsSDwtNSNXFyIxUT\/view?usp=sharing\">Edital<\/a><\/p>\n<p><a href=\"https:\/\/drive.google.com\/file\/d\/1Fe-DICWmvirEZiKOxW9XXoyeKtTGbeCq\/view?usp=sharing\">Edital &#8211; Errata n\u00ba 01<\/a><\/p>\n<p><a href=\"https:\/\/drive.google.com\/file\/d\/1k7gb4i9ePcT_Tks_PCS2zTcRTcAawPnX\/view?usp=sharing\">Resultado dos classificados<\/a><\/p>\n<p><a href=\"https:\/\/drive.google.com\/file\/d\/1vMUqd4erqcc2peXLDONvofOFvCTUwU85\/view?usp=sharing\">Resultado dos classificados &#8211; 2\u00aa chamada<\/a><\/p>\n<p>&nbsp;<\/p>\n<ul>\n<li>CHAMAMENTO &#8211; CAMERATA DE VIOL\u00d5ES<\/li>\n<\/ul>\n<p><a href=\"https:\/\/drive.google.com\/file\/d\/1Avg64B6RdpQGh5oRgJmRGPLiN_IsgRTf\/view?usp=sharing\">Edital<\/a><\/p>\n<p><a href=\"https:\/\/drive.google.com\/file\/d\/10KlZ8HM7WAxF0D3p67ggeCmEB92GTxAE\/view?usp=sharing\">Resultado dos classificados<\/a><\/p>\n<p>&nbsp;<\/p>\n<h1>2023.2<\/h1>\n<ul style=\"list-style-type: square\">\n<li>RENOVA\u00c7\u00c3O DE MATR\u00cdCULAS<\/li>\n<\/ul>\n<p><a href=\"https:\/\/drive.google.com\/file\/d\/1SxnNwaANdo4stVgcYZpQWGqcMBMeEiHm\/view?usp=sharing\">Edital<\/a><\/p>\n<p><a href=\"https:\/\/drive.google.com\/file\/d\/1SdDYeiCRjKvQuVQwagsBahGy8nvs4B9A\/view?usp=sharing\">Resultado do pedido de isen\u00e7\u00e3o<\/a><\/p>\n<p><a href=\"https:\/\/drive.google.com\/file\/d\/1BU9HTdFfJ3WLzBTTEsQaYRyJAuKifCKb\/view?usp=sharing\">Homologa\u00e7\u00e3o das inscri\u00e7\u00f5es<\/a><\/p>\n<p>&nbsp;<\/p>\n<ul style=\"list-style-type: square\">\n<li>CURSOS LIVRES<\/li>\n<\/ul>\n<p><a href=\"https:\/\/drive.google.com\/file\/d\/1UhAQI3xEBeiG_I0wQ-dVLh8-zdKAzFcd\/view?usp=sharing\">Edital<\/a><\/p>\n<p><a href=\"https:\/\/drive.google.com\/file\/d\/1b6xwXuEZ1Hd1ixwBSHzaCKGaGaN8EHwi\/view?usp=sharing\">Resultado dos classificados<\/a><\/p>\n<p>&nbsp;<\/p>\n<ul>\n<li>CURSOS LIVRE DE INICIA\u00c7\u00c3O \u00c0 LEITURA MUSICAL<\/li>\n<\/ul>\n<p><a href=\"https:\/\/drive.google.com\/file\/d\/1NwKLHSNpNz1TViYNWPE4Nti-v3LGDvve\/view?usp=sharing\">Edital<\/a><\/p>\n","protected":false},"excerpt":{"rendered":"<p>2023.1 RENOVA\u00c7\u00c3O DE MATR\u00cdCULAS Edital Resultado do pedido de isen\u00e7\u00e3o &nbsp; INGRESSO DE NOVOS ALUNOS Edital Homologa\u00e7\u00e3o das inscri\u00e7\u00f5es Resultado dos classificados Resultado dos classificados &#8211; 2\u00aa chamada &nbsp; CURSOS LIVRES Edital Edital &#8211; Errata n\u00ba 01 Resultado dos classificados Resultado dos classificados &#8211; 2\u00aa chamada &nbsp; CHAMAMENTO &#8211; CAMERATA DE VIOL\u00d5ES Edital Resultado dos [&hellip;]<\/p>\n","protected":false},"author":5,"featured_media":0,"parent":0,"menu_order":0,"comment_status":"closed","ping_status":"closed","template":"","meta":{"footnotes":""},"class_list":["post-397","page","type-page","status-publish","hentry"],"_links":{"self":[{"href":"https:\/\/portal.uern.br\/fala\/escolademusica\/wp-json\/wp\/v2\/pages\/397","targetHints":{"allow":["GET"]}}],"collection":[{"href":"https:\/\/portal.uern.br\/fala\/escolademusica\/wp-json\/wp\/v2\/pages"}],"about":[{"href":"https:\/\/portal.uern.br\/fala\/escolademusica\/wp-json\/wp\/v2\/types\/page"}],"author":[{"embeddable":true,"href":"https:\/\/portal.uern.br\/fala\/escolademusica\/wp-json\/wp\/v2\/users\/5"}],"replies":[{"embeddable":true,"href":"https:\/\/portal.uern.br\/fala\/escolademusica\/wp-json\/wp\/v2\/comments?post=397"}],"version-history":[{"count":10,"href":"https:\/\/portal.uern.br\/fala\/escolademusica\/wp-json\/wp\/v2\/pages\/397\/revisions"}],"predecessor-version":[{"id":986,"href":"https:\/\/portal.uern.br\/fala\/escolademusica\/wp-json\/wp\/v2\/pages\/397\/revisions\/986"}],"wp:attachment":[{"href":"https:\/\/portal.uern.br\/fala\/escolademusica\/wp-json\/wp\/v2\/media?parent=397"}],"curies":[{"name":"wp","href":"https:\/\/api.w.org\/{rel}","templated":true}]}}